{"id":1942,"date":"2021-08-31T16:53:46","date_gmt":"2021-08-31T08:53:46","guid":{"rendered":"https:\/\/amthy.com\/?post_type=product&#038;p=1942"},"modified":"2023-05-26T19:50:21","modified_gmt":"2023-05-26T11:50:21","slug":"smart-door-cylinder-am-400","status":"publish","type":"product","link":"https:\/\/amthy.com\/pt\/product\/smart-door-cylinder-am-400\/","title":{"rendered":"Cilindro de porta inteligente AM-400"},"content":{"rendered":"<p><img fetchpriority=\"high\" decoding=\"async\" class=\"wp-image-2024 aligncenter\" src=\"https:\/\/amthy.com\/wp-content\/uploads\/2021\/08\/AM4001-300x218.jpg\" alt=\"amthy\" width=\"994\" height=\"722\" title=\"\" srcset=\"https:\/\/amthy.com\/wp-content\/uploads\/2021\/08\/AM4001-300x218.jpg 300w, https:\/\/amthy.com\/wp-content\/uploads\/2021\/08\/AM4001-600x436.jpg 600w, https:\/\/amthy.com\/wp-content\/uploads\/2021\/08\/AM4001-1024x745.jpg 1024w, https:\/\/amthy.com\/wp-content\/uploads\/2021\/08\/AM4001-768x559.jpg 768w, https:\/\/amthy.com\/wp-content\/uploads\/2021\/08\/AM4001-1536x1117.jpg 1536w, https:\/\/amthy.com\/wp-content\/uploads\/2021\/08\/AM4001-2048x1489.jpg 2048w, https:\/\/amthy.com\/wp-content\/uploads\/2021\/08\/AM4001-18x12.jpg 18w\" sizes=\"(max-width: 994px) 100vw, 994px\" \/><\/p>\n<p><iframe title=\"Cilindro de Fechadura Inteligente| AM-400 \u00e9 o bloqueio inteligente de impress\u00e3o digital e telefone APP \/ c\u00f3digo PIN e cart\u00e3o IC.\" width=\"1435\" height=\"807\" src=\"https:\/\/www.youtube.com\/embed\/BSfQK6yR4_Y?feature=oembed\" frameborder=\"0\" allow=\"accelerometer; autoplay; clipboard-write; encrypted-media; gyroscope; picture-in-picture\" allowfullscreen><\/iframe><\/p>\n<p>O AMTHY 400 \u00e9 uma fechadura de porta inteligente que lhe d\u00e1 controle total da seguran\u00e7a de sua casa, proporcionando total tranquilidade. Use uma variedade de maneiras de obter acesso \u00e0 sua casa, seja por impress\u00e3o digital, Bluetooth do telefone ou pelo m\u00f3dulo wi-fi para controle remoto. Com a fechadura digital AMTHY, voc\u00ea pode enviar chaves virtuais aos usu\u00e1rios para que amigos e familiares tenham acesso \u00e0 sua casa se voc\u00ea n\u00e3o estiver por perto. Depois que eles obtiverem acesso, voc\u00ea poder\u00e1 gerenciar quem pode entrar em sua propriedade desativando ou excluindo usu\u00e1rios por meio do aplicativo de telefone. As chaves virtuais podem ser agendadas ou tornadas permanentes para o controle final de sua casa ou propriedade. Voc\u00ea tamb\u00e9m pode monitorar quem vem e quem sai para saber quando seus entes queridos est\u00e3o em casa com seguran\u00e7a. Voc\u00ea pode at\u00e9 receber uma notifica\u00e7\u00e3o informando quando algu\u00e9m chegar em casa. N\u00e3o precisa se preocupar em carregar suas chaves com voc\u00ea. Tudo o que voc\u00ea precisa \u00e9 do seu smartphone e, com um toque, voc\u00ea pode destrancar a porta com facilidade. O dispositivo usa tecnologia inteligente Bluetooth criptografada para que o bloqueio inteligente n\u00e3o dependa da recep\u00e7\u00e3o da rede. Torne sua fechadura inteligente ainda mais inteligente conectando um de nossos m\u00f3dulos de fechadura. Neg\u00f3cios diretos do fabricante de cilindros de porta inteligente. <a href=\"https:\/\/en.wikipedia.org\/wiki\/Lock\" target=\"_blank\" rel=\"noopener\">Trancar<\/a> e <a href=\"https:\/\/amthy.com\/pt\/product-category\/smart-lock\/\">Cilindro de Porta Inteligente<\/a><\/p>\n<p><strong>Caracter\u00edsticas e benef\u00edcios (cilindro de porta inteligente):<\/strong><\/p>\n<ul>\n<li>Sem chave - d\u00e1 a voc\u00ea a liberdade de proteger sua casa sem a necessidade de uma chave<\/li>\n<li>Simples de instalar - Adequado para a maioria das portas de PVC e compostas, \u00e9 necess\u00e1ria uma chave de fenda<\/li>\n<li>Simples de ajustar - <strong>N\u00e3o h\u00e1 necessidade de alterar o bloqueio de conjunto completo<\/strong> mas apenas substitua o cilindro sem danificar a porta. Instala\u00e7\u00e3o f\u00e1cil.<\/li>\n<li>Alimentado por bateria - 3 pilhas AAA, alerta dado quando as baterias est\u00e3o fracas<\/li>\n<li>Adequado para portas com espessura entre 60-100mm<\/li>\n<li>Dispon\u00edvel em uma variedade de acabamentos - incluindo preto e prata<\/li>\n<\/ul>\n<p><img decoding=\"async\" class=\"aligncenter wp-image-2023\" src=\"https:\/\/amthy.com\/wp-content\/uploads\/2021\/08\/AM400.1-300x107.jpg\" alt=\"Cilindro de Porta Inteligente\" width=\"1001\" height=\"357\" title=\"\" srcset=\"https:\/\/amthy.com\/wp-content\/uploads\/2021\/08\/AM400.1-300x107.jpg 300w, https:\/\/amthy.com\/wp-content\/uploads\/2021\/08\/AM400.1-600x214.jpg 600w, https:\/\/amthy.com\/wp-content\/uploads\/2021\/08\/AM400.1-1024x365.jpg 1024w, https:\/\/amthy.com\/wp-content\/uploads\/2021\/08\/AM400.1-768x274.jpg 768w, https:\/\/amthy.com\/wp-content\/uploads\/2021\/08\/AM400.1-1536x548.jpg 1536w, https:\/\/amthy.com\/wp-content\/uploads\/2021\/08\/AM400.1-2048x730.jpg 2048w, https:\/\/amthy.com\/wp-content\/uploads\/2021\/08\/AM400.1-18x6.jpg 18w\" sizes=\"(max-width: 1001px) 100vw, 1001px\" \/><\/p>\n<p>&nbsp;<\/p>\n<hr \/>\n<p>&nbsp;<\/p>","protected":false},"excerpt":{"rendered":"<ul>\n<li><strong>C\u00f3digo do artigo:<\/strong> AM-400<\/li>\n<li><strong>Material<\/strong><strong>:<\/strong>\u00a0Lat\u00e3o<\/li>\n<li><strong>Perfil\u00a0<\/strong>Tamanho: 17*33*10mm<\/li>\n<li><strong>Marca:<\/strong>\u00a0ODM Dispon\u00edvel<\/li>\n<li><strong>Aplica\u00e7\u00e3o:<\/strong>\u00a0Madeira\/UPVC\/ Portas de Seguran\u00e7a<\/li>\n<li><strong>Bateria<\/strong>: 3 * AAA (Exclu\u00eddo)<\/li>\n<li><strong>Espessura das portas:<\/strong>60-100mm<\/li>\n<li><strong>Temperatura de opera\u00e7\u00e3o:<\/strong>-20\u00baC a +55\u00baC<\/li>\n<li><strong>\u00c0 prova d&#039;\u00e1gua: <\/strong>IP54<\/li>\n<li><b>Modo de desbloqueio: <\/b>Impress\u00e3o digital\/senha\/chave de cart\u00e3o\/bluetooth\/controle remoto via m\u00f3dulo wi-fi\/chave mec\u00e2nica<\/li>\n<\/ul>","protected":false},"featured_media":1943,"template":"","meta":{"nf_dc_page":""},"product_brand":[],"product_cat":[55,25],"product_tag":[],"class_list":{"0":"post-1942","1":"product","2":"type-product","3":"status-publish","4":"has-post-thumbnail","6":"product_cat-smart-lock","7":"product_cat-euro-profile-cylinder-manufacturer","9":"first","10":"instock","11":"shipping-taxable","12":"product-type-simple"},"_links":{"self":[{"href":"https:\/\/amthy.com\/pt\/wp-json\/wp\/v2\/product\/1942","targetHints":{"allow":["GET"]}}],"collection":[{"href":"https:\/\/amthy.com\/pt\/wp-json\/wp\/v2\/product"}],"about":[{"href":"https:\/\/amthy.com\/pt\/wp-json\/wp\/v2\/types\/product"}],"wp:featuredmedia":[{"embeddable":true,"href":"https:\/\/amthy.com\/pt\/wp-json\/wp\/v2\/media\/1943"}],"wp:attachment":[{"href":"https:\/\/amthy.com\/pt\/wp-json\/wp\/v2\/media?parent=1942"}],"wp:term":[{"taxonomy":"product_brand","embeddable":true,"href":"https:\/\/amthy.com\/pt\/wp-json\/wp\/v2\/product_brand?post=1942"},{"taxonomy":"product_cat","embeddable":true,"href":"https:\/\/amthy.com\/pt\/wp-json\/wp\/v2\/product_cat?post=1942"},{"taxonomy":"product_tag","embeddable":true,"href":"https:\/\/amthy.com\/pt\/wp-json\/wp\/v2\/product_tag?post=1942"}],"curies":[{"name":"wp","href":"https:\/\/api.w.org\/{rel}","templated":true}]}}