{"id":2137,"date":"2021-11-17T12:42:08","date_gmt":"2021-11-17T04:42:08","guid":{"rendered":"https:\/\/amthy.com\/?post_type=product&#038;p=2137"},"modified":"2023-05-26T19:50:07","modified_gmt":"2023-05-26T11:50:07","slug":"hotel-door-lock-manufacturer","status":"publish","type":"product","link":"https:\/\/amthy.com\/pt\/product\/hotel-door-lock-manufacturer\/","title":{"rendered":"Kh\u00f3a c\u1eeda kh\u00e1ch s\u1ea1n AM-6677"},"content":{"rendered":"<p><img fetchpriority=\"high\" decoding=\"async\" class=\"aligncenter wp-image-2034\" src=\"https:\/\/amthy.com\/wp-content\/uploads\/2021\/08\/AM400-300x35.jpg\" alt=\"Fabricante de fechadura de porta de hotel\" width=\"1003\" height=\"117\" title=\"\" srcset=\"https:\/\/amthy.com\/wp-content\/uploads\/2021\/08\/AM400-300x35.jpg 300w, https:\/\/amthy.com\/wp-content\/uploads\/2021\/08\/AM400-600x71.jpg 600w, https:\/\/amthy.com\/wp-content\/uploads\/2021\/08\/AM400-1024x120.jpg 1024w, https:\/\/amthy.com\/wp-content\/uploads\/2021\/08\/AM400-768x90.jpg 768w, https:\/\/amthy.com\/wp-content\/uploads\/2021\/08\/AM400-1536x181.jpg 1536w, https:\/\/amthy.com\/wp-content\/uploads\/2021\/08\/AM400-2048x241.jpg 2048w, https:\/\/amthy.com\/wp-content\/uploads\/2021\/08\/AM400-18x2.jpg 18w\" sizes=\"(max-width: 1003px) 100vw, 1003px\" \/><\/p>\n<p>&nbsp;<\/p>\n<p>Fabricante de fechaduras para portas de hot\u00e9is. O AMTHY 6677 \u00e9 uma fechadura de porta inteligente que oferece controle total da seguran\u00e7a de sua casa, proporcionando total tranquilidade. Use uma variedade de maneiras de obter acesso \u00e0 sua casa, seja por impress\u00e3o digital, Bluetooth do telefone ou pelo m\u00f3dulo wi-fi para controle remoto. Com a fechadura digital AMTHY, voc\u00ea pode enviar chaves virtuais aos usu\u00e1rios para que amigos e familiares tenham acesso \u00e0 sua casa se voc\u00ea n\u00e3o estiver por perto. Depois que eles obtiverem acesso, voc\u00ea poder\u00e1 gerenciar quem pode entrar em sua propriedade desativando ou excluindo usu\u00e1rios por meio do aplicativo de telefone.<\/p>\n<p>As chaves virtuais podem ser agendadas ou tornadas permanentes para o controle final de sua casa ou propriedade. Voc\u00ea tamb\u00e9m pode monitorar quem vem e quem sai para saber quando seus entes queridos est\u00e3o em casa com seguran\u00e7a. Voc\u00ea pode at\u00e9 receber uma notifica\u00e7\u00e3o informando quando algu\u00e9m chegar em casa. N\u00e3o precisa se preocupar em carregar suas chaves com voc\u00ea. Tudo o que voc\u00ea precisa \u00e9 do seu smartphone e, com um toque, voc\u00ea pode destrancar a porta com facilidade. O dispositivo usa tecnologia inteligente Bluetooth criptografada para que o bloqueio inteligente n\u00e3o dependa da recep\u00e7\u00e3o da rede. Torne sua fechadura inteligente ainda mais inteligente conectando um de nossos m\u00f3dulos de fechadura. Neg\u00f3cios diretos do fabricante de cilindros de porta inteligente. <a href=\"https:\/\/en.wikipedia.org\/wiki\/Lock\" target=\"_blank\" rel=\"noopener\">Trancar<\/a> e <a href=\"https:\/\/amthy.com\/pt\/product-category\/smart-lock\/\">Fabricante de fechadura de porta de hotel<\/a><\/p>\n<h2>Por que n\u00f3s? (Fabricante de fechadura de porta de hotel)<\/h2>\n<h3><strong>\u221aReliable Qualidade<\/strong><\/h3>\n<ul>\n<li>Equipa profissional de QC supervisiona toda a produ\u00e7\u00e3o<\/li>\n<li>Rigorosa selec\u00e7\u00e3o de parceiros cooperantes<\/li>\n<\/ul>\n<h3><strong>\u221aCompetitive Pre\u00e7o<\/strong><\/h3>\n<ul>\n<li>Mat\u00e9ria-prima em 3 meses de stock para diminuir o risco de flutua\u00e7\u00e3o do pre\u00e7o<\/li>\n<li>Equipamento autom\u00e1tico e avan\u00e7ado para reduzir o elevado custo de m\u00e3o-de-obra<\/li>\n<\/ul>\n<h3><strong>\u221aTrustful Servi\u00e7o para mais de 20 pa\u00edses.<\/strong><\/h3>\n<ul>\n<li>Servi\u00e7o ODM\/OEM<\/li>\n<li>Servi\u00e7o p\u00f3s-venda respons\u00e1vel<\/li>\n<\/ul>","protected":false},"excerpt":{"rendered":"<ul>\n<li><strong>C\u00f3digo do artigo:<\/strong> AM-6677<\/li>\n<li><strong>Material<\/strong><strong>:<\/strong> A\u00e7o inoxid\u00e1vel<\/li>\n<li><strong>Corpo de fechadura:<\/strong> seguran\u00e7a<\/li>\n<li><strong>Marca:<\/strong> ODM Dispon\u00edvel<\/li>\n<li><strong>Aplica\u00e7\u00e3o:<\/strong> Madeira\/UPVC\/ Portas de Seguran\u00e7a<\/li>\n<li><strong>Bateria<\/strong>: 4*1,5v<\/li>\n<li><strong>Espessura das portas:<\/strong>30-65mm<\/li>\n<li><b>Modo de desbloqueio:<\/b>Senha \/ cart\u00e3o de identifica\u00e7\u00e3o \/ chave mec\u00e2nica \/ Bluetooth \/ Wifi<\/li>\n<\/ul>","protected":false},"featured_media":2138,"template":"","meta":{"nf_dc_page":""},"product_brand":[],"product_cat":[55],"product_tag":[],"class_list":{"0":"post-2137","1":"product","2":"type-product","3":"status-publish","4":"has-post-thumbnail","6":"product_cat-smart-lock","8":"first","9":"instock","10":"shipping-taxable","11":"product-type-simple"},"_links":{"self":[{"href":"https:\/\/amthy.com\/pt\/wp-json\/wp\/v2\/product\/2137","targetHints":{"allow":["GET"]}}],"collection":[{"href":"https:\/\/amthy.com\/pt\/wp-json\/wp\/v2\/product"}],"about":[{"href":"https:\/\/amthy.com\/pt\/wp-json\/wp\/v2\/types\/product"}],"wp:featuredmedia":[{"embeddable":true,"href":"https:\/\/amthy.com\/pt\/wp-json\/wp\/v2\/media\/2138"}],"wp:attachment":[{"href":"https:\/\/amthy.com\/pt\/wp-json\/wp\/v2\/media?parent=2137"}],"wp:term":[{"taxonomy":"product_brand","embeddable":true,"href":"https:\/\/amthy.com\/pt\/wp-json\/wp\/v2\/product_brand?post=2137"},{"taxonomy":"product_cat","embeddable":true,"href":"https:\/\/amthy.com\/pt\/wp-json\/wp\/v2\/product_cat?post=2137"},{"taxonomy":"product_tag","embeddable":true,"href":"https:\/\/amthy.com\/pt\/wp-json\/wp\/v2\/product_tag?post=2137"}],"curies":[{"name":"wp","href":"https:\/\/api.w.org\/{rel}","templated":true}]}}