{"id":2158,"date":"2022-01-26T15:41:07","date_gmt":"2022-01-26T07:41:07","guid":{"rendered":"https:\/\/amthy.com\/?post_type=product&#038;p=2158"},"modified":"2022-01-26T17:12:57","modified_gmt":"2022-01-26T09:12:57","slug":"smart-lock-am1100","status":"publish","type":"product","link":"https:\/\/amthy.com\/pt\/product\/smart-lock-am1100\/","title":{"rendered":"Smart Lock AM1100"},"content":{"rendered":"<p><img fetchpriority=\"high\" decoding=\"async\" class=\"wp-image-2034 aligncenter\" src=\"https:\/\/amthy.com\/wp-content\/uploads\/2021\/08\/AM400-300x35.jpg\" alt=\"Fornecedor de fechadura inteligente\" width=\"1003\" height=\"117\" title=\"\" srcset=\"https:\/\/amthy.com\/wp-content\/uploads\/2021\/08\/AM400-300x35.jpg 300w, https:\/\/amthy.com\/wp-content\/uploads\/2021\/08\/AM400-600x71.jpg 600w, https:\/\/amthy.com\/wp-content\/uploads\/2021\/08\/AM400-1024x120.jpg 1024w, https:\/\/amthy.com\/wp-content\/uploads\/2021\/08\/AM400-768x90.jpg 768w, https:\/\/amthy.com\/wp-content\/uploads\/2021\/08\/AM400-1536x181.jpg 1536w, https:\/\/amthy.com\/wp-content\/uploads\/2021\/08\/AM400-2048x241.jpg 2048w, https:\/\/amthy.com\/wp-content\/uploads\/2021\/08\/AM400-18x2.jpg 18w\" sizes=\"(max-width: 1003px) 100vw, 1003px\" \/><\/p>\n<p>(fabricante de trava inteligente) O AMTHY AM1000 \u00e9 um <a href=\"https:\/\/amthy.com\/pt\/product-category\/smart-lock\/\">fechadura inteligente<\/a> que lhe d\u00e1 o controle total de sua seguran\u00e7a em casa, proporcionando-lhe total tranquilidade. Use uma variedade de maneiras de obter acesso \u00e0 sua casa, seja por impress\u00e3o digital, Bluetooth do telefone ou pelo m\u00f3dulo wi-fi para controle remoto. Com a fechadura digital AMTHY, voc\u00ea pode enviar chaves virtuais aos usu\u00e1rios para que amigos e familiares tenham acesso \u00e0 sua casa se voc\u00ea n\u00e3o estiver por perto. Depois que eles obtiverem acesso, voc\u00ea poder\u00e1 gerenciar quem pode entrar em sua propriedade desativando ou excluindo usu\u00e1rios por meio do aplicativo de telefone. As chaves virtuais podem ser agendadas ou tornadas permanentes para o controle final de sua casa ou propriedade. Voc\u00ea tamb\u00e9m pode monitorar quem vem e quem sai para saber quando seus entes queridos est\u00e3o em casa com seguran\u00e7a. Voc\u00ea pode at\u00e9 receber uma notifica\u00e7\u00e3o informando quando algu\u00e9m chegar em casa. N\u00e3o precisa se preocupar em carregar suas chaves com voc\u00ea. Tudo o que voc\u00ea precisa \u00e9 do seu smartphone e, com um toque, voc\u00ea pode destrancar a porta com facilidade. O dispositivo usa tecnologia inteligente Bluetooth criptografada para que o bloqueio inteligente n\u00e3o dependa da recep\u00e7\u00e3o da rede. Torne sua fechadura inteligente ainda mais inteligente conectando um de nossos m\u00f3dulos de fechadura. Neg\u00f3cios diretos do fabricante de cilindros de porta inteligente. <a href=\"https:\/\/en.wikipedia.org\/wiki\/Lock\" target=\"_blank\" rel=\"noopener\">Trancar<\/a> e fabricante de trava inteligente<\/p>\n<h2>Por que n\u00f3s? (fabricante de trava inteligente)<\/h2>\n<h3><strong>\u221aQualidade confi\u00e1vel (fabricante de trava inteligente)<\/strong><\/h3>\n<ul>\n<li>Equipa profissional de QC supervisiona toda a produ\u00e7\u00e3o<\/li>\n<li>Rigorosa selec\u00e7\u00e3o de parceiros cooperantes<\/li>\n<\/ul>\n<h3><strong>\u221aCompetitive Pre\u00e7o<\/strong><\/h3>\n<ul>\n<li>Mat\u00e9ria-prima em 3 meses de stock para diminuir o risco de flutua\u00e7\u00e3o do pre\u00e7o<\/li>\n<li>Equipamento autom\u00e1tico e avan\u00e7ado para reduzir o elevado custo de m\u00e3o-de-obra<\/li>\n<\/ul>\n<h3><strong>\u221aTrustful Servi\u00e7o para mais de 20 pa\u00edses.<\/strong><\/h3>\n<ul>\n<li>Servi\u00e7o ODM\/OEM<\/li>\n<li>Servi\u00e7o p\u00f3s-venda respons\u00e1vel<\/li>\n<\/ul>","protected":false},"excerpt":{"rendered":"<ul>\n<li><strong>C\u00f3digo do artigo:<\/strong> AM-AM1100<\/li>\n<li><strong>Material<\/strong><strong>:<\/strong> Zinco<\/li>\n<li><strong>Corpo de fechadura:<\/strong> fechadura<\/li>\n<li><strong>Backset<\/strong>: 60\/70mm<\/li>\n<li><strong>Marca:<\/strong> ODM Dispon\u00edvel<\/li>\n<li><strong>Aplica\u00e7\u00e3o:<\/strong> Madeira\/UPVC\/ Portas de Seguran\u00e7a<\/li>\n<li><strong>Bateria<\/strong>: 4*1,5v<\/li>\n<li><strong>Espessura das portas:<\/strong>30-65mm<\/li>\n<li><b>Modo de desbloqueio: <\/b>Impress\u00e3o digital\/Passcodifica\u00e7\u00e3o\/Cart\u00e3o de identifica\u00e7\u00e3o\/Chave mec\u00e2nica\/Dente de Azul\/Wifi<\/li>\n<\/ul>","protected":false},"featured_media":2164,"template":"","meta":{"nf_dc_page":""},"product_brand":[],"product_cat":[55],"product_tag":[],"class_list":{"0":"post-2158","1":"product","2":"type-product","3":"status-publish","4":"has-post-thumbnail","6":"product_cat-smart-lock","8":"first","9":"instock","10":"shipping-taxable","11":"product-type-simple"},"_links":{"self":[{"href":"https:\/\/amthy.com\/pt\/wp-json\/wp\/v2\/product\/2158","targetHints":{"allow":["GET"]}}],"collection":[{"href":"https:\/\/amthy.com\/pt\/wp-json\/wp\/v2\/product"}],"about":[{"href":"https:\/\/amthy.com\/pt\/wp-json\/wp\/v2\/types\/product"}],"wp:featuredmedia":[{"embeddable":true,"href":"https:\/\/amthy.com\/pt\/wp-json\/wp\/v2\/media\/2164"}],"wp:attachment":[{"href":"https:\/\/amthy.com\/pt\/wp-json\/wp\/v2\/media?parent=2158"}],"wp:term":[{"taxonomy":"product_brand","embeddable":true,"href":"https:\/\/amthy.com\/pt\/wp-json\/wp\/v2\/product_brand?post=2158"},{"taxonomy":"product_cat","embeddable":true,"href":"https:\/\/amthy.com\/pt\/wp-json\/wp\/v2\/product_cat?post=2158"},{"taxonomy":"product_tag","embeddable":true,"href":"https:\/\/amthy.com\/pt\/wp-json\/wp\/v2\/product_tag?post=2158"}],"curies":[{"name":"wp","href":"https:\/\/api.w.org\/{rel}","templated":true}]}}