{"id":1225,"date":"2021-05-12T14:00:35","date_gmt":"2021-05-12T06:00:35","guid":{"rendered":"https:\/\/amthy.com\/?post_type=product&#038;p=1225"},"modified":"2021-10-19T16:51:46","modified_gmt":"2021-10-19T08:51:46","slug":"mortise-handle-manufacturer-supplier","status":"publish","type":"product","link":"https:\/\/amthy.com\/ro\/product\/mortise-handle-manufacturer-supplier\/","title":{"rendered":"M\u00e2nerul u\u0219ii AM-237"},"content":{"rendered":"<h2>Cine suntem noi? (<a href=\"https:\/\/en.wikipedia.org\/wiki\/Mortise_lock\" target=\"_blank\" rel=\"noopener\">Mortise<\/a> Produc\u0103tor \u0219i furnizor de m\u00e2nere)<\/h2>\n<p style=\"text-align: left;\"><a href=\"https:\/\/amthy.com\/wp-content\/uploads\/2021\/10\/AMTHY-Zinc-Handle.pdf\">Amthy <\/a>este o companie de m\u00e2nere \u0219i produc\u0103tor din China. Gama noastr\u0103 de produse include aliaje de zinc, alam\u0103, o\u021bel inoxidabil \u0219i materiale din aluminiu. Seturile de m\u00e2nere de u\u0219\u0103 cromate \u0219i negre sunt foarte populare pentru u\u0219ile interioare ale camerelor, \u00eentre timp, m\u00e2nerul u\u0219ii din o\u021bel inoxidabil este binevenit pentru aplica\u021bii comerciale. \u00cen timpul produc\u021biei, lustruirea \u0219i galvanizarea afecteaz\u0103 \u00een mare parte CALITATEA. \u00cen calitate de produc\u0103tor \u0219i furnizor profesionist de \u00eencuietori pentru u\u0219i, lustruim strict manual \u0219i automat. Pentru stratul galvanizat de suprafa\u021b\u0103, articolele noastre se men\u021bin mai mult de 72 de ore \u00een timpul testului de pulverizare cu sare. Prin urmare, designul nostru artistic \u0219i serviciul atent ne fac s\u0103 fim una dintre cele mai bune companii de m\u00e2nere de u\u0219\u0103 din China.<\/p>\n<h2 style=\"text-align: left;\">Ce este m\u00e2nerul u\u0219ii?<\/h2>\n<p>Un m\u00e2ner sau m\u00e2ner de u\u0219\u0103 este un instrument folosit pentru a deschide sau \u00eenchide o u\u0219\u0103. se gaseste pe toate tipurile de usi, inclusiv usi exterioare si interioare pentru cladiri rezidentiale si comerciale, in plus trebuie sa incorporeze mecanisme de blocare sau blocare. Cum ar fi corpul de blocare cu mortare \u0219i cilindrul de blocare a u\u0219ii.<\/p>\n<p><img fetchpriority=\"high\" decoding=\"async\" class=\"aligncenter wp-image-917\" src=\"https:\/\/amthy.com\/wp-content\/uploads\/2021\/05\/\u5fae\u4fe1\u56fe\u7247_20210503173056-300x201.png\" alt=\"Produc\u0103tor \u0219i furnizor de m\u00e2ner pentru mortare\" width=\"469\" height=\"314\" title=\"\" srcset=\"https:\/\/amthy.com\/wp-content\/uploads\/2021\/05\/\u5fae\u4fe1\u56fe\u7247_20210503173056-300x201.png 300w, https:\/\/amthy.com\/wp-content\/uploads\/2021\/05\/\u5fae\u4fe1\u56fe\u7247_20210503173056-600x401.png 600w, https:\/\/amthy.com\/wp-content\/uploads\/2021\/05\/\u5fae\u4fe1\u56fe\u7247_20210503173056-1024x685.png 1024w, https:\/\/amthy.com\/wp-content\/uploads\/2021\/05\/\u5fae\u4fe1\u56fe\u7247_20210503173056-768x514.png 768w, https:\/\/amthy.com\/wp-content\/uploads\/2021\/05\/\u5fae\u4fe1\u56fe\u7247_20210503173056.png 1097w\" sizes=\"(max-width: 469px) 100vw, 469px\" \/><\/p>\n<h2>De ce noi? (Produc\u0103tor \u0219i furnizor de m\u00e2ner pentru mortare)<\/h2>\n<h3><strong>\u221aCalitate de \u00eencredere<\/strong><\/h3>\n<ul>\n<li>Echipa profesionist\u0103 de control al calit\u0103\u021bii supravegheaz\u0103 \u00eentreaga produc\u021bie<\/li>\n<li>Selectarea strict\u0103 a partenerilor cooperan\u021bi<\/li>\n<\/ul>\n<h3><strong>\u221aPre\u021b competitiv<\/strong><\/h3>\n<ul>\n<li>Materie prim\u0103 \u00een stoc de 3 luni pentru a reduce riscul de fluctua\u021bie a pre\u021bului<\/li>\n<li>Echipamentele automate \u0219i avansate reduc costul ridicat al for\u021bei de munc\u0103<\/li>\n<\/ul>\n<h3><strong>\u221aServicii de \u00eencredere pentru peste 20 de \u021b\u0103ri.<\/strong><\/h3>\n<ul>\n<li>Serviciu ODM\/OEM<\/li>\n<li>Service post-v\u00e2nzare responsabil<\/li>\n<\/ul>\n<p>&nbsp;<\/p>","protected":false},"excerpt":{"rendered":"<p>M\u00e2nerele u\u0219ilor pot fi personalizate cu diferite finisaje de suprafa\u021b\u0103 \u0219i diferite axuri pentru diferite u\u0219i.<\/p>\n<ul>\n<li><strong>Codul produsului:<\/strong> AM-237<\/li>\n<li><strong>Material:<\/strong> aliaj de zinc<\/li>\n<li><strong>Marca:<\/strong> ODM disponibil<\/li>\n<li><strong>Suprafa\u0163\u0103:<\/strong> Crom CP, Crom satinat SC, alam\u0103 lustruit\u0103 PB, alam\u0103 colorat\u0103 SB, nichel lustruit PN, nichel satinat SN, alam\u0103 antic\u0103 AB, bronz frecat cu ulei ORB, negru BL<\/li>\n<li><strong>Accesorii:<\/strong>7,6 mm x 7,6 mm x 100 mm ax x 1 buc + \u0219urub M3,8 x 30 mm x 4 buc + cheie hexagonal\u0103 de 2,5 mm x 1 buc<\/li>\n<li><strong>Aplica\u021bie:<\/strong> Lemn\/Metal, Interioar\u0103\/U\u0219\u0103 de intrare, (35-50 mm)<\/li>\n<\/ul>\n<p>&nbsp;<\/p>","protected":false},"featured_media":1229,"template":"","meta":{"nf_dc_page":""},"product_brand":[],"product_cat":[26,31],"product_tag":[28,29],"class_list":{"0":"post-1225","1":"product","2":"type-product","3":"status-publish","4":"has-post-thumbnail","6":"product_cat-door-handle-manufacturer","7":"product_cat-zinc-alloy-door-handle","8":"product_tag-door-handle","9":"product_tag-door-knob","11":"first","12":"instock","13":"shipping-taxable","14":"product-type-simple"},"_links":{"self":[{"href":"https:\/\/amthy.com\/ro\/wp-json\/wp\/v2\/product\/1225","targetHints":{"allow":["GET"]}}],"collection":[{"href":"https:\/\/amthy.com\/ro\/wp-json\/wp\/v2\/product"}],"about":[{"href":"https:\/\/amthy.com\/ro\/wp-json\/wp\/v2\/types\/product"}],"wp:featuredmedia":[{"embeddable":true,"href":"https:\/\/amthy.com\/ro\/wp-json\/wp\/v2\/media\/1229"}],"wp:attachment":[{"href":"https:\/\/amthy.com\/ro\/wp-json\/wp\/v2\/media?parent=1225"}],"wp:term":[{"taxonomy":"product_brand","embeddable":true,"href":"https:\/\/amthy.com\/ro\/wp-json\/wp\/v2\/product_brand?post=1225"},{"taxonomy":"product_cat","embeddable":true,"href":"https:\/\/amthy.com\/ro\/wp-json\/wp\/v2\/product_cat?post=1225"},{"taxonomy":"product_tag","embeddable":true,"href":"https:\/\/amthy.com\/ro\/wp-json\/wp\/v2\/product_tag?post=1225"}],"curies":[{"name":"wp","href":"https:\/\/api.w.org\/{rel}","templated":true}]}}