{"id":1534,"date":"2021-05-15T21:34:14","date_gmt":"2021-05-15T13:34:14","guid":{"rendered":"https:\/\/amthy.com\/?post_type=product&#038;p=1534"},"modified":"2022-05-26T16:27:59","modified_gmt":"2022-05-26T08:27:59","slug":"europrofile-lock-cylinder-manufacturer-h1000","status":"publish","type":"product","link":"https:\/\/amthy.com\/ro\/product\/europrofile-lock-cylinder-manufacturer-h1000\/","title":{"rendered":"Cilindru u\u0219\u0103 de siguran\u021b\u0103 Europrofile -H1000"},"content":{"rendered":"<h2>Caracteristica de blocare Europrofil<\/h2>\n<ul>\n<li>\u00cenalt\u0103 Securitate - pini duble \u0219i instruc\u021biuni despre pin<\/li>\n<li>Sistem de cheie Master AB-1 cheie temporar\u0103, 5 chei primare<\/li>\n<li>Anti-picting, Anti-snap<\/li>\n<li>Durata de via\u021b\u0103 complet\u0103 a materialului din alam\u0103 poate fi de peste 10 ani<\/li>\n<\/ul>\n<h2>Cine suntem noi?<\/h2>\n<p style=\"text-align: left;\">Amthy este un cilindru de securitate Europrofile <a href=\"https:\/\/amthy.com\/ro\/product-category\/lock-cylinder\/\">Furnizor <\/a>din China. Oferim normal <a href=\"https:\/\/en.wikipedia.org\/wiki\/Pin_tumbler_lock\" target=\"_blank\" rel=\"noopener\">cilindrii<\/a> pentru u\u0219i de interior \u0219i cilindri de \u00eenalt\u0103 siguran\u021b\u0103 pentru u\u0219i de exterior. Fiind un produc\u0103tor de top 3 cilindri, instala\u021bia automat\u0103 sau semi-automatic\u0103 95.9% este adoptat\u0103 pentru a \u00eenlocui munca manual\u0103, pentru a reduce costurile \u0219i pentru a cre\u0219te eficien\u021ba. <span style=\"color: #ff0000;\"><span style=\"color: #000000;\">Prin urmare, <\/span><\/span>Costul mai mic al for\u021bei de munc\u0103 aduce \u00eentotdeauna pre\u021buri mai competitive \u0219i mai atractive. Datorit\u0103 beneficiilor de mai sus, <em>Acum suntem dispusi <a href=\"https:\/\/www.youtube.com\/watch?v=9Lw0FD68w1c\" target=\"_blank\" rel=\"noopener\">dezv\u0103luie \u0219i \u00eemp\u0103rt\u0103\u0219e\u0219te costul<\/a> de cilindri normali cu cump\u0103r\u0103torii<\/em>,<span style=\"color: #ff0000;\"> <span style=\"color: #000000;\">adic\u0103 ve\u021bi ob\u021bine o compozi\u021bie clar\u0103 a pre\u021bului unitar, care include profitul nostru pur 10%<\/span><\/span><span style=\"color: #ff0000;\"><span style=\"color: #000000;\">. <\/span><\/span><\/p>\n<p style=\"text-align: left;\">\u00centre timp, echipa noastr\u0103 de cercetare \u0219i dezvoltare dezvolt\u0103<em> Seriile S1000, S2000 \u0219i S3000<\/em> de cilindri de \u00eenchidere a u\u0219ii cu profil euro de \u00ceNALT\u0102 SECURITATE pentru cerin\u021be mai mari ale pie\u021bei. Tehnologia exclusiv\u0103 a structurii combinate Wafers and Pins cre\u0219te foarte mult nivelul de securitate. Mai mult, un furnizor de cilindru de securitate Europrofile ar trebui s\u0103 fac\u0103 \u00eentotdeauna munca pentru principala preocupare a cump\u0103r\u0103torului.<\/p>\n<p>&nbsp;<\/p>\n<h2 style=\"text-align: left;\">Ce este cilindrul de blocare Europrofile?<\/h2>\n<p><em><i>Cilindrul de blocare este o component\u0103 de blocare care \u021bine \u0219techerul, actuatorul \u0219i componentele de blocare, poate fi fabricat din alam\u0103, aliaj de zinc, aluminiu \u0219i o\u021bel inoxidabil. De\u0219i cel mai frecvent sunt asocia\u021bi cu modelele de butoane, cilindrii sunt utiliza\u021bi \u00een multe altele, cum ar fi napolitana \u0219i disc-detainer. Se rote\u0219te pentru a ac\u021biona z\u0103vorul \u0219i \u0219urubul de blocare cu cheie potrivit\u0103. <\/i><\/em>Cilindru de blocare Europrofile este inima u\u0219ii. Cilindru de securitate Europrofile este folosit pentru u\u0219a de securitate de la intrare. Broasca Europrofile<\/p>\n<p><b>profil european<\/b>\u00a0(sau\u00a0<b>Profil euro<\/b>) este un tip de\u00a0<a title=\"Cilindru\" href=\"http:\/\/www.lockwiki.com\/index.php\/Cylinder\" target=\"_blank\" rel=\"noopener\">cilindru<\/a>\u00a0design folosit predominant \u00een Europa. Spre deosebire de cilindrii tradi\u021bionali pentru mortare \u0219i jant\u0103, profilul euro folose\u0219te o singur\u0103 bucat\u0103 de metal pentru a conecta ambele p\u0103r\u021bi ale broa\u0219tei. Un singur\u00a0<a class=\"mw-redirect\" title=\"Cam\" href=\"http:\/\/www.lockwiki.com\/index.php\/Cam\" target=\"_blank\" rel=\"noopener\">cam<\/a>\u00a0componenta este plasata intre cele doua laturi ale broastei si este conectata direct la ambele\u00a0<a title=\"Priza\" href=\"http:\/\/www.lockwiki.com\/index.php\/Plug\" target=\"_blank\" rel=\"noopener\">prize<\/a>. Profilul Euro este convenabil de instalat \u0219i \u00eenlocuit, dar are unele deficien\u021be serioase de securitate care trebuie luate \u00een considerare. Vedea\u00a0<a href=\"http:\/\/www.lockwiki.com\/index.php\/Euro_Profile#Vulnerabilities\" target=\"_blank\" rel=\"noopener\">Profil euro (Vulnerabilit\u0103\u021bi)<\/a>\u00a0pentru informa\u021bii suplimentare.Lac\u0103t cu europrofil<\/p>\n<p>&nbsp;<\/p>\n<p><img fetchpriority=\"high\" decoding=\"async\" class=\"wp-image-2119 aligncenter\" src=\"https:\/\/amthy.com\/wp-content\/uploads\/2021\/05\/technical_drawing_C73_3-300x168.jpg\" alt=\"europrofil\" width=\"636\" height=\"356\" title=\"\" srcset=\"https:\/\/amthy.com\/wp-content\/uploads\/2021\/05\/technical_drawing_C73_3-300x168.jpg 300w, https:\/\/amthy.com\/wp-content\/uploads\/2021\/05\/technical_drawing_C73_3-600x336.jpg 600w, https:\/\/amthy.com\/wp-content\/uploads\/2021\/05\/technical_drawing_C73_3-768x430.jpg 768w, https:\/\/amthy.com\/wp-content\/uploads\/2021\/05\/technical_drawing_C73_3-18x10.jpg 18w, https:\/\/amthy.com\/wp-content\/uploads\/2021\/05\/technical_drawing_C73_3.jpg 1000w\" sizes=\"(max-width: 636px) 100vw, 636px\" \/><\/p>\n<p>&nbsp;<\/p>\n<h2>De ce noi?<\/h2>\n<h3><strong>\u221aCalitate de \u00eencredere<\/strong><\/h3>\n<ul>\n<li>Echipa profesionist\u0103 de control al calit\u0103\u021bii supravegheaz\u0103 \u00eentreaga produc\u021bie<\/li>\n<li>Selectarea strict\u0103 a partenerilor cooperan\u021bi<\/li>\n<\/ul>\n<h3><strong>\u221aPre\u021b competitiv<\/strong><\/h3>\n<ul>\n<li>Materie prim\u0103 \u00een stoc de 3 luni pentru a reduce riscul de fluctua\u021bie a pre\u021bului<\/li>\n<li>Echipamentele automate \u0219i avansate reduc costul ridicat al for\u021bei de munc\u0103<\/li>\n<\/ul>\n<h3><strong>\u221aServicii de \u00eencredere pentru peste 20 de \u021b\u0103ri.<\/strong><\/h3>\n<ul>\n<li>Serviciu ODM\/OEM<\/li>\n<li>Service post-v\u00e2nzare responsabil<\/li>\n<\/ul>\n<p>&nbsp;<\/p>","protected":false},"excerpt":{"rendered":"<p>&nbsp;<\/p>\n<ul>\n<li><strong>Codul produsului:<\/strong> H1000<\/li>\n<li><strong>Mecanism de blocare:<\/strong> Pin Tumbler<\/li>\n<li><strong>Materialul corpului<\/strong><strong>:<\/strong> Alam\u0103<\/li>\n<li><strong>Materialul prizei<\/strong><strong>:<\/strong> Alam\u0103<\/li>\n<li><strong>Marca:<\/strong> ODM disponibil<\/li>\n<li><b>Tip profil: <\/b>Euro<\/li>\n<li><strong>Dimensiunea profilului:<\/strong>17*33*10mm<\/li>\n<li><strong>Cheie:<\/strong> Canal dublu \u201eS\u201d din alam\u0103<\/li>\n<li><strong>Accesorii:<\/strong>\u0219uruburi de 55 mm<\/li>\n<li><strong>Aplica\u021bie:<\/strong> U\u0219i din lemn\/UPVC\/securitate<\/li>\n<li><strong>Sistemul Master Key:<\/strong> Disponibil<\/li>\n<li><strong>Sistem de cheie similar\u0103:<\/strong> Disponibil<\/li>\n<li><strong>Func\u021bie anti-g\u0103urire<\/strong>: Disponibil<\/li>\n<li><strong>Func\u021bie anti-snap: <\/strong>Disponibil<\/li>\n<li><strong><strong>Clasificare EN1303 2005:<\/strong><\/strong><br \/>\n<table>\n<tbody>\n<tr>\n<td>1<\/td>\n<td>6<\/td>\n<td>0<\/td>\n<td>1<\/td>\n<td>0<\/td>\n<td>C<\/td>\n<td>5<\/td>\n<td>2<\/td>\n<\/tr>\n<\/tbody>\n<\/table>\n<\/li>\n<li><strong>Finalizarea: <\/strong>Alama lustruita (BP)\/Nichelat (NP)\/Nichel satinat (SN)\/Cromat (CP)\/Alama antica (AB)<\/li>\n<\/ul>\n<p>&nbsp;<\/p>","protected":false},"featured_media":1526,"template":"","meta":[],"product_brand":[],"product_cat":[25],"product_tag":[34,35],"class_list":{"0":"post-1534","1":"product","2":"type-product","3":"status-publish","4":"has-post-thumbnail","6":"product_cat-euro-profile-cylinder-manufacturer","7":"product_tag-door-cylinder","8":"product_tag-europrofile","10":"first","11":"instock","12":"shipping-taxable","13":"product-type-simple"},"_links":{"self":[{"href":"https:\/\/amthy.com\/ro\/wp-json\/wp\/v2\/product\/1534","targetHints":{"allow":["GET"]}}],"collection":[{"href":"https:\/\/amthy.com\/ro\/wp-json\/wp\/v2\/product"}],"about":[{"href":"https:\/\/amthy.com\/ro\/wp-json\/wp\/v2\/types\/product"}],"wp:featuredmedia":[{"embeddable":true,"href":"https:\/\/amthy.com\/ro\/wp-json\/wp\/v2\/media\/1526"}],"wp:attachment":[{"href":"https:\/\/amthy.com\/ro\/wp-json\/wp\/v2\/media?parent=1534"}],"wp:term":[{"taxonomy":"product_brand","embeddable":true,"href":"https:\/\/amthy.com\/ro\/wp-json\/wp\/v2\/product_brand?post=1534"},{"taxonomy":"product_cat","embeddable":true,"href":"https:\/\/amthy.com\/ro\/wp-json\/wp\/v2\/product_cat?post=1534"},{"taxonomy":"product_tag","embeddable":true,"href":"https:\/\/amthy.com\/ro\/wp-json\/wp\/v2\/product_tag?post=1534"}],"curies":[{"name":"wp","href":"https:\/\/api.w.org\/{rel}","templated":true}]}}