{"id":1895,"date":"2021-08-29T20:15:13","date_gmt":"2021-08-29T12:15:13","guid":{"rendered":"https:\/\/amthy.com\/?post_type=product&#038;p=1895"},"modified":"2023-05-26T19:51:25","modified_gmt":"2023-05-26T11:51:25","slug":"smart-lock-manufacturer-am-900","status":"publish","type":"product","link":"https:\/\/amthy.com\/ro\/product\/smart-lock-manufacturer-am-900\/","title":{"rendered":"Smart Lock AM-900"},"content":{"rendered":"<p>AMTHY 900 este o \u00eencuietoare inteligent\u0103 a u\u0219ii care v\u0103 ofer\u0103 control deplin asupra securit\u0103\u021bii casei dvs., oferindu-v\u0103 \u00een acela\u0219i timp lini\u0219te complet\u0103. Utiliza\u021bi o varietate de moduri de a ob\u021bine acces la casa dvs., fie prin codul PIN \u0219i cheia mecanic\u0103. Nu trebuie s\u0103 v\u0103 face\u021bi griji c\u0103 v\u0103 duce\u021bi cheile cu dvs. Tot ce ave\u021bi nevoie este codul PIN, pute\u021bi debloca u\u0219a cu u\u0219urin\u021b\u0103. Afaceri directe de la produc\u0103torul de cilindri pentru u\u0219i inteligente. produc\u0103tor-de-lac\u0103t inteligent-am-900.<a href=\"https:\/\/en.wikipedia.org\/wiki\/Lock\" target=\"_blank\" rel=\"noopener\">Lac\u0103t<\/a> \u0219i <a href=\"https:\/\/amthy.com\/ro\/product-category\/smart-lock\/\">Cilindru inteligent de u\u0219\u0103<\/a><\/p>\n<h3>Actualiza\u021bi cu u\u0219urin\u021b\u0103 lac\u0103tul existent:<\/h3>\n<p>Usor de bricolaj \u0219i u\u0219or de instalat \u00een locul cilindrului \u0219i m\u00e2nerului u\u0219ii existente. Tot ce ave\u021bi nevoie este o \u0219urubelni\u021b\u0103 \u00een cruce \u0219i o band\u0103 de m\u0103sur\u0103.<\/p>\n<h3><strong>Caracteristici \u0219i Beneficii:<\/strong><\/h3>\n<ul>\n<li>F\u0103r\u0103 cheie \u2013 V\u0103 ofer\u0103 libertatea de a v\u0103 asigura casa f\u0103r\u0103 a fi nevoie de o cheie<\/li>\n<li>Simplu de montat \u2013 Potrivit pentru majoritatea u\u0219ilor din PVC \u0219i compozit, necesit\u0103 \u0219urubelni\u021b\u0103<\/li>\n<li>U\u0219or de accesat - sunt disponibile 50 de seturi de coduri PIN de 4-8 cifre.<\/li>\n<li>Alimentat cu baterii \u2013 4 x baterii AA<\/li>\n<li>Potrivit pentru u\u0219i cu grosimea cuprins\u0103 \u00eentre 35-55 mm<\/li>\n<li>Disponibil \u00eentr-o gam\u0103 de finisaje \u2013 inclusiv negru \u0219i argintiu<\/li>\n<\/ul>\n<h2>De ce noi? (Furnizor de cilindru pentru u\u0219i de securitate cu profil euro <em>de AMTHY SECURITY<\/em>)<\/h2>\n<h3><strong>\u221aCalitate de \u00eencredere (produc\u0103tor Smart Lock AM-900)<\/strong><\/h3>\n<ul>\n<li>Echipa profesionist\u0103 de control al calit\u0103\u021bii supravegheaz\u0103 \u00eentreaga produc\u021bie<\/li>\n<li>Selectarea strict\u0103 a partenerilor cooperan\u021bi<\/li>\n<\/ul>\n<h3><strong>\u221aPre\u021b competitiv<\/strong><\/h3>\n<ul>\n<li>Materie prim\u0103 \u00een stoc de 3 luni pentru a reduce riscul de fluctua\u021bie a pre\u021bului<\/li>\n<li>Echipamentele automate \u0219i avansate reduc costul ridicat al for\u021bei de munc\u0103<\/li>\n<\/ul>\n<h3><strong>\u221aServicii de \u00eencredere pentru peste 20 de \u021b\u0103ri.<\/strong><\/h3>\n<ul>\n<li>Serviciu ODM\/OEM<\/li>\n<li>Service post-v\u00e2nzare responsabil<\/li>\n<\/ul>","protected":false},"excerpt":{"rendered":"<ul>\n<li><strong>Codul produsului:<\/strong> AM-900<\/li>\n<li><strong>Material<\/strong><strong>:<\/strong> aliaj de zinc<\/li>\n<li><strong>Corp de blocare:<\/strong> \u0218urub<\/li>\n<li><strong>Backset<\/strong>: 60 mm<\/li>\n<li><strong>Marca:<\/strong> ODM disponibil<\/li>\n<li><strong>Aplica\u021bie:<\/strong> U\u0219i din lemn\/UPVC\/securitate<\/li>\n<li><strong>Baterie<\/strong>: 4*AA 6V (exclus)<\/li>\n<li><strong>Grosimea u\u0219ii: <\/strong>35-55mm<\/li>\n<li><strong>Temperatura de Operare:<\/strong>-20\u00baC p\u00e2n\u0103 la +55\u00baC<\/li>\n<li><strong>Rezistent la ap\u0103: <\/strong>IP54<\/li>\n<li><b>Modul de deblocare: <\/b>Parol\u0103\/cheie mecanic\u0103<\/li>\n<\/ul>","protected":false},"featured_media":1908,"template":"","meta":{"nf_dc_page":""},"product_brand":[],"product_cat":[55],"product_tag":[],"class_list":{"0":"post-1895","1":"product","2":"type-product","3":"status-publish","4":"has-post-thumbnail","6":"product_cat-smart-lock","8":"first","9":"instock","10":"shipping-taxable","11":"product-type-simple"},"_links":{"self":[{"href":"https:\/\/amthy.com\/ro\/wp-json\/wp\/v2\/product\/1895","targetHints":{"allow":["GET"]}}],"collection":[{"href":"https:\/\/amthy.com\/ro\/wp-json\/wp\/v2\/product"}],"about":[{"href":"https:\/\/amthy.com\/ro\/wp-json\/wp\/v2\/types\/product"}],"wp:featuredmedia":[{"embeddable":true,"href":"https:\/\/amthy.com\/ro\/wp-json\/wp\/v2\/media\/1908"}],"wp:attachment":[{"href":"https:\/\/amthy.com\/ro\/wp-json\/wp\/v2\/media?parent=1895"}],"wp:term":[{"taxonomy":"product_brand","embeddable":true,"href":"https:\/\/amthy.com\/ro\/wp-json\/wp\/v2\/product_brand?post=1895"},{"taxonomy":"product_cat","embeddable":true,"href":"https:\/\/amthy.com\/ro\/wp-json\/wp\/v2\/product_cat?post=1895"},{"taxonomy":"product_tag","embeddable":true,"href":"https:\/\/amthy.com\/ro\/wp-json\/wp\/v2\/product_tag?post=1895"}],"curies":[{"name":"wp","href":"https:\/\/api.w.org\/{rel}","templated":true}]}}