{"id":1922,"date":"2021-08-29T20:52:21","date_gmt":"2021-08-29T12:52:21","guid":{"rendered":"https:\/\/amthy.com\/?post_type=product&#038;p=1922"},"modified":"2023-05-26T19:51:03","modified_gmt":"2023-05-26T11:51:03","slug":"smart-lock-manufacturer-am-h300","status":"publish","type":"product","link":"https:\/\/amthy.com\/ro\/product\/smart-lock-manufacturer-am-h300\/","title":{"rendered":"Smart Lock AM-H300"},"content":{"rendered":"<p><img fetchpriority=\"high\" decoding=\"async\" class=\"wp-image-2038 aligncenter\" src=\"https:\/\/amthy.com\/wp-content\/uploads\/2021\/08\/\u56fe\u7247-300x140.png\" alt=\"Furnizor de \u00eencuietori inteligente\" width=\"1011\" height=\"472\" title=\"\" srcset=\"https:\/\/amthy.com\/wp-content\/uploads\/2021\/08\/\u56fe\u7247-300x140.png 300w, https:\/\/amthy.com\/wp-content\/uploads\/2021\/08\/\u56fe\u7247-600x280.png 600w, https:\/\/amthy.com\/wp-content\/uploads\/2021\/08\/\u56fe\u7247-1024x478.png 1024w, https:\/\/amthy.com\/wp-content\/uploads\/2021\/08\/\u56fe\u7247-768x359.png 768w, https:\/\/amthy.com\/wp-content\/uploads\/2021\/08\/\u56fe\u7247-18x8.png 18w, https:\/\/amthy.com\/wp-content\/uploads\/2021\/08\/\u56fe\u7247.png 1026w\" sizes=\"(max-width: 1011px) 100vw, 1011px\" \/><\/p>\n<p>AMTHY H300 este o \u00eencuietoare inteligent\u0103 a u\u0219ii care v\u0103 ofer\u0103 control deplin asupra securit\u0103\u021bii casei dvs., oferindu-v\u0103 \u00een acela\u0219i timp lini\u0219te deplin\u0103. Utiliza\u021bi o varietate de modalit\u0103\u021bi de a ob\u021bine acces la casa dvs., fie prin amprenta digital\u0103, Bluetooth al telefonului sau prin modulul wifi pentru control de la distan\u021b\u0103. Cu \u00eencuietoarea digital\u0103 a u\u0219ii AMTHY, pute\u021bi trimite utilizatorilor chei virtuale, astfel \u00eenc\u00e2t prietenii \u0219i familia s\u0103 poat\u0103 avea acces la casa dvs. dac\u0103 nu sunte\u021bi prin preajm\u0103. Odat\u0103 ce au ob\u021binut acces, pute\u021bi ma<\/p>\n<p>nage care poate intra \u00een proprietatea dvs. prin dezactivarea sau \u0219tergerea utilizatorilor prin aplica\u021bia pentru telefon. Cheile virtuale pot fi programate sau f\u0103cute permanente pentru controlul final al casei sau propriet\u0103\u021bii tale. De asemenea, pute\u021bi monitoriza cine vine \u0219i cine pleac\u0103, astfel \u00eenc\u00e2t s\u0103 \u0219ti\u021bi c\u00e2nd cei dragi sunt acas\u0103 \u00een siguran\u021b\u0103. Pute\u021bi chiar s\u0103 primi\u021bi o notificare care v\u0103 informeaz\u0103 c\u00e2nd cineva vine acas\u0103. Nu trebuie s\u0103 v\u0103 face\u021bi griji c\u0103 v\u0103 duce\u021bi cheile cu dvs. Tot ce ai nevoie este smartphone-ul t\u0103u \u0219i cu o singur\u0103 atingere po\u021bi debloca u\u0219a cu u\u0219urin\u021b\u0103. Dispozitivul utilizeaz\u0103 tehnologia inteligent\u0103 Bluetooth criptat\u0103, astfel \u00eenc\u00e2t blocarea inteligent\u0103 nu depinde de recep\u021bia \u00een re\u021bea. Face\u021bi-v\u0103 \u00eencuietoarea inteligent\u0103 \u0219i mai inteligent\u0103 conect\u00e2nd unul dintre modulele noastre de blocare. Afaceri directe de la produc\u0103torul de cilindri pentru u\u0219i inteligente. <a href=\"https:\/\/en.wikipedia.org\/wiki\/Lock\" target=\"_blank\" rel=\"noopener\">Lac\u0103t<\/a> \u0219i <a href=\"https:\/\/amthy.com\/ro\/product-category\/smart-lock\/\">Producator Smart Lock AM-H300<\/a><\/p>\n<p>&nbsp;<\/p>\n<p><img decoding=\"async\" class=\"wp-image-2037 aligncenter\" src=\"https:\/\/amthy.com\/wp-content\/uploads\/2021\/08\/\u56fe\u7247-Copy-300x199.png\" alt=\"Furnizor de \u00eencuietori inteligente\" width=\"1016\" height=\"674\" title=\"\" srcset=\"https:\/\/amthy.com\/wp-content\/uploads\/2021\/08\/\u56fe\u7247-Copy-300x199.png 300w, https:\/\/amthy.com\/wp-content\/uploads\/2021\/08\/\u56fe\u7247-Copy-600x397.png 600w, https:\/\/amthy.com\/wp-content\/uploads\/2021\/08\/\u56fe\u7247-Copy-1024x678.png 1024w, https:\/\/amthy.com\/wp-content\/uploads\/2021\/08\/\u56fe\u7247-Copy-768x509.png 768w, https:\/\/amthy.com\/wp-content\/uploads\/2021\/08\/\u56fe\u7247-Copy-18x12.png 18w, https:\/\/amthy.com\/wp-content\/uploads\/2021\/08\/\u56fe\u7247-Copy.png 1143w\" sizes=\"(max-width: 1016px) 100vw, 1016px\" \/><\/p>\n<h2><\/h2>\n<h2>De ce noi? (Furnizor de cilindru pentru u\u0219i de securitate cu profil euro <em>de AMTHY SECURITY<\/em>)<\/h2>\n<h3><strong>\u221aCalitate de \u00eencredere (produc\u0103tor Smart Lock AM-H300)<\/strong><\/h3>\n<ul>\n<li>Echipa profesionist\u0103 de control al calit\u0103\u021bii supravegheaz\u0103 \u00eentreaga produc\u021bie<\/li>\n<li>Selectarea strict\u0103 a partenerilor cooperan\u021bi<\/li>\n<\/ul>\n<h3><strong>\u221aPre\u021b competitiv<\/strong><\/h3>\n<ul>\n<li>Materie prim\u0103 \u00een stoc de 3 luni pentru a reduce riscul de fluctua\u021bie a pre\u021bului<\/li>\n<li>Echipamentele automate \u0219i avansate reduc costul ridicat al for\u021bei de munc\u0103<\/li>\n<\/ul>\n<h3><strong>\u221aServicii de \u00eencredere pentru peste 20 de \u021b\u0103ri.<\/strong><\/h3>\n<ul>\n<li>Serviciu ODM\/OEM<\/li>\n<li>Service post-v\u00e2nzare responsabil<\/li>\n<\/ul>","protected":false},"excerpt":{"rendered":"<ul>\n<li><strong>Codul produsului:<\/strong> AM-H300<\/li>\n<li><strong>Material<\/strong><strong>:<\/strong> Aluminiu<\/li>\n<li><strong>Corp de blocare:<\/strong> Un singur z\u0103vor<\/li>\n<li><strong>Backset<\/strong>: 60\/70mm reglabil<\/li>\n<li><strong>Marca:<\/strong> ODM disponibil<\/li>\n<li><strong>Aplica\u021bie:<\/strong> U\u0219i din lemn\/UPVC\/securitate<\/li>\n<li><strong>Baterie<\/strong>: 4*1,5v<\/li>\n<li><strong>Grosimea u\u0219ii:<\/strong>30-65mm<\/li>\n<li><b>Modul de deblocare: <\/b>Amprent\u0103\/Cheie mecanic\u0103<\/li>\n<\/ul>","protected":false},"featured_media":1924,"template":"","meta":{"nf_dc_page":""},"product_brand":[],"product_cat":[55],"product_tag":[],"class_list":{"0":"post-1922","1":"product","2":"type-product","3":"status-publish","4":"has-post-thumbnail","6":"product_cat-smart-lock","8":"first","9":"instock","10":"shipping-taxable","11":"product-type-simple"},"_links":{"self":[{"href":"https:\/\/amthy.com\/ro\/wp-json\/wp\/v2\/product\/1922","targetHints":{"allow":["GET"]}}],"collection":[{"href":"https:\/\/amthy.com\/ro\/wp-json\/wp\/v2\/product"}],"about":[{"href":"https:\/\/amthy.com\/ro\/wp-json\/wp\/v2\/types\/product"}],"wp:featuredmedia":[{"embeddable":true,"href":"https:\/\/amthy.com\/ro\/wp-json\/wp\/v2\/media\/1924"}],"wp:attachment":[{"href":"https:\/\/amthy.com\/ro\/wp-json\/wp\/v2\/media?parent=1922"}],"wp:term":[{"taxonomy":"product_brand","embeddable":true,"href":"https:\/\/amthy.com\/ro\/wp-json\/wp\/v2\/product_brand?post=1922"},{"taxonomy":"product_cat","embeddable":true,"href":"https:\/\/amthy.com\/ro\/wp-json\/wp\/v2\/product_cat?post=1922"},{"taxonomy":"product_tag","embeddable":true,"href":"https:\/\/amthy.com\/ro\/wp-json\/wp\/v2\/product_tag?post=1922"}],"curies":[{"name":"wp","href":"https:\/\/api.w.org\/{rel}","templated":true}]}}