{"id":1925,"date":"2021-08-29T20:56:13","date_gmt":"2021-08-29T12:56:13","guid":{"rendered":"https:\/\/amthy.com\/?post_type=product&#038;p=1925"},"modified":"2023-05-26T19:50:53","modified_gmt":"2023-05-26T11:50:53","slug":"smart-lock-manufacturer-am-p100","status":"publish","type":"product","link":"https:\/\/amthy.com\/ro\/product\/smart-lock-manufacturer-am-p100\/","title":{"rendered":"Smart Lock AM-P100"},"content":{"rendered":"<p><img fetchpriority=\"high\" decoding=\"async\" class=\"alignnone wp-image-2034\" src=\"https:\/\/amthy.com\/wp-content\/uploads\/2021\/08\/AM400-300x35.jpg\" alt=\"amthy\" width=\"994\" height=\"116\" title=\"\" srcset=\"https:\/\/amthy.com\/wp-content\/uploads\/2021\/08\/AM400-300x35.jpg 300w, https:\/\/amthy.com\/wp-content\/uploads\/2021\/08\/AM400-600x71.jpg 600w, https:\/\/amthy.com\/wp-content\/uploads\/2021\/08\/AM400-1024x120.jpg 1024w, https:\/\/amthy.com\/wp-content\/uploads\/2021\/08\/AM400-768x90.jpg 768w, https:\/\/amthy.com\/wp-content\/uploads\/2021\/08\/AM400-1536x181.jpg 1536w, https:\/\/amthy.com\/wp-content\/uploads\/2021\/08\/AM400-2048x241.jpg 2048w, https:\/\/amthy.com\/wp-content\/uploads\/2021\/08\/AM400-18x2.jpg 18w\" sizes=\"(max-width: 994px) 100vw, 994px\" \/><\/p>\n<p>&nbsp;<\/p>\n<p>AMTHY P100 este o \u00eencuietoare inteligent\u0103 a u\u0219ii care v\u0103 ofer\u0103 control deplin asupra securit\u0103\u021bii casei dvs., oferindu-v\u0103 \u00een acela\u0219i timp lini\u0219te complet\u0103. Utiliza\u021bi o varietate de moduri de a ob\u021bine acces la casa dvs., fie prin parol\u0103, amprent\u0103, cheie card, telefon Bluetooth sau prin modulul wifi pentru control de la distan\u021b\u0103. Cu \u00eencuietoarea digital\u0103 a u\u0219ii AMTHY, pute\u021bi trimite utilizatorilor chei virtuale, astfel \u00eenc\u00e2t prietenii \u0219i familia s\u0103 poat\u0103 avea acces la casa dvs. dac\u0103 nu sunte\u021bi prin preajm\u0103. Dup\u0103 ce au ob\u021binut acces, pute\u021bi gestiona cine poate intra \u00een proprietatea dvs. dezactiv\u00e2nd sau \u0219terg\u00e2nd utilizatorii prin aplica\u021bia pentru telefon. Cheile virtuale pot fi programate sau f\u0103cute permanente pentru controlul final al casei sau propriet\u0103\u021bii tale. De asemenea, pute\u021bi monitoriza cine vine \u0219i cine pleac\u0103, astfel \u00eenc\u00e2t s\u0103 \u0219ti\u021bi c\u00e2nd cei dragi sunt acas\u0103 \u00een siguran\u021b\u0103. Pute\u021bi chiar s\u0103 primi\u021bi o notificare care v\u0103 informeaz\u0103 c\u00e2nd cineva vine acas\u0103. Nu trebuie s\u0103 v\u0103 face\u021bi griji c\u0103 v\u0103 duce\u021bi cheile cu dvs. Tot ce ai nevoie este smartphone-ul t\u0103u \u0219i cu o singur\u0103 atingere po\u021bi debloca u\u0219a cu u\u0219urin\u021b\u0103. Dispozitivul utilizeaz\u0103 tehnologia inteligent\u0103 Bluetooth criptat\u0103, astfel \u00eenc\u00e2t blocarea inteligent\u0103 nu depinde de recep\u021bia \u00een re\u021bea. Face\u021bi-v\u0103 \u00eencuietoarea inteligent\u0103 \u0219i mai inteligent\u0103 conect\u00e2nd unul dintre modulele noastre de blocare. Afaceri directe de la produc\u0103torul de \u00eencuietori inteligente. <a href=\"https:\/\/en.wikipedia.org\/wiki\/Lock\" target=\"_blank\" rel=\"noopener\">Lac\u0103t<\/a> \u0219i <a href=\"https:\/\/amthy.com\/ro\/product-category\/smart-lock\/\">Produc\u0103tor Smart Lock AM-P100<\/a><\/p>\n<p><strong>Caracteristici \u0219i Beneficii:<\/strong><\/p>\n<ul>\n<li>F\u0103r\u0103 cheie \u2013 V\u0103 ofer\u0103 libertatea de a v\u0103 asigura casa f\u0103r\u0103 a fi nevoie de o cheie<\/li>\n<li>Simplu de montat \u2013 Potrivit pentru majoritatea u\u0219ilor din PVC \u0219i compozit, necesit\u0103 \u0219urubelni\u021b\u0103<\/li>\n<li>Simplu de montat - <strong>Nu este nevoie s\u0103 schimba\u021bi blocarea setului complet<\/strong> dar \u00eenlocui\u021bi doar cilindrul f\u0103r\u0103 deteriorarea u\u0219ii. Instalare usoara.<\/li>\n<li>Alimentat cu baterii \u2013 3 x baterii AAA, alert\u0103 dat\u0103 c\u00e2nd bateriile sunt desc\u0103rcate<\/li>\n<li>Potrivit pentru u\u0219i cu grosimea cuprins\u0103 \u00eentre 60-100 mm<\/li>\n<li>Disponibil \u00eentr-o gam\u0103 de finisaje \u2013 inclusiv negru \u0219i argintiu<\/li>\n<\/ul>\n<p>&nbsp;<\/p>\n<h2>De ce noi? (Furnizor de cilindru pentru u\u0219i de securitate cu profil euro <em>de AMTHY SECURITY<\/em>)<\/h2>\n<h3><strong>\u221aCalitate fiabil\u0103 (produc\u0103tor Smart Lock AM-P100)<\/strong><\/h3>\n<ul>\n<li>Echipa profesionist\u0103 de control al calit\u0103\u021bii supravegheaz\u0103 \u00eentreaga produc\u021bie<\/li>\n<li>Selectarea strict\u0103 a partenerilor cooperan\u021bi<\/li>\n<\/ul>\n<h3><strong>\u221aPre\u021b competitiv<\/strong><\/h3>\n<ul>\n<li>Materie prim\u0103 \u00een stoc de 3 luni pentru a reduce riscul de fluctua\u021bie a pre\u021bului<\/li>\n<li>Echipamentele automate \u0219i avansate reduc costul ridicat al for\u021bei de munc\u0103<\/li>\n<\/ul>\n<h3><strong>\u221aServicii de \u00eencredere pentru peste 20 de \u021b\u0103ri.<\/strong><\/h3>\n<ul>\n<li>Serviciu ODM\/OEM<\/li>\n<li>Service post-v\u00e2nzare responsabil<\/li>\n<\/ul>","protected":false},"excerpt":{"rendered":"<ul>\n<li><strong>Codul produsului:<\/strong> AM-P100<\/li>\n<li><strong>Materialul m\u00e2nerului<\/strong><strong>:<\/strong> O\u021bel inoxidabil 304<\/li>\n<li><strong>Marca:<\/strong> ODM disponibil<\/li>\n<li><strong>Dimensiunea pl\u0103cii:<\/strong>\u00a0303*43mm<\/li>\n<li><strong>Accesorii:<\/strong>\u0219uruburi de 55 mm<\/li>\n<li><strong>Grosimea u\u0219ii:<\/strong>30-70mm<\/li>\n<li><strong>Aplica\u021bie:<\/strong> U\u0219i din lemn\/UPVC\/securitate<\/li>\n<li><strong>Baterie<\/strong>: \u00eenc\u0103rcabil prin USB (6 luni)<\/li>\n<li><b>Modul de deblocare:<\/b> Amprent\u0103\/Aplica\u021bie\/Cheie mecanic\u0103\/Cod de acces\/Cheie pentru card<\/li>\n<\/ul>","protected":false},"featured_media":2177,"template":"","meta":[],"product_brand":[],"product_cat":[55],"product_tag":[],"class_list":{"0":"post-1925","1":"product","2":"type-product","3":"status-publish","4":"has-post-thumbnail","6":"product_cat-smart-lock","8":"first","9":"instock","10":"shipping-taxable","11":"product-type-simple"},"_links":{"self":[{"href":"https:\/\/amthy.com\/ro\/wp-json\/wp\/v2\/product\/1925","targetHints":{"allow":["GET"]}}],"collection":[{"href":"https:\/\/amthy.com\/ro\/wp-json\/wp\/v2\/product"}],"about":[{"href":"https:\/\/amthy.com\/ro\/wp-json\/wp\/v2\/types\/product"}],"wp:featuredmedia":[{"embeddable":true,"href":"https:\/\/amthy.com\/ro\/wp-json\/wp\/v2\/media\/2177"}],"wp:attachment":[{"href":"https:\/\/amthy.com\/ro\/wp-json\/wp\/v2\/media?parent=1925"}],"wp:term":[{"taxonomy":"product_brand","embeddable":true,"href":"https:\/\/amthy.com\/ro\/wp-json\/wp\/v2\/product_brand?post=1925"},{"taxonomy":"product_cat","embeddable":true,"href":"https:\/\/amthy.com\/ro\/wp-json\/wp\/v2\/product_cat?post=1925"},{"taxonomy":"product_tag","embeddable":true,"href":"https:\/\/amthy.com\/ro\/wp-json\/wp\/v2\/product_tag?post=1925"}],"curies":[{"name":"wp","href":"https:\/\/api.w.org\/{rel}","templated":true}]}}