{"id":1942,"date":"2021-08-31T16:53:46","date_gmt":"2021-08-31T08:53:46","guid":{"rendered":"https:\/\/amthy.com\/?post_type=product&#038;p=1942"},"modified":"2023-05-26T19:50:21","modified_gmt":"2023-05-26T11:50:21","slug":"smart-door-cylinder-am-400","status":"publish","type":"product","link":"https:\/\/amthy.com\/ro\/product\/smart-door-cylinder-am-400\/","title":{"rendered":"Cilindru inteligent pentru u\u0219\u0103 AM-400"},"content":{"rendered":"<p><img fetchpriority=\"high\" decoding=\"async\" class=\"wp-image-2024 aligncenter\" src=\"https:\/\/amthy.com\/wp-content\/uploads\/2021\/08\/AM4001-300x218.jpg\" alt=\"amthy\" width=\"994\" height=\"722\" title=\"\" srcset=\"https:\/\/amthy.com\/wp-content\/uploads\/2021\/08\/AM4001-300x218.jpg 300w, https:\/\/amthy.com\/wp-content\/uploads\/2021\/08\/AM4001-600x436.jpg 600w, https:\/\/amthy.com\/wp-content\/uploads\/2021\/08\/AM4001-1024x745.jpg 1024w, https:\/\/amthy.com\/wp-content\/uploads\/2021\/08\/AM4001-768x559.jpg 768w, https:\/\/amthy.com\/wp-content\/uploads\/2021\/08\/AM4001-1536x1117.jpg 1536w, https:\/\/amthy.com\/wp-content\/uploads\/2021\/08\/AM4001-2048x1489.jpg 2048w, https:\/\/amthy.com\/wp-content\/uploads\/2021\/08\/AM4001-18x12.jpg 18w\" sizes=\"(max-width: 994px) 100vw, 994px\" \/><\/p>\n<p><iframe title=\"Cilindru Smart Lock| AM-400 este dispozitivul de blocare inteligent al aplica\u021biei\/codului PIN \u0219i al cardului IC pentru amprent\u0103 digital\u0103 \u0219i telefon.\" width=\"1435\" height=\"807\" src=\"https:\/\/www.youtube.com\/embed\/BSfQK6yR4_Y?feature=oembed\" frameborder=\"0\" allow=\"accelerometer; autoplay; clipboard-write; encrypted-media; gyroscope; picture-in-picture\" allowfullscreen><\/iframe><\/p>\n<p>AMTHY 400 este o \u00eencuietoare inteligent\u0103 a u\u0219ii care v\u0103 ofer\u0103 control deplin asupra securit\u0103\u021bii casei dvs., oferindu-v\u0103 \u00een acela\u0219i timp lini\u0219te deplin\u0103. Utiliza\u021bi o varietate de modalit\u0103\u021bi de a ob\u021bine acces la casa dvs., fie prin amprenta digital\u0103, Bluetooth al telefonului sau prin modulul wifi pentru control de la distan\u021b\u0103. Cu \u00eencuietoarea digital\u0103 a u\u0219ii AMTHY, pute\u021bi trimite utilizatorilor chei virtuale, astfel \u00eenc\u00e2t prietenii \u0219i familia s\u0103 poat\u0103 avea acces la casa dvs. dac\u0103 nu sunte\u021bi prin preajm\u0103. Dup\u0103 ce au ob\u021binut acces, pute\u021bi gestiona cine poate intra \u00een proprietatea dvs. dezactiv\u00e2nd sau \u0219terg\u00e2nd utilizatorii prin aplica\u021bia pentru telefon. Cheile virtuale pot fi programate sau f\u0103cute permanente pentru controlul final al casei sau propriet\u0103\u021bii tale. De asemenea, pute\u021bi monitoriza cine vine \u0219i cine pleac\u0103, astfel \u00eenc\u00e2t s\u0103 \u0219ti\u021bi c\u00e2nd cei dragi sunt acas\u0103 \u00een siguran\u021b\u0103. Pute\u021bi chiar s\u0103 primi\u021bi o notificare care v\u0103 informeaz\u0103 c\u00e2nd cineva vine acas\u0103. Nu trebuie s\u0103 v\u0103 face\u021bi griji c\u0103 v\u0103 duce\u021bi cheile cu dvs. Tot ce ai nevoie este smartphone-ul t\u0103u \u0219i cu o singur\u0103 atingere po\u021bi debloca u\u0219a cu u\u0219urin\u021b\u0103. Dispozitivul utilizeaz\u0103 tehnologia inteligent\u0103 Bluetooth criptat\u0103, astfel \u00eenc\u00e2t blocarea inteligent\u0103 nu depinde de recep\u021bia \u00een re\u021bea. Face\u021bi-v\u0103 \u00eencuietoarea inteligent\u0103 \u0219i mai inteligent\u0103 conect\u00e2nd unul dintre modulele noastre de blocare. Afaceri directe de la produc\u0103torul de cilindri pentru u\u0219i inteligente. <a href=\"https:\/\/en.wikipedia.org\/wiki\/Lock\" target=\"_blank\" rel=\"noopener\">Lac\u0103t<\/a> \u0219i <a href=\"https:\/\/amthy.com\/ro\/product-category\/smart-lock\/\">Cilindru inteligent de u\u0219\u0103<\/a><\/p>\n<p><strong>Caracteristici \u0219i beneficii (cilindrul de u\u0219\u0103 inteligent):<\/strong><\/p>\n<ul>\n<li>F\u0103r\u0103 cheie \u2013 V\u0103 ofer\u0103 libertatea de a v\u0103 asigura casa f\u0103r\u0103 a fi nevoie de o cheie<\/li>\n<li>Simplu de montat \u2013 Potrivit pentru majoritatea u\u0219ilor din PVC \u0219i compozit, necesit\u0103 \u0219urubelni\u021b\u0103<\/li>\n<li>Simplu de montat - <strong>Nu este nevoie s\u0103 schimba\u021bi blocarea setului complet<\/strong> dar \u00eenlocui\u021bi doar cilindrul f\u0103r\u0103 deteriorarea u\u0219ii. Instalare usoara.<\/li>\n<li>Alimentat cu baterii \u2013 3 x baterii AAA, alert\u0103 dat\u0103 c\u00e2nd bateriile sunt desc\u0103rcate<\/li>\n<li>Potrivit pentru u\u0219i cu grosimea cuprins\u0103 \u00eentre 60-100 mm<\/li>\n<li>Disponibil \u00eentr-o gam\u0103 de finisaje \u2013 inclusiv negru \u0219i argintiu<\/li>\n<\/ul>\n<p><img decoding=\"async\" class=\"aligncenter wp-image-2023\" src=\"https:\/\/amthy.com\/wp-content\/uploads\/2021\/08\/AM400.1-300x107.jpg\" alt=\"Cilindru inteligent de u\u0219\u0103\" width=\"1001\" height=\"357\" title=\"\" srcset=\"https:\/\/amthy.com\/wp-content\/uploads\/2021\/08\/AM400.1-300x107.jpg 300w, https:\/\/amthy.com\/wp-content\/uploads\/2021\/08\/AM400.1-600x214.jpg 600w, https:\/\/amthy.com\/wp-content\/uploads\/2021\/08\/AM400.1-1024x365.jpg 1024w, https:\/\/amthy.com\/wp-content\/uploads\/2021\/08\/AM400.1-768x274.jpg 768w, https:\/\/amthy.com\/wp-content\/uploads\/2021\/08\/AM400.1-1536x548.jpg 1536w, https:\/\/amthy.com\/wp-content\/uploads\/2021\/08\/AM400.1-2048x730.jpg 2048w, https:\/\/amthy.com\/wp-content\/uploads\/2021\/08\/AM400.1-18x6.jpg 18w\" sizes=\"(max-width: 1001px) 100vw, 1001px\" \/><\/p>\n<p>&nbsp;<\/p>\n<hr \/>\n<p>&nbsp;<\/p>","protected":false},"excerpt":{"rendered":"<ul>\n<li><strong>Codul produsului:<\/strong> AM-400<\/li>\n<li><strong>Material<\/strong><strong>:<\/strong>\u00a0Alam\u0103<\/li>\n<li><strong>Profil\u00a0<\/strong>Dimensiune: 17*33*10mm<\/li>\n<li><strong>Marca:<\/strong>\u00a0ODM disponibil<\/li>\n<li><strong>Aplica\u021bie:<\/strong>\u00a0U\u0219i din lemn\/UPVC\/securitate<\/li>\n<li><strong>Baterie<\/strong>: 3*AAA (exclus)<\/li>\n<li><strong>Grosimea u\u0219ii:<\/strong>60-100 mm<\/li>\n<li><strong>Temperatura de Operare:<\/strong>-20\u00baC p\u00e2n\u0103 la +55\u00baC<\/li>\n<li><strong>Rezistent la ap\u0103: <\/strong>IP54<\/li>\n<li><b>Modul de deblocare: <\/b>Amprent\u0103\/Parol\u0103\/Cheie pentru card\/Bluetooth\/Comand\u0103 de la distan\u021b\u0103 prin modul Wifi\/Cheie mecanic\u0103<\/li>\n<\/ul>","protected":false},"featured_media":1943,"template":"","meta":{"nf_dc_page":""},"product_brand":[],"product_cat":[55,25],"product_tag":[],"class_list":{"0":"post-1942","1":"product","2":"type-product","3":"status-publish","4":"has-post-thumbnail","6":"product_cat-smart-lock","7":"product_cat-euro-profile-cylinder-manufacturer","9":"first","10":"instock","11":"shipping-taxable","12":"product-type-simple"},"_links":{"self":[{"href":"https:\/\/amthy.com\/ro\/wp-json\/wp\/v2\/product\/1942","targetHints":{"allow":["GET"]}}],"collection":[{"href":"https:\/\/amthy.com\/ro\/wp-json\/wp\/v2\/product"}],"about":[{"href":"https:\/\/amthy.com\/ro\/wp-json\/wp\/v2\/types\/product"}],"wp:featuredmedia":[{"embeddable":true,"href":"https:\/\/amthy.com\/ro\/wp-json\/wp\/v2\/media\/1943"}],"wp:attachment":[{"href":"https:\/\/amthy.com\/ro\/wp-json\/wp\/v2\/media?parent=1942"}],"wp:term":[{"taxonomy":"product_brand","embeddable":true,"href":"https:\/\/amthy.com\/ro\/wp-json\/wp\/v2\/product_brand?post=1942"},{"taxonomy":"product_cat","embeddable":true,"href":"https:\/\/amthy.com\/ro\/wp-json\/wp\/v2\/product_cat?post=1942"},{"taxonomy":"product_tag","embeddable":true,"href":"https:\/\/amthy.com\/ro\/wp-json\/wp\/v2\/product_tag?post=1942"}],"curies":[{"name":"wp","href":"https:\/\/api.w.org\/{rel}","templated":true}]}}