{"id":1341,"date":"2021-05-12T19:50:51","date_gmt":"2021-05-12T11:50:51","guid":{"rendered":"https:\/\/amthy.com\/?post_type=product&#038;p=1341"},"modified":"2021-10-19T16:51:47","modified_gmt":"2021-10-19T08:51:47","slug":"brass-door-handle-supplier","status":"publish","type":"product","link":"https:\/\/amthy.com\/sk\/product\/brass-door-handle-supplier\/","title":{"rendered":"K\u013eu\u010dka dver\u00ed AM-816"},"content":{"rendered":"<h2>Kto sme? (<a href=\"https:\/\/amthy.com\/wp-content\/uploads\/2021\/10\/AMTHY-Brass-Handle.pdf\">Mosadzn\u00e1 k\u013eu\u010dka dver\u00ed<\/a> dod\u00e1vate\u013e)<\/h2>\n<p style=\"text-align: left;\">Amthy je a <a href=\"https:\/\/en.wikipedia.org\/wiki\/Door_handle\" target=\"_blank\" rel=\"noopener\">k\u013eu\u010dka<\/a> spolo\u010dnos\u0165 a v\u00fdrobca z \u010c\u00edny. N\u00e1\u0161 sortiment zah\u0155\u0148a zliatiny zinku, mosadz, nehrdzavej\u00facu oce\u013e a hlin\u00edkov\u00e9 materi\u00e1ly. Sady chr\u00f3mov\u00fdch a \u010diernych k\u013eu\u010diek dver\u00ed s\u00fa ve\u013emi ob\u013e\u00faben\u00e9 pre interi\u00e9rov\u00e9 dvere, zatia\u013e \u010do k\u013eu\u010dka dver\u00ed z nehrdzavej\u00facej ocele je v\u00edtan\u00e1 pre komer\u010dn\u00e9 pou\u017eitie. Po\u010das v\u00fdroby ovplyv\u0148uje KVALITU hlavne le\u0161tenie a galvanick\u00e9 pokovovanie. Ako profesion\u00e1lny v\u00fdrobca a dod\u00e1vate\u013e z\u00e1mkov dver\u00ed vykon\u00e1vame pr\u00edsne le\u0161tenie ru\u010dne a automaticky. Pokia\u013e ide o povrchov\u00fa galvanizovan\u00fa vrstvu, na\u0161e polo\u017eky po\u010das testu so\u013en\u00fdm sprejom vydr\u017eia viac ako 72 hod\u00edn. Preto n\u00e1s n\u00e1\u0161 umeleck\u00fd dizajn a oh\u013eadupln\u00e9 slu\u017eby priv\u00e1dzaj\u00fa k tomu, \u017ee sme jednou z najlep\u0161\u00edch spolo\u010dnost\u00ed na k\u013eu\u010dky dver\u00ed v \u010c\u00edne.<\/p>\n<h2 style=\"text-align: left;\">\u010co je k\u013eu\u010dka dver\u00ed?<\/h2>\n<p>K\u013eu\u010dka alebo k\u013eu\u010dka dver\u00ed je n\u00e1stroj pou\u017e\u00edvan\u00fd na otv\u00e1ranie alebo zatv\u00e1ranie dver\u00ed. mo\u017eno ho n\u00e1js\u0165 na v\u0161etk\u00fdch typoch dver\u00ed vr\u00e1tane vonkaj\u0161\u00edch a vn\u00fatorn\u00fdch dver\u00ed pre obytn\u00e9 a komer\u010dn\u00e9 budovy. Okrem toho mus\u00ed obsahova\u0165 z\u00e1padkov\u00e9 alebo uzamykacie mechanizmy. Ako je telo zadlabacieho z\u00e1mku a vlo\u017eka z\u00e1mku dver\u00ed.<\/p>\n<p>&nbsp;<\/p>\n<p><img fetchpriority=\"high\" decoding=\"async\" class=\"wp-image-938 aligncenter\" src=\"https:\/\/amthy.com\/wp-content\/uploads\/2021\/05\/Design_PC-300x187.jpg\" alt=\"Dod\u00e1vate\u013e mosadznej k\u013eu\u010dky dver\u00ed\" width=\"419\" height=\"261\" title=\"\" srcset=\"https:\/\/amthy.com\/wp-content\/uploads\/2021\/05\/Design_PC-300x187.jpg 300w, https:\/\/amthy.com\/wp-content\/uploads\/2021\/05\/Design_PC-600x374.jpg 600w, https:\/\/amthy.com\/wp-content\/uploads\/2021\/05\/Design_PC-768x478.jpg 768w, https:\/\/amthy.com\/wp-content\/uploads\/2021\/05\/Design_PC.jpg 928w\" sizes=\"(max-width: 419px) 100vw, 419px\" \/><\/p>\n<h2>Pre\u010do my? (dod\u00e1vate\u013e mosadznej k\u013eu\u010dky dver\u00ed)<\/h2>\n<h3><strong>\u221a Spo\u013eahliv\u00e1 kvalita<\/strong><\/h3>\n<ul>\n<li>Profesion\u00e1lny t\u00edm QC dohliada na cel\u00fa v\u00fdrobu<\/li>\n<li>Pr\u00edsny v\u00fdber spolupracuj\u00facich partnerov<\/li>\n<\/ul>\n<h3><strong>\u221a Konkuren\u010dn\u00e1 cena<\/strong><\/h3>\n<ul>\n<li>Surovina do 3 mesiacov skladom pre zn\u00ed\u017eenie rizika kol\u00edsania ceny<\/li>\n<li>Automatick\u00e9 a pokro\u010dil\u00e9 zariadenia zni\u017euj\u00fa vysok\u00e9 n\u00e1klady na pr\u00e1cu<\/li>\n<\/ul>\n<h3><strong>\u221a D\u00f4veryhodn\u00fd servis pre viac ako 20 kraj\u00edn.<\/strong><\/h3>\n<ul>\n<li>Slu\u017eba ODM \/ OEM<\/li>\n<li>Zodpovedn\u00fd popredajn\u00fd servis<\/li>\n<\/ul>\n<p>&nbsp;<\/p>","protected":false},"excerpt":{"rendered":"<p>K\u013eu\u010dky dver\u00ed je mo\u017en\u00e9 prisp\u00f4sobi\u0165 s r\u00f4znou povrchovou \u00fapravou a r\u00f4znym vretenom pre r\u00f4zne dvere.<\/p>\n<ul>\n<li><strong>K\u00f3d polo\u017eky:<\/strong> AM-816<\/li>\n<li><strong>Materi\u00e1l:<\/strong> Zliatina mosadze\/zinku<\/li>\n<li><strong>Zna\u010dka:<\/strong> ODM k dispoz\u00edcii<\/li>\n<li><strong>Povrch:<\/strong> Chr\u00f3m CP, sat\u00e9nov\u00fd chr\u00f3m SC, le\u0161ten\u00e1 mosadz PB, mosadz SB, le\u0161ten\u00fd nikel PN, sat\u00e9nov\u00fd nikel SN, staro\u017eitn\u00e1 mosadz AB, olejom le\u0161ten\u00fd bronz ORB, \u010dierna BL<\/li>\n<li><strong>Pr\u00edslu\u0161enstvo:<\/strong>7,6 mm x 7,6 mm x 100 mm Vreteno x 1 ks + M3, 8 x 30 mm Skrutka x 4 ks + 2,5 mm imbusov\u00fd k\u013e\u00fa\u010d x 1 ks<\/li>\n<li><strong>Aplik\u00e1cia:<\/strong> Dreven\u00e9\/kovov\u00e9, interi\u00e9rov\u00e9\/vchodov\u00e9 dvere, (35-50 mm)<\/li>\n<\/ul>\n<p>&nbsp;<\/p>","protected":false},"featured_media":796,"template":"","meta":[],"product_brand":[],"product_cat":[26,33],"product_tag":[28,29],"class_list":{"0":"post-1341","1":"product","2":"type-product","3":"status-publish","4":"has-post-thumbnail","6":"product_cat-door-handle-manufacturer","7":"product_cat-brass-door-handle","8":"product_tag-door-handle","9":"product_tag-door-knob","11":"first","12":"instock","13":"shipping-taxable","14":"product-type-simple"},"_links":{"self":[{"href":"https:\/\/amthy.com\/sk\/wp-json\/wp\/v2\/product\/1341","targetHints":{"allow":["GET"]}}],"collection":[{"href":"https:\/\/amthy.com\/sk\/wp-json\/wp\/v2\/product"}],"about":[{"href":"https:\/\/amthy.com\/sk\/wp-json\/wp\/v2\/types\/product"}],"wp:featuredmedia":[{"embeddable":true,"href":"https:\/\/amthy.com\/sk\/wp-json\/wp\/v2\/media\/796"}],"wp:attachment":[{"href":"https:\/\/amthy.com\/sk\/wp-json\/wp\/v2\/media?parent=1341"}],"wp:term":[{"taxonomy":"product_brand","embeddable":true,"href":"https:\/\/amthy.com\/sk\/wp-json\/wp\/v2\/product_brand?post=1341"},{"taxonomy":"product_cat","embeddable":true,"href":"https:\/\/amthy.com\/sk\/wp-json\/wp\/v2\/product_cat?post=1341"},{"taxonomy":"product_tag","embeddable":true,"href":"https:\/\/amthy.com\/sk\/wp-json\/wp\/v2\/product_tag?post=1341"}],"curies":[{"name":"wp","href":"https:\/\/api.w.org\/{rel}","templated":true}]}}