{"id":1534,"date":"2021-05-15T21:34:14","date_gmt":"2021-05-15T13:34:14","guid":{"rendered":"https:\/\/amthy.com\/?post_type=product&#038;p=1534"},"modified":"2022-05-26T16:27:59","modified_gmt":"2022-05-26T08:27:59","slug":"europrofile-lock-cylinder-manufacturer-h1000","status":"publish","type":"product","link":"https:\/\/amthy.com\/sk\/product\/europrofile-lock-cylinder-manufacturer-h1000\/","title":{"rendered":"Europrofilov\u00e1 vlo\u017eka bezpe\u010dnostn\u00fdch dver\u00ed -H1000"},"content":{"rendered":"<h2>Funkcia z\u00e1mku europrofilu<\/h2>\n<ul>\n<li>Vysok\u00e1 bezpe\u010dnos\u0165 - dvojit\u00e9 kol\u00edky a pokyny na rozlo\u017eenie<\/li>\n<li>Hlavn\u00fd AB k\u013e\u00fa\u010dov\u00fd syst\u00e9m - 1 kus do\u010dasn\u00fd k\u013e\u00fa\u010d, 5 prim\u00e1rnych k\u013e\u00fa\u010dov<\/li>\n<li>Proti vytrhnutiu, proti zaklapnutiu<\/li>\n<li>\u017divotnos\u0165 cel\u00e9ho mosadzn\u00e9ho materi\u00e1lu m\u00f4\u017ee by\u0165 viac ako 10 rokov<\/li>\n<\/ul>\n<h2>Kto sme?<\/h2>\n<p style=\"text-align: left;\">Amthy je Europrofilov\u00fd bezpe\u010dnostn\u00fd valec <a href=\"https:\/\/amthy.com\/sk\/product-category\/lock-cylinder\/\">dod\u00e1vate\u013ea <\/a>z \u010c\u00edny. Pon\u00fakame norm\u00e1lne <a href=\"https:\/\/en.wikipedia.org\/wiki\/Pin_tumbler_lock\" target=\"_blank\" rel=\"noopener\">valcov<\/a> pre interi\u00e9rov\u00e9 dvere a vysokobezpe\u010dnostn\u00e9 cylindrick\u00e9 vlo\u017eky pre vonkaj\u0161ie dvere. Ako \u0161pi\u010dkov\u00fd v\u00fdrobca 3 valcov je automatick\u00e9 alebo poloautomatick\u00e9 zariadenie 95.9% prijat\u00e9, aby nahradilo manu\u00e1lnu pr\u00e1cu, zn\u00ed\u017eilo n\u00e1klady a zv\u00fd\u0161ilo efektivitu. <span style=\"color: #ff0000;\"><span style=\"color: #000000;\">v d\u00f4sledku toho <\/span><\/span>Ni\u017e\u0161ie n\u00e1klady na pr\u00e1cu v\u017edy prin\u00e1\u0161aj\u00fa konkurencieschopnej\u0161ie a atrakt\u00edvnej\u0161ie ceny. V\u010faka vy\u0161\u0161ie uveden\u00fdm v\u00fdhod\u00e1m <em>Teraz sme ochotn\u00ed <a href=\"https:\/\/www.youtube.com\/watch?v=9Lw0FD68w1c\" target=\"_blank\" rel=\"noopener\">odhali\u0165 a zdie\u013ea\u0165 n\u00e1klady<\/a> norm\u00e1lnych valcov s kupuj\u00facimi<\/em>,<span style=\"color: #ff0000;\"> <span style=\"color: #000000;\">to znamen\u00e1, \u017ee z\u00edskate jasn\u00e9 zlo\u017eenie jednotkovej ceny, ktor\u00e1 zah\u0155\u0148a n\u00e1\u0161 \u010dist\u00fd zisk 10%<\/span><\/span><span style=\"color: #ff0000;\"><span style=\"color: #000000;\">. <\/span><\/span><\/p>\n<p style=\"text-align: left;\">Medzit\u00fdm n\u00e1\u0161 v\u00fdskumn\u00fd a v\u00fdvojov\u00fd t\u00edm vyv\u00edja<em> S\u00e9ria S1000, S2000 a S3000<\/em> vysoko zabezpe\u010den\u00fdch europrofilov\u00fdch z\u00e1mkov\u00fdch vlo\u017eiek pre vy\u0161\u0161ie po\u017eiadavky trhu. Exkluz\u00edvna technol\u00f3gia kombinovanej \u0161trukt\u00fary Wafers and Pins v\u00fdrazne zvy\u0161uje \u00farove\u0148 bezpe\u010dnosti. Okrem toho, dod\u00e1vate\u013e bezpe\u010dnostn\u00e9ho valca s europrofilom by mal v\u017edy robi\u0165 pr\u00e1cu v z\u00e1ujme kupuj\u00faceho.<\/p>\n<p>&nbsp;<\/p>\n<h2 style=\"text-align: left;\">\u010co je europrofilov\u00e1 z\u00e1mkov\u00e1 vlo\u017eka?<\/h2>\n<p><em><i>Cylinder z\u00e1mku je komponent z\u00e1mku, ktor\u00fd dr\u017e\u00ed z\u00e1str\u010dku, pohon a uzamykacie komponenty, m\u00f4\u017ee by\u0165 vyroben\u00fd z mosadze, zliatiny zinku, hlin\u00edka a nehrdzavej\u00facej ocele. Aj ke\u010f s\u00fa valce naj\u010dastej\u0161ie spojen\u00e9 s dizajnom kol\u00edkov, pou\u017e\u00edvaj\u00fa sa v mnoh\u00fdch in\u00fdch, ako s\u00fa do\u0161ti\u010dky a dr\u017eiaky diskov. Ot\u00e1\u010da sa, aby poh\u00e1\u0148al z\u00e1padku zadlab\u00e1vacieho z\u00e1mku a z\u00e1voru so zodpovedaj\u00facim k\u013e\u00fa\u010dom. <\/i><\/em>Europrofilov\u00e1 z\u00e1mkov\u00e1 vlo\u017eka je srdcom dver\u00ed. Europrofilov\u00e1 bezpe\u010dnostn\u00e1 vlo\u017eka sa pou\u017e\u00edva na vstupn\u00e9 bezpe\u010dnostn\u00e9 dvere. Europrofilov\u00fd z\u00e1mok<\/p>\n<p><b>eur\u00f3psky profil<\/b>\u00a0(alebo\u00a0<b>Euro profil<\/b>) je typ\u00a0<a title=\"Valec\" href=\"http:\/\/www.lockwiki.com\/index.php\/Cylinder\" target=\"_blank\" rel=\"noopener\">valec<\/a>\u00a0dizajn pou\u017e\u00edvan\u00fd preva\u017ene v Eur\u00f3pe. Na rozdiel od tradi\u010dn\u00fdch zadlabac\u00edch a r\u00e1fikov\u00fdch cylindrick\u00fdch vlo\u017eiek pou\u017e\u00edva Euro profil na spojenie oboch str\u00e1n z\u00e1mku jeden kus kovu. Slobodn\u00fd\u00a0<a class=\"mw-redirect\" title=\"Cam\" href=\"http:\/\/www.lockwiki.com\/index.php\/Cam\" target=\"_blank\" rel=\"noopener\">va\u010dka<\/a>\u00a0komponent je umiestnen\u00fd medzi oboma stranami z\u00e1mku a je s oboma priamo spojen\u00fd\u00a0<a title=\"Z\u00e1str\u010dka\" href=\"http:\/\/www.lockwiki.com\/index.php\/Plug\" target=\"_blank\" rel=\"noopener\">z\u00e1str\u010dky<\/a>. Euro profil je vhodn\u00fd na in\u0161tal\u00e1ciu a v\u00fdmenu, ale m\u00e1 nieko\u013eko z\u00e1va\u017en\u00fdch bezpe\u010dnostn\u00fdch nedostatkov, ktor\u00e9 je potrebn\u00e9 vzia\u0165 do \u00favahy. Pozri\u00a0<a href=\"http:\/\/www.lockwiki.com\/index.php\/Euro_Profile#Vulnerabilities\" target=\"_blank\" rel=\"noopener\">Euro profil (chyby zabezpe\u010denia)<\/a>\u00a0pre \u010fal\u0161ie inform\u00e1cie.Z\u00e1mok europrofilu<\/p>\n<p>&nbsp;<\/p>\n<p><img fetchpriority=\"high\" decoding=\"async\" class=\"wp-image-2119 aligncenter\" src=\"https:\/\/amthy.com\/wp-content\/uploads\/2021\/05\/technical_drawing_C73_3-300x168.jpg\" alt=\"europrofil\" width=\"636\" height=\"356\" title=\"\" srcset=\"https:\/\/amthy.com\/wp-content\/uploads\/2021\/05\/technical_drawing_C73_3-300x168.jpg 300w, https:\/\/amthy.com\/wp-content\/uploads\/2021\/05\/technical_drawing_C73_3-600x336.jpg 600w, https:\/\/amthy.com\/wp-content\/uploads\/2021\/05\/technical_drawing_C73_3-768x430.jpg 768w, https:\/\/amthy.com\/wp-content\/uploads\/2021\/05\/technical_drawing_C73_3-18x10.jpg 18w, https:\/\/amthy.com\/wp-content\/uploads\/2021\/05\/technical_drawing_C73_3.jpg 1000w\" sizes=\"(max-width: 636px) 100vw, 636px\" \/><\/p>\n<p>&nbsp;<\/p>\n<h2>Pre\u010do my?<\/h2>\n<h3><strong>\u221a Spo\u013eahliv\u00e1 kvalita<\/strong><\/h3>\n<ul>\n<li>Profesion\u00e1lny QC t\u00edm dohliada na cel\u00fa v\u00fdrobu<\/li>\n<li>Pr\u00edsny v\u00fdber spolupracuj\u00facich partnerov<\/li>\n<\/ul>\n<h3><strong>\u221a Konkuren\u010dn\u00e1 cena<\/strong><\/h3>\n<ul>\n<li>Surovina do 3 mesiacov skladom pre zn\u00ed\u017eenie rizika kol\u00edsania ceny<\/li>\n<li>Automatick\u00e9 a pokro\u010dil\u00e9 zariadenia zni\u017euj\u00fa vysok\u00e9 n\u00e1klady na pr\u00e1cu<\/li>\n<\/ul>\n<h3><strong>\u221a D\u00f4veryhodn\u00fd servis pre viac ako 20 kraj\u00edn.<\/strong><\/h3>\n<ul>\n<li>Slu\u017eba ODM \/ OEM<\/li>\n<li>Zodpovedn\u00fd popredajn\u00fd servis<\/li>\n<\/ul>\n<p>&nbsp;<\/p>","protected":false},"excerpt":{"rendered":"<p>&nbsp;<\/p>\n<ul>\n<li><strong>K\u00f3d polo\u017eky:<\/strong> H1000<\/li>\n<li><strong>Uzamykac\u00ed mechanizmus:<\/strong> Pin Tumbler<\/li>\n<li><strong>Materi\u00e1l tela<\/strong><strong>:<\/strong> Mosadz<\/li>\n<li><strong>Materi\u00e1l z\u00e1str\u010dky<\/strong><strong>:<\/strong> Mosadz<\/li>\n<li><strong>Zna\u010dka:<\/strong> ODM k dispoz\u00edcii<\/li>\n<li><b>Typ profilu: <\/b>eur<\/li>\n<li><strong>Ve\u013ekos\u0165 profilu:<\/strong>17*33*10 mm<\/li>\n<li><strong>k\u013e\u00fa\u010d:<\/strong> Mosadzn\u00fd dvojit\u00fd k\u013e\u00fa\u010d \u201eS\u201c.<\/li>\n<li><strong>Pr\u00edslu\u0161enstvo:<\/strong>55 mm skrutky<\/li>\n<li><strong>Aplik\u00e1cia:<\/strong> Dreven\u00e9\/UPVC\/Bezpe\u010dnostn\u00e9 dvere<\/li>\n<li><strong>Syst\u00e9m hlavn\u00e9ho k\u013e\u00fa\u010da:<\/strong> Dostupn\u00e9<\/li>\n<li><strong>Syst\u00e9m podobn\u00fd k\u013e\u00fa\u010dom:<\/strong> Dostupn\u00e9<\/li>\n<li><strong>Funkcia proti v\u0155taniu<\/strong>: K dispoz\u00edcii<\/li>\n<li><strong>Funkcia Anti-Snap: <\/strong>Dostupn\u00e9<\/li>\n<li><strong><strong>Klasifik\u00e1cia EN1303 2005:<\/strong><\/strong><br \/>\n<table>\n<tbody>\n<tr>\n<td>1<\/td>\n<td>6<\/td>\n<td>0<\/td>\n<td>1<\/td>\n<td>0<\/td>\n<td>C<\/td>\n<td>5<\/td>\n<td>2<\/td>\n<\/tr>\n<\/tbody>\n<\/table>\n<\/li>\n<li><strong>Skon\u010di\u0165: <\/strong>Le\u0161ten\u00e1 mosadz (BP)\/Poniklovan\u00e1 (NP)\/Sat\u00e9nov\u00fd nikel (SN)\/Pochr\u00f3movan\u00e1 (CP)\/Staro\u017eitn\u00e1 mosadz (AB)<\/li>\n<\/ul>\n<p>&nbsp;<\/p>","protected":false},"featured_media":1526,"template":"","meta":{"nf_dc_page":""},"product_brand":[],"product_cat":[25],"product_tag":[34,35],"class_list":{"0":"post-1534","1":"product","2":"type-product","3":"status-publish","4":"has-post-thumbnail","6":"product_cat-euro-profile-cylinder-manufacturer","7":"product_tag-door-cylinder","8":"product_tag-europrofile","10":"first","11":"instock","12":"shipping-taxable","13":"product-type-simple"},"_links":{"self":[{"href":"https:\/\/amthy.com\/sk\/wp-json\/wp\/v2\/product\/1534","targetHints":{"allow":["GET"]}}],"collection":[{"href":"https:\/\/amthy.com\/sk\/wp-json\/wp\/v2\/product"}],"about":[{"href":"https:\/\/amthy.com\/sk\/wp-json\/wp\/v2\/types\/product"}],"wp:featuredmedia":[{"embeddable":true,"href":"https:\/\/amthy.com\/sk\/wp-json\/wp\/v2\/media\/1526"}],"wp:attachment":[{"href":"https:\/\/amthy.com\/sk\/wp-json\/wp\/v2\/media?parent=1534"}],"wp:term":[{"taxonomy":"product_brand","embeddable":true,"href":"https:\/\/amthy.com\/sk\/wp-json\/wp\/v2\/product_brand?post=1534"},{"taxonomy":"product_cat","embeddable":true,"href":"https:\/\/amthy.com\/sk\/wp-json\/wp\/v2\/product_cat?post=1534"},{"taxonomy":"product_tag","embeddable":true,"href":"https:\/\/amthy.com\/sk\/wp-json\/wp\/v2\/product_tag?post=1534"}],"curies":[{"name":"wp","href":"https:\/\/api.w.org\/{rel}","templated":true}]}}