{"id":1535,"date":"2021-05-15T21:43:09","date_gmt":"2021-05-15T13:43:09","guid":{"rendered":"https:\/\/amthy.com\/?post_type=product&#038;p=1535"},"modified":"2021-10-18T15:38:11","modified_gmt":"2021-10-18T07:38:11","slug":"europrofile-security-cylinder-supplier-h3000","status":"publish","type":"product","link":"https:\/\/amthy.com\/sk\/product\/europrofile-security-cylinder-supplier-h3000\/","title":{"rendered":"Dod\u00e1vate\u013e bezpe\u010dnostn\u00fdch valcov s europrofilom H3000"},"content":{"rendered":"<p>&nbsp;<\/p>\n<h2>Kto sme?<\/h2>\n<p style=\"text-align: left;\">Amthy je Europrofilov\u00fd bezpe\u010dnostn\u00fd valec <a href=\"https:\/\/amthy.com\/sk\/product-category\/lock-cylinder\/\">dod\u00e1vate\u013ea <\/a>z \u010c\u00edny. Pon\u00fakame norm\u00e1lne <a href=\"https:\/\/en.wikipedia.org\/wiki\/Pin_tumbler_lock\" target=\"_blank\" rel=\"noopener\">valcov<\/a> pre interi\u00e9rov\u00e9 dvere a vysokobezpe\u010dnostn\u00e9 cylindrick\u00e9 vlo\u017eky pre vonkaj\u0161ie dvere. Ako \u0161pi\u010dkov\u00fd v\u00fdrobca 3 valcov je automatick\u00e9 alebo poloautomatick\u00e9 zariadenie 95.9% prijat\u00e9 na nahradenie ru\u010dnej pr\u00e1ce, zn\u00ed\u017eenie n\u00e1kladov a zv\u00fd\u0161enie efekt\u00edvnosti. <span style=\"color: #ff0000;\"><span style=\"color: #000000;\">v d\u00f4sledku toho <\/span><\/span>Ni\u017e\u0161ie n\u00e1klady na pr\u00e1cu v\u017edy prin\u00e1\u0161aj\u00fa konkurencieschopnej\u0161ie a atrakt\u00edvnej\u0161ie ceny. V\u010faka vy\u0161\u0161ie uveden\u00fdm v\u00fdhod\u00e1m <em>Teraz sme ochotn\u00ed <a href=\"https:\/\/www.youtube.com\/watch?v=9Lw0FD68w1c\" target=\"_blank\" rel=\"noopener\">odhali\u0165 a zdie\u013ea\u0165 n\u00e1klady<\/a> norm\u00e1lnych valcov s kupuj\u00facimi<\/em>,<span style=\"color: #ff0000;\"> <span style=\"color: #000000;\">to znamen\u00e1, \u017ee z\u00edskate jasn\u00e9 zlo\u017eenie jednotkovej ceny, ktor\u00e1 zah\u0155\u0148a n\u00e1\u0161 \u010dist\u00fd zisk 10%<\/span><\/span><span style=\"color: #ff0000;\"><span style=\"color: #000000;\">. <\/span><\/span>Medzit\u00fdm n\u00e1\u0161 v\u00fdskumn\u00fd a v\u00fdvojov\u00fd t\u00edm vyv\u00edja<em> S\u00e9ria S1000, S2000 a S3000<\/em> vysoko zabezpe\u010den\u00fdch europrofilov\u00fdch z\u00e1mkov\u00fdch vlo\u017eiek pre vy\u0161\u0161ie po\u017eiadavky trhu. Exkluz\u00edvna technol\u00f3gia kombinovanej \u0161trukt\u00fary Wafers and Pins v\u00fdrazne zvy\u0161uje \u00farove\u0148 bezpe\u010dnosti. Okrem toho, dod\u00e1vate\u013e bezpe\u010dnostn\u00fdch flia\u0161 s europrofilom by mal v\u017edy robi\u0165 pr\u00e1ce v z\u00e1ujme kupuj\u00faceho. Dod\u00e1vate\u013e bezpe\u010dnostn\u00fdch flia\u0161 s europrofilom<\/p>\n<p>&nbsp;<\/p>\n<h2 style=\"text-align: left;\">\u010co je bezpe\u010dnostn\u00fd valec Euro profilu?<\/h2>\n<p><em><i>Cylinder z\u00e1mku je komponent z\u00e1mku, ktor\u00fd dr\u017e\u00ed z\u00e1str\u010dku, pohon a uzamykacie komponenty, m\u00f4\u017ee by\u0165 vyroben\u00fd z mosadze, zliatiny zinku, hlin\u00edka a nehrdzavej\u00facej ocele. Aj ke\u010f s\u00fa valce naj\u010dastej\u0161ie spojen\u00e9 s dizajnom kol\u00edkov, pou\u017e\u00edvaj\u00fa sa v mnoh\u00fdch in\u00fdch, ako s\u00fa do\u0161ti\u010dky a dr\u017eiaky diskov. Ot\u00e1\u010da sa, aby poh\u00e1\u0148al z\u00e1padku zadlabacieho z\u00e1mku a z\u00e1voru so zodpovedaj\u00facim k\u013e\u00fa\u010dom. <\/i><\/em>Europrofilov\u00e1 z\u00e1mkov\u00e1 vlo\u017eka je srdcom dver\u00ed. Europrofilov\u00e1 bezpe\u010dnostn\u00e1 vlo\u017eka sa pou\u017e\u00edva na vstupn\u00e9 bezpe\u010dnostn\u00e9 dvere.<\/p>\n<p>&nbsp;<\/p>\n<p><img fetchpriority=\"high\" decoding=\"async\" class=\"wp-image-2116 alignleft\" src=\"https:\/\/amthy.com\/wp-content\/uploads\/2021\/05\/16019587121-300x235.png\" alt=\"Dod\u00e1vate\u013e bezpe\u010dnostn\u00fdch valcov s europrofilom\" width=\"409\" height=\"320\" title=\"\" srcset=\"https:\/\/amthy.com\/wp-content\/uploads\/2021\/05\/16019587121-300x235.png 300w, https:\/\/amthy.com\/wp-content\/uploads\/2021\/05\/16019587121-600x471.png 600w, https:\/\/amthy.com\/wp-content\/uploads\/2021\/05\/16019587121-15x12.png 15w, https:\/\/amthy.com\/wp-content\/uploads\/2021\/05\/16019587121.png 701w\" sizes=\"(max-width: 409px) 100vw, 409px\" \/>\u00a0 \u00a0 \u00a0 <img decoding=\"async\" class=\"wp-image-2117 alignleft\" src=\"https:\/\/amthy.com\/wp-content\/uploads\/2021\/05\/16019587611-300x259.png\" alt=\"Dod\u00e1vate\u013e bezpe\u010dnostn\u00fdch valcov s europrofilom\" width=\"368\" height=\"317\" title=\"\" srcset=\"https:\/\/amthy.com\/wp-content\/uploads\/2021\/05\/16019587611-300x259.png 300w, https:\/\/amthy.com\/wp-content\/uploads\/2021\/05\/16019587611-14x12.png 14w, https:\/\/amthy.com\/wp-content\/uploads\/2021\/05\/16019587611.png 600w\" sizes=\"(max-width: 368px) 100vw, 368px\" \/><\/p>\n<p>&nbsp;<\/p>\n<h2><\/h2>\n<h2><\/h2>\n<h2><\/h2>\n<h2><\/h2>\n<h2><\/h2>\n<h2><\/h2>\n<h2>Pre\u010do my? (Dod\u00e1vate\u013e bezpe\u010dnostn\u00e9ho valca s europrofilom)<\/h2>\n<h3><strong>\u221a Spo\u013eahliv\u00e1 kvalita<\/strong><\/h3>\n<ul>\n<li>Profesion\u00e1lny t\u00edm QC dohliada na cel\u00fa v\u00fdrobu<\/li>\n<li>Pr\u00edsny v\u00fdber spolupracuj\u00facich partnerov<\/li>\n<\/ul>\n<h3><strong>\u221a Konkuren\u010dn\u00e1 cena<\/strong><\/h3>\n<ul>\n<li>Surovina do 3 mesiacov skladom pre zn\u00ed\u017eenie rizika kol\u00edsania ceny<\/li>\n<li>Automatick\u00e9 a pokro\u010dil\u00e9 zariadenia zni\u017euj\u00fa vysok\u00e9 n\u00e1klady na pr\u00e1cu<\/li>\n<\/ul>\n<h3><strong>\u221a D\u00f4veryhodn\u00fd servis pre viac ako 20 kraj\u00edn.<\/strong><\/h3>\n<ul>\n<li>Slu\u017eba ODM \/ OEM<\/li>\n<li>Zodpovedn\u00fd popredajn\u00fd servis<\/li>\n<\/ul>\n<p>&nbsp;<\/p>\n<p>&nbsp;<\/p>","protected":false},"excerpt":{"rendered":"<p>&nbsp;<\/p>\n<ul>\n<li><strong>K\u00f3d polo\u017eky:<\/strong> H3000<\/li>\n<li><strong>Uzamykac\u00ed mechanizmus:<\/strong> Pin Tumbler<\/li>\n<li><strong>Materi\u00e1l tela<\/strong><strong>:<\/strong> Mosadz<\/li>\n<li><strong>Materi\u00e1l z\u00e1str\u010dky<\/strong><strong>:<\/strong> Mosadz<\/li>\n<li><strong>Zna\u010dka:<\/strong> ODM k dispoz\u00edcii<\/li>\n<li><b>Typ profilu: <\/b>eur<\/li>\n<li><strong>Ve\u013ekos\u0165 profilu:<\/strong>17*33*10 mm<\/li>\n<li><strong>k\u013e\u00fa\u010d:<\/strong> Mosadzn\u00fd k\u013e\u00fa\u010d &quot;C&quot;.<\/li>\n<li><strong>Pr\u00edslu\u0161enstvo:<\/strong>55 mm skrutky<\/li>\n<li><strong>Aplik\u00e1cia:<\/strong> Dreven\u00e9\/UPVC\/Bezpe\u010dnostn\u00e9 dvere<\/li>\n<li><strong>Syst\u00e9m hlavn\u00e9ho k\u013e\u00fa\u010da:<\/strong> Dostupn\u00e9<\/li>\n<li><strong>Syst\u00e9m podobn\u00fd k\u013e\u00fa\u010dom:<\/strong> Dostupn\u00e9<\/li>\n<li><strong>Funkcia proti v\u0155taniu<\/strong>: K dispoz\u00edcii<\/li>\n<li><strong>Funkcia Anti-Snap: <\/strong>Dostupn\u00e9<\/li>\n<li><strong><strong>Klasifik\u00e1cia EN1303 2005:<\/strong><\/strong><br \/>\n<table>\n<tbody>\n<tr>\n<td>1<\/td>\n<td>6<\/td>\n<td>0<\/td>\n<td>1<\/td>\n<td>0<\/td>\n<td>C<\/td>\n<td>5<\/td>\n<td>2<\/td>\n<\/tr>\n<\/tbody>\n<\/table>\n<\/li>\n<li><strong>Skon\u010di\u0165: <\/strong>Le\u0161ten\u00e1 mosadz (BP)\/Poniklovan\u00e1 (NP)\/Sat\u00e9nov\u00fd nikel (SN)\/Pochr\u00f3movan\u00e1 (CP)\/Staro\u017eitn\u00e1 mosadz (AB)<\/li>\n<\/ul>\n<p>&nbsp;<\/p>","protected":false},"featured_media":1854,"template":"","meta":{"nf_dc_page":""},"product_brand":[],"product_cat":[25],"product_tag":[34,35],"class_list":{"0":"post-1535","1":"product","2":"type-product","3":"status-publish","4":"has-post-thumbnail","6":"product_cat-euro-profile-cylinder-manufacturer","7":"product_tag-door-cylinder","8":"product_tag-europrofile","10":"first","11":"instock","12":"shipping-taxable","13":"product-type-simple"},"_links":{"self":[{"href":"https:\/\/amthy.com\/sk\/wp-json\/wp\/v2\/product\/1535","targetHints":{"allow":["GET"]}}],"collection":[{"href":"https:\/\/amthy.com\/sk\/wp-json\/wp\/v2\/product"}],"about":[{"href":"https:\/\/amthy.com\/sk\/wp-json\/wp\/v2\/types\/product"}],"wp:featuredmedia":[{"embeddable":true,"href":"https:\/\/amthy.com\/sk\/wp-json\/wp\/v2\/media\/1854"}],"wp:attachment":[{"href":"https:\/\/amthy.com\/sk\/wp-json\/wp\/v2\/media?parent=1535"}],"wp:term":[{"taxonomy":"product_brand","embeddable":true,"href":"https:\/\/amthy.com\/sk\/wp-json\/wp\/v2\/product_brand?post=1535"},{"taxonomy":"product_cat","embeddable":true,"href":"https:\/\/amthy.com\/sk\/wp-json\/wp\/v2\/product_cat?post=1535"},{"taxonomy":"product_tag","embeddable":true,"href":"https:\/\/amthy.com\/sk\/wp-json\/wp\/v2\/product_tag?post=1535"}],"curies":[{"name":"wp","href":"https:\/\/api.w.org\/{rel}","templated":true}]}}