{"id":1879,"date":"2021-08-29T19:08:10","date_gmt":"2021-08-29T11:08:10","guid":{"rendered":"https:\/\/amthy.com\/?post_type=product&#038;p=1879"},"modified":"2023-05-26T19:51:48","modified_gmt":"2023-05-26T11:51:48","slug":"smart-lock-manufacturer-am-700","status":"publish","type":"product","link":"https:\/\/amthy.com\/sk\/product\/smart-lock-manufacturer-am-700\/","title":{"rendered":"Smart Lock AM-700"},"content":{"rendered":"<p>AMTHY 700 je inteligentn\u00fd z\u00e1mok dver\u00ed, ktor\u00fd v\u00e1m d\u00e1va pln\u00fa kontrolu nad bezpe\u010dnos\u0165ou v\u00e1\u0161ho domova a z\u00e1rove\u0148 v\u00e1m poskytuje \u00fapln\u00fd pokoj. Vyu\u017eite r\u00f4zne sp\u00f4soby na z\u00edskanie pr\u00edstupu do v\u00e1\u0161ho domova, \u010di u\u017e prostredn\u00edctvom k\u00f3du PIN alebo mechanick\u00e9ho k\u013e\u00fa\u010da. Nemus\u00edte sa b\u00e1\u0165 nosi\u0165 k\u013e\u00fa\u010de so sebou. V\u0161etko, \u010do potrebujete, je v\u00e1\u0161 PIN k\u00f3d, dvere m\u00f4\u017eete \u013eahko odomkn\u00fa\u0165. Priame podnikanie od v\u00fdrobcu vlo\u017eiek Smart Door Cylinder. v\u00fdrobca smart-lock-am-700.<a href=\"https:\/\/en.wikipedia.org\/wiki\/Lock\" target=\"_blank\" rel=\"noopener\">Z\u00e1mok<\/a> a <a href=\"https:\/\/amthy.com\/sk\/product-category\/smart-lock\/\">Inteligentn\u00fd dvern\u00fd valec<\/a><\/p>\n<h2>Jednoducho upgradujte svoj existuj\u00faci z\u00e1mok:<\/h2>\n<p>Vhodn\u00e9 pre dom\u00e1cich majstrov a \u013eahko sa in\u0161taluje na miesto va\u0161ej existuj\u00facej vlo\u017eky a k\u013eu\u010dky dver\u00ed. V\u0161etko, \u010do potrebujete, je kr\u00ed\u017eov\u00fd skrutkova\u010d a meter.<\/p>\n<h2><strong>Vlastnosti a v\u00fdhody:<\/strong><\/h2>\n<ul>\n<li>Bezk\u013e\u00fa\u010dov\u00e9 \u2013 poskytuje v\u00e1m slobodu zabezpe\u010di\u0165 svoj domov bez potreby k\u013e\u00fa\u010da<\/li>\n<li>Jednoduch\u00e1 mont\u00e1\u017e \u2013 Vhodn\u00e9 pre v\u00e4\u010d\u0161inu PVC a kompozitn\u00fdch dver\u00ed, vy\u017eaduje sa skrutkova\u010d<\/li>\n<li>\u013dahk\u00fd pr\u00edstup \u2013 k dispoz\u00edcii je 50 s\u00e1d PIN k\u00f3du so 4-8 \u010d\u00edslicami.<\/li>\n<li>Nap\u00e1janie na bat\u00e9rie \u2013 4x AA bat\u00e9rie<\/li>\n<li>Vhodn\u00e9 pre dvere s hr\u00fabkou medzi 35-55 mm<\/li>\n<li>Dostupn\u00e9 v rade povrchov\u00fdch \u00faprav \u2013 vr\u00e1tane \u010diernej a striebornej<\/li>\n<\/ul>\n<h2>Pre\u010do my? (Dod\u00e1vate\u013e vlo\u017eky bezpe\u010dnostn\u00fdch dver\u00ed s europrofilom <em>AMTHY SECURITY<\/em>)<\/h2>\n<h3><strong>\u221a Spo\u013eahliv\u00e1 kvalita (v\u00fdrobca Smart Lock AM-700)<\/strong><\/h3>\n<ul>\n<li>Profesion\u00e1lny t\u00edm QC dohliada na cel\u00fa v\u00fdrobu<\/li>\n<li>Pr\u00edsny v\u00fdber spolupracuj\u00facich partnerov<\/li>\n<\/ul>\n<h3><strong>\u221a Konkuren\u010dn\u00e1 cena<\/strong><\/h3>\n<ul>\n<li>Surovina do 3 mesiacov skladom pre zn\u00ed\u017eenie rizika kol\u00edsania ceny<\/li>\n<li>Automatick\u00e9 a pokro\u010dil\u00e9 zariadenia zni\u017euj\u00fa vysok\u00e9 n\u00e1klady na pr\u00e1cu<\/li>\n<\/ul>\n<h3><strong>\u221a D\u00f4veryhodn\u00fd servis pre viac ako 20 kraj\u00edn.<\/strong><\/h3>\n<ul>\n<li>Slu\u017eba ODM \/ OEM<\/li>\n<li>Zodpovedn\u00fd popredajn\u00fd servis<\/li>\n<\/ul>","protected":false},"excerpt":{"rendered":"<ul>\n<li><strong>K\u00f3d polo\u017eky:<\/strong> AM-700<\/li>\n<li><strong>Materi\u00e1l<\/strong><strong>:<\/strong> Zliatina zinku<\/li>\n<li><strong>Telo z\u00e1mku:<\/strong> Jedna z\u00e1padka<\/li>\n<li><strong>Backset<\/strong>: 60 mm<\/li>\n<li><strong>Zna\u010dka:<\/strong> ODM k dispoz\u00edcii<\/li>\n<li><strong>Aplik\u00e1cia:<\/strong> Dreven\u00e9\/UPVC\/Bezpe\u010dnostn\u00e9 dvere<\/li>\n<li><strong>Bat\u00e9ria<\/strong>: 4*AA<\/li>\n<li><strong>Hr\u00fabka dver\u00ed:<\/strong>35-55 mm<\/li>\n<li><b>Re\u017eim odomknutia: <\/b>Pr\u00edstupov\u00fd k\u00f3d\/mechanick\u00fd k\u013e\u00fa\u010d<\/li>\n<\/ul>","protected":false},"featured_media":1880,"template":"","meta":{"nf_dc_page":""},"product_brand":[],"product_cat":[55],"product_tag":[],"class_list":{"0":"post-1879","1":"product","2":"type-product","3":"status-publish","4":"has-post-thumbnail","6":"product_cat-smart-lock","8":"first","9":"instock","10":"shipping-taxable","11":"product-type-simple"},"_links":{"self":[{"href":"https:\/\/amthy.com\/sk\/wp-json\/wp\/v2\/product\/1879","targetHints":{"allow":["GET"]}}],"collection":[{"href":"https:\/\/amthy.com\/sk\/wp-json\/wp\/v2\/product"}],"about":[{"href":"https:\/\/amthy.com\/sk\/wp-json\/wp\/v2\/types\/product"}],"wp:featuredmedia":[{"embeddable":true,"href":"https:\/\/amthy.com\/sk\/wp-json\/wp\/v2\/media\/1880"}],"wp:attachment":[{"href":"https:\/\/amthy.com\/sk\/wp-json\/wp\/v2\/media?parent=1879"}],"wp:term":[{"taxonomy":"product_brand","embeddable":true,"href":"https:\/\/amthy.com\/sk\/wp-json\/wp\/v2\/product_brand?post=1879"},{"taxonomy":"product_cat","embeddable":true,"href":"https:\/\/amthy.com\/sk\/wp-json\/wp\/v2\/product_cat?post=1879"},{"taxonomy":"product_tag","embeddable":true,"href":"https:\/\/amthy.com\/sk\/wp-json\/wp\/v2\/product_tag?post=1879"}],"curies":[{"name":"wp","href":"https:\/\/api.w.org\/{rel}","templated":true}]}}