{"id":1937,"date":"2021-08-31T16:46:30","date_gmt":"2021-08-31T08:46:30","guid":{"rendered":"https:\/\/amthy.com\/?post_type=product&#038;p=1937"},"modified":"2023-05-26T19:50:36","modified_gmt":"2023-05-26T11:50:36","slug":"smart-door-cylinder-manufacturer-am-200","status":"publish","type":"product","link":"https:\/\/amthy.com\/sk\/product\/smart-door-cylinder-manufacturer-am-200\/","title":{"rendered":"Smart Door Cylinder AM-200"},"content":{"rendered":"<p><img fetchpriority=\"high\" decoding=\"async\" class=\"alignnone wp-image-2019 aligncenter\" src=\"https:\/\/amthy.com\/wp-content\/uploads\/2021\/08\/AM20-300x41.jpg\" alt=\"amthy\" width=\"857\" height=\"117\" title=\"\" srcset=\"https:\/\/amthy.com\/wp-content\/uploads\/2021\/08\/AM20-300x41.jpg 300w, https:\/\/amthy.com\/wp-content\/uploads\/2021\/08\/AM20-600x81.jpg 600w, https:\/\/amthy.com\/wp-content\/uploads\/2021\/08\/AM20-1024x139.jpg 1024w, https:\/\/amthy.com\/wp-content\/uploads\/2021\/08\/AM20-768x104.jpg 768w, https:\/\/amthy.com\/wp-content\/uploads\/2021\/08\/AM20-1536x208.jpg 1536w, https:\/\/amthy.com\/wp-content\/uploads\/2021\/08\/AM20-2048x278.jpg 2048w, https:\/\/amthy.com\/wp-content\/uploads\/2021\/08\/AM20-18x2.jpg 18w\" sizes=\"(max-width: 857px) 100vw, 857px\" \/><\/p>\n<p><iframe title=\"Cylinder Smart Lock| AM-200 je inteligentn\u00fd z\u00e1mok funkci\u00ed odomykania odtla\u010dkom prsta a APP.\" width=\"1435\" height=\"807\" src=\"https:\/\/www.youtube.com\/embed\/yRCbSkD6CE8?feature=oembed\" frameborder=\"0\" allow=\"accelerometer; autoplay; clipboard-write; encrypted-media; gyroscope; picture-in-picture\" allowfullscreen><\/iframe><\/p>\n<p>AMTHY 200 je inteligentn\u00fd z\u00e1mok dver\u00ed, ktor\u00fd v\u00e1m poskytuje pln\u00fa kontrolu nad bezpe\u010dnos\u0165ou v\u00e1\u0161ho domova a z\u00e1rove\u0148 v\u00e1m poskytuje \u00fapln\u00fd pokoj. Vyu\u017eite r\u00f4zne sp\u00f4soby, ako z\u00edska\u0165 pr\u00edstup do svojho domova, \u010di u\u017e cez odtla\u010dok prsta, Bluetooth telef\u00f3nu alebo cez wifi modul na dia\u013ekov\u00e9 ovl\u00e1danie. S digit\u00e1lnym z\u00e1mkom dver\u00ed AMTHY m\u00f4\u017eete pou\u017e\u00edvate\u013eom posiela\u0165 virtu\u00e1lne k\u013e\u00fa\u010de, aby priatelia a rodina mohli z\u00edska\u0165 pr\u00edstup do v\u00e1\u0161ho domu, ak nie ste nabl\u00edzku. Po z\u00edskan\u00ed pr\u00edstupu m\u00f4\u017eete spravova\u0165, kto m\u00f4\u017ee vst\u00fapi\u0165 do v\u00e1\u0161ho vlastn\u00edctva, a to zak\u00e1zan\u00edm alebo odstr\u00e1nen\u00edm pou\u017e\u00edvate\u013eov prostredn\u00edctvom aplik\u00e1cie pre telef\u00f3n. Virtu\u00e1lne k\u013e\u00fa\u010de je mo\u017en\u00e9 napl\u00e1nova\u0165 alebo nastavi\u0165 natrvalo, aby ste z\u00edskali \u00fapln\u00fa kontrolu nad va\u0161\u00edm domom alebo majetkom. M\u00f4\u017eete tie\u017e sledova\u0165, kto prich\u00e1dza a kto odch\u00e1dza, tak\u017ee budete vedie\u0165, kedy s\u00fa va\u0161i bl\u00edzki bezpe\u010dne doma. M\u00f4\u017eete dokonca dosta\u0165 upozornenie, ktor\u00e9 v\u00e1s informuje, ke\u010f sa niekto vr\u00e1ti domov. Nemus\u00edte sa b\u00e1\u0165 nosi\u0165 k\u013e\u00fa\u010de so sebou. V\u0161etko, \u010do potrebujete, je v\u00e1\u0161 smartf\u00f3n a jedn\u00fdm klepnut\u00edm odomknete dvere \u013eahko. Zariadenie vyu\u017e\u00edva \u0161ifrovan\u00fa technol\u00f3giu Bluetooth smart, tak\u017ee inteligentn\u00fd z\u00e1mok nie je z\u00e1visl\u00fd od pr\u00edjmu siete. Urobte svoj inteligentn\u00fd z\u00e1mok e\u0161te inteligentnej\u0161\u00edm pripojen\u00edm jedn\u00e9ho z na\u0161ich z\u00e1mkov\u00fdch modulov. Priame podnikanie od v\u00fdrobcu vlo\u017eiek Smart Door Cylinder. <a href=\"https:\/\/en.wikipedia.org\/wiki\/Lock\" target=\"_blank\" rel=\"noopener\">Z\u00e1mok<\/a> a <a href=\"https:\/\/amthy.com\/sk\/product-category\/smart-lock\/\">Inteligentn\u00fd dvern\u00fd valec<\/a><\/p>\n<p><strong>Vlastnosti a v\u00fdhody (v\u00fdrobca Smart Door Cylinder):<\/strong><\/p>\n<ul>\n<li>Bezk\u013e\u00fa\u010dov\u00e9 \u2013 poskytuje v\u00e1m slobodu zabezpe\u010di\u0165 svoj domov bez potreby k\u013e\u00fa\u010da<\/li>\n<li>Jednoduch\u00e1 mont\u00e1\u017e \u2013 Vhodn\u00e9 pre v\u00e4\u010d\u0161inu PVC a kompozitn\u00fdch dver\u00ed, vy\u017eaduje sa skrutkova\u010d<\/li>\n<li>Jednoduch\u00e1 mont\u00e1\u017e \u2013 <strong>Nie je potrebn\u00e9 meni\u0165 cel\u00fd nastaven\u00fd z\u00e1mok<\/strong> ale vyme\u0148te len valec bez po\u0161kodenia dver\u00ed. Jednoduch\u00e1 in\u0161tal\u00e1cia.<\/li>\n<li>Bat\u00e9riov\u00e9 nap\u00e1janie \u2013 3 x AAA bat\u00e9rie, upozorn\u00ed v\u00e1s na vybitie bat\u00e9ri\u00ed<\/li>\n<li>Vhodn\u00e9 pre dvere s hr\u00fabkou medzi 60-100 mm<\/li>\n<li>Dostupn\u00e9 v rade povrchov\u00fdch \u00faprav \u2013 vr\u00e1tane \u010diernej a striebornej<\/li>\n<\/ul>\n<p>&nbsp;<\/p>\n<hr \/>\n<p>&nbsp;<\/p>","protected":false},"excerpt":{"rendered":"<ul>\n<li><strong>K\u00f3d polo\u017eky:<\/strong> AM-200<\/li>\n<li><strong>Materi\u00e1l<\/strong><strong>:<\/strong> Mosadz<\/li>\n<li><strong>Profil <\/strong>Ve\u013ekos\u0165: 17*33*10mm<\/li>\n<li><strong>Zna\u010dka:<\/strong> ODM k dispoz\u00edcii<\/li>\n<li><strong>Aplik\u00e1cia:<\/strong> Dreven\u00e9\/UPVC\/Bezpe\u010dnostn\u00e9 dvere<\/li>\n<li><strong>Bat\u00e9ria<\/strong>: Vstavan\u00e9 l\u00edtium<\/li>\n<li><strong>Hr\u00fabka dver\u00ed:<\/strong>60-100 mm<\/li>\n<li><strong>Prev\u00e1dzkov\u00e1 teplota:<\/strong>-20\u00baC a\u017e +55\u00baC<\/li>\n<li><strong>Vodeodoln\u00fd:<\/strong>IP54<\/li>\n<li><b>Re\u017eim odomknutia: <\/b><em>Odtla\u010dok prsta\/Bluetooth\/Dia\u013ekov\u00e9 ovl\u00e1danie cez Wifi modul<\/em><\/li>\n<\/ul>","protected":false},"featured_media":1938,"template":"","meta":{"nf_dc_page":""},"product_brand":[],"product_cat":[55,25],"product_tag":[],"class_list":{"0":"post-1937","1":"product","2":"type-product","3":"status-publish","4":"has-post-thumbnail","6":"product_cat-smart-lock","7":"product_cat-euro-profile-cylinder-manufacturer","9":"first","10":"instock","11":"shipping-taxable","12":"product-type-simple"},"_links":{"self":[{"href":"https:\/\/amthy.com\/sk\/wp-json\/wp\/v2\/product\/1937","targetHints":{"allow":["GET"]}}],"collection":[{"href":"https:\/\/amthy.com\/sk\/wp-json\/wp\/v2\/product"}],"about":[{"href":"https:\/\/amthy.com\/sk\/wp-json\/wp\/v2\/types\/product"}],"wp:featuredmedia":[{"embeddable":true,"href":"https:\/\/amthy.com\/sk\/wp-json\/wp\/v2\/media\/1938"}],"wp:attachment":[{"href":"https:\/\/amthy.com\/sk\/wp-json\/wp\/v2\/media?parent=1937"}],"wp:term":[{"taxonomy":"product_brand","embeddable":true,"href":"https:\/\/amthy.com\/sk\/wp-json\/wp\/v2\/product_brand?post=1937"},{"taxonomy":"product_cat","embeddable":true,"href":"https:\/\/amthy.com\/sk\/wp-json\/wp\/v2\/product_cat?post=1937"},{"taxonomy":"product_tag","embeddable":true,"href":"https:\/\/amthy.com\/sk\/wp-json\/wp\/v2\/product_tag?post=1937"}],"curies":[{"name":"wp","href":"https:\/\/api.w.org\/{rel}","templated":true}]}}