{"id":2137,"date":"2021-11-17T12:42:08","date_gmt":"2021-11-17T04:42:08","guid":{"rendered":"https:\/\/amthy.com\/?post_type=product&#038;p=2137"},"modified":"2023-05-26T19:50:07","modified_gmt":"2023-05-26T11:50:07","slug":"hotel-door-lock-manufacturer","status":"publish","type":"product","link":"https:\/\/amthy.com\/sk\/product\/hotel-door-lock-manufacturer\/","title":{"rendered":"Hotelov\u00fd z\u00e1mok dver\u00ed AM-6677"},"content":{"rendered":"<p><img fetchpriority=\"high\" decoding=\"async\" class=\"aligncenter wp-image-2034\" src=\"https:\/\/amthy.com\/wp-content\/uploads\/2021\/08\/AM400-300x35.jpg\" alt=\"V\u00fdrobca hotelov\u00fdch dverov\u00fdch z\u00e1mkov\" width=\"1003\" height=\"117\" title=\"\" srcset=\"https:\/\/amthy.com\/wp-content\/uploads\/2021\/08\/AM400-300x35.jpg 300w, https:\/\/amthy.com\/wp-content\/uploads\/2021\/08\/AM400-600x71.jpg 600w, https:\/\/amthy.com\/wp-content\/uploads\/2021\/08\/AM400-1024x120.jpg 1024w, https:\/\/amthy.com\/wp-content\/uploads\/2021\/08\/AM400-768x90.jpg 768w, https:\/\/amthy.com\/wp-content\/uploads\/2021\/08\/AM400-1536x181.jpg 1536w, https:\/\/amthy.com\/wp-content\/uploads\/2021\/08\/AM400-2048x241.jpg 2048w, https:\/\/amthy.com\/wp-content\/uploads\/2021\/08\/AM400-18x2.jpg 18w\" sizes=\"(max-width: 1003px) 100vw, 1003px\" \/><\/p>\n<p>&nbsp;<\/p>\n<p>V\u00fdrobca hotelov\u00fdch dverov\u00fdch z\u00e1mkov. AMTHY 6677 je inteligentn\u00fd z\u00e1mok dver\u00ed, ktor\u00fd v\u00e1m poskytuje pln\u00fa kontrolu nad bezpe\u010dnos\u0165ou v\u00e1\u0161ho domova a z\u00e1rove\u0148 v\u00e1m poskytuje \u00fapln\u00fd pokoj. Vyu\u017eite r\u00f4zne sp\u00f4soby, ako z\u00edska\u0165 pr\u00edstup do svojho domova, \u010di u\u017e cez odtla\u010dok prsta, Bluetooth telef\u00f3nu alebo cez wifi modul na dia\u013ekov\u00e9 ovl\u00e1danie. S digit\u00e1lnym z\u00e1mkom dver\u00ed AMTHY m\u00f4\u017eete pou\u017e\u00edvate\u013eom posiela\u0165 virtu\u00e1lne k\u013e\u00fa\u010de, aby priatelia a rodina mohli z\u00edska\u0165 pr\u00edstup do v\u00e1\u0161ho domu, ak nie ste nabl\u00edzku. Po z\u00edskan\u00ed pr\u00edstupu m\u00f4\u017eete spravova\u0165, kto m\u00f4\u017ee vst\u00fapi\u0165 do v\u00e1\u0161ho vlastn\u00edctva, a to zak\u00e1zan\u00edm alebo odstr\u00e1nen\u00edm pou\u017e\u00edvate\u013eov prostredn\u00edctvom aplik\u00e1cie pre telef\u00f3n.<\/p>\n<p>Virtu\u00e1lne k\u013e\u00fa\u010de je mo\u017en\u00e9 napl\u00e1nova\u0165 alebo nastavi\u0165 natrvalo, aby ste z\u00edskali \u00fapln\u00fa kontrolu nad va\u0161\u00edm domom alebo majetkom. M\u00f4\u017eete tie\u017e sledova\u0165, kto prich\u00e1dza a kto odch\u00e1dza, tak\u017ee budete vedie\u0165, kedy s\u00fa va\u0161i bl\u00edzki bezpe\u010dne doma. M\u00f4\u017eete dokonca dosta\u0165 upozornenie, ktor\u00e9 v\u00e1s informuje, ke\u010f sa niekto vr\u00e1ti domov. Nemus\u00edte sa b\u00e1\u0165 nosi\u0165 k\u013e\u00fa\u010de so sebou. V\u0161etko, \u010do potrebujete, je v\u00e1\u0161 smartf\u00f3n a jedn\u00fdm klepnut\u00edm odomknete dvere \u013eahko. Zariadenie vyu\u017e\u00edva \u0161ifrovan\u00fa technol\u00f3giu Bluetooth smart, tak\u017ee inteligentn\u00fd z\u00e1mok nie je z\u00e1visl\u00fd od pr\u00edjmu siete. Urobte svoj inteligentn\u00fd z\u00e1mok e\u0161te inteligentnej\u0161\u00edm pripojen\u00edm jedn\u00e9ho z na\u0161ich z\u00e1mkov\u00fdch modulov. Priame podnikanie od v\u00fdrobcu vlo\u017eiek Smart Door Cylinder. <a href=\"https:\/\/en.wikipedia.org\/wiki\/Lock\" target=\"_blank\" rel=\"noopener\">Z\u00e1mok<\/a> a <a href=\"https:\/\/amthy.com\/sk\/product-category\/smart-lock\/\">V\u00fdrobca hotelov\u00fdch dverov\u00fdch z\u00e1mkov<\/a><\/p>\n<h2>Pre\u010do my? (v\u00fdrobca hotelov\u00fdch dverov\u00fdch z\u00e1mkov)<\/h2>\n<h3><strong>\u221a Spo\u013eahliv\u00e1 kvalita<\/strong><\/h3>\n<ul>\n<li>Profesion\u00e1lny t\u00edm QC dohliada na cel\u00fa v\u00fdrobu<\/li>\n<li>Pr\u00edsny v\u00fdber spolupracuj\u00facich partnerov<\/li>\n<\/ul>\n<h3><strong>\u221a Konkuren\u010dn\u00e1 cena<\/strong><\/h3>\n<ul>\n<li>Surovina do 3 mesiacov skladom pre zn\u00ed\u017eenie rizika kol\u00edsania ceny<\/li>\n<li>Automatick\u00e9 a pokro\u010dil\u00e9 zariadenia zni\u017euj\u00fa vysok\u00e9 n\u00e1klady na pr\u00e1cu<\/li>\n<\/ul>\n<h3><strong>\u221a D\u00f4veryhodn\u00fd servis pre viac ako 20 kraj\u00edn.<\/strong><\/h3>\n<ul>\n<li>Slu\u017eba ODM \/ OEM<\/li>\n<li>Zodpovedn\u00fd popredajn\u00fd servis<\/li>\n<\/ul>","protected":false},"excerpt":{"rendered":"<ul>\n<li><strong>K\u00f3d polo\u017eky:<\/strong> AM-6677<\/li>\n<li><strong>Materi\u00e1l<\/strong><strong>:<\/strong> Nehrdzavej\u00faca oce\u013e<\/li>\n<li><strong>Telo z\u00e1mku:<\/strong> bezpe\u010dnos\u0165<\/li>\n<li><strong>Zna\u010dka:<\/strong> ODM k dispoz\u00edcii<\/li>\n<li><strong>Aplik\u00e1cia:<\/strong> Dreven\u00e9\/UPVC\/Bezpe\u010dnostn\u00e9 dvere<\/li>\n<li><strong>Bat\u00e9ria<\/strong>: 4 * 1,5 V<\/li>\n<li><strong>Hr\u00fabka dver\u00ed:<\/strong>30-65 mm<\/li>\n<li><b>Re\u017eim odomknutia:<\/b>Pr\u00edstupov\u00fd k\u00f3d\/ID karta\/mechanick\u00fd k\u013e\u00fa\u010d\/Bluetooth\/Wifi<\/li>\n<\/ul>","protected":false},"featured_media":2138,"template":"","meta":{"nf_dc_page":""},"product_brand":[],"product_cat":[55],"product_tag":[],"class_list":{"0":"post-2137","1":"product","2":"type-product","3":"status-publish","4":"has-post-thumbnail","6":"product_cat-smart-lock","8":"first","9":"instock","10":"shipping-taxable","11":"product-type-simple"},"_links":{"self":[{"href":"https:\/\/amthy.com\/sk\/wp-json\/wp\/v2\/product\/2137","targetHints":{"allow":["GET"]}}],"collection":[{"href":"https:\/\/amthy.com\/sk\/wp-json\/wp\/v2\/product"}],"about":[{"href":"https:\/\/amthy.com\/sk\/wp-json\/wp\/v2\/types\/product"}],"wp:featuredmedia":[{"embeddable":true,"href":"https:\/\/amthy.com\/sk\/wp-json\/wp\/v2\/media\/2138"}],"wp:attachment":[{"href":"https:\/\/amthy.com\/sk\/wp-json\/wp\/v2\/media?parent=2137"}],"wp:term":[{"taxonomy":"product_brand","embeddable":true,"href":"https:\/\/amthy.com\/sk\/wp-json\/wp\/v2\/product_brand?post=2137"},{"taxonomy":"product_cat","embeddable":true,"href":"https:\/\/amthy.com\/sk\/wp-json\/wp\/v2\/product_cat?post=2137"},{"taxonomy":"product_tag","embeddable":true,"href":"https:\/\/amthy.com\/sk\/wp-json\/wp\/v2\/product_tag?post=2137"}],"curies":[{"name":"wp","href":"https:\/\/api.w.org\/{rel}","templated":true}]}}