{"id":1225,"date":"2021-05-12T14:00:35","date_gmt":"2021-05-12T06:00:35","guid":{"rendered":"https:\/\/amthy.com\/?post_type=product&#038;p=1225"},"modified":"2021-10-19T16:51:46","modified_gmt":"2021-10-19T08:51:46","slug":"mortise-handle-manufacturer-supplier","status":"publish","type":"product","link":"https:\/\/amthy.com\/sl\/product\/mortise-handle-manufacturer-supplier\/","title":{"rendered":"Kljuka za vrata AM-237"},"content":{"rendered":"<h2>Kdo smo? (<a href=\"https:\/\/en.wikipedia.org\/wiki\/Mortise_lock\" target=\"_blank\" rel=\"noopener\">Mortise<\/a> Proizvajalec in dobavitelj ro\u010daja)<\/h2>\n<p style=\"text-align: left;\"><a href=\"https:\/\/amthy.com\/wp-content\/uploads\/2021\/10\/AMTHY-Zinc-Handle.pdf\">Amthy <\/a>je podjetje in proizvajalec vratnih kljuk iz Kitajske. Na\u0161a paleta izdelkov vklju\u010duje materiale iz cinkove zlitine, medenine, nerjave\u010dega jekla in aluminija. Kromirani in \u010drni kompleti vratnih kljuk so zelo priljubljeni za notranja sobna vrata, medtem ko so vratne kljuke iz nerjave\u010dega jekla zelo dobrodo\u0161le za komercialno uporabo. Med proizvodnjo na KAKOVOST najbolj vplivata poliranje in galvanizacija. Kot profesionalni proizvajalec in dobavitelj vratnih klju\u010davnic izvajamo strogo poliranje ro\u010dno in samodejno. Za povr\u0161insko galvanizirano plast na\u0161i predmeti vzdr\u017eujejo ve\u010d kot 72 ur med preskusom slanega pr\u0161enja. Zato smo z na\u0161im umetni\u0161kim dizajnom in skrbno storitvijo postali eno najbolj\u0161ih podjetij za kljuke na Kitajskem.<\/p>\n<h2 style=\"text-align: left;\">Kaj je ro\u010daj za vrata?<\/h2>\n<p>Ro\u010daj ali kljuka za vrata je orodje, ki se uporablja za odpiranje ali zapiranje vrat. najdemo ga na vseh vrstah vrat, vklju\u010dno z zunanjimi in notranjimi vrati za stanovanjske in poslovne objekte, poleg tega mora imeti vgrajene mehanizme za zaklepanje ali zaklepanje. Kot na primer telo vrezne klju\u010davnice in cilinder klju\u010davnice vrat.<\/p>\n<p><img fetchpriority=\"high\" decoding=\"async\" class=\"aligncenter wp-image-917\" src=\"https:\/\/amthy.com\/wp-content\/uploads\/2021\/05\/\u5fae\u4fe1\u56fe\u7247_20210503173056-300x201.png\" alt=\"Proizvajalec in dobavitelj zareznih ro\u010dajev\" width=\"469\" height=\"314\" title=\"\" srcset=\"https:\/\/amthy.com\/wp-content\/uploads\/2021\/05\/\u5fae\u4fe1\u56fe\u7247_20210503173056-300x201.png 300w, https:\/\/amthy.com\/wp-content\/uploads\/2021\/05\/\u5fae\u4fe1\u56fe\u7247_20210503173056-600x401.png 600w, https:\/\/amthy.com\/wp-content\/uploads\/2021\/05\/\u5fae\u4fe1\u56fe\u7247_20210503173056-1024x685.png 1024w, https:\/\/amthy.com\/wp-content\/uploads\/2021\/05\/\u5fae\u4fe1\u56fe\u7247_20210503173056-768x514.png 768w, https:\/\/amthy.com\/wp-content\/uploads\/2021\/05\/\u5fae\u4fe1\u56fe\u7247_20210503173056.png 1097w\" sizes=\"(max-width: 469px) 100vw, 469px\" \/><\/p>\n<h2>Zakaj mi? (proizvajalec in dobavitelj ro\u010dajev z vdolbino)<\/h2>\n<h3><strong>\u221a Zanesljiva kakovost<\/strong><\/h3>\n<ul>\n<li>Profesionalna ekipa QC nadzoruje celotno proizvodnjo<\/li>\n<li>Stroga izbira sodelujo\u010dih partnerjev<\/li>\n<\/ul>\n<h3><strong>\u221aKonkuren\u010dna cena<\/strong><\/h3>\n<ul>\n<li>Surovine v 3-mese\u010dni zalogi za zmanj\u0161anje tveganja nihanja cene<\/li>\n<li>Avtomatska in napredna oprema zmanj\u0161ujeta visoke stro\u0161ke dela<\/li>\n<\/ul>\n<h3><strong>\u221a Zaupanja vredna storitev za ve\u010d kot 20 dr\u017eav.<\/strong><\/h3>\n<ul>\n<li>Storitev ODM\/OEM<\/li>\n<li>Odgovorna poprodajna storitev<\/li>\n<\/ul>\n<p>&nbsp;<\/p>","protected":false},"excerpt":{"rendered":"<p>Ro\u010daji za vrata se lahko prilagodijo z razli\u010dno povr\u0161insko obdelavo in razli\u010dnim vretenom za razli\u010dna vrata.<\/p>\n<ul>\n<li><strong>\u0160ifra artikla:<\/strong> AM-237<\/li>\n<li><strong>Material:<\/strong> Cinkova zlitina<\/li>\n<li><strong>Blagovna znamka:<\/strong> ODM na voljo<\/li>\n<li><strong>povr\u0161ina:<\/strong> Krom CP, Satin Chrome SC, Polirana medenina PB, Stain Medenina SB, Polirani nikelj PN, Saten Nickel SN, Antique Medenina AB, ORB bron, \u010drna BL<\/li>\n<li><strong>Dodatki:<\/strong>7,6 mm x 7,6 mm x 100 mm vreteno x 1 kos + M3,8 x 30 mm vijak x 4 kosi + 2,5 mm imbus klju\u010d x 1 kos<\/li>\n<li><strong>Aplikacija:<\/strong> Lesena\/kovinska, notranja\/vhodna vrata, (35-50mm)<\/li>\n<\/ul>\n<p>&nbsp;<\/p>","protected":false},"featured_media":1229,"template":"","meta":{"nf_dc_page":""},"product_brand":[],"product_cat":[26,31],"product_tag":[28,29],"class_list":{"0":"post-1225","1":"product","2":"type-product","3":"status-publish","4":"has-post-thumbnail","6":"product_cat-door-handle-manufacturer","7":"product_cat-zinc-alloy-door-handle","8":"product_tag-door-handle","9":"product_tag-door-knob","11":"first","12":"instock","13":"shipping-taxable","14":"product-type-simple"},"_links":{"self":[{"href":"https:\/\/amthy.com\/sl\/wp-json\/wp\/v2\/product\/1225","targetHints":{"allow":["GET"]}}],"collection":[{"href":"https:\/\/amthy.com\/sl\/wp-json\/wp\/v2\/product"}],"about":[{"href":"https:\/\/amthy.com\/sl\/wp-json\/wp\/v2\/types\/product"}],"wp:featuredmedia":[{"embeddable":true,"href":"https:\/\/amthy.com\/sl\/wp-json\/wp\/v2\/media\/1229"}],"wp:attachment":[{"href":"https:\/\/amthy.com\/sl\/wp-json\/wp\/v2\/media?parent=1225"}],"wp:term":[{"taxonomy":"product_brand","embeddable":true,"href":"https:\/\/amthy.com\/sl\/wp-json\/wp\/v2\/product_brand?post=1225"},{"taxonomy":"product_cat","embeddable":true,"href":"https:\/\/amthy.com\/sl\/wp-json\/wp\/v2\/product_cat?post=1225"},{"taxonomy":"product_tag","embeddable":true,"href":"https:\/\/amthy.com\/sl\/wp-json\/wp\/v2\/product_tag?post=1225"}],"curies":[{"name":"wp","href":"https:\/\/api.w.org\/{rel}","templated":true}]}}