{"id":1341,"date":"2021-05-12T19:50:51","date_gmt":"2021-05-12T11:50:51","guid":{"rendered":"https:\/\/amthy.com\/?post_type=product&#038;p=1341"},"modified":"2021-10-19T16:51:47","modified_gmt":"2021-10-19T08:51:47","slug":"brass-door-handle-supplier","status":"publish","type":"product","link":"https:\/\/amthy.com\/sl\/product\/brass-door-handle-supplier\/","title":{"rendered":"Ro\u010daj za vrata AM-816"},"content":{"rendered":"<h2>Kdo smo? (<a href=\"https:\/\/amthy.com\/wp-content\/uploads\/2021\/10\/AMTHY-Brass-Handle.pdf\">Ro\u010daj vrat iz medenine<\/a> dobavitelj)<\/h2>\n<p style=\"text-align: left;\">Amthy je a <a href=\"https:\/\/en.wikipedia.org\/wiki\/Door_handle\" target=\"_blank\" rel=\"noopener\">kljuka<\/a> podjetje in proizvajalec iz Kitajske. Na\u0161a ponudba izdelkov vklju\u010duje materiale iz cinkove zlitine, medenine, nerjavnega jekla in aluminija. Kromirani in \u010drni kompleti vratnih kljuk so zelo priljubljeni za notranja sobna vrata, medtem ko je kljuka iz nerjave\u010dega jekla dobrodo\u0161la za komercialno uporabo. Med izdelavo na KAKOVOST vplivata predvsem poliranje in galvanizacija. Kot profesionalni proizvajalec in dobavitelj klju\u010davnic za vrata izvajamo strogo poliranje ro\u010dno in samodejno. Za povr\u0161insko galvanizirano plast na\u0161i izdelki vzdr\u017eujejo ve\u010d kot 72 ur med preskusom s solnim pr\u0161enjem. Zato nas na\u0161a umetni\u0161ka zasnova in skrbna storitev pripeljejo do tega, da smo eno najbolj\u0161ih podjetij za kljuke vrat na Kitajskem.<\/p>\n<h2 style=\"text-align: left;\">Kaj je ro\u010daj za vrata?<\/h2>\n<p>Ro\u010daj ali kljuka za vrata je orodje, ki se uporablja za odpiranje ali zapiranje vrat. najdemo ga na vseh vrstah vrat, vklju\u010dno z zunanjimi in notranjimi vrati za stanovanjske in poslovne objekte, poleg tega mora imeti vgrajene mehanizme za zaklepanje ali zaklepanje. Kot na primer telo vrezne klju\u010davnice in cilinder klju\u010davnice vrat.<\/p>\n<p>&nbsp;<\/p>\n<p><img fetchpriority=\"high\" decoding=\"async\" class=\"wp-image-938 aligncenter\" src=\"https:\/\/amthy.com\/wp-content\/uploads\/2021\/05\/Design_PC-300x187.jpg\" alt=\"Dobavitelj medeninastih kljuk za vrata\" width=\"419\" height=\"261\" title=\"\" srcset=\"https:\/\/amthy.com\/wp-content\/uploads\/2021\/05\/Design_PC-300x187.jpg 300w, https:\/\/amthy.com\/wp-content\/uploads\/2021\/05\/Design_PC-600x374.jpg 600w, https:\/\/amthy.com\/wp-content\/uploads\/2021\/05\/Design_PC-768x478.jpg 768w, https:\/\/amthy.com\/wp-content\/uploads\/2021\/05\/Design_PC.jpg 928w\" sizes=\"(max-width: 419px) 100vw, 419px\" \/><\/p>\n<h2>Zakaj mi? (Dobavitelj medeninastih kljuk za vrata)<\/h2>\n<h3><strong>\u221a Zanesljiva kakovost<\/strong><\/h3>\n<ul>\n<li>Profesionalna ekipa QC nadzoruje celotno proizvodnjo<\/li>\n<li>Stroga izbira sodelujo\u010dih partnerjev<\/li>\n<\/ul>\n<h3><strong>\u221aKonkuren\u010dna cena<\/strong><\/h3>\n<ul>\n<li>Surovine v 3-mese\u010dni zalogi za zmanj\u0161anje tveganja nihanja cene<\/li>\n<li>Avtomatska in napredna oprema zmanj\u0161ujeta visoke stro\u0161ke dela<\/li>\n<\/ul>\n<h3><strong>\u221a Zaupanja vredna storitev za ve\u010d kot 20 dr\u017eav.<\/strong><\/h3>\n<ul>\n<li>Storitev ODM\/OEM<\/li>\n<li>Odgovorna poprodajna storitev<\/li>\n<\/ul>\n<p>&nbsp;<\/p>","protected":false},"excerpt":{"rendered":"<p>Ro\u010daji za vrata se lahko prilagodijo z razli\u010dno povr\u0161insko obdelavo in razli\u010dnim vretenom za razli\u010dna vrata.<\/p>\n<ul>\n<li><strong>\u0160ifra artikla:<\/strong> AM-816<\/li>\n<li><strong>Material:<\/strong> Medenina\/cinkova zlitina<\/li>\n<li><strong>Blagovna znamka:<\/strong> ODM na voljo<\/li>\n<li><strong>povr\u0161ina:<\/strong> Krom CP, Satin Chrome SC, Polirana medenina PB, Stain Medenina SB, Polirani nikelj PN, Saten Nickel SN, Antique Medenina AB, ORB bron, \u010drna BL<\/li>\n<li><strong>Dodatki:<\/strong>7,6 mm x 7,6 mm x 100 mm vreteno x 1 kos + M3,8 x 30 mm vijak x 4 kosi + 2,5 mm imbus klju\u010d x 1 kos<\/li>\n<li><strong>Aplikacija:<\/strong> Lesena\/kovinska, notranja\/vhodna vrata, (35-50mm)<\/li>\n<\/ul>\n<p>&nbsp;<\/p>","protected":false},"featured_media":796,"template":"","meta":{"nf_dc_page":""},"product_brand":[],"product_cat":[26,33],"product_tag":[28,29],"class_list":{"0":"post-1341","1":"product","2":"type-product","3":"status-publish","4":"has-post-thumbnail","6":"product_cat-door-handle-manufacturer","7":"product_cat-brass-door-handle","8":"product_tag-door-handle","9":"product_tag-door-knob","11":"first","12":"instock","13":"shipping-taxable","14":"product-type-simple"},"_links":{"self":[{"href":"https:\/\/amthy.com\/sl\/wp-json\/wp\/v2\/product\/1341","targetHints":{"allow":["GET"]}}],"collection":[{"href":"https:\/\/amthy.com\/sl\/wp-json\/wp\/v2\/product"}],"about":[{"href":"https:\/\/amthy.com\/sl\/wp-json\/wp\/v2\/types\/product"}],"wp:featuredmedia":[{"embeddable":true,"href":"https:\/\/amthy.com\/sl\/wp-json\/wp\/v2\/media\/796"}],"wp:attachment":[{"href":"https:\/\/amthy.com\/sl\/wp-json\/wp\/v2\/media?parent=1341"}],"wp:term":[{"taxonomy":"product_brand","embeddable":true,"href":"https:\/\/amthy.com\/sl\/wp-json\/wp\/v2\/product_brand?post=1341"},{"taxonomy":"product_cat","embeddable":true,"href":"https:\/\/amthy.com\/sl\/wp-json\/wp\/v2\/product_cat?post=1341"},{"taxonomy":"product_tag","embeddable":true,"href":"https:\/\/amthy.com\/sl\/wp-json\/wp\/v2\/product_tag?post=1341"}],"curies":[{"name":"wp","href":"https:\/\/api.w.org\/{rel}","templated":true}]}}