{"id":1372,"date":"2021-05-12T20:42:00","date_gmt":"2021-05-12T12:42:00","guid":{"rendered":"https:\/\/amthy.com\/?post_type=product&#038;p=1372"},"modified":"2021-10-19T17:11:17","modified_gmt":"2021-10-19T09:11:17","slug":"stainless-steel-door-handle-manufacturer","status":"publish","type":"product","link":"https:\/\/amthy.com\/sl\/product\/stainless-steel-door-handle-manufacturer\/","title":{"rendered":"Ro\u010daj za vrata iz nerjave\u010dega jekla AM-SS01"},"content":{"rendered":"<h2>Kdo smo? (proizvajalec vratnih kljuk iz nerjave\u010dega jekla)<\/h2>\n<p style=\"text-align: left;\">Amthy je podjetje in proizvajalec vratnih kljuk iz Kitajske. Na\u0161a paleta izdelkov vklju\u010duje materiale iz cinkove zlitine, medenine, nerjave\u010dega jekla in aluminija. Kromirani in \u010drni kompleti vratnih kljuk so zelo priljubljeni za notranja sobna vrata, medtem ko so vratne kljuke iz nerjave\u010dega jekla zelo dobrodo\u0161le za komercialno uporabo. Med proizvodnjo na KAKOVOST najbolj vplivata poliranje in galvanizacija. Kot profesionalni proizvajalec in dobavitelj vratnih klju\u010davnic izvajamo strogo poliranje ro\u010dno in samodejno. Za povr\u0161insko galvanizirano plast na\u0161i predmeti vzdr\u017eujejo ve\u010d kot 72 ur med preskusom slanega pr\u0161enja. Zato smo z na\u0161im umetni\u0161kim dizajnom in skrbno storitvijo postali eno najbolj\u0161ih podjetij za kljuke na Kitajskem. <a href=\"https:\/\/amthy.com\/wp-content\/uploads\/2021\/09\/AMTHY-Stainless-Steel.pdf\">ro\u010daj vrat iz nerjave\u010dega jekla<\/a> proizvajalec<\/p>\n<h2 style=\"text-align: left;\">Kaj je ro\u010daj za vrata?<\/h2>\n<p>A <a href=\"https:\/\/en.wikipedia.org\/wiki\/Door_handle\" target=\"_blank\" rel=\"noopener\">kljuka<\/a> ali kljuka je orodje, ki se uporablja za odpiranje ali zapiranje vrat. najdemo ga na vseh vrstah vrat, vklju\u010dno z zunanjimi in notranjimi vrati za stanovanjske in poslovne objekte, poleg tega pa mora vklju\u010devati mehanizme za zapah ali zaklepanje. Kot na primer ohi\u0161je vti\u010dnice in cilinder vratne klju\u010davnice. proizvajalec vratnih kljuk iz nerjave\u010dega jekla<\/p>\n<h2>Zakaj mi?<\/h2>\n<h3><strong>\u221a Zanesljiva kakovost<\/strong><\/h3>\n<ul>\n<li>Profesionalna ekipa QC nadzoruje celotno proizvodnjo<\/li>\n<li>Stroga izbira sodelujo\u010dih partnerjev<\/li>\n<\/ul>\n<h3><strong>\u221aKonkuren\u010dna cena<\/strong><\/h3>\n<ul>\n<li>Surovine v 3-mese\u010dni zalogi za zmanj\u0161anje tveganja nihanja cene<\/li>\n<li>Avtomatska in napredna oprema zmanj\u0161ujeta visoke stro\u0161ke dela<\/li>\n<\/ul>\n<h3><strong>\u221a Zaupanja vredna storitev za ve\u010d kot 20 dr\u017eav.<\/strong><\/h3>\n<ul>\n<li>Storitev ODM\/OEM<\/li>\n<li>Odgovorna poprodajna storitev<\/li>\n<\/ul>\n<p>&nbsp;<\/p>\n<p>&nbsp;<\/p>","protected":false},"excerpt":{"rendered":"<p>Ro\u010daji za vrata se lahko prilagodijo z razli\u010dno povr\u0161insko obdelavo in razli\u010dnim vretenom za razli\u010dna vrata.<\/p>\n<ul>\n<li><strong>\u0160ifra artikla:<\/strong> AM-SS01<\/li>\n<li><strong>Material:<\/strong> Nerjave\u010de jeklo 201\/304<\/li>\n<li><strong>Blagovna znamka:<\/strong> ODM na voljo<\/li>\n<li><b>Premer cevi:<\/b>18\/22 mm<\/li>\n<li><strong>Dodatki:<\/strong>7,6 mm x 7,6 mm x 100 mm vreteno x 1 kos + M3,8 x 30 mm vijak x 4 kosi + 2,5 mm imbus klju\u010d x 1 kos<\/li>\n<li><strong>Aplikacija:<\/strong> Zasilna\/prehodna vrata (35-50 mm)<\/li>\n<li><strong>Ognjevarna<\/strong>: DA<\/li>\n<\/ul>","protected":false},"featured_media":1387,"template":"","meta":{"nf_dc_page":""},"product_brand":[],"product_cat":[26,32],"product_tag":[28,29],"class_list":{"0":"post-1372","1":"product","2":"type-product","3":"status-publish","4":"has-post-thumbnail","6":"product_cat-door-handle-manufacturer","7":"product_cat-stainless-steel-handle-manufacturer","8":"product_tag-door-handle","9":"product_tag-door-knob","11":"first","12":"instock","13":"shipping-taxable","14":"product-type-simple"},"_links":{"self":[{"href":"https:\/\/amthy.com\/sl\/wp-json\/wp\/v2\/product\/1372","targetHints":{"allow":["GET"]}}],"collection":[{"href":"https:\/\/amthy.com\/sl\/wp-json\/wp\/v2\/product"}],"about":[{"href":"https:\/\/amthy.com\/sl\/wp-json\/wp\/v2\/types\/product"}],"wp:featuredmedia":[{"embeddable":true,"href":"https:\/\/amthy.com\/sl\/wp-json\/wp\/v2\/media\/1387"}],"wp:attachment":[{"href":"https:\/\/amthy.com\/sl\/wp-json\/wp\/v2\/media?parent=1372"}],"wp:term":[{"taxonomy":"product_brand","embeddable":true,"href":"https:\/\/amthy.com\/sl\/wp-json\/wp\/v2\/product_brand?post=1372"},{"taxonomy":"product_cat","embeddable":true,"href":"https:\/\/amthy.com\/sl\/wp-json\/wp\/v2\/product_cat?post=1372"},{"taxonomy":"product_tag","embeddable":true,"href":"https:\/\/amthy.com\/sl\/wp-json\/wp\/v2\/product_tag?post=1372"}],"curies":[{"name":"wp","href":"https:\/\/api.w.org\/{rel}","templated":true}]}}