{"id":1500,"date":"2021-05-15T15:56:36","date_gmt":"2021-05-15T07:56:36","guid":{"rendered":"https:\/\/amthy.com\/?post_type=product&#038;p=1500"},"modified":"2022-05-26T17:12:00","modified_gmt":"2022-05-26T09:12:00","slug":"europrofile-cylinder-manufacturer-h500k","status":"publish","type":"product","link":"https:\/\/amthy.com\/sl\/product\/europrofile-cylinder-manufacturer-h500k\/","title":{"rendered":"Proizvajalec cilindra evroprofilne klju\u010davnice H500K"},"content":{"rendered":"<h2>Cost Secret<\/h2>\n<p><a href=\"https:\/\/amthy.com\/sl\/top-3-lock-manufacturers-contact\/\">Kontaktiraj nas<\/a> da dobite najnovej\u0161o ceno cilindri\u010dne klju\u010davnice evroprofila.<\/p>\n<p><iframe title=\"Cena cilindra vrat|Poi\u0161\u010dite ceno cilindra za klju\u010davnico evropskega profila kitajskega proizvajalca\" width=\"1435\" height=\"807\" src=\"https:\/\/www.youtube.com\/embed\/9Lw0FD68w1c?feature=oembed\" frameborder=\"0\" allow=\"accelerometer; autoplay; clipboard-write; encrypted-media; gyroscope; picture-in-picture\" allowfullscreen><\/iframe><\/p>\n<h2><\/h2>\n<h2>Kdo smo?<\/h2>\n<p style=\"text-align: left;\">Amthy je evroprofil <a href=\"https:\/\/amthy.com\/sl\/product-category\/lock-cylinder\/\">Cilinder<\/a> Proizvajalec in dobavitelj iz Kitajske. Nudimo normalno <a href=\"https:\/\/en.wikipedia.org\/wiki\/Pin_tumbler_lock\" target=\"_blank\" rel=\"noopener\">valji<\/a> za notranja vrata in visokovarnostne cilindre za zunanja vrata. Ker je 95.9% vodilni proizvajalec treh valjev, je avtomatska ali polavtomatska naprava 95.9% uporabljena za zamenjavo ro\u010dnega dela, za zmanj\u0161anje stro\u0161kov in pove\u010danje u\u010dinkovitosti. <span style=\"color: #ff0000;\"><span style=\"color: #000000;\">Posledi\u010dno <\/span><\/span>Manj\u0161i stro\u0161ki dela vedno prina\u0161ajo bolj konkuren\u010dno in privla\u010dno ceno. Zahvaljujo\u010d zgornjim prednostim, <em>Zdaj smo pripravljeni <a href=\"https:\/\/www.youtube.com\/watch?v=9Lw0FD68w1c\" target=\"_blank\" rel=\"noopener\">razkriti in deliti stro\u0161ke<\/a> normalnih jeklenk s kupci<\/em>,<span style=\"color: #ff0000;\"> <span style=\"color: #000000;\">to pomeni, da boste dobili jasno sestavo cene na enoto, ki vklju\u010duje na\u0161 \u010disti dobi\u010dek 10%<\/span><\/span><span style=\"color: #ff0000;\"><span style=\"color: #000000;\">.<\/span><\/span><\/p>\n<p style=\"text-align: left;\">Medtem na\u0161a ekipa za raziskave in razvoj razvija<em> Serije S1000, S2000 in S3000<\/em> HIGH-SECURITY europrofilnih cilindrov za klju\u010davnice za vi\u0161je zahteve trga. Ekskluzivna tehnologija kombinirane strukture rezin in \u017eeblji\u010dkov mo\u010dno pove\u010da raven varnosti. \u0160e ve\u010d, Evroprofil <a href=\"https:\/\/amthy.com\/sl\/product-category\/lock-cylinder\/\">Cilinder<\/a> Proizvajalec mora vedno opraviti delo za glavno skrb kupca.<\/p>\n<p>&nbsp;<\/p>\n<h2 style=\"text-align: left;\">Kaj je europrofilna klju\u010davnica cilinder?<\/h2>\n<p><em><i>Cilinder klju\u010davnice je komponenta klju\u010davnice, ki dr\u017ei \u010dep, aktuator in komponente zaklepanja, lahko je izdelan iz medenine, cinkove zlitine, aluminija in nerjave\u010dega jekla. \u010ceprav so valji najpogosteje povezani z zasnovami zati\u010dev, se valji uporabljajo v mnogih drugih, kot so rezine in zadr\u017eevalci diskov. Vrti se, da poganja zapah vdolbne klju\u010davnice in zapah z ustreznim klju\u010dem.\u00a0<\/i><\/em>Cilinder klju\u010davnice za vrata Europrofile je srce vrat.<\/p>\n<p>&nbsp;<\/p>\n<h2>Zakaj mi? (<em>Evroprofilni cilinder Proizvajalec AMTHY SECURITY<\/em>)<\/h2>\n<h3><strong>\u221a Zanesljiva kakovost<\/strong><\/h3>\n<ul>\n<li>Strokovna ekipa QC nadzoruje celoten krog proizvodnje<\/li>\n<li>Stroga izbira sodelujo\u010dih partnerjev<\/li>\n<\/ul>\n<h3><strong>\u221aKonkuren\u010dna cena<\/strong><\/h3>\n<ul>\n<li>Surovine v 3-mese\u010dni zalogi za zmanj\u0161anje tveganja nihanja cene<\/li>\n<li>Avtomatska in napredna oprema zmanj\u0161ujeta visoke stro\u0161ke dela<\/li>\n<\/ul>\n<h3><strong>\u221a Zaupanja vredna storitev za ve\u010d kot 20 dr\u017eav.<\/strong><\/h3>\n<ul>\n<li>Storitev ODM\/OEM<\/li>\n<li>Odgovorna poprodajna storitev<\/li>\n<\/ul>","protected":false},"excerpt":{"rendered":"<p>&nbsp;<\/p>\n<ul>\n<li><strong>\u0160ifra artikla:<\/strong> H500K<\/li>\n<li><strong>Mehanizem zaklepanja:<\/strong> Pin Tumbler<\/li>\n<li><strong>Material telesa<\/strong><strong>:<\/strong> Medenina\/cinkova zlitina\/aluminij<\/li>\n<li><strong>Material \u010depa<\/strong><strong>:<\/strong> Medenina\/cinkova zlitina<\/li>\n<li><strong>Blagovna znamka:<\/strong> ODM na voljo<\/li>\n<li><b>Vrsta profila: <\/b>Evro<\/li>\n<li><strong>Velikost profila:<\/strong>17*33*10 mm<\/li>\n<li><strong>klju\u010d:<\/strong> Medenina\/jeklo &quot;S&quot; utor za klju\u010d<\/li>\n<li><strong>Dodatki:<\/strong>55 mm vijaki<\/li>\n<li><strong>Aplikacija:<\/strong> Lesena\/UPVC\/varnostna vrata<\/li>\n<li><strong>Sistem glavnega klju\u010da:<\/strong> Na voljo<\/li>\n<li><strong>Sistem podobnih klju\u010dev:<\/strong> Na voljo<\/li>\n<li><strong>Funkcija proti vrtanju<\/strong>: Na voljo<\/li>\n<li><strong>Funkcija proti zasko\u010ditvi: <\/strong>Na voljo<\/li>\n<li><strong><strong>EN1303 2005 Klasifikacija:<\/strong><\/strong><br \/>\n<table>\n<tbody>\n<tr>\n<td>1<\/td>\n<td>6<\/td>\n<td>0<\/td>\n<td>1<\/td>\n<td>0<\/td>\n<td>C<\/td>\n<td>5<\/td>\n<td>2<\/td>\n<\/tr>\n<\/tbody>\n<\/table>\n<\/li>\n<li><strong>Kon\u010daj: <\/strong>Medenina polirana (BP)\/nikljana (NP)\/satenast nikelj (SN)\/kromirana (CP)\/anti\u010dna medenina (AB)<\/li>\n<\/ul>\n<p>&nbsp;<\/p>","protected":false},"featured_media":1501,"template":"","meta":{"nf_dc_page":""},"product_brand":[],"product_cat":[25],"product_tag":[34,35],"class_list":{"0":"post-1500","1":"product","2":"type-product","3":"status-publish","4":"has-post-thumbnail","6":"product_cat-euro-profile-cylinder-manufacturer","7":"product_tag-door-cylinder","8":"product_tag-europrofile","10":"first","11":"instock","12":"shipping-taxable","13":"product-type-simple"},"_links":{"self":[{"href":"https:\/\/amthy.com\/sl\/wp-json\/wp\/v2\/product\/1500","targetHints":{"allow":["GET"]}}],"collection":[{"href":"https:\/\/amthy.com\/sl\/wp-json\/wp\/v2\/product"}],"about":[{"href":"https:\/\/amthy.com\/sl\/wp-json\/wp\/v2\/types\/product"}],"wp:featuredmedia":[{"embeddable":true,"href":"https:\/\/amthy.com\/sl\/wp-json\/wp\/v2\/media\/1501"}],"wp:attachment":[{"href":"https:\/\/amthy.com\/sl\/wp-json\/wp\/v2\/media?parent=1500"}],"wp:term":[{"taxonomy":"product_brand","embeddable":true,"href":"https:\/\/amthy.com\/sl\/wp-json\/wp\/v2\/product_brand?post=1500"},{"taxonomy":"product_cat","embeddable":true,"href":"https:\/\/amthy.com\/sl\/wp-json\/wp\/v2\/product_cat?post=1500"},{"taxonomy":"product_tag","embeddable":true,"href":"https:\/\/amthy.com\/sl\/wp-json\/wp\/v2\/product_tag?post=1500"}],"curies":[{"name":"wp","href":"https:\/\/api.w.org\/{rel}","templated":true}]}}