{"id":1531,"date":"2021-05-15T21:28:11","date_gmt":"2021-05-15T13:28:11","guid":{"rendered":"https:\/\/amthy.com\/?post_type=product&#038;p=1531"},"modified":"2021-11-13T13:08:47","modified_gmt":"2021-11-13T05:08:47","slug":"wafer-cylinder-manufacturer","status":"publish","type":"product","link":"https:\/\/amthy.com\/sl\/product\/wafer-cylinder-manufacturer\/","title":{"rendered":"Cilindri\u010dna klju\u010davnica Europrofile Proizvajalec W500"},"content":{"rendered":"<h2>Kdo smo?<\/h2>\n<p style=\"text-align: left;\">Amthy je evroprofilni valj za rezine <a href=\"https:\/\/amthy.com\/sl\/product-category\/lock-cylinder\/\">Proizvajalec\u00a0<\/a>in dobavitelj iz Kitajske. Nudimo normalno <a href=\"https:\/\/en.wikipedia.org\/wiki\/Pin_tumbler_lock\" target=\"_blank\" rel=\"noopener\">valji<\/a> za notranja vrata in visokovarnostne cilindre za zunanja vrata. Ker je 95.9% vodilni proizvajalec treh valjev, je avtomatska ali polavtomatska naprava 95.9% uporabljena za zamenjavo ro\u010dnega dela, za zmanj\u0161anje stro\u0161kov in pove\u010danje u\u010dinkovitosti. <span style=\"color: #ff0000;\"><span style=\"color: #000000;\">Posledi\u010dno <\/span><\/span>Manj\u0161i stro\u0161ki dela vedno prina\u0161ajo bolj konkuren\u010dno in privla\u010dno ceno. Zahvaljujo\u010d zgornjim prednostim, <em>Zdaj smo pripravljeni <a href=\"https:\/\/www.youtube.com\/watch?v=9Lw0FD68w1c\" target=\"_blank\" rel=\"noopener\">razkriti in deliti stro\u0161ke<\/a> normalnih jeklenk s kupci<\/em>,<span style=\"color: #ff0000;\"> <span style=\"color: #000000;\">to pomeni, da boste dobili jasno sestavo cene na enoto, ki vklju\u010duje na\u0161 \u010disti dobi\u010dek 10%<\/span><\/span><span style=\"color: #ff0000;\"><span style=\"color: #000000;\">. <\/span><\/span>Medtem na\u0161a ekipa za raziskave in razvoj razvija<em> Serije S1000, S2000 in S3000<\/em> HIGH-SECURITY europrofilnih cilindrov za klju\u010davnice za vi\u0161je zahteve trga. Ekskluzivna tehnologija kombinirane strukture rezin in \u017eeblji\u010dkov mo\u010dno pove\u010da raven varnosti. Poleg tega bi moral proizvajalec valjev za rezine z evroprofilom vedno opraviti delo za kup\u010devo glavno skrb.<\/p>\n<p>&nbsp;<\/p>\n<h2 style=\"text-align: left;\">Kaj je proizvajalec valjev za rezine Europrofile?<\/h2>\n<p><em><i>Cilinder klju\u010davnice je komponenta klju\u010davnice, ki dr\u017ei \u010dep, aktuator in komponente zaklepanja, lahko je izdelan iz medenine, cinkove zlitine, aluminija in nerjave\u010dega jekla. \u010ceprav so valji najpogosteje povezani z zasnovami zati\u010dev, se valji uporabljajo v mnogih drugih, kot so rezine in zadr\u017eevalci diskov. Vrti se, da poganja zapah vdolbne klju\u010davnice in zapah z ustreznim klju\u010dem.\u00a0<\/i><\/em>Cilinder klju\u010davnice za vrata Europrofile je srce vrat. Europrofile Wafer Cylinder je notranji kozarec za oblate.<\/p>\n<p>&nbsp;<\/p>\n<p><img fetchpriority=\"high\" decoding=\"async\" class=\"wp-image-2135\" src=\"https:\/\/amthy.com\/wp-content\/uploads\/2021\/05\/Inner-Instruction-300x155.jpg\" alt=\"Proizvajalec valja za rezine\" width=\"534\" height=\"276\" title=\"\" srcset=\"https:\/\/amthy.com\/wp-content\/uploads\/2021\/05\/Inner-Instruction-300x155.jpg 300w, https:\/\/amthy.com\/wp-content\/uploads\/2021\/05\/Inner-Instruction-600x310.jpg 600w, https:\/\/amthy.com\/wp-content\/uploads\/2021\/05\/Inner-Instruction-1024x530.jpg 1024w, https:\/\/amthy.com\/wp-content\/uploads\/2021\/05\/Inner-Instruction-768x397.jpg 768w, https:\/\/amthy.com\/wp-content\/uploads\/2021\/05\/Inner-Instruction-18x9.jpg 18w, https:\/\/amthy.com\/wp-content\/uploads\/2021\/05\/Inner-Instruction.jpg 1156w\" sizes=\"(max-width: 534px) 100vw, 534px\" \/><\/p>\n<p>&nbsp;<\/p>\n<h2>Zakaj mi? (Proizvajalec valjev za rezine Europrofile<em>\u00a0dru\u017ebe AMTHY SECURITY<\/em>)<\/h2>\n<h3><strong>\u221a Zanesljiva kakovost<\/strong><\/h3>\n<ul>\n<li>Profesionalna ekipa QC nadzoruje celotno proizvodnjo<\/li>\n<li>Stroga izbira sodelujo\u010dih partnerjev<\/li>\n<\/ul>\n<h3><strong>\u221aKonkuren\u010dna cena<\/strong><\/h3>\n<ul>\n<li>Surovine v 3-mese\u010dni zalogi za zmanj\u0161anje tveganja nihanja cene<\/li>\n<li>Avtomatska in napredna oprema zmanj\u0161ujeta visoke stro\u0161ke dela<\/li>\n<\/ul>\n<h3><strong>\u221a Zaupanja vredna storitev za ve\u010d kot 20 dr\u017eav.<\/strong><\/h3>\n<ul>\n<li>Storitev ODM\/OEM<\/li>\n<li>Odgovorna poprodajna storitev<\/li>\n<\/ul>\n<p>&nbsp;<\/p>","protected":false},"excerpt":{"rendered":"<p>&nbsp;<\/p>\n<ul>\n<li><strong>\u0160ifra artikla:<\/strong> W500<\/li>\n<li><strong>Mehanizem zaklepanja:<\/strong> Kozarec za oblate<\/li>\n<li><strong>Material telesa<\/strong><strong>:<\/strong> Medenina<\/li>\n<li><strong>Material \u010depa<\/strong><strong>:<\/strong> Medenina<\/li>\n<li><strong>Blagovna znamka:<\/strong> ODM na voljo<\/li>\n<li><b>Vrsta profila: <\/b>Evro<\/li>\n<li><strong>Velikost profila:<\/strong>17*33*10 mm<\/li>\n<li><strong>klju\u010d:<\/strong> Medeninasta dvojna &quot;S&quot; utora za klju\u010d<\/li>\n<li><strong>Dodatki:<\/strong>55 mm vijaki<\/li>\n<li><strong>Aplikacija:<\/strong> Lesena\/UPVC\/varnostna vrata<\/li>\n<li><strong>Sistem glavnega klju\u010da:<\/strong> Na voljo<\/li>\n<li><strong>Sistem podobnih klju\u010dev:<\/strong> Na voljo<\/li>\n<li><strong>Funkcija proti vrtanju<\/strong>: Na voljo<\/li>\n<li><strong>Funkcija proti zasko\u010ditvi: <\/strong>Na voljo<\/li>\n<li><strong><strong>EN1303 2005 Klasifikacija:<\/strong><\/strong><br \/>\n<table>\n<tbody>\n<tr>\n<td>1<\/td>\n<td>6<\/td>\n<td>0<\/td>\n<td>1<\/td>\n<td>0<\/td>\n<td>C<\/td>\n<td>5<\/td>\n<td>2<\/td>\n<\/tr>\n<\/tbody>\n<\/table>\n<\/li>\n<li><strong>Kon\u010daj: <\/strong>Medenina polirana (BP)\/nikljana (NP)\/satenast nikelj (SN)\/kromirana (CP)\/anti\u010dna medenina (AB)<\/li>\n<\/ul>\n<p>&nbsp;<\/p>","protected":false},"featured_media":1527,"template":"","meta":{"nf_dc_page":""},"product_brand":[],"product_cat":[25],"product_tag":[34,35],"class_list":{"0":"post-1531","1":"product","2":"type-product","3":"status-publish","4":"has-post-thumbnail","6":"product_cat-euro-profile-cylinder-manufacturer","7":"product_tag-door-cylinder","8":"product_tag-europrofile","10":"first","11":"instock","12":"shipping-taxable","13":"product-type-simple"},"_links":{"self":[{"href":"https:\/\/amthy.com\/sl\/wp-json\/wp\/v2\/product\/1531","targetHints":{"allow":["GET"]}}],"collection":[{"href":"https:\/\/amthy.com\/sl\/wp-json\/wp\/v2\/product"}],"about":[{"href":"https:\/\/amthy.com\/sl\/wp-json\/wp\/v2\/types\/product"}],"wp:featuredmedia":[{"embeddable":true,"href":"https:\/\/amthy.com\/sl\/wp-json\/wp\/v2\/media\/1527"}],"wp:attachment":[{"href":"https:\/\/amthy.com\/sl\/wp-json\/wp\/v2\/media?parent=1531"}],"wp:term":[{"taxonomy":"product_brand","embeddable":true,"href":"https:\/\/amthy.com\/sl\/wp-json\/wp\/v2\/product_brand?post=1531"},{"taxonomy":"product_cat","embeddable":true,"href":"https:\/\/amthy.com\/sl\/wp-json\/wp\/v2\/product_cat?post=1531"},{"taxonomy":"product_tag","embeddable":true,"href":"https:\/\/amthy.com\/sl\/wp-json\/wp\/v2\/product_tag?post=1531"}],"curies":[{"name":"wp","href":"https:\/\/api.w.org\/{rel}","templated":true}]}}