{"id":1534,"date":"2021-05-15T21:34:14","date_gmt":"2021-05-15T13:34:14","guid":{"rendered":"https:\/\/amthy.com\/?post_type=product&#038;p=1534"},"modified":"2022-05-26T16:27:59","modified_gmt":"2022-05-26T08:27:59","slug":"europrofile-lock-cylinder-manufacturer-h1000","status":"publish","type":"product","link":"https:\/\/amthy.com\/sl\/product\/europrofile-lock-cylinder-manufacturer-h1000\/","title":{"rendered":"Europrofilni varnostni cilinder za vrata -H1000"},"content":{"rendered":"<h2>Funkcija zaklepanja evroprofila<\/h2>\n<ul>\n<li>Visoka varnost - dvojne zati\u010de in navodila za zati\u010d<\/li>\n<li>Glavni sistem klju\u010dev AB - 1 kos za\u010dasnega klju\u010da, 5 primarnih klju\u010dev<\/li>\n<li>Anti-pick, Anti-snap<\/li>\n<li>Polna \u017eivljenjska doba materiala iz medenine je lahko ve\u010d kot 10 let<\/li>\n<\/ul>\n<h2>Kdo smo?<\/h2>\n<p style=\"text-align: left;\">Amthy je varnostni cilinder Europrofile <a href=\"https:\/\/amthy.com\/sl\/product-category\/lock-cylinder\/\">Dobavitelj <\/a>iz Kitajske. Nudimo normalno <a href=\"https:\/\/en.wikipedia.org\/wiki\/Pin_tumbler_lock\" target=\"_blank\" rel=\"noopener\">valji<\/a> za notranja vrata in visokovarnostne cilindre za zunanja vrata. Ker je 95.9% vodilni proizvajalec treh valjev, je avtomatska ali polavtomatska naprava 95.9% uporabljena za zamenjavo ro\u010dnega dela, za zmanj\u0161anje stro\u0161kov in pove\u010danje u\u010dinkovitosti. <span style=\"color: #ff0000;\"><span style=\"color: #000000;\">Posledi\u010dno <\/span><\/span>Ni\u017eji stro\u0161ki dela vedno prinesejo bolj konkuren\u010dne in privla\u010dne cene. Zahvaljujo\u010d zgornjim prednostim, <em>Zdaj smo pripravljeni <a href=\"https:\/\/www.youtube.com\/watch?v=9Lw0FD68w1c\" target=\"_blank\" rel=\"noopener\">razkriti in deliti stro\u0161ke<\/a> normalnih jeklenk s kupci<\/em>,<span style=\"color: #ff0000;\"> <span style=\"color: #000000;\">to pomeni, da boste dobili jasno sestavo cene na enoto, ki vklju\u010duje na\u0161 \u010disti dobi\u010dek 10%<\/span><\/span><span style=\"color: #ff0000;\"><span style=\"color: #000000;\">. <\/span><\/span><\/p>\n<p style=\"text-align: left;\">Medtem na\u0161a ekipa za raziskave in razvoj razvija<em> Serije S1000, S2000 in S3000<\/em> HIGH-SECURITY cilindrov za klju\u010davnice iz europrofila za vi\u0161je zahteve trga. Ekskluzivna tehnologija kombinirane strukture rezin in zati\u010dev mo\u010dno pove\u010da raven varnosti. Poleg tega mora dobavitelj varnostnih cilindrov Europrofile vedno opraviti delo za kup\u010devo glavno skrb.<\/p>\n<p>&nbsp;<\/p>\n<h2 style=\"text-align: left;\">Kaj je europrofilna klju\u010davnica cilinder?<\/h2>\n<p><em><i>Cilinder klju\u010davnice je komponenta klju\u010davnice, ki dr\u017ei \u010dep, aktuator in komponente zaklepanja, lahko je iz medenine, cinkove zlitine, aluminija in nerjave\u010dega jekla. \u010ceprav so cilindri najpogosteje povezani z zasnovami zati\u010dev, se valji uporabljajo v mnogih drugih, kot so rezine in zadr\u017eevalci diskov. Zasuka se, da po\u017eene zapah vdolbne klju\u010davnice in zapah z ustreznim klju\u010dem. <\/i><\/em>Cilindri\u010dna klju\u010davnica Europrofile je srce vrat. Varnostni cilinder evroprofil se uporablja za vhodna protivlomna vrata.Evroprofilna klju\u010davnica<\/p>\n<p><b>Evropski profil<\/b>\u00a0(oz\u00a0<b>Euro profil<\/b>) je vrsta\u00a0<a title=\"Cilinder\" href=\"http:\/\/www.lockwiki.com\/index.php\/Cylinder\" target=\"_blank\" rel=\"noopener\">valj<\/a>\u00a0oblikovanje, ki se prete\u017eno uporablja v Evropi. Za razliko od tradicionalnih cilindrov z vti\u010dnicami in robovi, Euro profil uporablja en kos kovine za povezavo obeh strani klju\u010davnice. Samski\u00a0<a class=\"mw-redirect\" title=\"Cam\" href=\"http:\/\/www.lockwiki.com\/index.php\/Cam\" target=\"_blank\" rel=\"noopener\">cam<\/a>\u00a0komponenta je name\u0161\u010dena med obe strani klju\u010davnice in je neposredno povezana z obema\u00a0<a title=\"Vtika\u010d\" href=\"http:\/\/www.lockwiki.com\/index.php\/Plug\" target=\"_blank\" rel=\"noopener\">\u010depi<\/a>. Euro profil je primeren za namestitev in zamenjavo, vendar ima nekaj resnih varnostnih pomanjkljivosti, ki jih je treba upo\u0161tevati. glej\u00a0<a href=\"http:\/\/www.lockwiki.com\/index.php\/Euro_Profile#Vulnerabilities\" target=\"_blank\" rel=\"noopener\">Euro Profil (Ranljivosti)<\/a>\u00a0za dodatne informacije.Evroprofilna klju\u010davnica<\/p>\n<p>&nbsp;<\/p>\n<p><img fetchpriority=\"high\" decoding=\"async\" class=\"wp-image-2119 aligncenter\" src=\"https:\/\/amthy.com\/wp-content\/uploads\/2021\/05\/technical_drawing_C73_3-300x168.jpg\" alt=\"evroprofil\" width=\"636\" height=\"356\" title=\"\" srcset=\"https:\/\/amthy.com\/wp-content\/uploads\/2021\/05\/technical_drawing_C73_3-300x168.jpg 300w, https:\/\/amthy.com\/wp-content\/uploads\/2021\/05\/technical_drawing_C73_3-600x336.jpg 600w, https:\/\/amthy.com\/wp-content\/uploads\/2021\/05\/technical_drawing_C73_3-768x430.jpg 768w, https:\/\/amthy.com\/wp-content\/uploads\/2021\/05\/technical_drawing_C73_3-18x10.jpg 18w, https:\/\/amthy.com\/wp-content\/uploads\/2021\/05\/technical_drawing_C73_3.jpg 1000w\" sizes=\"(max-width: 636px) 100vw, 636px\" \/><\/p>\n<p>&nbsp;<\/p>\n<h2>Zakaj mi?<\/h2>\n<h3><strong>\u221a Zanesljiva kakovost<\/strong><\/h3>\n<ul>\n<li>Strokovna ekipa QC nadzoruje celoten krog proizvodnje<\/li>\n<li>Stroga izbira sodelujo\u010dih partnerjev<\/li>\n<\/ul>\n<h3><strong>\u221aKonkuren\u010dna cena<\/strong><\/h3>\n<ul>\n<li>Surovine v 3-mese\u010dni zalogi za zmanj\u0161anje tveganja nihanja cene<\/li>\n<li>Avtomatska in napredna oprema zmanj\u0161ujeta visoke stro\u0161ke dela<\/li>\n<\/ul>\n<h3><strong>\u221a Zaupanja vredna storitev za ve\u010d kot 20 dr\u017eav.<\/strong><\/h3>\n<ul>\n<li>Storitev ODM\/OEM<\/li>\n<li>Odgovorna poprodajna storitev<\/li>\n<\/ul>\n<p>&nbsp;<\/p>","protected":false},"excerpt":{"rendered":"<p>&nbsp;<\/p>\n<ul>\n<li><strong>\u0160ifra artikla:<\/strong> H1000<\/li>\n<li><strong>Mehanizem zaklepanja:<\/strong> Pin Tumbler<\/li>\n<li><strong>Material telesa<\/strong><strong>:<\/strong> Medenina<\/li>\n<li><strong>Material \u010depa<\/strong><strong>:<\/strong> Medenina<\/li>\n<li><strong>Blagovna znamka:<\/strong> ODM na voljo<\/li>\n<li><b>Vrsta profila: <\/b>Evro<\/li>\n<li><strong>Velikost profila:<\/strong>17*33*10 mm<\/li>\n<li><strong>klju\u010d:<\/strong> Medeninasta dvojna &quot;S&quot; utora za klju\u010d<\/li>\n<li><strong>Dodatki:<\/strong>55 mm vijaki<\/li>\n<li><strong>Aplikacija:<\/strong> Lesena\/UPVC\/varnostna vrata<\/li>\n<li><strong>Sistem glavnega klju\u010da:<\/strong> Na voljo<\/li>\n<li><strong>Sistem podobnih klju\u010dev:<\/strong> Na voljo<\/li>\n<li><strong>Funkcija proti vrtanju<\/strong>: Na voljo<\/li>\n<li><strong>Funkcija proti zasko\u010ditvi: <\/strong>Na voljo<\/li>\n<li><strong><strong>EN1303 2005 Klasifikacija:<\/strong><\/strong><br \/>\n<table>\n<tbody>\n<tr>\n<td>1<\/td>\n<td>6<\/td>\n<td>0<\/td>\n<td>1<\/td>\n<td>0<\/td>\n<td>C<\/td>\n<td>5<\/td>\n<td>2<\/td>\n<\/tr>\n<\/tbody>\n<\/table>\n<\/li>\n<li><strong>Kon\u010daj: <\/strong>Medenina polirana (BP)\/nikljana (NP)\/satenast nikelj (SN)\/kromirana (CP)\/anti\u010dna medenina (AB)<\/li>\n<\/ul>\n<p>&nbsp;<\/p>","protected":false},"featured_media":1526,"template":"","meta":{"nf_dc_page":""},"product_brand":[],"product_cat":[25],"product_tag":[34,35],"class_list":{"0":"post-1534","1":"product","2":"type-product","3":"status-publish","4":"has-post-thumbnail","6":"product_cat-euro-profile-cylinder-manufacturer","7":"product_tag-door-cylinder","8":"product_tag-europrofile","10":"first","11":"instock","12":"shipping-taxable","13":"product-type-simple"},"_links":{"self":[{"href":"https:\/\/amthy.com\/sl\/wp-json\/wp\/v2\/product\/1534","targetHints":{"allow":["GET"]}}],"collection":[{"href":"https:\/\/amthy.com\/sl\/wp-json\/wp\/v2\/product"}],"about":[{"href":"https:\/\/amthy.com\/sl\/wp-json\/wp\/v2\/types\/product"}],"wp:featuredmedia":[{"embeddable":true,"href":"https:\/\/amthy.com\/sl\/wp-json\/wp\/v2\/media\/1526"}],"wp:attachment":[{"href":"https:\/\/amthy.com\/sl\/wp-json\/wp\/v2\/media?parent=1534"}],"wp:term":[{"taxonomy":"product_brand","embeddable":true,"href":"https:\/\/amthy.com\/sl\/wp-json\/wp\/v2\/product_brand?post=1534"},{"taxonomy":"product_cat","embeddable":true,"href":"https:\/\/amthy.com\/sl\/wp-json\/wp\/v2\/product_cat?post=1534"},{"taxonomy":"product_tag","embeddable":true,"href":"https:\/\/amthy.com\/sl\/wp-json\/wp\/v2\/product_tag?post=1534"}],"curies":[{"name":"wp","href":"https:\/\/api.w.org\/{rel}","templated":true}]}}