{"id":1535,"date":"2021-05-15T21:43:09","date_gmt":"2021-05-15T13:43:09","guid":{"rendered":"https:\/\/amthy.com\/?post_type=product&#038;p=1535"},"modified":"2021-10-18T15:38:11","modified_gmt":"2021-10-18T07:38:11","slug":"europrofile-security-cylinder-supplier-h3000","status":"publish","type":"product","link":"https:\/\/amthy.com\/sl\/product\/europrofile-security-cylinder-supplier-h3000\/","title":{"rendered":"Dobavitelj varnostnega cilindra Europrofile H3000"},"content":{"rendered":"<p>&nbsp;<\/p>\n<h2>Kdo smo?<\/h2>\n<p style=\"text-align: left;\">Amthy je varnostni cilinder Europrofile <a href=\"https:\/\/amthy.com\/sl\/product-category\/lock-cylinder\/\">Dobavitelj <\/a>iz Kitajske. Nudimo normalno <a href=\"https:\/\/en.wikipedia.org\/wiki\/Pin_tumbler_lock\" target=\"_blank\" rel=\"noopener\">valji<\/a> za notranja vrata in visokovarnostne cilindre za zunanja vrata. Ker je 95.9% vodilni proizvajalec treh valjev, je avtomatska ali polavtomatska naprava 95.9% uporabljena za zamenjavo ro\u010dnega dela, za zmanj\u0161anje stro\u0161kov in pove\u010danje u\u010dinkovitosti. <span style=\"color: #ff0000;\"><span style=\"color: #000000;\">Posledi\u010dno <\/span><\/span>Ni\u017eji stro\u0161ki dela vedno prinesejo bolj konkuren\u010dne in privla\u010dne cene. Zahvaljujo\u010d zgornjim prednostim, <em>Zdaj smo pripravljeni <a href=\"https:\/\/www.youtube.com\/watch?v=9Lw0FD68w1c\" target=\"_blank\" rel=\"noopener\">razkriti in deliti stro\u0161ke<\/a> normalnih jeklenk s kupci<\/em>,<span style=\"color: #ff0000;\"> <span style=\"color: #000000;\">to pomeni, da boste dobili jasno sestavo cene na enoto, ki vklju\u010duje na\u0161 \u010disti dobi\u010dek 10%<\/span><\/span><span style=\"color: #ff0000;\"><span style=\"color: #000000;\">. <\/span><\/span>Medtem na\u0161a ekipa za raziskave in razvoj razvija<em> Serije S1000, S2000 in S3000<\/em> HIGH-SECURITY europrofilnih cilindrov za klju\u010davnice za vi\u0161je zahteve trga. Ekskluzivna tehnologija kombinirane strukture rezin in \u017eeblji\u010dkov mo\u010dno pove\u010da raven varnosti. Poleg tega mora dobavitelj varnostnih cilindrov z evroprofilom vedno opraviti delo za kup\u010devo glavno skrb. Dobavitelj varnostnih cilindrov z evroprofilom<\/p>\n<p>&nbsp;<\/p>\n<h2 style=\"text-align: left;\">Kaj je Euro profile Security Cylinder?<\/h2>\n<p><em><i>Cilinder klju\u010davnice je komponenta klju\u010davnice, ki dr\u017ei \u010dep, aktuator in komponente zaklepanja, lahko je izdelan iz medenine, cinkove zlitine, aluminija in nerjave\u010dega jekla. \u010ceprav so valji najpogosteje povezani z zasnovami zati\u010dev, se valji uporabljajo v mnogih drugih, kot so rezine in zadr\u017eevalci diskov. Vrti se, da poganja zapah vdolbne klju\u010davnice in zapah z ustreznim klju\u010dem. <\/i><\/em>Cilindri\u010dna klju\u010davnica Europrofile je srce vrat. Varnostni cilinder Europrofil se uporablja za vhodna protivlomna vrata.<\/p>\n<p>&nbsp;<\/p>\n<p><img fetchpriority=\"high\" decoding=\"async\" class=\"wp-image-2116 alignleft\" src=\"https:\/\/amthy.com\/wp-content\/uploads\/2021\/05\/16019587121-300x235.png\" alt=\"Dobavitelj varnostnih cilindrov Europrofile\" width=\"409\" height=\"320\" title=\"\" srcset=\"https:\/\/amthy.com\/wp-content\/uploads\/2021\/05\/16019587121-300x235.png 300w, https:\/\/amthy.com\/wp-content\/uploads\/2021\/05\/16019587121-600x471.png 600w, https:\/\/amthy.com\/wp-content\/uploads\/2021\/05\/16019587121-15x12.png 15w, https:\/\/amthy.com\/wp-content\/uploads\/2021\/05\/16019587121.png 701w\" sizes=\"(max-width: 409px) 100vw, 409px\" \/>\u00a0 \u00a0 \u00a0 <img decoding=\"async\" class=\"wp-image-2117 alignleft\" src=\"https:\/\/amthy.com\/wp-content\/uploads\/2021\/05\/16019587611-300x259.png\" alt=\"Dobavitelj varnostnih cilindrov Europrofile\" width=\"368\" height=\"317\" title=\"\" srcset=\"https:\/\/amthy.com\/wp-content\/uploads\/2021\/05\/16019587611-300x259.png 300w, https:\/\/amthy.com\/wp-content\/uploads\/2021\/05\/16019587611-14x12.png 14w, https:\/\/amthy.com\/wp-content\/uploads\/2021\/05\/16019587611.png 600w\" sizes=\"(max-width: 368px) 100vw, 368px\" \/><\/p>\n<p>&nbsp;<\/p>\n<h2><\/h2>\n<h2><\/h2>\n<h2><\/h2>\n<h2><\/h2>\n<h2><\/h2>\n<h2><\/h2>\n<h2>Zakaj mi? (Dobavitelj varnostnih cilindrov Europrofile)<\/h2>\n<h3><strong>\u221a Zanesljiva kakovost<\/strong><\/h3>\n<ul>\n<li>Profesionalna ekipa QC nadzoruje celotno proizvodnjo<\/li>\n<li>Stroga izbira sodelujo\u010dih partnerjev<\/li>\n<\/ul>\n<h3><strong>\u221aKonkuren\u010dna cena<\/strong><\/h3>\n<ul>\n<li>Surovine v 3-mese\u010dni zalogi za zmanj\u0161anje tveganja nihanja cene<\/li>\n<li>Avtomatska in napredna oprema zmanj\u0161ujeta visoke stro\u0161ke dela<\/li>\n<\/ul>\n<h3><strong>\u221a Zaupanja vredna storitev za ve\u010d kot 20 dr\u017eav.<\/strong><\/h3>\n<ul>\n<li>Storitev ODM\/OEM<\/li>\n<li>Odgovorna poprodajna storitev<\/li>\n<\/ul>\n<p>&nbsp;<\/p>\n<p>&nbsp;<\/p>","protected":false},"excerpt":{"rendered":"<p>&nbsp;<\/p>\n<ul>\n<li><strong>\u0160ifra artikla:<\/strong> H3000<\/li>\n<li><strong>Mehanizem zaklepanja:<\/strong> Pin Tumbler<\/li>\n<li><strong>Material telesa<\/strong><strong>:<\/strong> Medenina<\/li>\n<li><strong>Material \u010depa<\/strong><strong>:<\/strong> Medenina<\/li>\n<li><strong>Blagovna znamka:<\/strong> ODM na voljo<\/li>\n<li><b>Vrsta profila: <\/b>Evro<\/li>\n<li><strong>Velikost profila:<\/strong>17*33*10 mm<\/li>\n<li><strong>klju\u010d:<\/strong> Medeninasta utora za klju\u010d &quot;C&quot;.<\/li>\n<li><strong>Dodatki:<\/strong>55 mm vijaki<\/li>\n<li><strong>Aplikacija:<\/strong> Lesena\/UPVC\/varnostna vrata<\/li>\n<li><strong>Sistem glavnega klju\u010da:<\/strong> Na voljo<\/li>\n<li><strong>Sistem podobnih klju\u010dev:<\/strong> Na voljo<\/li>\n<li><strong>Funkcija proti vrtanju<\/strong>: Na voljo<\/li>\n<li><strong>Funkcija proti zasko\u010ditvi: <\/strong>Na voljo<\/li>\n<li><strong><strong>EN1303 2005 Klasifikacija:<\/strong><\/strong><br \/>\n<table>\n<tbody>\n<tr>\n<td>1<\/td>\n<td>6<\/td>\n<td>0<\/td>\n<td>1<\/td>\n<td>0<\/td>\n<td>C<\/td>\n<td>5<\/td>\n<td>2<\/td>\n<\/tr>\n<\/tbody>\n<\/table>\n<\/li>\n<li><strong>Kon\u010daj: <\/strong>Medenina polirana (BP)\/nikljana (NP)\/satenast nikelj (SN)\/kromirana (CP)\/anti\u010dna medenina (AB)<\/li>\n<\/ul>\n<p>&nbsp;<\/p>","protected":false},"featured_media":1854,"template":"","meta":[],"product_brand":[],"product_cat":[25],"product_tag":[34,35],"class_list":{"0":"post-1535","1":"product","2":"type-product","3":"status-publish","4":"has-post-thumbnail","6":"product_cat-euro-profile-cylinder-manufacturer","7":"product_tag-door-cylinder","8":"product_tag-europrofile","10":"first","11":"instock","12":"shipping-taxable","13":"product-type-simple"},"_links":{"self":[{"href":"https:\/\/amthy.com\/sl\/wp-json\/wp\/v2\/product\/1535","targetHints":{"allow":["GET"]}}],"collection":[{"href":"https:\/\/amthy.com\/sl\/wp-json\/wp\/v2\/product"}],"about":[{"href":"https:\/\/amthy.com\/sl\/wp-json\/wp\/v2\/types\/product"}],"wp:featuredmedia":[{"embeddable":true,"href":"https:\/\/amthy.com\/sl\/wp-json\/wp\/v2\/media\/1854"}],"wp:attachment":[{"href":"https:\/\/amthy.com\/sl\/wp-json\/wp\/v2\/media?parent=1535"}],"wp:term":[{"taxonomy":"product_brand","embeddable":true,"href":"https:\/\/amthy.com\/sl\/wp-json\/wp\/v2\/product_brand?post=1535"},{"taxonomy":"product_cat","embeddable":true,"href":"https:\/\/amthy.com\/sl\/wp-json\/wp\/v2\/product_cat?post=1535"},{"taxonomy":"product_tag","embeddable":true,"href":"https:\/\/amthy.com\/sl\/wp-json\/wp\/v2\/product_tag?post=1535"}],"curies":[{"name":"wp","href":"https:\/\/api.w.org\/{rel}","templated":true}]}}