{"id":1895,"date":"2021-08-29T20:15:13","date_gmt":"2021-08-29T12:15:13","guid":{"rendered":"https:\/\/amthy.com\/?post_type=product&#038;p=1895"},"modified":"2023-05-26T19:51:25","modified_gmt":"2023-05-26T11:51:25","slug":"smart-lock-manufacturer-am-900","status":"publish","type":"product","link":"https:\/\/amthy.com\/sl\/product\/smart-lock-manufacturer-am-900\/","title":{"rendered":"Smart Lock AM-900"},"content":{"rendered":"<p>AMTHY 900 je pametna vratna klju\u010davnica, ki vam omogo\u010da popoln nadzor nad varnostjo va\u0161ega doma, hkrati pa vam zagotavlja popolno brezskrbnost. Uporabite razli\u010dne na\u010dine za dostop do svojega doma, bodisi prek PIN kode ali mehanskega klju\u010da. Ni vam treba skrbeti, da boste nosili klju\u010de s seboj. Vse, kar potrebujete, je va\u0161a koda PIN, saj lahko z lahkoto odklenete vrata. Neposredno poslovanje proizvajalca cilindrov Smart Door. pametna-klju\u010davnica-proizvajalec-am-900.<a href=\"https:\/\/en.wikipedia.org\/wiki\/Lock\" target=\"_blank\" rel=\"noopener\">Zaklepanje<\/a> in <a href=\"https:\/\/amthy.com\/sl\/product-category\/smart-lock\/\">Pametni cilinder vrat<\/a><\/p>\n<h3>Preprosto nadgradite obstoje\u010do klju\u010davnico:<\/h3>\n<p>Prijazen do DIY in enostaven za namestitev namesto va\u0161ega obstoje\u010dega cilindra in vratne kljuke. Vse, kar potrebujete, je kri\u017eni izvija\u010d in merilni trak.<\/p>\n<h3><strong>Lastnosti in prednosti:<\/strong><\/h3>\n<ul>\n<li>Brez klju\u010da \u2013 Omogo\u010da vam svobodo varovanja va\u0161ega doma brez potrebe po klju\u010du<\/li>\n<li>Enostavna namestitev \u2013 Primerno za ve\u010dino PVC in kompozitnih vrat, potreben je izvija\u010d<\/li>\n<li>Enostaven dostop - na voljo je 50 kompletov pin kode s 4-8 ciframi.<\/li>\n<li>Napajanje na baterije \u2013 4 x AA baterije<\/li>\n<li>Primerno za vrata debeline med 35-55 mm<\/li>\n<li>Na voljo v razli\u010dnih barvah \u2013 vklju\u010dno s \u010drno in srebrno<\/li>\n<\/ul>\n<h2>Zakaj mi? (Dobavitelj valja za varnostna vrata z evro profilom <em>dru\u017ebe AMTHY SECURITY<\/em>)<\/h2>\n<h3><strong>\u221aZanesljiva kakovost (proizvajalec Smart Lock AM-900)<\/strong><\/h3>\n<ul>\n<li>Profesionalna ekipa QC nadzoruje celotno proizvodnjo<\/li>\n<li>Stroga izbira sodelujo\u010dih partnerjev<\/li>\n<\/ul>\n<h3><strong>\u221aKonkuren\u010dna cena<\/strong><\/h3>\n<ul>\n<li>Surovine v 3-mese\u010dni zalogi za zmanj\u0161anje tveganja nihanja cene<\/li>\n<li>Avtomatska in napredna oprema zmanj\u0161ujeta visoke stro\u0161ke dela<\/li>\n<\/ul>\n<h3><strong>\u221a Zaupanja vredna storitev za ve\u010d kot 20 dr\u017eav.<\/strong><\/h3>\n<ul>\n<li>Storitev ODM\/OEM<\/li>\n<li>Odgovorna poprodajna storitev<\/li>\n<\/ul>","protected":false},"excerpt":{"rendered":"<ul>\n<li><strong>\u0160ifra artikla:<\/strong> AM-900<\/li>\n<li><strong>Material<\/strong><strong>:<\/strong> Cinkova zlitina<\/li>\n<li><strong>Telo klju\u010davnice:<\/strong> Zapah<\/li>\n<li><strong>Backset<\/strong>: 60 mm<\/li>\n<li><strong>Blagovna znamka:<\/strong> ODM na voljo<\/li>\n<li><strong>Aplikacija:<\/strong> Lesena\/UPVC\/varnostna vrata<\/li>\n<li><strong>Baterija<\/strong>: 4*AA 6V (razen)<\/li>\n<li><strong>Debelina vrat: <\/strong>35-55 mm<\/li>\n<li><strong>Delovna temperatura:<\/strong>-20\u00baC do +55\u00baC<\/li>\n<li><strong>Vodoodporen: <\/strong>IP54<\/li>\n<li><b>Na\u010din odklepanja: <\/b>Geslo\/mehanski klju\u010d<\/li>\n<\/ul>","protected":false},"featured_media":1908,"template":"","meta":{"nf_dc_page":""},"product_brand":[],"product_cat":[55],"product_tag":[],"class_list":{"0":"post-1895","1":"product","2":"type-product","3":"status-publish","4":"has-post-thumbnail","6":"product_cat-smart-lock","8":"first","9":"instock","10":"shipping-taxable","11":"product-type-simple"},"_links":{"self":[{"href":"https:\/\/amthy.com\/sl\/wp-json\/wp\/v2\/product\/1895","targetHints":{"allow":["GET"]}}],"collection":[{"href":"https:\/\/amthy.com\/sl\/wp-json\/wp\/v2\/product"}],"about":[{"href":"https:\/\/amthy.com\/sl\/wp-json\/wp\/v2\/types\/product"}],"wp:featuredmedia":[{"embeddable":true,"href":"https:\/\/amthy.com\/sl\/wp-json\/wp\/v2\/media\/1908"}],"wp:attachment":[{"href":"https:\/\/amthy.com\/sl\/wp-json\/wp\/v2\/media?parent=1895"}],"wp:term":[{"taxonomy":"product_brand","embeddable":true,"href":"https:\/\/amthy.com\/sl\/wp-json\/wp\/v2\/product_brand?post=1895"},{"taxonomy":"product_cat","embeddable":true,"href":"https:\/\/amthy.com\/sl\/wp-json\/wp\/v2\/product_cat?post=1895"},{"taxonomy":"product_tag","embeddable":true,"href":"https:\/\/amthy.com\/sl\/wp-json\/wp\/v2\/product_tag?post=1895"}],"curies":[{"name":"wp","href":"https:\/\/api.w.org\/{rel}","templated":true}]}}