{"id":1922,"date":"2021-08-29T20:52:21","date_gmt":"2021-08-29T12:52:21","guid":{"rendered":"https:\/\/amthy.com\/?post_type=product&#038;p=1922"},"modified":"2023-05-26T19:51:03","modified_gmt":"2023-05-26T11:51:03","slug":"smart-lock-manufacturer-am-h300","status":"publish","type":"product","link":"https:\/\/amthy.com\/sl\/product\/smart-lock-manufacturer-am-h300\/","title":{"rendered":"Smart Lock AM-H300"},"content":{"rendered":"<p><img fetchpriority=\"high\" decoding=\"async\" class=\"wp-image-2038 aligncenter\" src=\"https:\/\/amthy.com\/wp-content\/uploads\/2021\/08\/\u56fe\u7247-300x140.png\" alt=\"Dobavitelj pametnih klju\u010davnic\" width=\"1011\" height=\"472\" title=\"\" srcset=\"https:\/\/amthy.com\/wp-content\/uploads\/2021\/08\/\u56fe\u7247-300x140.png 300w, https:\/\/amthy.com\/wp-content\/uploads\/2021\/08\/\u56fe\u7247-600x280.png 600w, https:\/\/amthy.com\/wp-content\/uploads\/2021\/08\/\u56fe\u7247-1024x478.png 1024w, https:\/\/amthy.com\/wp-content\/uploads\/2021\/08\/\u56fe\u7247-768x359.png 768w, https:\/\/amthy.com\/wp-content\/uploads\/2021\/08\/\u56fe\u7247-18x8.png 18w, https:\/\/amthy.com\/wp-content\/uploads\/2021\/08\/\u56fe\u7247.png 1026w\" sizes=\"(max-width: 1011px) 100vw, 1011px\" \/><\/p>\n<p>AMTHY H300 je pametna vratna klju\u010davnica, ki vam omogo\u010da popoln nadzor nad varnostjo va\u0161ega doma, hkrati pa vam zagotavlja popolno brezskrbnost. Uporabite razli\u010dne na\u010dine za dostop do svojega doma, naj bo to prek prstnega odtisa, telefona Bluetooth ali prek modula wifi za daljinsko upravljanje. Z digitalno vratno klju\u010davnico AMTHY lahko uporabnikom po\u0161ljete virtualne klju\u010de, tako da lahko prijatelji in dru\u017eina dobijo dostop do va\u0161e hi\u0161e, \u010de vas ni v bli\u017eini. Ko pridobijo dostop, lahko ma<\/p>\n<p>nage, ki lahko vstopi v va\u0161o lastnino tako, da onemogo\u010di ali izbri\u0161e uporabnike prek telefonske aplikacije. Navidezne klju\u010de je mogo\u010de na\u010drtovati ali narediti trajne za popoln nadzor nad va\u0161im domom ali lastnino. Prav tako lahko spremljate, kdo pride in kdo odide, da boste vedeli, kdaj so va\u0161i ljubljeni varno doma. Lahko celo prejmete obvestilo, ki vas obvesti, ko nekdo pride domov. Ni vam treba skrbeti, da boste nosili klju\u010de s seboj. Vse kar potrebujete je va\u0161 pametni telefon in z enim dotikom lahko enostavno odklenete vrata. Naprava uporablja \u0161ifrirano pametno tehnologijo Bluetooth, tako da pametno zaklepanje ni odvisno od omre\u017enega sprejema. Naredite svojo pametno klju\u010davnico \u0161e pametnej\u0161o, tako da pove\u017eete enega od na\u0161ih modulov klju\u010davnice. Neposredno poslovanje proizvajalca cilindrov Smart Door. <a href=\"https:\/\/en.wikipedia.org\/wiki\/Lock\" target=\"_blank\" rel=\"noopener\">Zaklepanje<\/a> in <a href=\"https:\/\/amthy.com\/sl\/product-category\/smart-lock\/\">Proizvajalec pametne klju\u010davnice AM-H300<\/a><\/p>\n<p>&nbsp;<\/p>\n<p><img decoding=\"async\" class=\"wp-image-2037 aligncenter\" src=\"https:\/\/amthy.com\/wp-content\/uploads\/2021\/08\/\u56fe\u7247-Copy-300x199.png\" alt=\"Dobavitelj pametnih klju\u010davnic\" width=\"1016\" height=\"674\" title=\"\" srcset=\"https:\/\/amthy.com\/wp-content\/uploads\/2021\/08\/\u56fe\u7247-Copy-300x199.png 300w, https:\/\/amthy.com\/wp-content\/uploads\/2021\/08\/\u56fe\u7247-Copy-600x397.png 600w, https:\/\/amthy.com\/wp-content\/uploads\/2021\/08\/\u56fe\u7247-Copy-1024x678.png 1024w, https:\/\/amthy.com\/wp-content\/uploads\/2021\/08\/\u56fe\u7247-Copy-768x509.png 768w, https:\/\/amthy.com\/wp-content\/uploads\/2021\/08\/\u56fe\u7247-Copy-18x12.png 18w, https:\/\/amthy.com\/wp-content\/uploads\/2021\/08\/\u56fe\u7247-Copy.png 1143w\" sizes=\"(max-width: 1016px) 100vw, 1016px\" \/><\/p>\n<h2><\/h2>\n<h2>Zakaj mi? (Dobavitelj valja za varnostna vrata z evro profilom <em>dru\u017ebe AMTHY SECURITY<\/em>)<\/h2>\n<h3><strong>\u221aZanesljiva kakovost (proizvajalec Smart Lock AM-H300)<\/strong><\/h3>\n<ul>\n<li>Profesionalna ekipa QC nadzoruje celotno proizvodnjo<\/li>\n<li>Stroga izbira sodelujo\u010dih partnerjev<\/li>\n<\/ul>\n<h3><strong>\u221aKonkuren\u010dna cena<\/strong><\/h3>\n<ul>\n<li>Surovine v 3-mese\u010dni zalogi za zmanj\u0161anje tveganja nihanja cene<\/li>\n<li>Avtomatska in napredna oprema zmanj\u0161ujeta visoke stro\u0161ke dela<\/li>\n<\/ul>\n<h3><strong>\u221a Zaupanja vredna storitev za ve\u010d kot 20 dr\u017eav.<\/strong><\/h3>\n<ul>\n<li>Storitev ODM\/OEM<\/li>\n<li>Odgovorna poprodajna storitev<\/li>\n<\/ul>","protected":false},"excerpt":{"rendered":"<ul>\n<li><strong>\u0160ifra artikla:<\/strong> AM-H300<\/li>\n<li><strong>Material<\/strong><strong>:<\/strong> Aluminij<\/li>\n<li><strong>Telo klju\u010davnice:<\/strong> Enojni zapah<\/li>\n<li><strong>Backset<\/strong>: 60\/70 mm nastavljiv<\/li>\n<li><strong>Blagovna znamka:<\/strong> ODM na voljo<\/li>\n<li><strong>Aplikacija:<\/strong> Lesena\/UPVC\/varnostna vrata<\/li>\n<li><strong>Baterija<\/strong>: 4*1,5v<\/li>\n<li><strong>Debelina vrat:<\/strong>30-65 mm<\/li>\n<li><b>Na\u010din odklepanja: <\/b>Prstni odtis\/mehanski klju\u010d<\/li>\n<\/ul>","protected":false},"featured_media":1924,"template":"","meta":[],"product_brand":[],"product_cat":[55],"product_tag":[],"class_list":{"0":"post-1922","1":"product","2":"type-product","3":"status-publish","4":"has-post-thumbnail","6":"product_cat-smart-lock","8":"first","9":"instock","10":"shipping-taxable","11":"product-type-simple"},"_links":{"self":[{"href":"https:\/\/amthy.com\/sl\/wp-json\/wp\/v2\/product\/1922","targetHints":{"allow":["GET"]}}],"collection":[{"href":"https:\/\/amthy.com\/sl\/wp-json\/wp\/v2\/product"}],"about":[{"href":"https:\/\/amthy.com\/sl\/wp-json\/wp\/v2\/types\/product"}],"wp:featuredmedia":[{"embeddable":true,"href":"https:\/\/amthy.com\/sl\/wp-json\/wp\/v2\/media\/1924"}],"wp:attachment":[{"href":"https:\/\/amthy.com\/sl\/wp-json\/wp\/v2\/media?parent=1922"}],"wp:term":[{"taxonomy":"product_brand","embeddable":true,"href":"https:\/\/amthy.com\/sl\/wp-json\/wp\/v2\/product_brand?post=1922"},{"taxonomy":"product_cat","embeddable":true,"href":"https:\/\/amthy.com\/sl\/wp-json\/wp\/v2\/product_cat?post=1922"},{"taxonomy":"product_tag","embeddable":true,"href":"https:\/\/amthy.com\/sl\/wp-json\/wp\/v2\/product_tag?post=1922"}],"curies":[{"name":"wp","href":"https:\/\/api.w.org\/{rel}","templated":true}]}}