{"id":1925,"date":"2021-08-29T20:56:13","date_gmt":"2021-08-29T12:56:13","guid":{"rendered":"https:\/\/amthy.com\/?post_type=product&#038;p=1925"},"modified":"2023-05-26T19:50:53","modified_gmt":"2023-05-26T11:50:53","slug":"smart-lock-manufacturer-am-p100","status":"publish","type":"product","link":"https:\/\/amthy.com\/sl\/product\/smart-lock-manufacturer-am-p100\/","title":{"rendered":"Smart Lock AM-P100"},"content":{"rendered":"<p><img fetchpriority=\"high\" decoding=\"async\" class=\"alignnone wp-image-2034\" src=\"https:\/\/amthy.com\/wp-content\/uploads\/2021\/08\/AM400-300x35.jpg\" alt=\"amthy\" width=\"994\" height=\"116\" title=\"\" srcset=\"https:\/\/amthy.com\/wp-content\/uploads\/2021\/08\/AM400-300x35.jpg 300w, https:\/\/amthy.com\/wp-content\/uploads\/2021\/08\/AM400-600x71.jpg 600w, https:\/\/amthy.com\/wp-content\/uploads\/2021\/08\/AM400-1024x120.jpg 1024w, https:\/\/amthy.com\/wp-content\/uploads\/2021\/08\/AM400-768x90.jpg 768w, https:\/\/amthy.com\/wp-content\/uploads\/2021\/08\/AM400-1536x181.jpg 1536w, https:\/\/amthy.com\/wp-content\/uploads\/2021\/08\/AM400-2048x241.jpg 2048w, https:\/\/amthy.com\/wp-content\/uploads\/2021\/08\/AM400-18x2.jpg 18w\" sizes=\"(max-width: 994px) 100vw, 994px\" \/><\/p>\n<p>&nbsp;<\/p>\n<p>AMTHY P100 je pametna vratna klju\u010davnica, ki vam omogo\u010da popoln nadzor nad varnostjo va\u0161ega doma, hkrati pa vam zagotavlja popolno brezskrbnost. Uporabite razli\u010dne na\u010dine za dostop do svojega doma, naj bo to prek gesla, prstnega odtisa, klju\u010da kartice, telefona Bluetooth ali prek modula wifi za daljinsko upravljanje. Z digitalno vratno klju\u010davnico AMTHY lahko uporabnikom po\u0161ljete virtualne klju\u010de, tako da lahko prijatelji in dru\u017eina dobijo dostop do va\u0161e hi\u0161e, \u010de vas ni v bli\u017eini. Ko pridobijo dostop, lahko upravljate, kdo lahko vstopi v va\u0161o lastnino, tako da onemogo\u010dite ali izbri\u0161ete uporabnike prek telefonske aplikacije. Navidezne klju\u010de je mogo\u010de na\u010drtovati ali narediti trajne za popoln nadzor nad va\u0161im domom ali lastnino. Prav tako lahko spremljate, kdo pride in kdo odide, da boste vedeli, kdaj so va\u0161i ljubljeni varno doma. Lahko celo prejmete obvestilo, ki vas obvesti, ko nekdo pride domov. Ni vam treba skrbeti, da boste nosili klju\u010de s seboj. Vse kar potrebujete je va\u0161 pametni telefon in z enim dotikom lahko enostavno odklenete vrata. Naprava uporablja \u0161ifrirano pametno tehnologijo Bluetooth, tako da pametno zaklepanje ni odvisno od omre\u017enega sprejema. Naredite svojo pametno klju\u010davnico \u0161e pametnej\u0161o, tako da pove\u017eete enega od na\u0161ih modulov klju\u010davnice. Neposredno poslovanje proizvajalca pametnih vratnih klju\u010davnic. <a href=\"https:\/\/en.wikipedia.org\/wiki\/Lock\" target=\"_blank\" rel=\"noopener\">Zaklepanje<\/a> in <a href=\"https:\/\/amthy.com\/sl\/product-category\/smart-lock\/\">Proizvajalec pametne klju\u010davnice AM-P100<\/a><\/p>\n<p><strong>Lastnosti in prednosti:<\/strong><\/p>\n<ul>\n<li>Brez klju\u010da \u2013 Omogo\u010da vam svobodo varovanja va\u0161ega doma brez potrebe po klju\u010du<\/li>\n<li>Enostavna namestitev \u2013 Primerno za ve\u010dino PVC in kompozitnih vrat, potreben je izvija\u010d<\/li>\n<li>Enostaven za namestitev \u2013 <strong>Ni treba spremeniti celotne klju\u010davnice<\/strong> vendar zamenjajte samo cilinder brez po\u0161kodb vrat. Enostavna namestitev.<\/li>\n<li>Napajanje na baterije \u2013 3 x AAA baterije, opozorilo, ko so baterije skoraj prazne<\/li>\n<li>Primerno za vrata debeline med 60-100 mm<\/li>\n<li>Na voljo v razli\u010dnih barvah \u2013 vklju\u010dno s \u010drno in srebrno<\/li>\n<\/ul>\n<p>&nbsp;<\/p>\n<h2>Zakaj mi? (Dobavitelj valja za varnostna vrata z evro profilom <em>dru\u017ebe AMTHY SECURITY<\/em>)<\/h2>\n<h3><strong>\u221aZanesljiva kakovost (proizvajalec Smart Lock AM-P100)<\/strong><\/h3>\n<ul>\n<li>Profesionalna ekipa QC nadzoruje celotno proizvodnjo<\/li>\n<li>Stroga izbira sodelujo\u010dih partnerjev<\/li>\n<\/ul>\n<h3><strong>\u221aKonkuren\u010dna cena<\/strong><\/h3>\n<ul>\n<li>Surovine v 3-mese\u010dni zalogi za zmanj\u0161anje tveganja nihanja cene<\/li>\n<li>Avtomatska in napredna oprema zmanj\u0161ujeta visoke stro\u0161ke dela<\/li>\n<\/ul>\n<h3><strong>\u221a Zaupanja vredna storitev za ve\u010d kot 20 dr\u017eav.<\/strong><\/h3>\n<ul>\n<li>Storitev ODM\/OEM<\/li>\n<li>Odgovorna poprodajna storitev<\/li>\n<\/ul>","protected":false},"excerpt":{"rendered":"<ul>\n<li><strong>\u0160ifra artikla:<\/strong> AM-P100<\/li>\n<li><strong>Material ro\u010daja<\/strong><strong>:<\/strong> Nerjave\u010de jeklo 304<\/li>\n<li><strong>Blagovna znamka:<\/strong> ODM na voljo<\/li>\n<li><strong>Velikost plo\u0161\u010de:<\/strong>\u00a0303*43 mm<\/li>\n<li><strong>Dodatki:<\/strong>55 mm vijaki<\/li>\n<li><strong>Debelina vrat:<\/strong>30-70 mm<\/li>\n<li><strong>Aplikacija:<\/strong> Lesena\/UPVC\/varnostna vrata<\/li>\n<li><strong>Baterija<\/strong>: USB polnjenje (6 mesecev)<\/li>\n<li><b>Na\u010din odklepanja:<\/b> Prstni odtis\/aplikacija\/mehanski klju\u010d\/geslo\/klju\u010d kartice<\/li>\n<\/ul>","protected":false},"featured_media":2177,"template":"","meta":[],"product_brand":[],"product_cat":[55],"product_tag":[],"class_list":{"0":"post-1925","1":"product","2":"type-product","3":"status-publish","4":"has-post-thumbnail","6":"product_cat-smart-lock","8":"first","9":"instock","10":"shipping-taxable","11":"product-type-simple"},"_links":{"self":[{"href":"https:\/\/amthy.com\/sl\/wp-json\/wp\/v2\/product\/1925","targetHints":{"allow":["GET"]}}],"collection":[{"href":"https:\/\/amthy.com\/sl\/wp-json\/wp\/v2\/product"}],"about":[{"href":"https:\/\/amthy.com\/sl\/wp-json\/wp\/v2\/types\/product"}],"wp:featuredmedia":[{"embeddable":true,"href":"https:\/\/amthy.com\/sl\/wp-json\/wp\/v2\/media\/2177"}],"wp:attachment":[{"href":"https:\/\/amthy.com\/sl\/wp-json\/wp\/v2\/media?parent=1925"}],"wp:term":[{"taxonomy":"product_brand","embeddable":true,"href":"https:\/\/amthy.com\/sl\/wp-json\/wp\/v2\/product_brand?post=1925"},{"taxonomy":"product_cat","embeddable":true,"href":"https:\/\/amthy.com\/sl\/wp-json\/wp\/v2\/product_cat?post=1925"},{"taxonomy":"product_tag","embeddable":true,"href":"https:\/\/amthy.com\/sl\/wp-json\/wp\/v2\/product_tag?post=1925"}],"curies":[{"name":"wp","href":"https:\/\/api.w.org\/{rel}","templated":true}]}}