{"id":1942,"date":"2021-08-31T16:53:46","date_gmt":"2021-08-31T08:53:46","guid":{"rendered":"https:\/\/amthy.com\/?post_type=product&#038;p=1942"},"modified":"2023-05-26T19:50:21","modified_gmt":"2023-05-26T11:50:21","slug":"smart-door-cylinder-am-400","status":"publish","type":"product","link":"https:\/\/amthy.com\/sl\/product\/smart-door-cylinder-am-400\/","title":{"rendered":"Pametni cilinder za vrata AM-400"},"content":{"rendered":"<p><img fetchpriority=\"high\" decoding=\"async\" class=\"wp-image-2024 aligncenter\" src=\"https:\/\/amthy.com\/wp-content\/uploads\/2021\/08\/AM4001-300x218.jpg\" alt=\"amthy\" width=\"994\" height=\"722\" title=\"\" srcset=\"https:\/\/amthy.com\/wp-content\/uploads\/2021\/08\/AM4001-300x218.jpg 300w, https:\/\/amthy.com\/wp-content\/uploads\/2021\/08\/AM4001-600x436.jpg 600w, https:\/\/amthy.com\/wp-content\/uploads\/2021\/08\/AM4001-1024x745.jpg 1024w, https:\/\/amthy.com\/wp-content\/uploads\/2021\/08\/AM4001-768x559.jpg 768w, https:\/\/amthy.com\/wp-content\/uploads\/2021\/08\/AM4001-1536x1117.jpg 1536w, https:\/\/amthy.com\/wp-content\/uploads\/2021\/08\/AM4001-2048x1489.jpg 2048w, https:\/\/amthy.com\/wp-content\/uploads\/2021\/08\/AM4001-18x12.jpg 18w\" sizes=\"(max-width: 994px) 100vw, 994px\" \/><\/p>\n<p><iframe title=\"Cilinder pametne klju\u010davnice| AM-400 je pametna klju\u010davnica za prstni odtis in telefonsko aplikacijo\/Pin kodo in IC kartico.\" width=\"1435\" height=\"807\" src=\"https:\/\/www.youtube.com\/embed\/BSfQK6yR4_Y?feature=oembed\" frameborder=\"0\" allow=\"accelerometer; autoplay; clipboard-write; encrypted-media; gyroscope; picture-in-picture\" allowfullscreen><\/iframe><\/p>\n<p>AMTHY 400 je pametna vratna klju\u010davnica, ki vam omogo\u010da popoln nadzor nad varnostjo va\u0161ega doma, hkrati pa vam zagotavlja popolno brezskrbnost. Uporabite razli\u010dne na\u010dine za dostop do svojega doma, naj bo to prek prstnega odtisa, telefona Bluetooth ali prek modula wifi za daljinsko upravljanje. Z digitalno vratno klju\u010davnico AMTHY lahko uporabnikom po\u0161ljete virtualne klju\u010de, tako da lahko prijatelji in dru\u017eina dobijo dostop do va\u0161e hi\u0161e, \u010de vas ni v bli\u017eini. Ko pridobijo dostop, lahko upravljate, kdo lahko vstopi v va\u0161o lastnino, tako da onemogo\u010dite ali izbri\u0161ete uporabnike prek telefonske aplikacije. Navidezne klju\u010de je mogo\u010de na\u010drtovati ali narediti trajne za popoln nadzor nad va\u0161im domom ali lastnino. Prav tako lahko spremljate, kdo pride in kdo odide, da boste vedeli, kdaj so va\u0161i ljubljeni varno doma. Lahko celo prejmete obvestilo, ki vas obvesti, ko nekdo pride domov. Ni vam treba skrbeti, da boste nosili klju\u010de s seboj. Vse kar potrebujete je va\u0161 pametni telefon in z enim dotikom lahko enostavno odklenete vrata. Naprava uporablja \u0161ifrirano pametno tehnologijo Bluetooth, tako da pametno zaklepanje ni odvisno od omre\u017enega sprejema. Naredite svojo pametno klju\u010davnico \u0161e pametnej\u0161o, tako da pove\u017eete enega od na\u0161ih modulov klju\u010davnice. Neposredno poslovanje proizvajalca cilindrov Smart Door. <a href=\"https:\/\/en.wikipedia.org\/wiki\/Lock\" target=\"_blank\" rel=\"noopener\">Zaklepanje<\/a> in <a href=\"https:\/\/amthy.com\/sl\/product-category\/smart-lock\/\">Pametni cilinder vrat<\/a><\/p>\n<p><strong>Lastnosti in prednosti (pametni cilinder vrat):<\/strong><\/p>\n<ul>\n<li>Brez klju\u010da \u2013 Omogo\u010da vam svobodo varovanja va\u0161ega doma brez potrebe po klju\u010du<\/li>\n<li>Enostavna namestitev \u2013 Primerno za ve\u010dino PVC in kompozitnih vrat, potreben je izvija\u010d<\/li>\n<li>Enostaven za namestitev \u2013 <strong>Ni treba spremeniti celotne klju\u010davnice<\/strong> vendar zamenjajte samo cilinder brez po\u0161kodb vrat. Enostavna namestitev.<\/li>\n<li>Napajanje na baterije \u2013 3 x AAA baterije, opozorilo, ko so baterije skoraj prazne<\/li>\n<li>Primerno za vrata debeline med 60-100 mm<\/li>\n<li>Na voljo v razli\u010dnih barvah \u2013 vklju\u010dno s \u010drno in srebrno<\/li>\n<\/ul>\n<p><img decoding=\"async\" class=\"aligncenter wp-image-2023\" src=\"https:\/\/amthy.com\/wp-content\/uploads\/2021\/08\/AM400.1-300x107.jpg\" alt=\"Pametni cilinder vrat\" width=\"1001\" height=\"357\" title=\"\" srcset=\"https:\/\/amthy.com\/wp-content\/uploads\/2021\/08\/AM400.1-300x107.jpg 300w, https:\/\/amthy.com\/wp-content\/uploads\/2021\/08\/AM400.1-600x214.jpg 600w, https:\/\/amthy.com\/wp-content\/uploads\/2021\/08\/AM400.1-1024x365.jpg 1024w, https:\/\/amthy.com\/wp-content\/uploads\/2021\/08\/AM400.1-768x274.jpg 768w, https:\/\/amthy.com\/wp-content\/uploads\/2021\/08\/AM400.1-1536x548.jpg 1536w, https:\/\/amthy.com\/wp-content\/uploads\/2021\/08\/AM400.1-2048x730.jpg 2048w, https:\/\/amthy.com\/wp-content\/uploads\/2021\/08\/AM400.1-18x6.jpg 18w\" sizes=\"(max-width: 1001px) 100vw, 1001px\" \/><\/p>\n<p>&nbsp;<\/p>\n<hr \/>\n<p>&nbsp;<\/p>","protected":false},"excerpt":{"rendered":"<ul>\n<li><strong>\u0160ifra artikla:<\/strong> AM-400<\/li>\n<li><strong>Material<\/strong><strong>:<\/strong>\u00a0Medenina<\/li>\n<li><strong>Profil\u00a0<\/strong>Velikost: 17*33*10 mm<\/li>\n<li><strong>Blagovna znamka:<\/strong>\u00a0ODM na voljo<\/li>\n<li><strong>Aplikacija:<\/strong>\u00a0Lesena\/UPVC\/varnostna vrata<\/li>\n<li><strong>Baterija<\/strong>: 3*AAA (izklju\u010deno)<\/li>\n<li><strong>Debelina vrat:<\/strong>60-100 mm<\/li>\n<li><strong>Delovna temperatura:<\/strong>-20\u00baC do +55\u00baC<\/li>\n<li><strong>Vodoodporen: <\/strong>IP54<\/li>\n<li><b>Na\u010din odklepanja: <\/b>Prstni odtis\/Geslo\/Klju\u010d kartice\/Bluetooth\/Daljinski upravljalnik prek Wifi modula\/Mehanski klju\u010d<\/li>\n<\/ul>","protected":false},"featured_media":1943,"template":"","meta":{"nf_dc_page":""},"product_brand":[],"product_cat":[55,25],"product_tag":[],"class_list":{"0":"post-1942","1":"product","2":"type-product","3":"status-publish","4":"has-post-thumbnail","6":"product_cat-smart-lock","7":"product_cat-euro-profile-cylinder-manufacturer","9":"first","10":"instock","11":"shipping-taxable","12":"product-type-simple"},"_links":{"self":[{"href":"https:\/\/amthy.com\/sl\/wp-json\/wp\/v2\/product\/1942","targetHints":{"allow":["GET"]}}],"collection":[{"href":"https:\/\/amthy.com\/sl\/wp-json\/wp\/v2\/product"}],"about":[{"href":"https:\/\/amthy.com\/sl\/wp-json\/wp\/v2\/types\/product"}],"wp:featuredmedia":[{"embeddable":true,"href":"https:\/\/amthy.com\/sl\/wp-json\/wp\/v2\/media\/1943"}],"wp:attachment":[{"href":"https:\/\/amthy.com\/sl\/wp-json\/wp\/v2\/media?parent=1942"}],"wp:term":[{"taxonomy":"product_brand","embeddable":true,"href":"https:\/\/amthy.com\/sl\/wp-json\/wp\/v2\/product_brand?post=1942"},{"taxonomy":"product_cat","embeddable":true,"href":"https:\/\/amthy.com\/sl\/wp-json\/wp\/v2\/product_cat?post=1942"},{"taxonomy":"product_tag","embeddable":true,"href":"https:\/\/amthy.com\/sl\/wp-json\/wp\/v2\/product_tag?post=1942"}],"curies":[{"name":"wp","href":"https:\/\/api.w.org\/{rel}","templated":true}]}}