{"id":1341,"date":"2021-05-12T19:50:51","date_gmt":"2021-05-12T11:50:51","guid":{"rendered":"https:\/\/amthy.com\/?post_type=product&#038;p=1341"},"modified":"2021-10-19T16:51:47","modified_gmt":"2021-10-19T08:51:47","slug":"brass-door-handle-supplier","status":"publish","type":"product","link":"https:\/\/amthy.com\/sv\/product\/brass-door-handle-supplier\/","title":{"rendered":"D\u00f6rrhandtag AM-816"},"content":{"rendered":"<h2>Vilka vi \u00e4r? (<a href=\"https:\/\/amthy.com\/wp-content\/uploads\/2021\/10\/AMTHY-Brass-Handle.pdf\">D\u00f6rrhandtag i m\u00e4ssing<\/a> leverant\u00f6r)<\/h2>\n<p style=\"text-align: left;\">Amthy \u00e4r en <a href=\"https:\/\/en.wikipedia.org\/wiki\/Door_handle\" target=\"_blank\" rel=\"noopener\">d\u00f6rrhantag<\/a> f\u00f6retag och tillverkare fr\u00e5n Kina. V\u00e5rt produktsortiment omfattar zinklegering, m\u00e4ssing, rostfritt st\u00e5l och aluminiummaterial. Krom och svarta d\u00f6rrhandtag \u00e4r mycket popul\u00e4ra f\u00f6r innerrumsd\u00f6rrar, samtidigt \u00e4r det rostfria d\u00f6rrhandtaget v\u00e4lkommet f\u00f6r kommersiell anv\u00e4ndning. Under tillverkningen p\u00e5verkar poleringen och galvaniseringen fr\u00e4mst KVALITETEN. Som professionell tillverkare och leverant\u00f6r av d\u00f6rrl\u00e5s utf\u00f6r vi strikt polering manuellt och automatiskt. F\u00f6r det elektropl\u00e4terade ytskiktet h\u00e5ller v\u00e5ra f\u00f6rem\u00e5l mer \u00e4n 72 timmar under saltspraytestet. D\u00e4rf\u00f6r g\u00f6r v\u00e5r konstn\u00e4rliga design och omt\u00e4nksamma service oss att vara ett av de b\u00e4sta d\u00f6rrhandtagsf\u00f6retagen i Kina.<\/p>\n<h2 style=\"text-align: left;\">Vad \u00e4r d\u00f6rrhandtag?<\/h2>\n<p>Ett d\u00f6rrhandtag eller d\u00f6rrhandtag \u00e4r ett verktyg som anv\u00e4nds f\u00f6r att \u00f6ppna eller st\u00e4nga en d\u00f6rr. den kan hittas p\u00e5 alla typer av d\u00f6rrar inklusive ytter- och innerd\u00f6rrar f\u00f6r bostads- och kommersiella byggnader. Dessutom m\u00e5ste den ha l\u00e5s- eller l\u00e5smekanismer. S\u00e5som insticksl\u00e5skroppen och d\u00f6rrl\u00e5scylindern.<\/p>\n<p>&nbsp;<\/p>\n<p><img fetchpriority=\"high\" decoding=\"async\" class=\"wp-image-938 aligncenter\" src=\"https:\/\/amthy.com\/wp-content\/uploads\/2021\/05\/Design_PC-300x187.jpg\" alt=\"Leverant\u00f6r av d\u00f6rrhandtag i m\u00e4ssing\" width=\"419\" height=\"261\" title=\"\" srcset=\"https:\/\/amthy.com\/wp-content\/uploads\/2021\/05\/Design_PC-300x187.jpg 300w, https:\/\/amthy.com\/wp-content\/uploads\/2021\/05\/Design_PC-600x374.jpg 600w, https:\/\/amthy.com\/wp-content\/uploads\/2021\/05\/Design_PC-768x478.jpg 768w, https:\/\/amthy.com\/wp-content\/uploads\/2021\/05\/Design_PC.jpg 928w\" sizes=\"(max-width: 419px) 100vw, 419px\" \/><\/p>\n<h2>Varf\u00f6r oss? (leverant\u00f6r av d\u00f6rrhandtag i m\u00e4ssing)<\/h2>\n<h3><strong>\u221aP\u00e5litlig kvalitet<\/strong><\/h3>\n<ul>\n<li>Professionellt QC-team \u00f6vervakar hela produktionen<\/li>\n<li>Strikt urval av samarbetspartners<\/li>\n<\/ul>\n<h3><strong>\u221aKonkurrenskraftigt pris<\/strong><\/h3>\n<ul>\n<li>R\u00e5vara i 3 m\u00e5naders lager f\u00f6r att minska risken f\u00f6r fluktuerande pris<\/li>\n<li>Automatisk och avancerad utrustning minskar den h\u00f6ga arbetskostnaden<\/li>\n<\/ul>\n<h3><strong>\u221a P\u00e5litlig service f\u00f6r \u00f6ver 20 l\u00e4nder.<\/strong><\/h3>\n<ul>\n<li>ODM\/OEM-tj\u00e4nst<\/li>\n<li>Ansvarig eftermarknadsservice<\/li>\n<\/ul>\n<p>&nbsp;<\/p>","protected":false},"excerpt":{"rendered":"<p>D\u00f6rrhandtag kan anpassas med olika ytfinish och olika spindel f\u00f6r olika d\u00f6rrar.<\/p>\n<ul>\n<li><strong>Produktkod:<\/strong> AM-816<\/li>\n<li><strong>Material:<\/strong> M\u00e4ssing\/zinklegering<\/li>\n<li><strong>Varum\u00e4rke:<\/strong> ODM tillg\u00e4ngligt<\/li>\n<li><strong>Yta:<\/strong> Krom CP, Satin Chrome SC, Polerad M\u00e4ssing PB, Stain Brass SB, Polerad Nickel PN, Satin Nickel SN, Antique Brass AB, Oljegnidad brons ORB, Svart BL<\/li>\n<li><strong>Tillbeh\u00f6r:<\/strong>7,6mmx7,6mm x100mm Spindel x 1 st+M3,8x30mm Skruv x 4 st+2,5mm insexnyckel x 1 st<\/li>\n<li><strong>Ans\u00f6kan:<\/strong> Tr\u00e4\/metall, innerd\u00f6rr\/entr\u00e9d\u00f6rr, (35-50 mm)<\/li>\n<\/ul>\n<p>&nbsp;<\/p>","protected":false},"featured_media":796,"template":"","meta":{"nf_dc_page":""},"product_brand":[],"product_cat":[26,33],"product_tag":[28,29],"class_list":{"0":"post-1341","1":"product","2":"type-product","3":"status-publish","4":"has-post-thumbnail","6":"product_cat-door-handle-manufacturer","7":"product_cat-brass-door-handle","8":"product_tag-door-handle","9":"product_tag-door-knob","11":"first","12":"instock","13":"shipping-taxable","14":"product-type-simple"},"_links":{"self":[{"href":"https:\/\/amthy.com\/sv\/wp-json\/wp\/v2\/product\/1341","targetHints":{"allow":["GET"]}}],"collection":[{"href":"https:\/\/amthy.com\/sv\/wp-json\/wp\/v2\/product"}],"about":[{"href":"https:\/\/amthy.com\/sv\/wp-json\/wp\/v2\/types\/product"}],"wp:featuredmedia":[{"embeddable":true,"href":"https:\/\/amthy.com\/sv\/wp-json\/wp\/v2\/media\/796"}],"wp:attachment":[{"href":"https:\/\/amthy.com\/sv\/wp-json\/wp\/v2\/media?parent=1341"}],"wp:term":[{"taxonomy":"product_brand","embeddable":true,"href":"https:\/\/amthy.com\/sv\/wp-json\/wp\/v2\/product_brand?post=1341"},{"taxonomy":"product_cat","embeddable":true,"href":"https:\/\/amthy.com\/sv\/wp-json\/wp\/v2\/product_cat?post=1341"},{"taxonomy":"product_tag","embeddable":true,"href":"https:\/\/amthy.com\/sv\/wp-json\/wp\/v2\/product_tag?post=1341"}],"curies":[{"name":"wp","href":"https:\/\/api.w.org\/{rel}","templated":true}]}}