{"id":1500,"date":"2021-05-15T15:56:36","date_gmt":"2021-05-15T07:56:36","guid":{"rendered":"https:\/\/amthy.com\/?post_type=product&#038;p=1500"},"modified":"2022-05-26T17:12:00","modified_gmt":"2022-05-26T09:12:00","slug":"europrofile-cylinder-manufacturer-h500k","status":"publish","type":"product","link":"https:\/\/amthy.com\/sv\/product\/europrofile-cylinder-manufacturer-h500k\/","title":{"rendered":"Europrofile D\u00f6rrl\u00e5scylinder Tillverkare H500K"},"content":{"rendered":"<h2>Kostnadshemlighet<\/h2>\n<p><a href=\"https:\/\/amthy.com\/sv\/top-3-lock-manufacturers-contact\/\">Kontakta oss<\/a> f\u00f6r att f\u00e5 den senaste Europrofile cylinderl\u00e5skostnaden.<\/p>\n<p><iframe title=\"D\u00f6rrcylinderkostnad|Hitta kostnaden f\u00f6r europeisk prifill\u00e5scylinder fr\u00e5n kinesisk tillverkare\" width=\"1435\" height=\"807\" src=\"https:\/\/www.youtube.com\/embed\/9Lw0FD68w1c?feature=oembed\" frameborder=\"0\" allow=\"accelerometer; autoplay; clipboard-write; encrypted-media; gyroscope; picture-in-picture\" allowfullscreen><\/iframe><\/p>\n<h2><\/h2>\n<h2>Vilka vi \u00e4r?<\/h2>\n<p style=\"text-align: left;\">Amthy \u00e4r en Europrofil <a href=\"https:\/\/amthy.com\/sv\/product-category\/lock-cylinder\/\">Cylinder<\/a> Tillverkare och leverant\u00f6r fr\u00e5n Kina. Vi erbjuder normala <a href=\"https:\/\/en.wikipedia.org\/wiki\/Pin_tumbler_lock\" target=\"_blank\" rel=\"noopener\">cylindrar<\/a> f\u00f6r innerd\u00f6rrar och h\u00f6gs\u00e4kerhetscylindrar f\u00f6r ytterd\u00f6rrar. Som en topp 3-cylindrig tillverkare, \u00e4r 95.9% automatisk eller halvautomatisk anl\u00e4ggning antagen f\u00f6r att ers\u00e4tta manuellt arbete, f\u00f6r att minska kostnaderna och f\u00f6r att \u00f6ka effektiviteten. <span style=\"color: #ff0000;\"><span style=\"color: #000000;\">F\u00f6ljaktligen, <\/span><\/span>Mindre arbetskostnader ger alltid ett mer konkurrenskraftigt och attraktivt pris. Tack vare ovanst\u00e5ende f\u00f6rdelar, <em>Det \u00e4r vi nu villiga till <a href=\"https:\/\/www.youtube.com\/watch?v=9Lw0FD68w1c\" target=\"_blank\" rel=\"noopener\">avsl\u00f6ja och dela kostnaden<\/a> av normala cylindrar med k\u00f6pare<\/em>,<span style=\"color: #ff0000;\"> <span style=\"color: #000000;\">det vill s\u00e4ga, du kommer att f\u00e5 en tydlig sammans\u00e4ttning av enhetspriset, vilket inkluderar v\u00e5r 10% ren vinst<\/span><\/span><span style=\"color: #ff0000;\"><span style=\"color: #000000;\">.<\/span><\/span><\/p>\n<p style=\"text-align: left;\">Under tiden utvecklar v\u00e5rt FoU-team<em> Serierna S1000, S2000 och S3000<\/em> av H\u00d6GS\u00c4KERHET d\u00f6rrl\u00e5scylindrar i europrofil f\u00f6r h\u00f6gre marknadskrav. Den exklusiva tekniken i kombinationsstrukturen Wafers och Pins \u00f6kar s\u00e4kerhetsniv\u00e5n avsev\u00e4rt. Dessutom En Europrofil <a href=\"https:\/\/amthy.com\/sv\/product-category\/lock-cylinder\/\">Cylinder<\/a> Tillverkaren b\u00f6r alltid g\u00f6ra jobbet f\u00f6r k\u00f6parens huvudsakliga angel\u00e4genhet.<\/p>\n<p>&nbsp;<\/p>\n<h2 style=\"text-align: left;\">Vad \u00e4r Europrofile Lock Cylinder?<\/h2>\n<p><em><i>L\u00e5scylinder \u00e4r en l\u00e5skomponent som h\u00e5ller pluggen, st\u00e4lldonet och l\u00e5skomponenterna, den kan vara gjord av m\u00e4ssing, zinklegering, aluminium och rostfritt st\u00e5l. \u00c4ven om det oftast f\u00f6rknippas med stift-tumlar-designer, anv\u00e4nds cylindrar i m\u00e5nga andra, s\u00e5som wafer och disc-detainer. Den roterar f\u00f6r att driva insticksl\u00e5sets sp\u00e4rr och l\u00e5skolv med matchande nyckel.\u00a0<\/i><\/em>Europrofile Door Lock Cylinder \u00e4r hj\u00e4rtat i d\u00f6rren.<\/p>\n<p>&nbsp;<\/p>\n<h2>Varf\u00f6r oss? (<em>Europrofile Cylinder Tillverkare av AMTHY SECURITY<\/em>)<\/h2>\n<h3><strong>\u221aP\u00e5litlig kvalitet<\/strong><\/h3>\n<ul>\n<li>Professionellt QC-team \u00f6vervakar hela produktionen<\/li>\n<li>Strikt urval av samarbetspartners<\/li>\n<\/ul>\n<h3><strong>\u221aKonkurrenskraftigt pris<\/strong><\/h3>\n<ul>\n<li>R\u00e5vara i 3 m\u00e5naders lager f\u00f6r att minska risken f\u00f6r fluktuerande pris<\/li>\n<li>Automatisk och avancerad utrustning minskar den h\u00f6ga arbetskostnaden<\/li>\n<\/ul>\n<h3><strong>\u221a P\u00e5litlig service f\u00f6r \u00f6ver 20 l\u00e4nder.<\/strong><\/h3>\n<ul>\n<li>ODM\/OEM-tj\u00e4nst<\/li>\n<li>Ansvarig eftermarknadsservice<\/li>\n<\/ul>","protected":false},"excerpt":{"rendered":"<p>&nbsp;<\/p>\n<ul>\n<li><strong>Produktkod:<\/strong> H500K<\/li>\n<li><strong>L\u00e5smekanism:<\/strong> Pin Tumbler<\/li>\n<li><strong>Material av kroppen<\/strong><strong>:<\/strong> M\u00e4ssing\/Zinklegering\/Aluminium<\/li>\n<li><strong>Material av plugg<\/strong><strong>:<\/strong> M\u00e4ssing\/zinklegering<\/li>\n<li><strong>Varum\u00e4rke:<\/strong> ODM tillg\u00e4ngligt<\/li>\n<li><b>Profiltyp: <\/b>Euro<\/li>\n<li><strong>Profilstorlek:<\/strong>17*33*10 mm<\/li>\n<li><strong>Nyckel:<\/strong> M\u00e4ssing\/st\u00e5l &quot;S&quot; kilsp\u00e5r<\/li>\n<li><strong>Tillbeh\u00f6r:<\/strong>55 mm skruvar<\/li>\n<li><strong>Ans\u00f6kan:<\/strong> Tr\u00e4\/UPVC\/s\u00e4kerhetsd\u00f6rrar<\/li>\n<li><strong>Huvudnyckelsystem:<\/strong> Tillg\u00e4ngliga<\/li>\n<li><strong>Key Alike System:<\/strong> Tillg\u00e4ngliga<\/li>\n<li><strong>Anti-Drill funktion<\/strong>: Tillg\u00e4ngliga<\/li>\n<li><strong>Anti-snap-funktion: <\/strong>Tillg\u00e4ngliga<\/li>\n<li><strong><strong>EN1303 2005 Klassificering:<\/strong><\/strong><br \/>\n<table>\n<tbody>\n<tr>\n<td>1<\/td>\n<td>6<\/td>\n<td>0<\/td>\n<td>1<\/td>\n<td>0<\/td>\n<td>C<\/td>\n<td>5<\/td>\n<td>2<\/td>\n<\/tr>\n<\/tbody>\n<\/table>\n<\/li>\n<li><strong>Avsluta: <\/strong>M\u00e4ssing polerad (BP)\/Nickelpl\u00e4terad (NP)\/Satin Nickel (SN)\/Krompl\u00e4terad (CP)\/Antik m\u00e4ssing (AB)<\/li>\n<\/ul>\n<p>&nbsp;<\/p>","protected":false},"featured_media":1501,"template":"","meta":{"nf_dc_page":""},"product_brand":[],"product_cat":[25],"product_tag":[34,35],"class_list":{"0":"post-1500","1":"product","2":"type-product","3":"status-publish","4":"has-post-thumbnail","6":"product_cat-euro-profile-cylinder-manufacturer","7":"product_tag-door-cylinder","8":"product_tag-europrofile","10":"first","11":"instock","12":"shipping-taxable","13":"product-type-simple"},"_links":{"self":[{"href":"https:\/\/amthy.com\/sv\/wp-json\/wp\/v2\/product\/1500","targetHints":{"allow":["GET"]}}],"collection":[{"href":"https:\/\/amthy.com\/sv\/wp-json\/wp\/v2\/product"}],"about":[{"href":"https:\/\/amthy.com\/sv\/wp-json\/wp\/v2\/types\/product"}],"wp:featuredmedia":[{"embeddable":true,"href":"https:\/\/amthy.com\/sv\/wp-json\/wp\/v2\/media\/1501"}],"wp:attachment":[{"href":"https:\/\/amthy.com\/sv\/wp-json\/wp\/v2\/media?parent=1500"}],"wp:term":[{"taxonomy":"product_brand","embeddable":true,"href":"https:\/\/amthy.com\/sv\/wp-json\/wp\/v2\/product_brand?post=1500"},{"taxonomy":"product_cat","embeddable":true,"href":"https:\/\/amthy.com\/sv\/wp-json\/wp\/v2\/product_cat?post=1500"},{"taxonomy":"product_tag","embeddable":true,"href":"https:\/\/amthy.com\/sv\/wp-json\/wp\/v2\/product_tag?post=1500"}],"curies":[{"name":"wp","href":"https:\/\/api.w.org\/{rel}","templated":true}]}}