{"id":1879,"date":"2021-08-29T19:08:10","date_gmt":"2021-08-29T11:08:10","guid":{"rendered":"https:\/\/amthy.com\/?post_type=product&#038;p=1879"},"modified":"2023-05-26T19:51:48","modified_gmt":"2023-05-26T11:51:48","slug":"smart-lock-manufacturer-am-700","status":"publish","type":"product","link":"https:\/\/amthy.com\/sv\/product\/smart-lock-manufacturer-am-700\/","title":{"rendered":"Smart Lock AM-700"},"content":{"rendered":"<p>AMTHY 700 \u00e4r ett smart d\u00f6rrl\u00e5s som ger dig full kontroll \u00f6ver din hems\u00e4kerhet samtidigt som du f\u00e5r fullst\u00e4ndig sinnesfrid. Anv\u00e4nd en m\u00e4ngd olika s\u00e4tt att f\u00e5 tillg\u00e5ng till ditt hem, oavsett om det \u00e4r via pinkod och mekanisk nyckel. Du beh\u00f6ver inte oroa dig f\u00f6r att b\u00e4ra dina nycklar med dig. Allt du beh\u00f6ver \u00e4r din pinkod, du kan enkelt l\u00e5sa upp d\u00f6rren. Direktaff\u00e4rer fr\u00e5n Smart Door Cylinder Manufacturer. smart-lock-manufacturer-am-700.<a href=\"https:\/\/en.wikipedia.org\/wiki\/Lock\" target=\"_blank\" rel=\"noopener\">L\u00e5sa<\/a> och <a href=\"https:\/\/amthy.com\/sv\/product-category\/smart-lock\/\">Smart d\u00f6rrcylinder<\/a><\/p>\n<h2>Uppgradera enkelt ditt befintliga l\u00e5s:<\/h2>\n<p>G\u00f6r det sj\u00e4lv-v\u00e4nligt och enkelt att installera i st\u00e4llet f\u00f6r ditt befintliga cylinder och d\u00f6rrhandtag. Allt du beh\u00f6ver \u00e4r en skruvmejsel och ett m\u00e5ttband.<\/p>\n<h2><strong>Funktioner och F\u00f6rdelar:<\/strong><\/h2>\n<ul>\n<li>Keyless \u2013 Ger dig friheten att s\u00e4kra ditt hem utan att beh\u00f6va en nyckel<\/li>\n<li>Enkel att montera \u2013 L\u00e4mplig f\u00f6r de flesta PVC- och kompositd\u00f6rrar, skruvmejsel kr\u00e4vs<\/li>\n<li>L\u00e4tt att komma \u00e5t - 50 upps\u00e4ttningar pinkoder med 4-8 siffror finns tillg\u00e4ngliga.<\/li>\n<li>Batteridriven \u2013 4 x AA-batterier<\/li>\n<li>L\u00e4mplig f\u00f6r d\u00f6rrar med en tjocklek p\u00e5 mellan 35-55mm<\/li>\n<li>Finns i en rad olika ytbehandlingar \u2013 inklusive svart och silver<\/li>\n<\/ul>\n<h2>Varf\u00f6r oss? (Leverant\u00f6r av s\u00e4kerhetsd\u00f6rrcylinder i europrofilen <em>av AMTHY SECURITY<\/em>)<\/h2>\n<h3><strong>\u221aP\u00e5litlig kvalitet (Smart Lock Manufacturer AM-700)<\/strong><\/h3>\n<ul>\n<li>Professionellt QC-team \u00f6vervakar hela produktionen<\/li>\n<li>Strikt urval av samarbetspartners<\/li>\n<\/ul>\n<h3><strong>\u221aKonkurrenskraftigt pris<\/strong><\/h3>\n<ul>\n<li>R\u00e5vara i 3 m\u00e5naders lager f\u00f6r att minska risken f\u00f6r fluktuerande pris<\/li>\n<li>Automatisk och avancerad utrustning minskar den h\u00f6ga arbetskostnaden<\/li>\n<\/ul>\n<h3><strong>\u221a P\u00e5litlig service f\u00f6r \u00f6ver 20 l\u00e4nder.<\/strong><\/h3>\n<ul>\n<li>ODM\/OEM-tj\u00e4nst<\/li>\n<li>Ansvarig eftermarknadsservice<\/li>\n<\/ul>","protected":false},"excerpt":{"rendered":"<ul>\n<li><strong>Produktkod:<\/strong> AM-700<\/li>\n<li><strong>Material<\/strong><strong>:<\/strong> Zink Alloy<\/li>\n<li><strong>L\u00e5skropp:<\/strong> Enkel sp\u00e4rr<\/li>\n<li><strong>Backset<\/strong>: 60 mm<\/li>\n<li><strong>Varum\u00e4rke:<\/strong> ODM tillg\u00e4ngligt<\/li>\n<li><strong>Ans\u00f6kan:<\/strong> Tr\u00e4\/UPVC\/s\u00e4kerhetsd\u00f6rrar<\/li>\n<li><strong>Batteri<\/strong>: 4*AA<\/li>\n<li><strong>D\u00f6rrtjocklek:<\/strong>35-55 mm<\/li>\n<li><b>Uppl\u00e5sningsl\u00e4ge: <\/b>L\u00f6senord\/mekanisk nyckel<\/li>\n<\/ul>","protected":false},"featured_media":1880,"template":"","meta":{"nf_dc_page":""},"product_brand":[],"product_cat":[55],"product_tag":[],"class_list":{"0":"post-1879","1":"product","2":"type-product","3":"status-publish","4":"has-post-thumbnail","6":"product_cat-smart-lock","8":"first","9":"instock","10":"shipping-taxable","11":"product-type-simple"},"_links":{"self":[{"href":"https:\/\/amthy.com\/sv\/wp-json\/wp\/v2\/product\/1879","targetHints":{"allow":["GET"]}}],"collection":[{"href":"https:\/\/amthy.com\/sv\/wp-json\/wp\/v2\/product"}],"about":[{"href":"https:\/\/amthy.com\/sv\/wp-json\/wp\/v2\/types\/product"}],"wp:featuredmedia":[{"embeddable":true,"href":"https:\/\/amthy.com\/sv\/wp-json\/wp\/v2\/media\/1880"}],"wp:attachment":[{"href":"https:\/\/amthy.com\/sv\/wp-json\/wp\/v2\/media?parent=1879"}],"wp:term":[{"taxonomy":"product_brand","embeddable":true,"href":"https:\/\/amthy.com\/sv\/wp-json\/wp\/v2\/product_brand?post=1879"},{"taxonomy":"product_cat","embeddable":true,"href":"https:\/\/amthy.com\/sv\/wp-json\/wp\/v2\/product_cat?post=1879"},{"taxonomy":"product_tag","embeddable":true,"href":"https:\/\/amthy.com\/sv\/wp-json\/wp\/v2\/product_tag?post=1879"}],"curies":[{"name":"wp","href":"https:\/\/api.w.org\/{rel}","templated":true}]}}