{"id":1910,"date":"2021-08-29T20:38:47","date_gmt":"2021-08-29T12:38:47","guid":{"rendered":"https:\/\/amthy.com\/?post_type=product&#038;p=1910"},"modified":"2021-12-27T22:13:02","modified_gmt":"2021-12-27T14:13:02","slug":"smart-deadbolt-manufacturer","status":"publish","type":"product","link":"https:\/\/amthy.com\/sv\/product\/smart-deadbolt-manufacturer\/","title":{"rendered":"Smart Lock AM1000"},"content":{"rendered":"<p><img fetchpriority=\"high\" decoding=\"async\" class=\"wp-image-2034 aligncenter\" src=\"https:\/\/amthy.com\/wp-content\/uploads\/2021\/08\/AM400-300x35.jpg\" alt=\"Leverant\u00f6r av smarta l\u00e5s\" width=\"1003\" height=\"117\" title=\"\" srcset=\"https:\/\/amthy.com\/wp-content\/uploads\/2021\/08\/AM400-300x35.jpg 300w, https:\/\/amthy.com\/wp-content\/uploads\/2021\/08\/AM400-600x71.jpg 600w, https:\/\/amthy.com\/wp-content\/uploads\/2021\/08\/AM400-1024x120.jpg 1024w, https:\/\/amthy.com\/wp-content\/uploads\/2021\/08\/AM400-768x90.jpg 768w, https:\/\/amthy.com\/wp-content\/uploads\/2021\/08\/AM400-1536x181.jpg 1536w, https:\/\/amthy.com\/wp-content\/uploads\/2021\/08\/AM400-2048x241.jpg 2048w, https:\/\/amthy.com\/wp-content\/uploads\/2021\/08\/AM400-18x2.jpg 18w\" sizes=\"(max-width: 1003px) 100vw, 1003px\" \/><\/p>\n<p>(tillverkare av smarta deadbolt) AMTHY AM1000 \u00e4r en <a href=\"https:\/\/amthy.com\/sv\/product-category\/smart-lock\/\">smart l\u00e5s<\/a> som ger dig full kontroll \u00f6ver din hems\u00e4kerhet samtidigt som du f\u00e5r fullst\u00e4ndig sinnesfrid. Anv\u00e4nd en m\u00e4ngd olika s\u00e4tt att f\u00e5 tillg\u00e5ng till ditt hem oavsett om det \u00e4r via fingeravtryck, telefon Bluetooth eller via wifi-modulen f\u00f6r fj\u00e4rrkontroll. Med AMTHY digitala d\u00f6rrl\u00e5s kan du skicka virtuella nycklar till anv\u00e4ndare s\u00e5 att v\u00e4nner och familj kan f\u00e5 tillg\u00e5ng till ditt hus om du inte \u00e4r i n\u00e4rheten. N\u00e4r de har f\u00e5tt \u00e5tkomst kan du hantera vem som kan komma in p\u00e5 din egendom genom att inaktivera eller ta bort anv\u00e4ndare via telefonappen. Virtuella nycklar kan schemal\u00e4ggas eller g\u00f6ras permanenta f\u00f6r ultimat kontroll \u00f6ver ditt hem eller din egendom. Du kan ocks\u00e5 \u00f6vervaka vem som kommer och vem som g\u00e5r s\u00e5 att du vet n\u00e4r dina n\u00e4ra och k\u00e4ra \u00e4r s\u00e4kert hemma. Du kan till och med f\u00e5 ett meddelande som informerar dig n\u00e4r n\u00e5gon kommer hem. Du beh\u00f6ver inte oroa dig f\u00f6r att b\u00e4ra dina nycklar med dig. Allt du beh\u00f6ver \u00e4r din smartphone och med ett tryck kan du enkelt l\u00e5sa upp d\u00f6rren. Enheten anv\u00e4nder krypterad Bluetooth smart teknik s\u00e5 det smarta l\u00e5set \u00e4r inte beroende av n\u00e4tverksmottagning. G\u00f6r ditt smarta l\u00e5s \u00e4nnu smartare genom att ansluta en av v\u00e5ra l\u00e5smoduler. Direktaff\u00e4rer fr\u00e5n Smart Door Cylinder Manufacturer. <a href=\"https:\/\/en.wikipedia.org\/wiki\/Lock\" target=\"_blank\" rel=\"noopener\">L\u00e5sa<\/a> och smart bulttillverkare<\/p>\n<h2>Varf\u00f6r oss? (tillverkare av smarta deadbolt)<\/h2>\n<h3><strong>\u221aP\u00e5litlig kvalitet (tillverkare av smarta deadbolt)<\/strong><\/h3>\n<ul>\n<li>Professionellt QC-team \u00f6vervakar hela produktionen<\/li>\n<li>Strikt urval av samarbetspartners<\/li>\n<\/ul>\n<h3><strong>\u221aKonkurrenskraftigt pris<\/strong><\/h3>\n<ul>\n<li>R\u00e5vara i 3 m\u00e5naders lager f\u00f6r att minska risken f\u00f6r fluktuerande pris<\/li>\n<li>Automatisk och avancerad utrustning minskar den h\u00f6ga arbetskostnaden<\/li>\n<\/ul>\n<h3><strong>\u221a P\u00e5litlig service f\u00f6r \u00f6ver 20 l\u00e4nder.<\/strong><\/h3>\n<ul>\n<li>ODM\/OEM-tj\u00e4nst<\/li>\n<li>Ansvarig eftermarknadsservice<\/li>\n<\/ul>","protected":false},"excerpt":{"rendered":"<ul>\n<li><strong>Produktkod:<\/strong> AM-AM1000<\/li>\n<li><strong>Material<\/strong><strong>:<\/strong> Aluminium<\/li>\n<li><strong>L\u00e5skropp:<\/strong> Deadbolt<\/li>\n<li><strong>Backset<\/strong>: 60\/70 mm<\/li>\n<li><strong>Varum\u00e4rke:<\/strong> ODM tillg\u00e4ngligt<\/li>\n<li><strong>Ans\u00f6kan:<\/strong> Tr\u00e4\/UPVC\/s\u00e4kerhetsd\u00f6rrar<\/li>\n<li><strong>Batteri<\/strong>: 4*1,5v<\/li>\n<li><strong>D\u00f6rrtjocklek:<\/strong>30-65 mm<\/li>\n<li><b>Uppl\u00e5sningsl\u00e4ge: <\/b>Fingeravtryck\/l\u00f6senkod\/ID-kort\/mekanisk nyckel\/Bluetooth\/Wifi<\/li>\n<\/ul>","protected":false},"featured_media":2147,"template":"","meta":{"nf_dc_page":""},"product_brand":[],"product_cat":[55],"product_tag":[],"class_list":{"0":"post-1910","1":"product","2":"type-product","3":"status-publish","4":"has-post-thumbnail","6":"product_cat-smart-lock","8":"first","9":"instock","10":"shipping-taxable","11":"product-type-simple"},"_links":{"self":[{"href":"https:\/\/amthy.com\/sv\/wp-json\/wp\/v2\/product\/1910","targetHints":{"allow":["GET"]}}],"collection":[{"href":"https:\/\/amthy.com\/sv\/wp-json\/wp\/v2\/product"}],"about":[{"href":"https:\/\/amthy.com\/sv\/wp-json\/wp\/v2\/types\/product"}],"wp:featuredmedia":[{"embeddable":true,"href":"https:\/\/amthy.com\/sv\/wp-json\/wp\/v2\/media\/2147"}],"wp:attachment":[{"href":"https:\/\/amthy.com\/sv\/wp-json\/wp\/v2\/media?parent=1910"}],"wp:term":[{"taxonomy":"product_brand","embeddable":true,"href":"https:\/\/amthy.com\/sv\/wp-json\/wp\/v2\/product_brand?post=1910"},{"taxonomy":"product_cat","embeddable":true,"href":"https:\/\/amthy.com\/sv\/wp-json\/wp\/v2\/product_cat?post=1910"},{"taxonomy":"product_tag","embeddable":true,"href":"https:\/\/amthy.com\/sv\/wp-json\/wp\/v2\/product_tag?post=1910"}],"curies":[{"name":"wp","href":"https:\/\/api.w.org\/{rel}","templated":true}]}}