{"id":1925,"date":"2021-08-29T20:56:13","date_gmt":"2021-08-29T12:56:13","guid":{"rendered":"https:\/\/amthy.com\/?post_type=product&#038;p=1925"},"modified":"2023-05-26T19:50:53","modified_gmt":"2023-05-26T11:50:53","slug":"smart-lock-manufacturer-am-p100","status":"publish","type":"product","link":"https:\/\/amthy.com\/sv\/product\/smart-lock-manufacturer-am-p100\/","title":{"rendered":"Smart Lock AM-P100"},"content":{"rendered":"<p><img fetchpriority=\"high\" decoding=\"async\" class=\"alignnone wp-image-2034\" src=\"https:\/\/amthy.com\/wp-content\/uploads\/2021\/08\/AM400-300x35.jpg\" alt=\"amthy\" width=\"994\" height=\"116\" title=\"\" srcset=\"https:\/\/amthy.com\/wp-content\/uploads\/2021\/08\/AM400-300x35.jpg 300w, https:\/\/amthy.com\/wp-content\/uploads\/2021\/08\/AM400-600x71.jpg 600w, https:\/\/amthy.com\/wp-content\/uploads\/2021\/08\/AM400-1024x120.jpg 1024w, https:\/\/amthy.com\/wp-content\/uploads\/2021\/08\/AM400-768x90.jpg 768w, https:\/\/amthy.com\/wp-content\/uploads\/2021\/08\/AM400-1536x181.jpg 1536w, https:\/\/amthy.com\/wp-content\/uploads\/2021\/08\/AM400-2048x241.jpg 2048w, https:\/\/amthy.com\/wp-content\/uploads\/2021\/08\/AM400-18x2.jpg 18w\" sizes=\"(max-width: 994px) 100vw, 994px\" \/><\/p>\n<p>&nbsp;<\/p>\n<p>AMTHY P100 \u00e4r ett smart d\u00f6rrl\u00e5s som ger dig full kontroll \u00f6ver din hems\u00e4kerhet samtidigt som du f\u00e5r fullst\u00e4ndig sinnesfrid. Anv\u00e4nd en m\u00e4ngd olika s\u00e4tt att f\u00e5 tillg\u00e5ng till ditt hem oavsett om det \u00e4r via l\u00f6senord, fingeravtryck, kortnyckel, telefon Bluetooth eller via wifi-modulen f\u00f6r fj\u00e4rrkontroll. Med AMTHY digitala d\u00f6rrl\u00e5s kan du skicka virtuella nycklar till anv\u00e4ndare s\u00e5 att v\u00e4nner och familj kan f\u00e5 tillg\u00e5ng till ditt hus om du inte \u00e4r i n\u00e4rheten. N\u00e4r de har f\u00e5tt \u00e5tkomst kan du hantera vem som kan komma in p\u00e5 din egendom genom att inaktivera eller ta bort anv\u00e4ndare via telefonappen. Virtuella nycklar kan schemal\u00e4ggas eller g\u00f6ras permanenta f\u00f6r ultimat kontroll \u00f6ver ditt hem eller din egendom. Du kan ocks\u00e5 \u00f6vervaka vem som kommer och vem som g\u00e5r s\u00e5 att du vet n\u00e4r dina n\u00e4ra och k\u00e4ra \u00e4r s\u00e4kert hemma. Du kan till och med f\u00e5 ett meddelande som informerar dig n\u00e4r n\u00e5gon kommer hem. Du beh\u00f6ver inte oroa dig f\u00f6r att b\u00e4ra dina nycklar med dig. Allt du beh\u00f6ver \u00e4r din smartphone och med ett tryck kan du enkelt l\u00e5sa upp d\u00f6rren. Enheten anv\u00e4nder krypterad Bluetooth smart teknik s\u00e5 det smarta l\u00e5set \u00e4r inte beroende av n\u00e4tverksmottagning. G\u00f6r ditt smarta l\u00e5s \u00e4nnu smartare genom att ansluta en av v\u00e5ra l\u00e5smoduler. Direct Business fr\u00e5n Smart Door Lock Manufacturer. <a href=\"https:\/\/en.wikipedia.org\/wiki\/Lock\" target=\"_blank\" rel=\"noopener\">L\u00e5sa<\/a> och <a href=\"https:\/\/amthy.com\/sv\/product-category\/smart-lock\/\">Smart Lock Tillverkare AM-P100<\/a><\/p>\n<p><strong>Funktioner och F\u00f6rdelar:<\/strong><\/p>\n<ul>\n<li>Keyless \u2013 Ger dig friheten att s\u00e4kra ditt hem utan att beh\u00f6va en nyckel<\/li>\n<li>Enkel att montera \u2013 L\u00e4mplig f\u00f6r de flesta PVC- och kompositd\u00f6rrar, skruvmejsel kr\u00e4vs<\/li>\n<li>Enkel att montera - <strong>Inget behov av att \u00e4ndra hela l\u00e5set<\/strong> men byt bara ut cylindern utan d\u00f6rrskador. Enkel installation.<\/li>\n<li>Batteridriven \u2013 3 x AAA-batterier, varning ges n\u00e4r batterierna b\u00f6rjar ta slut<\/li>\n<li>L\u00e4mplig f\u00f6r d\u00f6rrar med en tjocklek p\u00e5 mellan 60-100mm<\/li>\n<li>Finns i en rad olika ytbehandlingar \u2013 inklusive svart och silver<\/li>\n<\/ul>\n<p>&nbsp;<\/p>\n<h2>Varf\u00f6r oss? (Leverant\u00f6r av s\u00e4kerhetsd\u00f6rrcylinder i europrofilen <em>av AMTHY SECURITY<\/em>)<\/h2>\n<h3><strong>\u221aP\u00e5litlig kvalitet (Smart Lock Tillverkare AM-P100)<\/strong><\/h3>\n<ul>\n<li>Professionellt QC-team \u00f6vervakar hela produktionen<\/li>\n<li>Strikt urval av samarbetspartners<\/li>\n<\/ul>\n<h3><strong>\u221aKonkurrenskraftigt pris<\/strong><\/h3>\n<ul>\n<li>R\u00e5vara i 3 m\u00e5naders lager f\u00f6r att minska risken f\u00f6r fluktuerande pris<\/li>\n<li>Automatisk och avancerad utrustning minskar den h\u00f6ga arbetskostnaden<\/li>\n<\/ul>\n<h3><strong>\u221a P\u00e5litlig service f\u00f6r \u00f6ver 20 l\u00e4nder.<\/strong><\/h3>\n<ul>\n<li>ODM\/OEM-tj\u00e4nst<\/li>\n<li>Ansvarig eftermarknadsservice<\/li>\n<\/ul>","protected":false},"excerpt":{"rendered":"<ul>\n<li><strong>Produktkod:<\/strong> AM-P100<\/li>\n<li><strong>Material av handtag<\/strong><strong>:<\/strong> Rostfritt st\u00e5l 304<\/li>\n<li><strong>Varum\u00e4rke:<\/strong> ODM tillg\u00e4ngligt<\/li>\n<li><strong>Tallrikstorlek:<\/strong>\u00a0303*43 mm<\/li>\n<li><strong>Tillbeh\u00f6r:<\/strong>55 mm skruvar<\/li>\n<li><strong>D\u00f6rrtjocklek:<\/strong>30-70 mm<\/li>\n<li><strong>Ans\u00f6kan:<\/strong> Tr\u00e4\/UPVC\/s\u00e4kerhetsd\u00f6rrar<\/li>\n<li><strong>Batteri<\/strong>: USB-laddningsbar (6 m\u00e5nader)<\/li>\n<li><b>Uppl\u00e5sningsl\u00e4ge:<\/b> Fingeravtryck\/app\/mekanisk nyckel\/l\u00f6senkod\/kortnyckel<\/li>\n<\/ul>","protected":false},"featured_media":2177,"template":"","meta":{"nf_dc_page":""},"product_brand":[],"product_cat":[55],"product_tag":[],"class_list":{"0":"post-1925","1":"product","2":"type-product","3":"status-publish","4":"has-post-thumbnail","6":"product_cat-smart-lock","8":"first","9":"instock","10":"shipping-taxable","11":"product-type-simple"},"_links":{"self":[{"href":"https:\/\/amthy.com\/sv\/wp-json\/wp\/v2\/product\/1925","targetHints":{"allow":["GET"]}}],"collection":[{"href":"https:\/\/amthy.com\/sv\/wp-json\/wp\/v2\/product"}],"about":[{"href":"https:\/\/amthy.com\/sv\/wp-json\/wp\/v2\/types\/product"}],"wp:featuredmedia":[{"embeddable":true,"href":"https:\/\/amthy.com\/sv\/wp-json\/wp\/v2\/media\/2177"}],"wp:attachment":[{"href":"https:\/\/amthy.com\/sv\/wp-json\/wp\/v2\/media?parent=1925"}],"wp:term":[{"taxonomy":"product_brand","embeddable":true,"href":"https:\/\/amthy.com\/sv\/wp-json\/wp\/v2\/product_brand?post=1925"},{"taxonomy":"product_cat","embeddable":true,"href":"https:\/\/amthy.com\/sv\/wp-json\/wp\/v2\/product_cat?post=1925"},{"taxonomy":"product_tag","embeddable":true,"href":"https:\/\/amthy.com\/sv\/wp-json\/wp\/v2\/product_tag?post=1925"}],"curies":[{"name":"wp","href":"https:\/\/api.w.org\/{rel}","templated":true}]}}