{"id":1942,"date":"2021-08-31T16:53:46","date_gmt":"2021-08-31T08:53:46","guid":{"rendered":"https:\/\/amthy.com\/?post_type=product&#038;p=1942"},"modified":"2023-05-26T19:50:21","modified_gmt":"2023-05-26T11:50:21","slug":"smart-door-cylinder-am-400","status":"publish","type":"product","link":"https:\/\/amthy.com\/sv\/product\/smart-door-cylinder-am-400\/","title":{"rendered":"Smart d\u00f6rrcylinder AM-400"},"content":{"rendered":"<p><img fetchpriority=\"high\" decoding=\"async\" class=\"wp-image-2024 aligncenter\" src=\"https:\/\/amthy.com\/wp-content\/uploads\/2021\/08\/AM4001-300x218.jpg\" alt=\"amthy\" width=\"994\" height=\"722\" title=\"\" srcset=\"https:\/\/amthy.com\/wp-content\/uploads\/2021\/08\/AM4001-300x218.jpg 300w, https:\/\/amthy.com\/wp-content\/uploads\/2021\/08\/AM4001-600x436.jpg 600w, https:\/\/amthy.com\/wp-content\/uploads\/2021\/08\/AM4001-1024x745.jpg 1024w, https:\/\/amthy.com\/wp-content\/uploads\/2021\/08\/AM4001-768x559.jpg 768w, https:\/\/amthy.com\/wp-content\/uploads\/2021\/08\/AM4001-1536x1117.jpg 1536w, https:\/\/amthy.com\/wp-content\/uploads\/2021\/08\/AM4001-2048x1489.jpg 2048w, https:\/\/amthy.com\/wp-content\/uploads\/2021\/08\/AM4001-18x12.jpg 18w\" sizes=\"(max-width: 994px) 100vw, 994px\" \/><\/p>\n<p><iframe title=\"Smart Lock Cylinder| AM-400 \u00e4r det smarta l\u00e5set f\u00f6r Fingerprint and Phone APP\/Pin-kod och IC-kort.\" width=\"1435\" height=\"807\" src=\"https:\/\/www.youtube.com\/embed\/BSfQK6yR4_Y?feature=oembed\" frameborder=\"0\" allow=\"accelerometer; autoplay; clipboard-write; encrypted-media; gyroscope; picture-in-picture\" allowfullscreen><\/iframe><\/p>\n<p>AMTHY 400 \u00e4r ett smart d\u00f6rrl\u00e5s som ger dig full kontroll \u00f6ver din hems\u00e4kerhet samtidigt som du f\u00e5r fullst\u00e4ndig sinnesfrid. Anv\u00e4nd en m\u00e4ngd olika s\u00e4tt att f\u00e5 tillg\u00e5ng till ditt hem oavsett om det \u00e4r via fingeravtryck, telefon Bluetooth eller via wifi-modulen f\u00f6r fj\u00e4rrkontroll. Med AMTHY digitala d\u00f6rrl\u00e5s kan du skicka virtuella nycklar till anv\u00e4ndare s\u00e5 att v\u00e4nner och familj kan f\u00e5 tillg\u00e5ng till ditt hus om du inte \u00e4r i n\u00e4rheten. N\u00e4r de har f\u00e5tt \u00e5tkomst kan du hantera vem som kan komma in p\u00e5 din egendom genom att inaktivera eller ta bort anv\u00e4ndare via telefonappen. Virtuella nycklar kan schemal\u00e4ggas eller g\u00f6ras permanenta f\u00f6r ultimat kontroll \u00f6ver ditt hem eller din egendom. Du kan ocks\u00e5 \u00f6vervaka vem som kommer och vem som g\u00e5r s\u00e5 att du vet n\u00e4r dina n\u00e4ra och k\u00e4ra \u00e4r s\u00e4kert hemma. Du kan till och med f\u00e5 ett meddelande som informerar dig n\u00e4r n\u00e5gon kommer hem. Du beh\u00f6ver inte oroa dig f\u00f6r att b\u00e4ra dina nycklar med dig. Allt du beh\u00f6ver \u00e4r din smartphone och med ett tryck kan du enkelt l\u00e5sa upp d\u00f6rren. Enheten anv\u00e4nder krypterad Bluetooth smart teknik s\u00e5 det smarta l\u00e5set \u00e4r inte beroende av n\u00e4tverksmottagning. G\u00f6r ditt smarta l\u00e5s \u00e4nnu smartare genom att ansluta en av v\u00e5ra l\u00e5smoduler. Direktaff\u00e4rer fr\u00e5n Smart Door Cylinder Manufacturer. <a href=\"https:\/\/en.wikipedia.org\/wiki\/Lock\" target=\"_blank\" rel=\"noopener\">L\u00e5sa<\/a> och <a href=\"https:\/\/amthy.com\/sv\/product-category\/smart-lock\/\">Smart d\u00f6rrcylinder<\/a><\/p>\n<p><strong>Funktioner och f\u00f6rdelar (Smart Door Cylinder):<\/strong><\/p>\n<ul>\n<li>Keyless \u2013 Ger dig friheten att s\u00e4kra ditt hem utan att beh\u00f6va en nyckel<\/li>\n<li>Enkel att montera \u2013 L\u00e4mplig f\u00f6r de flesta PVC- och kompositd\u00f6rrar, skruvmejsel kr\u00e4vs<\/li>\n<li>Enkel att montera - <strong>Inget behov av att \u00e4ndra hela l\u00e5set<\/strong> men byt bara ut cylindern utan d\u00f6rrskador. Enkel installation.<\/li>\n<li>Batteridriven \u2013 3 x AAA-batterier, varning ges n\u00e4r batterierna b\u00f6rjar ta slut<\/li>\n<li>L\u00e4mplig f\u00f6r d\u00f6rrar med en tjocklek p\u00e5 mellan 60-100mm<\/li>\n<li>Finns i en rad olika ytbehandlingar \u2013 inklusive svart och silver<\/li>\n<\/ul>\n<p><img decoding=\"async\" class=\"aligncenter wp-image-2023\" src=\"https:\/\/amthy.com\/wp-content\/uploads\/2021\/08\/AM400.1-300x107.jpg\" alt=\"Smart d\u00f6rrcylinder\" width=\"1001\" height=\"357\" title=\"\" srcset=\"https:\/\/amthy.com\/wp-content\/uploads\/2021\/08\/AM400.1-300x107.jpg 300w, https:\/\/amthy.com\/wp-content\/uploads\/2021\/08\/AM400.1-600x214.jpg 600w, https:\/\/amthy.com\/wp-content\/uploads\/2021\/08\/AM400.1-1024x365.jpg 1024w, https:\/\/amthy.com\/wp-content\/uploads\/2021\/08\/AM400.1-768x274.jpg 768w, https:\/\/amthy.com\/wp-content\/uploads\/2021\/08\/AM400.1-1536x548.jpg 1536w, https:\/\/amthy.com\/wp-content\/uploads\/2021\/08\/AM400.1-2048x730.jpg 2048w, https:\/\/amthy.com\/wp-content\/uploads\/2021\/08\/AM400.1-18x6.jpg 18w\" sizes=\"(max-width: 1001px) 100vw, 1001px\" \/><\/p>\n<p>&nbsp;<\/p>\n<hr \/>\n<p>&nbsp;<\/p>","protected":false},"excerpt":{"rendered":"<ul>\n<li><strong>Produktkod:<\/strong> AM-400<\/li>\n<li><strong>Material<\/strong><strong>:<\/strong>\u00a0M\u00e4ssing<\/li>\n<li><strong>Profil\u00a0<\/strong>Storlek: 17*33*10mm<\/li>\n<li><strong>Varum\u00e4rke:<\/strong>\u00a0ODM tillg\u00e4ngligt<\/li>\n<li><strong>Ans\u00f6kan:<\/strong>\u00a0Tr\u00e4\/UPVC\/s\u00e4kerhetsd\u00f6rrar<\/li>\n<li><strong>Batteri<\/strong>: 3*AAA (exkluderat)<\/li>\n<li><strong>D\u00f6rrtjocklek:<\/strong>60-100 mm<\/li>\n<li><strong>Driftstemperatur:<\/strong>-20\u00baC till +55\u00baC<\/li>\n<li><strong>Vattent\u00e4t: <\/strong>IP54<\/li>\n<li><b>Uppl\u00e5sningsl\u00e4ge: <\/b>Fingeravtryck\/L\u00f6senkod\/Kortnyckel\/Bluetooth\/Fj\u00e4rrkontroll via Wifi-modul\/Mekanisk nyckel<\/li>\n<\/ul>","protected":false},"featured_media":1943,"template":"","meta":{"nf_dc_page":""},"product_brand":[],"product_cat":[55,25],"product_tag":[],"class_list":{"0":"post-1942","1":"product","2":"type-product","3":"status-publish","4":"has-post-thumbnail","6":"product_cat-smart-lock","7":"product_cat-euro-profile-cylinder-manufacturer","9":"first","10":"instock","11":"shipping-taxable","12":"product-type-simple"},"_links":{"self":[{"href":"https:\/\/amthy.com\/sv\/wp-json\/wp\/v2\/product\/1942","targetHints":{"allow":["GET"]}}],"collection":[{"href":"https:\/\/amthy.com\/sv\/wp-json\/wp\/v2\/product"}],"about":[{"href":"https:\/\/amthy.com\/sv\/wp-json\/wp\/v2\/types\/product"}],"wp:featuredmedia":[{"embeddable":true,"href":"https:\/\/amthy.com\/sv\/wp-json\/wp\/v2\/media\/1943"}],"wp:attachment":[{"href":"https:\/\/amthy.com\/sv\/wp-json\/wp\/v2\/media?parent=1942"}],"wp:term":[{"taxonomy":"product_brand","embeddable":true,"href":"https:\/\/amthy.com\/sv\/wp-json\/wp\/v2\/product_brand?post=1942"},{"taxonomy":"product_cat","embeddable":true,"href":"https:\/\/amthy.com\/sv\/wp-json\/wp\/v2\/product_cat?post=1942"},{"taxonomy":"product_tag","embeddable":true,"href":"https:\/\/amthy.com\/sv\/wp-json\/wp\/v2\/product_tag?post=1942"}],"curies":[{"name":"wp","href":"https:\/\/api.w.org\/{rel}","templated":true}]}}