{"id":1341,"date":"2021-05-12T19:50:51","date_gmt":"2021-05-12T11:50:51","guid":{"rendered":"https:\/\/amthy.com\/?post_type=product&#038;p=1341"},"modified":"2021-10-19T16:51:47","modified_gmt":"2021-10-19T08:51:47","slug":"brass-door-handle-supplier","status":"publish","type":"product","link":"https:\/\/amthy.com\/tr\/product\/brass-door-handle-supplier\/","title":{"rendered":"Kap\u0131 Kolu AM-816"},"content":{"rendered":"<h2>Biz Kimiz? (<a href=\"https:\/\/amthy.com\/wp-content\/uploads\/2021\/10\/AMTHY-Brass-Handle.pdf\">Pirin\u00e7 kap\u0131 kolu<\/a> Tedarik\u00e7i)<\/h2>\n<p style=\"text-align: left;\">Amthy bir <a href=\"https:\/\/en.wikipedia.org\/wiki\/Door_handle\" target=\"_blank\" rel=\"noopener\">kap\u0131 kolu<\/a> Amthy, \u00c7in'den bir kap\u0131 kolu \u015firketi ve \u00fcreticisidir. \u00dcr\u00fcn yelpazemizde \u00e7inko ala\u015f\u0131m\u0131, pirin\u00e7, paslanmaz \u00e7elik ve al\u00fcminyum malzemeler bulunmaktad\u0131r. Krom ve siyah kap\u0131 kolu tak\u0131mlar\u0131, i\u00e7 oda kap\u0131lar\u0131 i\u00e7in olduk\u00e7a pop\u00fclerdir, bu arada paslanmaz \u00e7elik kap\u0131 kolu, ticari uygulamalar i\u00e7in memnuniyetle kar\u015f\u0131lanmaktad\u0131r. \u0130malat s\u0131ras\u0131nda en \u00e7ok polisaj ve elektrokaplama KAL\u0130TE'yi etkiler. Profesyonel bir kap\u0131 kilidi \u00fcreticisi ve tedarik\u00e7isi olarak, manuel ve otomatik olarak s\u0131k\u0131 bir cilalama yap\u0131yoruz. Y\u00fczey elektroliz tabakas\u0131 i\u00e7in \u00fcr\u00fcnlerimiz, tuz p\u00fcsk\u00fcrtme testi s\u0131ras\u0131nda 72 saatten fazla bak\u0131m yapar. Bu nedenle, sanatsal tasar\u0131m\u0131m\u0131z ve sayg\u0131l\u0131 hizmetimiz, bizi \u00c7in'deki en iyi kap\u0131 kolu \u015firketlerinden biri haline getiriyor.<\/p>\n<h2 style=\"text-align: left;\">Kap\u0131 Kolu Nedir?<\/h2>\n<p>Tay n\u1eafm c\u1eeda hay tay n\u1eafm c\u1eeda l\u00e0 m\u1ed9t c\u00f4ng c\u1ee5 d\u00f9ng \u0111\u1ec3 m\u1edf ho\u1eb7c \u0111\u00f3ng c\u1eeda. N\u00f3 c\u00f3 th\u1ec3 \u0111\u01b0\u1ee3c t\u00ecm th\u1ea5y tr\u00ean t\u1ea5t c\u1ea3 c\u00e1c lo\u1ea1i c\u1eeda bao g\u1ed3m c\u1ea3 c\u1eeda b\u00ean ngo\u00e0i v\u00e0 b\u00ean trong cho c\u00e1c t\u00f2a nh\u00e0 d\u00e2n c\u01b0 v\u00e0 th\u01b0\u01a1ng m\u1ea1i, B\u00ean c\u1ea1nh \u0111\u00f3 n\u00f3 ph\u1ea3i k\u1ebft h\u1ee3p c\u00e1c c\u01a1 ch\u1ebf ch\u1ed1t ho\u1eb7c kh\u00f3a. Ch\u1eb3ng h\u1ea1n nh\u01b0 th\u00e2n kh\u00f3a l\u1ed7 m\u1ed9ng v\u00e0 tr\u1ee5 kh\u00f3a c\u1eeda.<\/p>\n<p>&nbsp;<\/p>\n<p><img fetchpriority=\"high\" decoding=\"async\" class=\"wp-image-938 aligncenter\" src=\"https:\/\/amthy.com\/wp-content\/uploads\/2021\/05\/Design_PC-300x187.jpg\" alt=\"Pirin\u00e7 Kap\u0131 Kolu Tedarik\u00e7isi\" width=\"419\" height=\"261\" title=\"\" srcset=\"https:\/\/amthy.com\/wp-content\/uploads\/2021\/05\/Design_PC-300x187.jpg 300w, https:\/\/amthy.com\/wp-content\/uploads\/2021\/05\/Design_PC-600x374.jpg 600w, https:\/\/amthy.com\/wp-content\/uploads\/2021\/05\/Design_PC-768x478.jpg 768w, https:\/\/amthy.com\/wp-content\/uploads\/2021\/05\/Design_PC.jpg 928w\" sizes=\"(max-width: 419px) 100vw, 419px\" \/><\/p>\n<h2>Neden biz? (Pirin\u00e7 kap\u0131 kolu tedarik\u00e7isi)<\/h2>\n<h3><strong>\u221aG\u00fcvenilir Kalite<\/strong><\/h3>\n<ul>\n<li>Profesyonel QC ekibi, t\u00fcm \u00fcretim turunu denetler<\/li>\n<li>\u0130\u015fbirli\u011fi yapan ortaklar\u0131n kat\u0131 se\u00e7imi<\/li>\n<\/ul>\n<h3><strong>\u221aRekabet\u00e7i Fiyat<\/strong><\/h3>\n<ul>\n<li>Fiyat dalgalanma riskini azaltmak i\u00e7in 3 ayl\u0131k stokta hammadde<\/li>\n<li>Y\u00fcksek i\u015f\u00e7ilik maliyetini azaltmak i\u00e7in Otomatik ve Geli\u015fmi\u015f Ekipman<\/li>\n<\/ul>\n<h3><strong>\u221a20'den fazla \u00fclke i\u00e7in G\u00fcvenilir Hizmet.<\/strong><\/h3>\n<ul>\n<li>ODM\/OEM hizmeti<\/li>\n<li>Sorumlu sat\u0131\u015f sonras\u0131 servis<\/li>\n<\/ul>\n<p>&nbsp;<\/p>","protected":false},"excerpt":{"rendered":"<p>Kap\u0131 kollar\u0131, farkl\u0131 kap\u0131lar i\u00e7in farkl\u0131 y\u00fczey kaplamalar\u0131 ve farkl\u0131 millerle \u00f6zelle\u015ftirilebilir.<\/p>\n<ul>\n<li><strong>\u00dcr\u00fcn Kodu:<\/strong> AM-816<\/li>\n<li><strong>Malzeme:<\/strong> Pirin\u00e7\/\u00c7inko Ala\u015f\u0131m<\/li>\n<li><strong>Marka:<\/strong> ODM Mevcut<\/li>\n<li><strong>Y\u00fczey:<\/strong> Krom CP, Saten Krom SC, Cilal\u0131 Pirin\u00e7 PB, Leke Pirin\u00e7 SB, Cilal\u0131 Nikel PN, Saten Nikel SN, Antik Pirin\u00e7 AB, Ya\u011fl\u0131 bronz ORB, Siyah BL<\/li>\n<li><strong>Aksesuarlar:<\/strong>7.6mmx7.6mm x100mm Mil x 1 adet+M3.8x30mm Vida x 4 adet+2.5mm Alyen anahtar\u0131 x 1 adet<\/li>\n<li><strong>Uygulama:<\/strong> Ah\u015fap\/Metal, \u0130\u00e7\/Giri\u015f Kap\u0131s\u0131, (35-50mm)<\/li>\n<\/ul>\n<p>&nbsp;<\/p>","protected":false},"featured_media":796,"template":"","meta":{"nf_dc_page":""},"product_brand":[],"product_cat":[26,33],"product_tag":[28,29],"class_list":{"0":"post-1341","1":"product","2":"type-product","3":"status-publish","4":"has-post-thumbnail","6":"product_cat-door-handle-manufacturer","7":"product_cat-brass-door-handle","8":"product_tag-door-handle","9":"product_tag-door-knob","11":"first","12":"instock","13":"shipping-taxable","14":"product-type-simple"},"_links":{"self":[{"href":"https:\/\/amthy.com\/tr\/wp-json\/wp\/v2\/product\/1341","targetHints":{"allow":["GET"]}}],"collection":[{"href":"https:\/\/amthy.com\/tr\/wp-json\/wp\/v2\/product"}],"about":[{"href":"https:\/\/amthy.com\/tr\/wp-json\/wp\/v2\/types\/product"}],"wp:featuredmedia":[{"embeddable":true,"href":"https:\/\/amthy.com\/tr\/wp-json\/wp\/v2\/media\/796"}],"wp:attachment":[{"href":"https:\/\/amthy.com\/tr\/wp-json\/wp\/v2\/media?parent=1341"}],"wp:term":[{"taxonomy":"product_brand","embeddable":true,"href":"https:\/\/amthy.com\/tr\/wp-json\/wp\/v2\/product_brand?post=1341"},{"taxonomy":"product_cat","embeddable":true,"href":"https:\/\/amthy.com\/tr\/wp-json\/wp\/v2\/product_cat?post=1341"},{"taxonomy":"product_tag","embeddable":true,"href":"https:\/\/amthy.com\/tr\/wp-json\/wp\/v2\/product_tag?post=1341"}],"curies":[{"name":"wp","href":"https:\/\/api.w.org\/{rel}","templated":true}]}}