{"id":1364,"date":"2021-05-12T20:15:37","date_gmt":"2021-05-12T12:15:37","guid":{"rendered":"https:\/\/amthy.com\/?post_type=product&#038;p=1364"},"modified":"2022-10-14T15:55:48","modified_gmt":"2022-10-14T07:55:48","slug":"mortise-handle-manufacturer","status":"publish","type":"product","link":"https:\/\/amthy.com\/tr\/product\/mortise-handle-manufacturer\/","title":{"rendered":"G\u00f6mme Kol \u00dcreticisi |Anahtars\u0131z Kilit"},"content":{"rendered":"<h2>Biz Kimiz?<\/h2>\n<p style=\"text-align: left;\">Amthy, \u00c7in&#039;den orijinal bir G\u00f6mme Kol \u00dcreticisidir. \u00dcr\u00fcn yelpazemiz \u00e7inko ala\u015f\u0131m\u0131, pirin\u00e7, paslanmaz \u00e7elik ve al\u00fcminyum malzemeleri i\u00e7ermektedir. Krom ve siyah kap\u0131 kolu tak\u0131mlar\u0131, i\u00e7 oda kap\u0131lar\u0131 i\u00e7in olduk\u00e7a pop\u00fclerdir, bu arada paslanmaz \u00e7elik kap\u0131 kolu, ticari uygulama i\u00e7in memnuniyetle kar\u015f\u0131lanmaktad\u0131r. \u0130malat s\u0131ras\u0131nda, parlatma ve galvanik kaplama KAL\u0130TE&#039;yi en \u00e7ok etkiler. Profesyonel bir kap\u0131 kilidi \u00fcreticisi ve tedarik\u00e7isi olarak, manuel ve otomatik olarak s\u0131k\u0131 cilalama yap\u0131yoruz. Y\u00fczey elektroliz tabakas\u0131 i\u00e7in, \u00fcr\u00fcnlerimiz tuz p\u00fcsk\u00fcrtme testi s\u0131ras\u0131nda 72 saatten fazla dayan\u0131r. Bu nedenle, sanatsal tasar\u0131m\u0131m\u0131z ve d\u00fc\u015f\u00fcnceli hizmetimiz bizi \u00c7in&#039;deki en iyi G\u00f6mme Kol \u00dcreticilerinden birine getiriyor.<\/p>\n<h2 style=\"text-align: left;\">Kap\u0131 Kolu Nedir?<\/h2>\n<p>Tay n\u1eafm c\u1eeda hay tay n\u1eafm c\u1eeda l\u00e0 m\u1ed9t c\u00f4ng c\u1ee5 d\u00f9ng \u0111\u1ec3 m\u1edf ho\u1eb7c \u0111\u00f3ng c\u1eeda. N\u00f3 c\u00f3 th\u1ec3 \u0111\u01b0\u1ee3c t\u00ecm th\u1ea5y tr\u00ean t\u1ea5t c\u1ea3 c\u00e1c lo\u1ea1i c\u1eeda bao g\u1ed3m c\u1ea3 c\u1eeda b\u00ean ngo\u00e0i v\u00e0 b\u00ean trong cho c\u00e1c t\u00f2a nh\u00e0 d\u00e2n c\u01b0 v\u00e0 th\u01b0\u01a1ng m\u1ea1i, B\u00ean c\u1ea1nh \u0111\u00f3 n\u00f3 ph\u1ea3i k\u1ebft h\u1ee3p c\u00e1c c\u01a1 ch\u1ebf ch\u1ed1t ho\u1eb7c kh\u00f3a. Ch\u1eb3ng h\u1ea1n nh\u01b0 th\u00e2n kh\u00f3a l\u1ed7 m\u1ed9ng v\u00e0 tr\u1ee5 kh\u00f3a c\u1eeda.<\/p>\n<h2>Neden biz? (G\u00f6mme Kulp \u00dcreticisi)<\/h2>\n<h3><strong>\u221aG\u00fcvenilir Kalite<\/strong><\/h3>\n<ul>\n<li>Profesyonel QC ekibi, t\u00fcm \u00fcretim turlar\u0131n\u0131 denetler<\/li>\n<li>\u0130\u015fbirli\u011fi yapan ortaklar\u0131n kat\u0131 se\u00e7imi<\/li>\n<\/ul>\n<h3><strong>\u221aRekabet\u00e7i Fiyat<\/strong><\/h3>\n<ul>\n<li>Dalgalanan fiyat riskini azaltmak i\u00e7in 3 ayl\u0131k stokta ham madde<\/li>\n<li>Y\u00fcksek i\u015f\u00e7ilik maliyetini azaltmak i\u00e7in Otomatik ve Geli\u015fmi\u015f Ekipman<\/li>\n<\/ul>\n<h3><strong>\u221a20'den fazla \u00fclke i\u00e7in G\u00fcvenilir Hizmet.<\/strong><\/h3>\n<ul>\n<li>ODM\/OEM hizmeti<\/li>\n<li>Sorumlu sat\u0131\u015f sonras\u0131 servis<\/li>\n<\/ul>\n<p>&nbsp;<\/p>","protected":false},"excerpt":{"rendered":"<p>M\u0131knat\u0131s kilitli g\u00f6vdeli anahtars\u0131z kap\u0131 kolu sistemi, art\u0131k anahtar yok<\/p>\n<ul>\n<li><strong>\u00dcr\u00fcn Kodu:<\/strong> AM-003<\/li>\n<li><strong>Malzeme:<\/strong> \u00c7inko Ala\u015f\u0131m<\/li>\n<li><strong>Marka:<\/strong> ODM Mevcut<\/li>\n<li><strong>Y\u00fczey:<\/strong> Krom CP, Saten Krom SC, Cilal\u0131 Pirin\u00e7 PB, Leke Pirin\u00e7 SB, Cilal\u0131 Nikel PN, Saten Nikel SN, Antik Pirin\u00e7 AB, Ya\u011fl\u0131 bronz ORB, Siyah BL<\/li>\n<li><strong>Aksesuarlar:<\/strong>7.6mmx7.6mm x100mm Mil x 1 adet+M3.8x30mm Vida x 4 adet+2.5mm Alyen anahtar\u0131 x 1 adet<\/li>\n<li><strong>Uygulama:<\/strong> Ah\u015fap\/Metal, \u0130\u00e7\/Giri\u015f Kap\u0131s\u0131, (35-50mm)<\/li>\n<\/ul>\n<p>&nbsp;<\/p>","protected":false},"featured_media":1365,"template":"","meta":[],"product_brand":[],"product_cat":[26,31],"product_tag":[28,29],"class_list":{"0":"post-1364","1":"product","2":"type-product","3":"status-publish","4":"has-post-thumbnail","6":"product_cat-door-handle-manufacturer","7":"product_cat-zinc-alloy-door-handle","8":"product_tag-door-handle","9":"product_tag-door-knob","11":"first","12":"instock","13":"shipping-taxable","14":"product-type-simple"},"_links":{"self":[{"href":"https:\/\/amthy.com\/tr\/wp-json\/wp\/v2\/product\/1364","targetHints":{"allow":["GET"]}}],"collection":[{"href":"https:\/\/amthy.com\/tr\/wp-json\/wp\/v2\/product"}],"about":[{"href":"https:\/\/amthy.com\/tr\/wp-json\/wp\/v2\/types\/product"}],"wp:featuredmedia":[{"embeddable":true,"href":"https:\/\/amthy.com\/tr\/wp-json\/wp\/v2\/media\/1365"}],"wp:attachment":[{"href":"https:\/\/amthy.com\/tr\/wp-json\/wp\/v2\/media?parent=1364"}],"wp:term":[{"taxonomy":"product_brand","embeddable":true,"href":"https:\/\/amthy.com\/tr\/wp-json\/wp\/v2\/product_brand?post=1364"},{"taxonomy":"product_cat","embeddable":true,"href":"https:\/\/amthy.com\/tr\/wp-json\/wp\/v2\/product_cat?post=1364"},{"taxonomy":"product_tag","embeddable":true,"href":"https:\/\/amthy.com\/tr\/wp-json\/wp\/v2\/product_tag?post=1364"}],"curies":[{"name":"wp","href":"https:\/\/api.w.org\/{rel}","templated":true}]}}