{"id":1372,"date":"2021-05-12T20:42:00","date_gmt":"2021-05-12T12:42:00","guid":{"rendered":"https:\/\/amthy.com\/?post_type=product&#038;p=1372"},"modified":"2021-10-19T17:11:17","modified_gmt":"2021-10-19T09:11:17","slug":"stainless-steel-door-handle-manufacturer","status":"publish","type":"product","link":"https:\/\/amthy.com\/tr\/product\/stainless-steel-door-handle-manufacturer\/","title":{"rendered":"Paslanmaz \u00c7elik Kap\u0131 Kolu AM-SS01"},"content":{"rendered":"<h2>Biz Kimiz? (paslanmaz \u00e7elik kap\u0131 kolu \u00fcreticisi)<\/h2>\n<p style=\"text-align: left;\">Amthy, \u00c7in'den bir kap\u0131 kolu \u015firketi ve \u00fcreticisidir. \u00dcr\u00fcn yelpazemizde \u00e7inko ala\u015f\u0131m\u0131, pirin\u00e7, paslanmaz \u00e7elik ve al\u00fcminyum malzemeler bulunmaktad\u0131r. Krom ve siyah kap\u0131 kolu tak\u0131mlar\u0131, i\u00e7 oda kap\u0131lar\u0131 i\u00e7in olduk\u00e7a pop\u00fclerdir, bu arada paslanmaz \u00e7elik kap\u0131 kolu, ticari uygulamalar i\u00e7in memnuniyetle kar\u015f\u0131lanmaktad\u0131r. \u0130malat s\u0131ras\u0131nda en \u00e7ok polisaj ve elektrokaplama KAL\u0130TE'yi etkiler. Profesyonel bir kap\u0131 kilidi \u00fcreticisi ve tedarik\u00e7isi olarak, manuel ve otomatik olarak s\u0131k\u0131 bir cilalama yap\u0131yoruz. Y\u00fczey elektroliz tabakas\u0131 i\u00e7in \u00fcr\u00fcnlerimiz, tuz p\u00fcsk\u00fcrtme testi s\u0131ras\u0131nda 72 saatten fazla bak\u0131m yapar. Bu nedenle, sanatsal tasar\u0131m\u0131m\u0131z ve sayg\u0131l\u0131 hizmetimiz, bizi \u00c7in'deki en iyi kap\u0131 kolu \u015firketlerinden biri haline getiriyor. <a href=\"https:\/\/amthy.com\/wp-content\/uploads\/2021\/09\/AMTHY-Stainless-Steel.pdf\">paslanmaz \u00e7elik kap\u0131 kolu<\/a> \u00fcretici firma<\/p>\n<h2 style=\"text-align: left;\">Kap\u0131 Kolu Nedir?<\/h2>\n<p>A <a href=\"https:\/\/en.wikipedia.org\/wiki\/Door_handle\" target=\"_blank\" rel=\"noopener\">kap\u0131 kolu<\/a> veya kap\u0131 kolu, bir kap\u0131y\u0131 a\u00e7mak veya kapatmak i\u00e7in kullan\u0131lan bir ara\u00e7t\u0131r. konut ve ticari binalar i\u00e7in d\u0131\u015f ve i\u00e7 kap\u0131lar dahil her t\u00fcrl\u00fc kap\u0131 \u00fczerinde bulunabilir, ayr\u0131ca mandall\u0131 veya kilitleme mekanizmalar\u0131n\u0131 da i\u00e7ermesi gerekir. G\u00f6mme kilit g\u00f6vdesi ve kap\u0131 kilit silindiri gibi. paslanmaz \u00e7elik kap\u0131 kolu \u00fcreticisi<\/p>\n<h2>Neden biz?<\/h2>\n<h3><strong>\u221aG\u00fcvenilir Kalite<\/strong><\/h3>\n<ul>\n<li>Profesyonel QC ekibi, t\u00fcm \u00fcretim turunu denetler<\/li>\n<li>\u0130\u015fbirli\u011fi yapan ortaklar\u0131n kat\u0131 se\u00e7imi<\/li>\n<\/ul>\n<h3><strong>\u221aRekabet\u00e7i Fiyat<\/strong><\/h3>\n<ul>\n<li>Fiyat dalgalanma riskini azaltmak i\u00e7in 3 ayl\u0131k stokta hammadde<\/li>\n<li>Y\u00fcksek i\u015f\u00e7ilik maliyetini azaltmak i\u00e7in Otomatik ve Geli\u015fmi\u015f Ekipman<\/li>\n<\/ul>\n<h3><strong>\u221a20'den fazla \u00fclke i\u00e7in G\u00fcvenilir Hizmet.<\/strong><\/h3>\n<ul>\n<li>ODM\/OEM hizmeti<\/li>\n<li>Sorumlu sat\u0131\u015f sonras\u0131 servis<\/li>\n<\/ul>\n<p>&nbsp;<\/p>\n<p>&nbsp;<\/p>","protected":false},"excerpt":{"rendered":"<p>Kap\u0131 kollar\u0131, farkl\u0131 kap\u0131lar i\u00e7in farkl\u0131 y\u00fczey kaplamalar\u0131 ve farkl\u0131 millerle \u00f6zelle\u015ftirilebilir.<\/p>\n<ul>\n<li><strong>\u00dcr\u00fcn Kodu:<\/strong> AM-SS01<\/li>\n<li><strong>Malzeme:<\/strong> Paslanmaz \u00c7elik 201\/304<\/li>\n<li><strong>Marka:<\/strong> ODM Mevcut<\/li>\n<li><b>Boru \u00e7ap\u0131:<\/b>18\/22 mm<\/li>\n<li><strong>Aksesuarlar:<\/strong>7.6mmx7.6mm x100mm Mil x 1 adet+M3.8x30mm Vida x 4 adet+2.5mm Alyen anahtar\u0131 x 1 adet<\/li>\n<li><strong>Uygulama:<\/strong> Acil \/ Ge\u00e7i\u015f Kap\u0131s\u0131 (35-50mm)<\/li>\n<li><strong>yanmaz<\/strong>: EVET<\/li>\n<\/ul>","protected":false},"featured_media":1387,"template":"","meta":{"nf_dc_page":""},"product_brand":[],"product_cat":[26,32],"product_tag":[28,29],"class_list":{"0":"post-1372","1":"product","2":"type-product","3":"status-publish","4":"has-post-thumbnail","6":"product_cat-door-handle-manufacturer","7":"product_cat-stainless-steel-handle-manufacturer","8":"product_tag-door-handle","9":"product_tag-door-knob","11":"first","12":"instock","13":"shipping-taxable","14":"product-type-simple"},"_links":{"self":[{"href":"https:\/\/amthy.com\/tr\/wp-json\/wp\/v2\/product\/1372","targetHints":{"allow":["GET"]}}],"collection":[{"href":"https:\/\/amthy.com\/tr\/wp-json\/wp\/v2\/product"}],"about":[{"href":"https:\/\/amthy.com\/tr\/wp-json\/wp\/v2\/types\/product"}],"wp:featuredmedia":[{"embeddable":true,"href":"https:\/\/amthy.com\/tr\/wp-json\/wp\/v2\/media\/1387"}],"wp:attachment":[{"href":"https:\/\/amthy.com\/tr\/wp-json\/wp\/v2\/media?parent=1372"}],"wp:term":[{"taxonomy":"product_brand","embeddable":true,"href":"https:\/\/amthy.com\/tr\/wp-json\/wp\/v2\/product_brand?post=1372"},{"taxonomy":"product_cat","embeddable":true,"href":"https:\/\/amthy.com\/tr\/wp-json\/wp\/v2\/product_cat?post=1372"},{"taxonomy":"product_tag","embeddable":true,"href":"https:\/\/amthy.com\/tr\/wp-json\/wp\/v2\/product_tag?post=1372"}],"curies":[{"name":"wp","href":"https:\/\/api.w.org\/{rel}","templated":true}]}}