{"id":1534,"date":"2021-05-15T21:34:14","date_gmt":"2021-05-15T13:34:14","guid":{"rendered":"https:\/\/amthy.com\/?post_type=product&#038;p=1534"},"modified":"2022-05-26T16:27:59","modified_gmt":"2022-05-26T08:27:59","slug":"europrofile-lock-cylinder-manufacturer-h1000","status":"publish","type":"product","link":"https:\/\/amthy.com\/tr\/product\/europrofile-lock-cylinder-manufacturer-h1000\/","title":{"rendered":"Euro profil G\u00fcvenlik Kap\u0131 Silindiri -H1000"},"content":{"rendered":"<h2>Europrofile kilit \u00f6zelli\u011fi<\/h2>\n<ul>\n<li>Y\u00fcksek G\u00fcvenlik-\u00e7ift pim ve disk pimi talimat\u0131<\/li>\n<li>Ana AB anahtar sistemi-1 par\u00e7a ge\u00e7ici anahtar, 5 birincil anahtar<\/li>\n<li>Anti-pick, Anti-snap<\/li>\n<li>Tam Pirin\u00e7 malzeme-\u00fcr\u00fcn \u00f6mr\u00fc 10 y\u0131ldan fazla olabilir<\/li>\n<\/ul>\n<h2>Biz Kimiz?<\/h2>\n<p style=\"text-align: left;\">Amthy, bir Europrofile G\u00fcvenlik Silindiridir <a href=\"https:\/\/amthy.com\/tr\/product-category\/lock-cylinder\/\">Tedarik\u00e7i <\/a>\u00c7in&#039;den. Biz normal sunuyoruz <a href=\"https:\/\/en.wikipedia.org\/wiki\/Pin_tumbler_lock\" target=\"_blank\" rel=\"noopener\">silindirler<\/a> i\u00e7 kap\u0131lar ve d\u0131\u015f kap\u0131lar i\u00e7in y\u00fcksek g\u00fcvenlikli silindirler i\u00e7in. \u0130lk 3 silindir \u00fcreticisi aras\u0131nda yer alan 95.9% otomatik veya yar\u0131 otomatik tesis, el eme\u011finin yerini almak, maliyeti d\u00fc\u015f\u00fcrmek ve verimlili\u011fi art\u0131rmak i\u00e7in benimsenmi\u015ftir. <span style=\"color: #ff0000;\"><span style=\"color: #000000;\">Sonu\u00e7 olarak, <\/span><\/span>Daha az i\u015f\u00e7ilik maliyeti her zaman daha rekabet\u00e7i ve cazip fiyatlar\u0131 beraberinde getirir. Yukar\u0131daki avantajlar sayesinde, <em>Art\u0131k istekliyiz <a href=\"https:\/\/www.youtube.com\/watch?v=9Lw0FD68w1c\" target=\"_blank\" rel=\"noopener\">maliyeti ortaya \u00e7\u0131karmak ve payla\u015fmak<\/a> al\u0131c\u0131lar ile normal silindirlerin<\/em>,<span style=\"color: #ff0000;\"> <span style=\"color: #000000;\">yani, 10% saf kar\u0131m\u0131z\u0131 i\u00e7eren net bir birim fiyat bile\u015fimi elde edeceksiniz.<\/span><\/span><span style=\"color: #ff0000;\"><span style=\"color: #000000;\">. <\/span><\/span><\/p>\n<p style=\"text-align: left;\">Bu arada, Ar-Ge ekibimiz geli\u015ftirir<em> S1000, S2000 ve S3000 serisi<\/em> Daha y\u00fcksek pazar talepleri i\u00e7in Y\u00dcKSEK G\u00dcVENL\u0130KL\u0130 euro profil kap\u0131 kilit silindirleri. Wafers ve Pins kombinasyon yap\u0131s\u0131n\u0131n \u00f6zel teknolojisi, g\u00fcvenlik seviyesini b\u00fcy\u00fck \u00f6l\u00e7\u00fcde art\u0131r\u0131r. Ayr\u0131ca, bir Europrofile G\u00fcvenlik Silindiri Tedarik\u00e7isi, i\u015fi her zaman al\u0131c\u0131n\u0131n ana endi\u015fesi i\u00e7in yapmal\u0131d\u0131r.<\/p>\n<p>&nbsp;<\/p>\n<h2 style=\"text-align: left;\">Europrofile Kilit Silindiri Nedir?<\/h2>\n<p><em><i>Kilit Silindiri, tapay\u0131, akt\u00fcat\u00f6r\u00fc ve kilitleme bile\u015fenlerini tutan bir kilit bile\u015fenidir, pirin\u00e7, \u00e7inko ala\u015f\u0131m\u0131, al\u00fcminyum ve paslanmaz \u00e7elikten yap\u0131labilir. En yayg\u0131n olarak pimli tasar\u0131mlarla ili\u015fkilendirilmesine ra\u011fmen, silindirler gofret ve disk tutucu gibi di\u011fer bir\u00e7ok tasar\u0131mda kullan\u0131l\u0131r. G\u00f6mme kilit mandal\u0131n\u0131 ve s\u00fcrg\u00fc c\u0131vatas\u0131n\u0131 e\u015fle\u015fen anahtarla s\u00fcrmek i\u00e7in d\u00f6ner. <\/i><\/em>Europrofile Kilit Silindiri, kap\u0131n\u0131n kalbidir. Giri\u015f g\u00fcvenlik kap\u0131s\u0131 i\u00e7in Europrofile G\u00fcvenlik Silindiri kullan\u0131lmaktad\u0131r.Europrofile kilidi<\/p>\n<p><b>Avrupa profili<\/b>\u00a0(veya\u00a0<b>Euro profili<\/b>) bir t\u00fcr\u00fcd\u00fcr\u00a0<a title=\"silindir\" href=\"http:\/\/www.lockwiki.com\/index.php\/Cylinder\" target=\"_blank\" rel=\"noopener\">silindir<\/a>\u00a0Tasar\u0131m a\u011f\u0131rl\u0131kl\u0131 olarak Avrupa&#039;da kullan\u0131lmaktad\u0131r. Geleneksel g\u00f6mme ve jant silindirlerinin aksine, Euro profili, kilidin her iki taraf\u0131n\u0131 birle\u015ftirmek i\u00e7in tek bir metal par\u00e7as\u0131 kullan\u0131r. Bir tek\u00a0<a class=\"mw-redirect\" title=\"Kam\" href=\"http:\/\/www.lockwiki.com\/index.php\/Cam\" target=\"_blank\" rel=\"noopener\">kam<\/a>\u00a0Bile\u015fen, kilidin iki taraf\u0131 aras\u0131na yerle\u015ftirilir ve do\u011frudan her ikisine de ba\u011flan\u0131r.\u00a0<a title=\"Fi\u015f\" href=\"http:\/\/www.lockwiki.com\/index.php\/Plug\" target=\"_blank\" rel=\"noopener\">fi\u015fler<\/a>. Euro profilinin kurulumu ve de\u011fi\u015ftirilmesi uygundur, ancak dikkate al\u0131nmas\u0131 gereken baz\u0131 ciddi g\u00fcvenlik eksiklikleri vard\u0131r. G\u00f6rmek\u00a0<a href=\"http:\/\/www.lockwiki.com\/index.php\/Euro_Profile#Vulnerabilities\" target=\"_blank\" rel=\"noopener\">Euro Profili (Zaaflar)<\/a>\u00a0ek bilgi i\u00e7in.Europrofil kilidi<\/p>\n<p>&nbsp;<\/p>\n<p><img fetchpriority=\"high\" decoding=\"async\" class=\"wp-image-2119 aligncenter\" src=\"https:\/\/amthy.com\/wp-content\/uploads\/2021\/05\/technical_drawing_C73_3-300x168.jpg\" alt=\"avrupa profili\" width=\"636\" height=\"356\" title=\"\" srcset=\"https:\/\/amthy.com\/wp-content\/uploads\/2021\/05\/technical_drawing_C73_3-300x168.jpg 300w, https:\/\/amthy.com\/wp-content\/uploads\/2021\/05\/technical_drawing_C73_3-600x336.jpg 600w, https:\/\/amthy.com\/wp-content\/uploads\/2021\/05\/technical_drawing_C73_3-768x430.jpg 768w, https:\/\/amthy.com\/wp-content\/uploads\/2021\/05\/technical_drawing_C73_3-18x10.jpg 18w, https:\/\/amthy.com\/wp-content\/uploads\/2021\/05\/technical_drawing_C73_3.jpg 1000w\" sizes=\"(max-width: 636px) 100vw, 636px\" \/><\/p>\n<p>&nbsp;<\/p>\n<h2>Neden biz?<\/h2>\n<h3><strong>\u221aG\u00fcvenilir Kalite<\/strong><\/h3>\n<ul>\n<li>Profesyonel QC ekibi, t\u00fcm \u00fcretim turunu denetler<\/li>\n<li>\u0130\u015fbirli\u011fi yapan ortaklar\u0131n kat\u0131 se\u00e7imi<\/li>\n<\/ul>\n<h3><strong>\u221aRekabet\u00e7i Fiyat<\/strong><\/h3>\n<ul>\n<li>Fiyat dalgalanma riskini azaltmak i\u00e7in 3 ayl\u0131k stokta hammadde<\/li>\n<li>Y\u00fcksek i\u015f\u00e7ilik maliyetini azaltmak i\u00e7in Otomatik ve Geli\u015fmi\u015f Ekipman<\/li>\n<\/ul>\n<h3><strong>\u221a20'den fazla \u00fclke i\u00e7in G\u00fcvenilir Hizmet.<\/strong><\/h3>\n<ul>\n<li>ODM\/OEM hizmeti<\/li>\n<li>Sorumlu sat\u0131\u015f sonras\u0131 servis<\/li>\n<\/ul>\n<p>&nbsp;<\/p>","protected":false},"excerpt":{"rendered":"<p>&nbsp;<\/p>\n<ul>\n<li><strong>\u00dcr\u00fcn Kodu:<\/strong> H1000<\/li>\n<li><strong>Kilit Mekanizmas\u0131:<\/strong> Pin Tumbler Kilidi<\/li>\n<li><strong>G\u00f6vde Malzemesi<\/strong><strong>:<\/strong> Pirin\u00e7<\/li>\n<li><strong>Fi\u015f Malzemesi<\/strong><strong>:<\/strong> Pirin\u00e7<\/li>\n<li><strong>Marka:<\/strong> ODM Mevcut<\/li>\n<li><b>Profil T\u00fcr\u00fc: <\/b>Euro<\/li>\n<li><strong>Profil Boyutu:<\/strong>17*33*10mm<\/li>\n<li><strong>Anahtar:<\/strong> Pirin\u00e7 \u00c7ift &quot;S&quot; kama yuvas\u0131<\/li>\n<li><strong>Aksesuarlar:<\/strong>55 mm vidalar<\/li>\n<li><strong>Uygulama:<\/strong> Ah\u015fap\/UPVC\/G\u00fcvenlik Kap\u0131lar\u0131<\/li>\n<li><strong>Ana Anahtar Sistemi:<\/strong> Mevcut<\/li>\n<li><strong>Anahtar Benzeri Sistem:<\/strong> Mevcut<\/li>\n<li><strong>Matkap \u00d6nleme \u0130\u015flevi<\/strong>Mevcut<\/li>\n<li><strong>Anti-Snap \u0130\u015flevi: <\/strong>Mevcut<\/li>\n<li><strong><strong>EN1303 2005 S\u0131n\u0131fland\u0131rmas\u0131:<\/strong><\/strong><br \/>\n<table>\n<tbody>\n<tr>\n<td>1<\/td>\n<td>6<\/td>\n<td>0<\/td>\n<td>1<\/td>\n<td>0<\/td>\n<td>C<\/td>\n<td>5<\/td>\n<td>2<\/td>\n<\/tr>\n<\/tbody>\n<\/table>\n<\/li>\n<li><strong>Renk <\/strong>Pirin\u00e7 Cilal\u0131 (BP)\/Nikel Kaplama (NP)\/Saten Nikel (SN)\/Krom Kaplama (CP)\/Antik Pirin\u00e7 (AB)<\/li>\n<\/ul>\n<p>&nbsp;<\/p>","protected":false},"featured_media":1526,"template":"","meta":{"nf_dc_page":""},"product_brand":[],"product_cat":[25],"product_tag":[34,35],"class_list":{"0":"post-1534","1":"product","2":"type-product","3":"status-publish","4":"has-post-thumbnail","6":"product_cat-euro-profile-cylinder-manufacturer","7":"product_tag-door-cylinder","8":"product_tag-europrofile","10":"first","11":"instock","12":"shipping-taxable","13":"product-type-simple"},"_links":{"self":[{"href":"https:\/\/amthy.com\/tr\/wp-json\/wp\/v2\/product\/1534","targetHints":{"allow":["GET"]}}],"collection":[{"href":"https:\/\/amthy.com\/tr\/wp-json\/wp\/v2\/product"}],"about":[{"href":"https:\/\/amthy.com\/tr\/wp-json\/wp\/v2\/types\/product"}],"wp:featuredmedia":[{"embeddable":true,"href":"https:\/\/amthy.com\/tr\/wp-json\/wp\/v2\/media\/1526"}],"wp:attachment":[{"href":"https:\/\/amthy.com\/tr\/wp-json\/wp\/v2\/media?parent=1534"}],"wp:term":[{"taxonomy":"product_brand","embeddable":true,"href":"https:\/\/amthy.com\/tr\/wp-json\/wp\/v2\/product_brand?post=1534"},{"taxonomy":"product_cat","embeddable":true,"href":"https:\/\/amthy.com\/tr\/wp-json\/wp\/v2\/product_cat?post=1534"},{"taxonomy":"product_tag","embeddable":true,"href":"https:\/\/amthy.com\/tr\/wp-json\/wp\/v2\/product_tag?post=1534"}],"curies":[{"name":"wp","href":"https:\/\/api.w.org\/{rel}","templated":true}]}}