{"id":1535,"date":"2021-05-15T21:43:09","date_gmt":"2021-05-15T13:43:09","guid":{"rendered":"https:\/\/amthy.com\/?post_type=product&#038;p=1535"},"modified":"2021-10-18T15:38:11","modified_gmt":"2021-10-18T07:38:11","slug":"europrofile-security-cylinder-supplier-h3000","status":"publish","type":"product","link":"https:\/\/amthy.com\/tr\/product\/europrofile-security-cylinder-supplier-h3000\/","title":{"rendered":"Europrofile G\u00fcvenlik Silindir Tedarik\u00e7isi H3000"},"content":{"rendered":"<p>&nbsp;<\/p>\n<h2>Biz Kimiz?<\/h2>\n<p style=\"text-align: left;\">Amthy, bir Europrofile G\u00fcvenlik Silindiridir <a href=\"https:\/\/amthy.com\/tr\/product-category\/lock-cylinder\/\">Tedarik\u00e7i <\/a>\u00c7in&#039;den. Biz normal sunuyoruz <a href=\"https:\/\/en.wikipedia.org\/wiki\/Pin_tumbler_lock\" target=\"_blank\" rel=\"noopener\">silindirler<\/a> i\u00e7 kap\u0131lar i\u00e7in ve d\u0131\u015f kap\u0131lar i\u00e7in y\u00fcksek g\u00fcvenlikli silindirler. \u0130lk 3 silindir \u00fcreticisinden biri olan 95.9% otomatik veya yar\u0131 otomatik tesis, el eme\u011finin yerini almak, maliyeti d\u00fc\u015f\u00fcrmek ve verimlili\u011fi art\u0131rmak i\u00e7in benimsenmi\u015ftir. <span style=\"color: #ff0000;\"><span style=\"color: #000000;\">Sonu\u00e7 olarak, <\/span><\/span>Daha az i\u015f\u00e7ilik maliyeti her zaman daha rekabet\u00e7i ve cazip fiyatlar\u0131 beraberinde getirir. Yukar\u0131daki avantajlar sayesinde, <em>Art\u0131k istekliyiz <a href=\"https:\/\/www.youtube.com\/watch?v=9Lw0FD68w1c\" target=\"_blank\" rel=\"noopener\">maliyeti ortaya \u00e7\u0131karmak ve payla\u015fmak<\/a> al\u0131c\u0131lar ile normal silindirlerin<\/em>,<span style=\"color: #ff0000;\"> <span style=\"color: #000000;\">yani, 10% saf kar\u0131m\u0131z\u0131 i\u00e7eren net bir birim fiyat bile\u015fimi elde edeceksiniz.<\/span><\/span><span style=\"color: #ff0000;\"><span style=\"color: #000000;\">. <\/span><\/span>Bu arada, Ar-Ge ekibimiz geli\u015ftirir<em> S1000, S2000 ve S3000 serisi<\/em> daha y\u00fcksek pazar talepleri i\u00e7in Y\u00dcKSEK G\u00dcVENL\u0130 euro profil kap\u0131 kilit silindirleri. Gofret ve Pim kombinasyon yap\u0131s\u0131n\u0131n \u00f6zel teknolojisi, g\u00fcvenlik seviyesini b\u00fcy\u00fck \u00f6l\u00e7\u00fcde art\u0131r\u0131r. Ayr\u0131ca, A Euro Profil G\u00fcvenlik Silindiri Tedarik\u00e7isi, her zaman al\u0131c\u0131n\u0131n as\u0131l kayg\u0131s\u0131na y\u00f6nelik i\u015fleri yapmal\u0131d\u0131r. Europrofile G\u00fcvenlik Silindiri Tedarik\u00e7isi<\/p>\n<p>&nbsp;<\/p>\n<h2 style=\"text-align: left;\">Euro Profil G\u00fcvenlik Silindiri Nedir?<\/h2>\n<p><em><i>Kilit Silindiri, tapa, akt\u00fcat\u00f6r ve kilitleme bile\u015fenlerini tutan bir kilit bile\u015fenidir, pirin\u00e7, \u00e7inko ala\u015f\u0131m\u0131, al\u00fcminyum ve paslanmaz \u00e7elikten yap\u0131labilir. En yayg\u0131n olarak pimli tasar\u0131mlarla ili\u015fkilendirilmesine ra\u011fmen, silindirler gofret ve disk tutucu gibi di\u011fer bir\u00e7ok tasar\u0131mda kullan\u0131l\u0131r. G\u00f6mme kilit mandal\u0131n\u0131 ve s\u00fcrg\u00fc c\u0131vatas\u0131n\u0131 e\u015fle\u015fen anahtarla s\u00fcrmek i\u00e7in d\u00f6ner. <\/i><\/em>Europrofile Kilit Silindiri kap\u0131n\u0131n kalbidir. Giri\u015f g\u00fcvenlik kap\u0131s\u0131nda Europrofile G\u00fcvenlik Silindiri kullan\u0131lmaktad\u0131r.<\/p>\n<p>&nbsp;<\/p>\n<p><img fetchpriority=\"high\" decoding=\"async\" class=\"wp-image-2116 alignleft\" src=\"https:\/\/amthy.com\/wp-content\/uploads\/2021\/05\/16019587121-300x235.png\" alt=\"Europrofile G\u00fcvenlik Silindiri Tedarik\u00e7isi\" width=\"409\" height=\"320\" title=\"\" srcset=\"https:\/\/amthy.com\/wp-content\/uploads\/2021\/05\/16019587121-300x235.png 300w, https:\/\/amthy.com\/wp-content\/uploads\/2021\/05\/16019587121-600x471.png 600w, https:\/\/amthy.com\/wp-content\/uploads\/2021\/05\/16019587121-15x12.png 15w, https:\/\/amthy.com\/wp-content\/uploads\/2021\/05\/16019587121.png 701w\" sizes=\"(max-width: 409px) 100vw, 409px\" \/>\u00a0 \u00a0 \u00a0 <img decoding=\"async\" class=\"wp-image-2117 alignleft\" src=\"https:\/\/amthy.com\/wp-content\/uploads\/2021\/05\/16019587611-300x259.png\" alt=\"Europrofile G\u00fcvenlik Silindiri Tedarik\u00e7isi\" width=\"368\" height=\"317\" title=\"\" srcset=\"https:\/\/amthy.com\/wp-content\/uploads\/2021\/05\/16019587611-300x259.png 300w, https:\/\/amthy.com\/wp-content\/uploads\/2021\/05\/16019587611-14x12.png 14w, https:\/\/amthy.com\/wp-content\/uploads\/2021\/05\/16019587611.png 600w\" sizes=\"(max-width: 368px) 100vw, 368px\" \/><\/p>\n<p>&nbsp;<\/p>\n<h2><\/h2>\n<h2><\/h2>\n<h2><\/h2>\n<h2><\/h2>\n<h2><\/h2>\n<h2><\/h2>\n<h2>Neden biz? (Europrofile G\u00fcvenlik Silindiri Tedarik\u00e7isi)<\/h2>\n<h3><strong>\u221aG\u00fcvenilir Kalite<\/strong><\/h3>\n<ul>\n<li>Profesyonel QC ekibi, t\u00fcm \u00fcretim turunu denetler<\/li>\n<li>\u0130\u015fbirli\u011fi yapan ortaklar\u0131n kat\u0131 se\u00e7imi<\/li>\n<\/ul>\n<h3><strong>\u221aRekabet\u00e7i Fiyat<\/strong><\/h3>\n<ul>\n<li>Fiyat dalgalanma riskini azaltmak i\u00e7in 3 ayl\u0131k stokta hammadde<\/li>\n<li>Y\u00fcksek i\u015f\u00e7ilik maliyetini azaltmak i\u00e7in Otomatik ve Geli\u015fmi\u015f Ekipman<\/li>\n<\/ul>\n<h3><strong>\u221a20'den fazla \u00fclke i\u00e7in G\u00fcvenilir Hizmet.<\/strong><\/h3>\n<ul>\n<li>ODM\/OEM hizmeti<\/li>\n<li>Sorumlu sat\u0131\u015f sonras\u0131 servis<\/li>\n<\/ul>\n<p>&nbsp;<\/p>\n<p>&nbsp;<\/p>","protected":false},"excerpt":{"rendered":"<p>&nbsp;<\/p>\n<ul>\n<li><strong>\u00dcr\u00fcn Kodu:<\/strong> H3000<\/li>\n<li><strong>Kilit Mekanizmas\u0131:<\/strong> Pin Tumbler Kilidi<\/li>\n<li><strong>G\u00f6vde Malzemesi<\/strong><strong>:<\/strong> Pirin\u00e7<\/li>\n<li><strong>Fi\u015f Malzemesi<\/strong><strong>:<\/strong> Pirin\u00e7<\/li>\n<li><strong>Marka:<\/strong> ODM Mevcut<\/li>\n<li><b>Profil T\u00fcr\u00fc: <\/b>Euro<\/li>\n<li><strong>Profil Boyutu:<\/strong>17*33*10mm<\/li>\n<li><strong>Anahtar:<\/strong> Pirin\u00e7 &quot;C&quot; kama yata\u011f\u0131<\/li>\n<li><strong>Aksesuarlar:<\/strong>55 mm vidalar<\/li>\n<li><strong>Uygulama:<\/strong> Ah\u015fap\/UPVC\/G\u00fcvenlik Kap\u0131lar\u0131<\/li>\n<li><strong>Ana Anahtar Sistemi:<\/strong> Mevcut<\/li>\n<li><strong>Anahtar Benzeri Sistem:<\/strong> Mevcut<\/li>\n<li><strong>Matkap \u00d6nleme \u0130\u015flevi<\/strong>Mevcut<\/li>\n<li><strong>Anti-Snap \u0130\u015flevi: <\/strong>Mevcut<\/li>\n<li><strong><strong>EN1303 2005 S\u0131n\u0131fland\u0131rmas\u0131:<\/strong><\/strong><br \/>\n<table>\n<tbody>\n<tr>\n<td>1<\/td>\n<td>6<\/td>\n<td>0<\/td>\n<td>1<\/td>\n<td>0<\/td>\n<td>C<\/td>\n<td>5<\/td>\n<td>2<\/td>\n<\/tr>\n<\/tbody>\n<\/table>\n<\/li>\n<li><strong>Renk <\/strong>Pirin\u00e7 Cilal\u0131 (BP)\/Nikel Kaplama (NP)\/Saten Nikel (SN)\/Krom Kaplama (CP)\/Antik Pirin\u00e7 (AB)<\/li>\n<\/ul>\n<p>&nbsp;<\/p>","protected":false},"featured_media":1854,"template":"","meta":{"nf_dc_page":""},"product_brand":[],"product_cat":[25],"product_tag":[34,35],"class_list":{"0":"post-1535","1":"product","2":"type-product","3":"status-publish","4":"has-post-thumbnail","6":"product_cat-euro-profile-cylinder-manufacturer","7":"product_tag-door-cylinder","8":"product_tag-europrofile","10":"first","11":"instock","12":"shipping-taxable","13":"product-type-simple"},"_links":{"self":[{"href":"https:\/\/amthy.com\/tr\/wp-json\/wp\/v2\/product\/1535","targetHints":{"allow":["GET"]}}],"collection":[{"href":"https:\/\/amthy.com\/tr\/wp-json\/wp\/v2\/product"}],"about":[{"href":"https:\/\/amthy.com\/tr\/wp-json\/wp\/v2\/types\/product"}],"wp:featuredmedia":[{"embeddable":true,"href":"https:\/\/amthy.com\/tr\/wp-json\/wp\/v2\/media\/1854"}],"wp:attachment":[{"href":"https:\/\/amthy.com\/tr\/wp-json\/wp\/v2\/media?parent=1535"}],"wp:term":[{"taxonomy":"product_brand","embeddable":true,"href":"https:\/\/amthy.com\/tr\/wp-json\/wp\/v2\/product_brand?post=1535"},{"taxonomy":"product_cat","embeddable":true,"href":"https:\/\/amthy.com\/tr\/wp-json\/wp\/v2\/product_cat?post=1535"},{"taxonomy":"product_tag","embeddable":true,"href":"https:\/\/amthy.com\/tr\/wp-json\/wp\/v2\/product_tag?post=1535"}],"curies":[{"name":"wp","href":"https:\/\/api.w.org\/{rel}","templated":true}]}}