{"id":1879,"date":"2021-08-29T19:08:10","date_gmt":"2021-08-29T11:08:10","guid":{"rendered":"https:\/\/amthy.com\/?post_type=product&#038;p=1879"},"modified":"2023-05-26T19:51:48","modified_gmt":"2023-05-26T11:51:48","slug":"smart-lock-manufacturer-am-700","status":"publish","type":"product","link":"https:\/\/amthy.com\/tr\/product\/smart-lock-manufacturer-am-700\/","title":{"rendered":"Ak\u0131ll\u0131 Kilit AM-700"},"content":{"rendered":"<p>AMTHY 700, evinizin g\u00fcvenli\u011fi \u00fczerinde tam kontrol sa\u011flarken size tam bir g\u00f6n\u00fcl rahatl\u0131\u011f\u0131 sa\u011flayan ak\u0131ll\u0131 bir kap\u0131 kilididir. \u0130ster Pin Kodu ister Mekanik Anahtar yoluyla olsun, evinize eri\u015fmek i\u00e7in \u00e7e\u015fitli yollar kullan\u0131n. Anahtarlar\u0131n\u0131z\u0131 yan\u0131n\u0131zda ta\u015f\u0131ma konusunda endi\u015felenmenize gerek yok. Tek ihtiyac\u0131n\u0131z olan pin kodunuz, kap\u0131y\u0131 kolayl\u0131kla a\u00e7abilirsiniz. Ak\u0131ll\u0131 Kap\u0131 Silindiri \u00dcreticisinden Do\u011frudan Ticaret. ak\u0131ll\u0131 kilit \u00fcreticisi-am-700.<a href=\"https:\/\/en.wikipedia.org\/wiki\/Lock\" target=\"_blank\" rel=\"noopener\">Kilit<\/a> ve <a href=\"https:\/\/amthy.com\/tr\/product-category\/smart-lock\/\">Ak\u0131ll\u0131 Kap\u0131 Silindiri<\/a><\/p>\n<h2>Mevcut kilidinizi kolayca y\u00fckseltin:<\/h2>\n<p>Kendin Yap dostudur ve mevcut silindirinizin ve kap\u0131 kolunuzun yerine kolayca monte edilir. Tek ihtiyac\u0131n\u0131z olan bir y\u0131ld\u0131z tornavida ve \u015ferit metre.<\/p>\n<h2><strong>\u00d6zellikler ve faydalar:<\/strong><\/h2>\n<ul>\n<li>Anahtars\u0131z \u2013 Anahtara ihtiya\u00e7 duymadan evinizi g\u00fcvence alt\u0131na alma \u00f6zg\u00fcrl\u00fc\u011f\u00fc verir<\/li>\n<li>Takmas\u0131 kolay \u2013 \u00c7o\u011fu PVC ve kompozit kap\u0131 i\u00e7in uygundur, tornavida gereklidir<\/li>\n<li>Eri\u015fimi kolay - 4-8 basamakl\u0131 50 set pin kodu mevcuttur.<\/li>\n<li>Pille \u00e7al\u0131\u015fan \u2013 4 x AA pil<\/li>\n<li>35-55mm aras\u0131 kal\u0131nl\u0131ktaki kap\u0131lar i\u00e7in uygundur.<\/li>\n<li>Siyah ve G\u00fcm\u00fc\u015f dahil olmak \u00fczere \u00e7e\u015fitli y\u00fczeylerde mevcuttur<\/li>\n<\/ul>\n<h2>Neden biz? (Euro profil G\u00fcvenlik Kap\u0131 Silindir Tedarik\u00e7isi <em>AMTHY G\u00dcVENL\u0130K<\/em>)<\/h2>\n<h3><strong>\u221aG\u00fcvenilir Kalite (Ak\u0131ll\u0131 Kilit \u00dcreticisi AM-700)<\/strong><\/h3>\n<ul>\n<li>Profesyonel QC ekibi, t\u00fcm \u00fcretim turunu denetler<\/li>\n<li>\u0130\u015fbirli\u011fi yapan ortaklar\u0131n kat\u0131 se\u00e7imi<\/li>\n<\/ul>\n<h3><strong>\u221aRekabet\u00e7i Fiyat<\/strong><\/h3>\n<ul>\n<li>Fiyat dalgalanma riskini azaltmak i\u00e7in 3 ayl\u0131k stokta hammadde<\/li>\n<li>Y\u00fcksek i\u015f\u00e7ilik maliyetini azaltmak i\u00e7in Otomatik ve Geli\u015fmi\u015f Ekipman<\/li>\n<\/ul>\n<h3><strong>\u221a20'den fazla \u00fclke i\u00e7in G\u00fcvenilir Hizmet.<\/strong><\/h3>\n<ul>\n<li>ODM\/OEM hizmeti<\/li>\n<li>Sorumlu sat\u0131\u015f sonras\u0131 servis<\/li>\n<\/ul>","protected":false},"excerpt":{"rendered":"<ul>\n<li><strong>\u00dcr\u00fcn Kodu:<\/strong> AM-700<\/li>\n<li><strong>Malzeme<\/strong><strong>:<\/strong> \u00c7inko Ala\u015f\u0131m<\/li>\n<li><strong>Kilit G\u00f6vdesi:<\/strong> Tek Mandal<\/li>\n<li><strong>arka plan<\/strong>: 60mm<\/li>\n<li><strong>Marka:<\/strong> ODM Mevcut<\/li>\n<li><strong>Uygulama:<\/strong> Ah\u015fap\/UPVC\/G\u00fcvenlik Kap\u0131lar\u0131<\/li>\n<li><strong>pil<\/strong>: 4*AA<\/li>\n<li><strong>Kap\u0131 Kal\u0131nl\u0131\u011f\u0131:<\/strong>35-55mm<\/li>\n<li><b>Kilidi A\u00e7ma Modu: <\/b>Kilidi A\u00e7ma Modu:<\/li>\n<\/ul>","protected":false},"featured_media":1880,"template":"","meta":{"nf_dc_page":""},"product_brand":[],"product_cat":[55],"product_tag":[],"class_list":{"0":"post-1879","1":"product","2":"type-product","3":"status-publish","4":"has-post-thumbnail","6":"product_cat-smart-lock","8":"first","9":"instock","10":"shipping-taxable","11":"product-type-simple"},"_links":{"self":[{"href":"https:\/\/amthy.com\/tr\/wp-json\/wp\/v2\/product\/1879","targetHints":{"allow":["GET"]}}],"collection":[{"href":"https:\/\/amthy.com\/tr\/wp-json\/wp\/v2\/product"}],"about":[{"href":"https:\/\/amthy.com\/tr\/wp-json\/wp\/v2\/types\/product"}],"wp:featuredmedia":[{"embeddable":true,"href":"https:\/\/amthy.com\/tr\/wp-json\/wp\/v2\/media\/1880"}],"wp:attachment":[{"href":"https:\/\/amthy.com\/tr\/wp-json\/wp\/v2\/media?parent=1879"}],"wp:term":[{"taxonomy":"product_brand","embeddable":true,"href":"https:\/\/amthy.com\/tr\/wp-json\/wp\/v2\/product_brand?post=1879"},{"taxonomy":"product_cat","embeddable":true,"href":"https:\/\/amthy.com\/tr\/wp-json\/wp\/v2\/product_cat?post=1879"},{"taxonomy":"product_tag","embeddable":true,"href":"https:\/\/amthy.com\/tr\/wp-json\/wp\/v2\/product_tag?post=1879"}],"curies":[{"name":"wp","href":"https:\/\/api.w.org\/{rel}","templated":true}]}}