{"id":1922,"date":"2021-08-29T20:52:21","date_gmt":"2021-08-29T12:52:21","guid":{"rendered":"https:\/\/amthy.com\/?post_type=product&#038;p=1922"},"modified":"2023-05-26T19:51:03","modified_gmt":"2023-05-26T11:51:03","slug":"smart-lock-manufacturer-am-h300","status":"publish","type":"product","link":"https:\/\/amthy.com\/tr\/product\/smart-lock-manufacturer-am-h300\/","title":{"rendered":"Ak\u0131ll\u0131 Kilit AM-H300"},"content":{"rendered":"<p><img fetchpriority=\"high\" decoding=\"async\" class=\"wp-image-2038 aligncenter\" src=\"https:\/\/amthy.com\/wp-content\/uploads\/2021\/08\/\u56fe\u7247-300x140.png\" alt=\"Ak\u0131ll\u0131 kilit tedarik\u00e7isi\" width=\"1011\" height=\"472\" title=\"\" srcset=\"https:\/\/amthy.com\/wp-content\/uploads\/2021\/08\/\u56fe\u7247-300x140.png 300w, https:\/\/amthy.com\/wp-content\/uploads\/2021\/08\/\u56fe\u7247-600x280.png 600w, https:\/\/amthy.com\/wp-content\/uploads\/2021\/08\/\u56fe\u7247-1024x478.png 1024w, https:\/\/amthy.com\/wp-content\/uploads\/2021\/08\/\u56fe\u7247-768x359.png 768w, https:\/\/amthy.com\/wp-content\/uploads\/2021\/08\/\u56fe\u7247-18x8.png 18w, https:\/\/amthy.com\/wp-content\/uploads\/2021\/08\/\u56fe\u7247.png 1026w\" sizes=\"(max-width: 1011px) 100vw, 1011px\" \/><\/p>\n<p>AMTHY H300, size tam bir g\u00f6n\u00fcl rahatl\u0131\u011f\u0131 sa\u011flarken ev g\u00fcvenli\u011finiz \u00fczerinde tam kontrol sa\u011flayan ak\u0131ll\u0131 bir kap\u0131 kilididir. Parmak \u0130zi, telefon Bluetooth veya uzaktan kumanda i\u00e7in wifi mod\u00fcl\u00fc arac\u0131l\u0131\u011f\u0131yla evinize eri\u015fmek i\u00e7in \u00e7e\u015fitli yollar kullan\u0131n. AMTHY dijital kap\u0131 kilidi ile kullan\u0131c\u0131lara sanal anahtarlar g\u00f6nderebilirsiniz, b\u00f6ylece siz etrafta de\u011filken arkada\u015flar\u0131n\u0131z ve aileniz evinize eri\u015febilir. Eri\u015fim elde ettiklerinde,<\/p>\n<p>Telefon uygulamas\u0131 arac\u0131l\u0131\u011f\u0131yla kullan\u0131c\u0131lar\u0131 devre d\u0131\u015f\u0131 b\u0131rakarak veya silerek m\u00fclk\u00fcn\u00fcze kimlerin girebilece\u011fini nage. Sanal anahtarlar, evinizin veya m\u00fclk\u00fcn\u00fcz\u00fcn nihai kontrol\u00fc i\u00e7in programlanabilir veya kal\u0131c\u0131 hale getirilebilir. Ayr\u0131ca kimin gelip kimin gitti\u011fini takip edebilir, b\u00f6ylece sevdiklerinizin ne zaman g\u00fcvenli bir \u015fekilde evde oldu\u011funu bilirsiniz. Birisi eve geldi\u011finde sizi bilgilendiren bir bildirim bile alabilirsiniz. Anahtarlar\u0131n\u0131z\u0131 yan\u0131n\u0131zda ta\u015f\u0131ma konusunda endi\u015felenmenize gerek yok. Tek ihtiyac\u0131n\u0131z olan ak\u0131ll\u0131 telefonunuz ve tek dokunu\u015fla kap\u0131y\u0131 kolayl\u0131kla a\u00e7abilirsiniz. Cihaz, \u015fifreli Bluetooth ak\u0131ll\u0131 teknolojisini kullan\u0131r, bu nedenle ak\u0131ll\u0131 kilit a\u011f al\u0131m\u0131na ba\u011fl\u0131 de\u011fildir. Kilit mod\u00fcllerimizden birini ba\u011flayarak ak\u0131ll\u0131 kilidinizi daha da ak\u0131ll\u0131 hale getirin. Ak\u0131ll\u0131 Kap\u0131 Silindir \u00dcreticisinden Do\u011frudan \u0130\u015f. <a href=\"https:\/\/en.wikipedia.org\/wiki\/Lock\" target=\"_blank\" rel=\"noopener\">Kilit<\/a> ve <a href=\"https:\/\/amthy.com\/tr\/product-category\/smart-lock\/\">Ak\u0131ll\u0131 Kilit \u00dcreticisi AM-H300<\/a><\/p>\n<p>&nbsp;<\/p>\n<p><img decoding=\"async\" class=\"wp-image-2037 aligncenter\" src=\"https:\/\/amthy.com\/wp-content\/uploads\/2021\/08\/\u56fe\u7247-Copy-300x199.png\" alt=\"Ak\u0131ll\u0131 kilit tedarik\u00e7isi\" width=\"1016\" height=\"674\" title=\"\" srcset=\"https:\/\/amthy.com\/wp-content\/uploads\/2021\/08\/\u56fe\u7247-Copy-300x199.png 300w, https:\/\/amthy.com\/wp-content\/uploads\/2021\/08\/\u56fe\u7247-Copy-600x397.png 600w, https:\/\/amthy.com\/wp-content\/uploads\/2021\/08\/\u56fe\u7247-Copy-1024x678.png 1024w, https:\/\/amthy.com\/wp-content\/uploads\/2021\/08\/\u56fe\u7247-Copy-768x509.png 768w, https:\/\/amthy.com\/wp-content\/uploads\/2021\/08\/\u56fe\u7247-Copy-18x12.png 18w, https:\/\/amthy.com\/wp-content\/uploads\/2021\/08\/\u56fe\u7247-Copy.png 1143w\" sizes=\"(max-width: 1016px) 100vw, 1016px\" \/><\/p>\n<h2><\/h2>\n<h2>Neden biz? (Euro profil G\u00fcvenlik Kap\u0131 Silindir Tedarik\u00e7isi <em>AMTHY G\u00dcVENL\u0130K<\/em>)<\/h2>\n<h3><strong>\u221aG\u00fcvenilir Kalite (Ak\u0131ll\u0131 Kilit \u00dcreticisi AM-H300)<\/strong><\/h3>\n<ul>\n<li>Profesyonel QC ekibi, t\u00fcm \u00fcretim turunu denetler<\/li>\n<li>\u0130\u015fbirli\u011fi yapan ortaklar\u0131n kat\u0131 se\u00e7imi<\/li>\n<\/ul>\n<h3><strong>\u221aRekabet\u00e7i Fiyat<\/strong><\/h3>\n<ul>\n<li>Fiyat dalgalanma riskini azaltmak i\u00e7in 3 ayl\u0131k stokta hammadde<\/li>\n<li>Y\u00fcksek i\u015f\u00e7ilik maliyetini azaltmak i\u00e7in Otomatik ve Geli\u015fmi\u015f Ekipman<\/li>\n<\/ul>\n<h3><strong>\u221a20'den fazla \u00fclke i\u00e7in G\u00fcvenilir Hizmet.<\/strong><\/h3>\n<ul>\n<li>ODM\/OEM hizmeti<\/li>\n<li>Sorumlu sat\u0131\u015f sonras\u0131 servis<\/li>\n<\/ul>","protected":false},"excerpt":{"rendered":"<ul>\n<li><strong>\u00dcr\u00fcn Kodu:<\/strong> AM-H300<\/li>\n<li><strong>Malzeme<\/strong><strong>:<\/strong> Al\u00fcminyum<\/li>\n<li><strong>Kilit G\u00f6vdesi:<\/strong> Tek Mandal<\/li>\n<li><strong>arka plan<\/strong>: 60\/70mm ayarlanabilir<\/li>\n<li><strong>Marka:<\/strong> ODM Mevcut<\/li>\n<li><strong>Uygulama:<\/strong> Ah\u015fap\/UPVC\/G\u00fcvenlik Kap\u0131lar\u0131<\/li>\n<li><strong>pil<\/strong>: 4*1.5v<\/li>\n<li><strong>Kap\u0131 Kal\u0131nl\u0131\u011f\u0131:<\/strong>30-65mm<\/li>\n<li><b>Kilidi A\u00e7ma Modu: <\/b>Parmak \u0130zi\/Mekanik Anahtar<\/li>\n<\/ul>","protected":false},"featured_media":1924,"template":"","meta":{"nf_dc_page":""},"product_brand":[],"product_cat":[55],"product_tag":[],"class_list":{"0":"post-1922","1":"product","2":"type-product","3":"status-publish","4":"has-post-thumbnail","6":"product_cat-smart-lock","8":"first","9":"instock","10":"shipping-taxable","11":"product-type-simple"},"_links":{"self":[{"href":"https:\/\/amthy.com\/tr\/wp-json\/wp\/v2\/product\/1922","targetHints":{"allow":["GET"]}}],"collection":[{"href":"https:\/\/amthy.com\/tr\/wp-json\/wp\/v2\/product"}],"about":[{"href":"https:\/\/amthy.com\/tr\/wp-json\/wp\/v2\/types\/product"}],"wp:featuredmedia":[{"embeddable":true,"href":"https:\/\/amthy.com\/tr\/wp-json\/wp\/v2\/media\/1924"}],"wp:attachment":[{"href":"https:\/\/amthy.com\/tr\/wp-json\/wp\/v2\/media?parent=1922"}],"wp:term":[{"taxonomy":"product_brand","embeddable":true,"href":"https:\/\/amthy.com\/tr\/wp-json\/wp\/v2\/product_brand?post=1922"},{"taxonomy":"product_cat","embeddable":true,"href":"https:\/\/amthy.com\/tr\/wp-json\/wp\/v2\/product_cat?post=1922"},{"taxonomy":"product_tag","embeddable":true,"href":"https:\/\/amthy.com\/tr\/wp-json\/wp\/v2\/product_tag?post=1922"}],"curies":[{"name":"wp","href":"https:\/\/api.w.org\/{rel}","templated":true}]}}