{"id":1925,"date":"2021-08-29T20:56:13","date_gmt":"2021-08-29T12:56:13","guid":{"rendered":"https:\/\/amthy.com\/?post_type=product&#038;p=1925"},"modified":"2023-05-26T19:50:53","modified_gmt":"2023-05-26T11:50:53","slug":"smart-lock-manufacturer-am-p100","status":"publish","type":"product","link":"https:\/\/amthy.com\/tr\/product\/smart-lock-manufacturer-am-p100\/","title":{"rendered":"Ak\u0131ll\u0131 Kilit AM-P100"},"content":{"rendered":"<p><img fetchpriority=\"high\" decoding=\"async\" class=\"alignnone wp-image-2034\" src=\"https:\/\/amthy.com\/wp-content\/uploads\/2021\/08\/AM400-300x35.jpg\" alt=\"amthy\" width=\"994\" height=\"116\" title=\"\" srcset=\"https:\/\/amthy.com\/wp-content\/uploads\/2021\/08\/AM400-300x35.jpg 300w, https:\/\/amthy.com\/wp-content\/uploads\/2021\/08\/AM400-600x71.jpg 600w, https:\/\/amthy.com\/wp-content\/uploads\/2021\/08\/AM400-1024x120.jpg 1024w, https:\/\/amthy.com\/wp-content\/uploads\/2021\/08\/AM400-768x90.jpg 768w, https:\/\/amthy.com\/wp-content\/uploads\/2021\/08\/AM400-1536x181.jpg 1536w, https:\/\/amthy.com\/wp-content\/uploads\/2021\/08\/AM400-2048x241.jpg 2048w, https:\/\/amthy.com\/wp-content\/uploads\/2021\/08\/AM400-18x2.jpg 18w\" sizes=\"(max-width: 994px) 100vw, 994px\" \/><\/p>\n<p>&nbsp;<\/p>\n<p>AMTHY P100, ev g\u00fcvenli\u011finizin tam kontrol\u00fcn\u00fc sa\u011flarken size tam bir g\u00f6n\u00fcl rahatl\u0131\u011f\u0131 sa\u011flayan ak\u0131ll\u0131 bir kap\u0131 kilididir. Parola, Parmak \u0130zi, Kart Anahtar\u0131, telefon Bluetooth veya uzaktan kumanda i\u00e7in wifi mod\u00fcl\u00fc arac\u0131l\u0131\u011f\u0131yla evinize eri\u015fmenin \u00e7e\u015fitli yollar\u0131n\u0131 kullan\u0131n. AMTHY dijital kap\u0131 kilidi ile kullan\u0131c\u0131lara sanal anahtarlar g\u00f6nderebilirsiniz, b\u00f6ylece siz etrafta yokken arkada\u015flar\u0131n\u0131z ve aileniz evinize eri\u015febilir. Eri\u015fim kazand\u0131ktan sonra, telefon uygulamas\u0131 arac\u0131l\u0131\u011f\u0131yla kullan\u0131c\u0131lar\u0131 devre d\u0131\u015f\u0131 b\u0131rakarak veya silerek m\u00fclk\u00fcn\u00fcze kimlerin girebilece\u011fini y\u00f6netebilirsiniz. Sanal anahtarlar, evinizin veya m\u00fclk\u00fcn\u00fcz\u00fcn nihai kontrol\u00fc i\u00e7in planlanabilir veya kal\u0131c\u0131 hale getirilebilir. Kimin gelip kimin gitti\u011fini de izleyebilir, b\u00f6ylece sevdiklerinizin eve ne zaman g\u00fcvende oldu\u011funu \u00f6\u011frenebilirsiniz. Birisi eve geldi\u011finde sizi bilgilendiren bir bildirim bile alabilirsiniz. Anahtarlar\u0131n\u0131z\u0131 yan\u0131n\u0131zda ta\u015f\u0131ma konusunda endi\u015felenmenize gerek yok. Tek ihtiyac\u0131n\u0131z olan ak\u0131ll\u0131 telefonunuz ve tek dokunu\u015fla kap\u0131n\u0131n kilidini kolayl\u0131kla a\u00e7abilirsiniz. Cihaz \u015fifreli Bluetooth ak\u0131ll\u0131 teknolojisini kullan\u0131r, bu nedenle ak\u0131ll\u0131 kilit a\u011f al\u0131m\u0131na ba\u011fl\u0131 de\u011fildir. Kilit mod\u00fcllerimizden birini ba\u011flayarak ak\u0131ll\u0131 kilidinizi daha da ak\u0131ll\u0131 hale getirin. Ak\u0131ll\u0131 Kap\u0131 Kilidi \u00dcreticisinden Do\u011frudan Ticaret. <a href=\"https:\/\/en.wikipedia.org\/wiki\/Lock\" target=\"_blank\" rel=\"noopener\">Kilit<\/a> ve <a href=\"https:\/\/amthy.com\/tr\/product-category\/smart-lock\/\">Ak\u0131ll\u0131 Kilit \u00dcreticisi AM-P100<\/a><\/p>\n<p><strong>\u00d6zellikler ve faydalar:<\/strong><\/p>\n<ul>\n<li>Anahtars\u0131z \u2013 Anahtara ihtiya\u00e7 duymadan evinizi g\u00fcvence alt\u0131na alma \u00f6zg\u00fcrl\u00fc\u011f\u00fc verir<\/li>\n<li>Takmas\u0131 kolay \u2013 \u00c7o\u011fu PVC ve kompozit kap\u0131 i\u00e7in uygundur, tornavida gereklidir<\/li>\n<li>S\u0131\u011fmas\u0131 basit - <strong>Tam set kilidini de\u011fi\u015ftirmeye gerek yok<\/strong> ancak silindiri yaln\u0131zca kap\u0131 hasar\u0131 olmadan de\u011fi\u015ftirin. Kolay kurulum.<\/li>\n<li>Pille \u00e7al\u0131\u015f\u0131r \u2013 3 x AAA pil, piller azald\u0131\u011f\u0131nda uyar\u0131 verilir<\/li>\n<li>60-100 mm aras\u0131 kal\u0131nl\u0131ktaki kap\u0131lar i\u00e7in uygundur<\/li>\n<li>Siyah ve G\u00fcm\u00fc\u015f dahil olmak \u00fczere \u00e7e\u015fitli y\u00fczeylerde mevcuttur<\/li>\n<\/ul>\n<p>&nbsp;<\/p>\n<h2>Neden biz? (Euro profil G\u00fcvenlik Kap\u0131 Silindir Tedarik\u00e7isi <em>AMTHY G\u00dcVENL\u0130K<\/em>)<\/h2>\n<h3><strong>\u221aG\u00fcvenilir Kalite (Ak\u0131ll\u0131 Kilit \u00dcreticisi AM-P100)<\/strong><\/h3>\n<ul>\n<li>Profesyonel QC ekibi, t\u00fcm \u00fcretim turunu denetler<\/li>\n<li>\u0130\u015fbirli\u011fi yapan ortaklar\u0131n kat\u0131 se\u00e7imi<\/li>\n<\/ul>\n<h3><strong>\u221aRekabet\u00e7i Fiyat<\/strong><\/h3>\n<ul>\n<li>Fiyat dalgalanma riskini azaltmak i\u00e7in 3 ayl\u0131k stokta hammadde<\/li>\n<li>Y\u00fcksek i\u015f\u00e7ilik maliyetini azaltmak i\u00e7in Otomatik ve Geli\u015fmi\u015f Ekipman<\/li>\n<\/ul>\n<h3><strong>\u221a20'den fazla \u00fclke i\u00e7in G\u00fcvenilir Hizmet.<\/strong><\/h3>\n<ul>\n<li>ODM\/OEM hizmeti<\/li>\n<li>Sorumlu sat\u0131\u015f sonras\u0131 servis<\/li>\n<\/ul>","protected":false},"excerpt":{"rendered":"<ul>\n<li><strong>\u00dcr\u00fcn Kodu:<\/strong> AM-P100<\/li>\n<li><strong>Sap Malzemesi<\/strong><strong>:<\/strong> Paslanmaz \u00c7elik 304<\/li>\n<li><strong>Marka:<\/strong> ODM Mevcut<\/li>\n<li><strong>Plaka Boyutu:<\/strong>\u00a0303*43mm<\/li>\n<li><strong>Aksesuarlar:<\/strong>55 mm vidalar<\/li>\n<li><strong>Kap\u0131 Kal\u0131nl\u0131\u011f\u0131:<\/strong>30-70mm<\/li>\n<li><strong>Uygulama:<\/strong> Ah\u015fap\/UPVC\/G\u00fcvenlik Kap\u0131lar\u0131<\/li>\n<li><strong>pil<\/strong>: USB ile \u015farj edilebilir (6 ay)<\/li>\n<li><b>Kilidi A\u00e7ma Modu:<\/b> Parmak \u0130zi\/Uygulama\/Mekanik Anahtar\/Parola\/Kart Anahtar\u0131<\/li>\n<\/ul>","protected":false},"featured_media":2177,"template":"","meta":[],"product_brand":[],"product_cat":[55],"product_tag":[],"class_list":{"0":"post-1925","1":"product","2":"type-product","3":"status-publish","4":"has-post-thumbnail","6":"product_cat-smart-lock","8":"first","9":"instock","10":"shipping-taxable","11":"product-type-simple"},"_links":{"self":[{"href":"https:\/\/amthy.com\/tr\/wp-json\/wp\/v2\/product\/1925","targetHints":{"allow":["GET"]}}],"collection":[{"href":"https:\/\/amthy.com\/tr\/wp-json\/wp\/v2\/product"}],"about":[{"href":"https:\/\/amthy.com\/tr\/wp-json\/wp\/v2\/types\/product"}],"wp:featuredmedia":[{"embeddable":true,"href":"https:\/\/amthy.com\/tr\/wp-json\/wp\/v2\/media\/2177"}],"wp:attachment":[{"href":"https:\/\/amthy.com\/tr\/wp-json\/wp\/v2\/media?parent=1925"}],"wp:term":[{"taxonomy":"product_brand","embeddable":true,"href":"https:\/\/amthy.com\/tr\/wp-json\/wp\/v2\/product_brand?post=1925"},{"taxonomy":"product_cat","embeddable":true,"href":"https:\/\/amthy.com\/tr\/wp-json\/wp\/v2\/product_cat?post=1925"},{"taxonomy":"product_tag","embeddable":true,"href":"https:\/\/amthy.com\/tr\/wp-json\/wp\/v2\/product_tag?post=1925"}],"curies":[{"name":"wp","href":"https:\/\/api.w.org\/{rel}","templated":true}]}}