{"id":1942,"date":"2021-08-31T16:53:46","date_gmt":"2021-08-31T08:53:46","guid":{"rendered":"https:\/\/amthy.com\/?post_type=product&#038;p=1942"},"modified":"2023-05-26T19:50:21","modified_gmt":"2023-05-26T11:50:21","slug":"smart-door-cylinder-am-400","status":"publish","type":"product","link":"https:\/\/amthy.com\/tr\/product\/smart-door-cylinder-am-400\/","title":{"rendered":"Ak\u0131ll\u0131 Kap\u0131 Silindiri AM-400"},"content":{"rendered":"<p><img fetchpriority=\"high\" decoding=\"async\" class=\"wp-image-2024 aligncenter\" src=\"https:\/\/amthy.com\/wp-content\/uploads\/2021\/08\/AM4001-300x218.jpg\" alt=\"amthy\" width=\"994\" height=\"722\" title=\"\" srcset=\"https:\/\/amthy.com\/wp-content\/uploads\/2021\/08\/AM4001-300x218.jpg 300w, https:\/\/amthy.com\/wp-content\/uploads\/2021\/08\/AM4001-600x436.jpg 600w, https:\/\/amthy.com\/wp-content\/uploads\/2021\/08\/AM4001-1024x745.jpg 1024w, https:\/\/amthy.com\/wp-content\/uploads\/2021\/08\/AM4001-768x559.jpg 768w, https:\/\/amthy.com\/wp-content\/uploads\/2021\/08\/AM4001-1536x1117.jpg 1536w, https:\/\/amthy.com\/wp-content\/uploads\/2021\/08\/AM4001-2048x1489.jpg 2048w, https:\/\/amthy.com\/wp-content\/uploads\/2021\/08\/AM4001-18x12.jpg 18w\" sizes=\"(max-width: 994px) 100vw, 994px\" \/><\/p>\n<p><iframe title=\"Ak\u0131ll\u0131 Kilit Silindiri| AM-400, Parmak \u0130zi ve Telefon APP\/Pin kodu ve IC kart\u0131n\u0131n ak\u0131ll\u0131 kilididir.\" width=\"1435\" height=\"807\" src=\"https:\/\/www.youtube.com\/embed\/BSfQK6yR4_Y?feature=oembed\" frameborder=\"0\" allow=\"accelerometer; autoplay; clipboard-write; encrypted-media; gyroscope; picture-in-picture\" allowfullscreen><\/iframe><\/p>\n<p>AMTHY 400, size tam bir g\u00f6n\u00fcl rahatl\u0131\u011f\u0131 sa\u011flarken ev g\u00fcvenli\u011finiz \u00fczerinde tam kontrol sa\u011flayan ak\u0131ll\u0131 bir kap\u0131 kilididir. Parmak \u0130zi, telefon Bluetooth veya uzaktan kumanda i\u00e7in wifi mod\u00fcl\u00fc arac\u0131l\u0131\u011f\u0131yla evinize eri\u015fmek i\u00e7in \u00e7e\u015fitli yollar kullan\u0131n. AMTHY dijital kap\u0131 kilidi ile, siz etrafta olmad\u0131\u011f\u0131n\u0131zda arkada\u015flar\u0131n\u0131z ve ailenizin evinize eri\u015fmesi i\u00e7in kullan\u0131c\u0131lara sanal anahtarlar g\u00f6nderebilirsiniz. Eri\u015fim kazand\u0131klar\u0131nda, telefon uygulamas\u0131 arac\u0131l\u0131\u011f\u0131yla kullan\u0131c\u0131lar\u0131 devre d\u0131\u015f\u0131 b\u0131rakarak veya silerek m\u00fclk\u00fcn\u00fcze kimlerin girebilece\u011fini y\u00f6netebilirsiniz. Sanal anahtarlar, evinizin veya m\u00fclk\u00fcn\u00fcz\u00fcn nihai kontrol\u00fc i\u00e7in programlanabilir veya kal\u0131c\u0131 hale getirilebilir. Ayr\u0131ca kimin gelip kimin gitti\u011fini de izleyebilir, b\u00f6ylece sevdiklerinizin ne zaman g\u00fcvenli bir \u015fekilde evde oldu\u011funu bilirsiniz. Birisi eve geldi\u011finde sizi bilgilendiren bir bildirim bile alabilirsiniz. Anahtarlar\u0131n\u0131z\u0131 yan\u0131n\u0131zda ta\u015f\u0131ma konusunda endi\u015felenmenize gerek yok. Tek ihtiyac\u0131n\u0131z olan ak\u0131ll\u0131 telefonunuz ve tek dokunu\u015fla kap\u0131y\u0131 kolayl\u0131kla a\u00e7abilirsiniz. Cihaz, \u015fifreli Bluetooth ak\u0131ll\u0131 teknolojisini kullan\u0131r, b\u00f6ylece ak\u0131ll\u0131 kilit a\u011f al\u0131m\u0131na ba\u011fl\u0131 de\u011fildir. Kilit mod\u00fcllerimizden birini ba\u011flayarak ak\u0131ll\u0131 kilidinizi daha da ak\u0131ll\u0131 hale getirin. Ak\u0131ll\u0131 Kap\u0131 Silindir \u00dcreticisinden Do\u011frudan \u0130\u015f. <a href=\"https:\/\/en.wikipedia.org\/wiki\/Lock\" target=\"_blank\" rel=\"noopener\">Kilit<\/a> ve <a href=\"https:\/\/amthy.com\/tr\/product-category\/smart-lock\/\">Ak\u0131ll\u0131 Kap\u0131 Silindiri<\/a><\/p>\n<p><strong>\u00d6zellikler ve avantajlar (Ak\u0131ll\u0131 Kap\u0131 Silindiri):<\/strong><\/p>\n<ul>\n<li>Anahtars\u0131z \u2013 Anahtara ihtiya\u00e7 duymadan evinizi g\u00fcvence alt\u0131na alma \u00f6zg\u00fcrl\u00fc\u011f\u00fc verir<\/li>\n<li>Takmas\u0131 kolay \u2013 \u00c7o\u011fu PVC ve kompozit kap\u0131 i\u00e7in uygundur, tornavida gereklidir<\/li>\n<li>S\u0131\u011fmas\u0131 basit - <strong>Tam set kilidini de\u011fi\u015ftirmeye gerek yok<\/strong> ancak silindiri yaln\u0131zca kap\u0131 hasar\u0131 olmadan de\u011fi\u015ftirin. Kolay kurulum.<\/li>\n<li>Pille \u00e7al\u0131\u015f\u0131r \u2013 3 x AAA pil, piller azald\u0131\u011f\u0131nda uyar\u0131 verilir<\/li>\n<li>60-100 mm aras\u0131 kal\u0131nl\u0131ktaki kap\u0131lar i\u00e7in uygundur<\/li>\n<li>Siyah ve G\u00fcm\u00fc\u015f dahil olmak \u00fczere \u00e7e\u015fitli y\u00fczeylerde mevcuttur<\/li>\n<\/ul>\n<p><img decoding=\"async\" class=\"aligncenter wp-image-2023\" src=\"https:\/\/amthy.com\/wp-content\/uploads\/2021\/08\/AM400.1-300x107.jpg\" alt=\"Ak\u0131ll\u0131 Kap\u0131 Silindiri\" width=\"1001\" height=\"357\" title=\"\" srcset=\"https:\/\/amthy.com\/wp-content\/uploads\/2021\/08\/AM400.1-300x107.jpg 300w, https:\/\/amthy.com\/wp-content\/uploads\/2021\/08\/AM400.1-600x214.jpg 600w, https:\/\/amthy.com\/wp-content\/uploads\/2021\/08\/AM400.1-1024x365.jpg 1024w, https:\/\/amthy.com\/wp-content\/uploads\/2021\/08\/AM400.1-768x274.jpg 768w, https:\/\/amthy.com\/wp-content\/uploads\/2021\/08\/AM400.1-1536x548.jpg 1536w, https:\/\/amthy.com\/wp-content\/uploads\/2021\/08\/AM400.1-2048x730.jpg 2048w, https:\/\/amthy.com\/wp-content\/uploads\/2021\/08\/AM400.1-18x6.jpg 18w\" sizes=\"(max-width: 1001px) 100vw, 1001px\" \/><\/p>\n<p>&nbsp;<\/p>\n<hr \/>\n<p>&nbsp;<\/p>","protected":false},"excerpt":{"rendered":"<ul>\n<li><strong>\u00dcr\u00fcn Kodu:<\/strong> AM-400<\/li>\n<li><strong>Malzeme<\/strong><strong>:<\/strong>\u00a0Pirin\u00e7<\/li>\n<li><strong>Profil\u00a0<\/strong>Boyut: 17*33*10mm<\/li>\n<li><strong>Marka:<\/strong>\u00a0ODM Mevcut<\/li>\n<li><strong>Uygulama:<\/strong>\u00a0Ah\u015fap\/UPVC\/G\u00fcvenlik Kap\u0131lar\u0131<\/li>\n<li><strong>pil<\/strong>:\u00a0 3*AAA (Hari\u00e7)<\/li>\n<li><strong>Kap\u0131 Kal\u0131nl\u0131\u011f\u0131:<\/strong>60-100 mm<\/li>\n<li><strong>\u00c7al\u0131\u015fma s\u0131cakl\u0131\u011f\u0131:<\/strong>-20\u00baC ila +55\u00baC<\/li>\n<li><strong>Su ge\u00e7irmez: <\/strong>IP54<\/li>\n<li><b>Kilidi A\u00e7ma Modu: <\/b>Parmak \u0130zi\/Parola\/Kart Anahtar\u0131\/Bluetooth\/Wifi mod\u00fcl\u00fc ile Uzaktan Kumanda\/Mekanik Anahtar<\/li>\n<\/ul>","protected":false},"featured_media":1943,"template":"","meta":{"nf_dc_page":""},"product_brand":[],"product_cat":[55,25],"product_tag":[],"class_list":{"0":"post-1942","1":"product","2":"type-product","3":"status-publish","4":"has-post-thumbnail","6":"product_cat-smart-lock","7":"product_cat-euro-profile-cylinder-manufacturer","9":"first","10":"instock","11":"shipping-taxable","12":"product-type-simple"},"_links":{"self":[{"href":"https:\/\/amthy.com\/tr\/wp-json\/wp\/v2\/product\/1942","targetHints":{"allow":["GET"]}}],"collection":[{"href":"https:\/\/amthy.com\/tr\/wp-json\/wp\/v2\/product"}],"about":[{"href":"https:\/\/amthy.com\/tr\/wp-json\/wp\/v2\/types\/product"}],"wp:featuredmedia":[{"embeddable":true,"href":"https:\/\/amthy.com\/tr\/wp-json\/wp\/v2\/media\/1943"}],"wp:attachment":[{"href":"https:\/\/amthy.com\/tr\/wp-json\/wp\/v2\/media?parent=1942"}],"wp:term":[{"taxonomy":"product_brand","embeddable":true,"href":"https:\/\/amthy.com\/tr\/wp-json\/wp\/v2\/product_brand?post=1942"},{"taxonomy":"product_cat","embeddable":true,"href":"https:\/\/amthy.com\/tr\/wp-json\/wp\/v2\/product_cat?post=1942"},{"taxonomy":"product_tag","embeddable":true,"href":"https:\/\/amthy.com\/tr\/wp-json\/wp\/v2\/product_tag?post=1942"}],"curies":[{"name":"wp","href":"https:\/\/api.w.org\/{rel}","templated":true}]}}