{"id":2137,"date":"2021-11-17T12:42:08","date_gmt":"2021-11-17T04:42:08","guid":{"rendered":"https:\/\/amthy.com\/?post_type=product&#038;p=2137"},"modified":"2023-05-26T19:50:07","modified_gmt":"2023-05-26T11:50:07","slug":"hotel-door-lock-manufacturer","status":"publish","type":"product","link":"https:\/\/amthy.com\/tr\/product\/hotel-door-lock-manufacturer\/","title":{"rendered":"Otel Kap\u0131 Kilidi AM-6677"},"content":{"rendered":"<p><img fetchpriority=\"high\" decoding=\"async\" class=\"aligncenter wp-image-2034\" src=\"https:\/\/amthy.com\/wp-content\/uploads\/2021\/08\/AM400-300x35.jpg\" alt=\"otel kap\u0131 kilidi \u00fcreticisi\" width=\"1003\" height=\"117\" title=\"\" srcset=\"https:\/\/amthy.com\/wp-content\/uploads\/2021\/08\/AM400-300x35.jpg 300w, https:\/\/amthy.com\/wp-content\/uploads\/2021\/08\/AM400-600x71.jpg 600w, https:\/\/amthy.com\/wp-content\/uploads\/2021\/08\/AM400-1024x120.jpg 1024w, https:\/\/amthy.com\/wp-content\/uploads\/2021\/08\/AM400-768x90.jpg 768w, https:\/\/amthy.com\/wp-content\/uploads\/2021\/08\/AM400-1536x181.jpg 1536w, https:\/\/amthy.com\/wp-content\/uploads\/2021\/08\/AM400-2048x241.jpg 2048w, https:\/\/amthy.com\/wp-content\/uploads\/2021\/08\/AM400-18x2.jpg 18w\" sizes=\"(max-width: 1003px) 100vw, 1003px\" \/><\/p>\n<p>&nbsp;<\/p>\n<p>otel kap\u0131 kilidi \u00fcreticisi. AMTHY 6677, ev g\u00fcvenli\u011finizin tam kontrol\u00fcn\u00fc sa\u011flarken size tam bir g\u00f6n\u00fcl rahatl\u0131\u011f\u0131 sa\u011flayan ak\u0131ll\u0131 bir kap\u0131 kilididir. Parmak izi, telefon Bluetooth veya uzaktan kumanda i\u00e7in wifi mod\u00fcl\u00fc arac\u0131l\u0131\u011f\u0131yla evinize eri\u015fmenin \u00e7e\u015fitli yollar\u0131n\u0131 kullan\u0131n. AMTHY dijital kap\u0131 kilidi ile kullan\u0131c\u0131lara sanal anahtarlar g\u00f6nderebilirsiniz, b\u00f6ylece siz etrafta yokken arkada\u015flar\u0131n\u0131z ve aileniz evinize eri\u015febilir. Eri\u015fim kazand\u0131ktan sonra, telefon uygulamas\u0131 arac\u0131l\u0131\u011f\u0131yla kullan\u0131c\u0131lar\u0131 devre d\u0131\u015f\u0131 b\u0131rakarak veya silerek m\u00fclk\u00fcn\u00fcze kimlerin girebilece\u011fini y\u00f6netebilirsiniz.<\/p>\n<p>Sanal anahtarlar, evinizin veya m\u00fclk\u00fcn\u00fcz\u00fcn nihai kontrol\u00fc i\u00e7in planlanabilir veya kal\u0131c\u0131 hale getirilebilir. Kimin gelip kimin gitti\u011fini de izleyebilir, b\u00f6ylece sevdiklerinizin eve ne zaman g\u00fcvende oldu\u011funu \u00f6\u011frenebilirsiniz. Birisi eve geldi\u011finde sizi bilgilendiren bir bildirim bile alabilirsiniz. Anahtarlar\u0131n\u0131z\u0131 yan\u0131n\u0131zda ta\u015f\u0131ma konusunda endi\u015felenmenize gerek yok. Tek ihtiyac\u0131n\u0131z olan ak\u0131ll\u0131 telefonunuz ve tek dokunu\u015fla kap\u0131n\u0131n kilidini kolayl\u0131kla a\u00e7abilirsiniz. Cihaz \u015fifreli Bluetooth ak\u0131ll\u0131 teknolojisini kullan\u0131r, bu nedenle ak\u0131ll\u0131 kilit a\u011f al\u0131m\u0131na ba\u011fl\u0131 de\u011fildir. Kilit mod\u00fcllerimizden birini ba\u011flayarak ak\u0131ll\u0131 kilidinizi daha da ak\u0131ll\u0131 hale getirin. Ak\u0131ll\u0131 Kap\u0131 Silindiri \u00dcreticisinden Do\u011frudan Ticaret. <a href=\"https:\/\/en.wikipedia.org\/wiki\/Lock\" target=\"_blank\" rel=\"noopener\">Kilit<\/a> ve <a href=\"https:\/\/amthy.com\/tr\/product-category\/smart-lock\/\">otel kap\u0131 kilidi \u00fcreticisi<\/a><\/p>\n<h2>Neden biz? (Otel kap\u0131 kilidi \u00fcreticisi)<\/h2>\n<h3><strong>\u221aG\u00fcvenilir Kalite<\/strong><\/h3>\n<ul>\n<li>Profesyonel QC ekibi, t\u00fcm \u00fcretim turunu denetler<\/li>\n<li>\u0130\u015fbirli\u011fi yapan ortaklar\u0131n kat\u0131 se\u00e7imi<\/li>\n<\/ul>\n<h3><strong>\u221aRekabet\u00e7i Fiyat<\/strong><\/h3>\n<ul>\n<li>Fiyat dalgalanma riskini azaltmak i\u00e7in 3 ayl\u0131k stokta hammadde<\/li>\n<li>Y\u00fcksek i\u015f\u00e7ilik maliyetini azaltmak i\u00e7in Otomatik ve Geli\u015fmi\u015f Ekipman<\/li>\n<\/ul>\n<h3><strong>\u221a20'den fazla \u00fclke i\u00e7in G\u00fcvenilir Hizmet.<\/strong><\/h3>\n<ul>\n<li>ODM\/OEM hizmeti<\/li>\n<li>Sorumlu sat\u0131\u015f sonras\u0131 servis<\/li>\n<\/ul>","protected":false},"excerpt":{"rendered":"<ul>\n<li><strong>\u00dcr\u00fcn Kodu:<\/strong> AM-6677<\/li>\n<li><strong>Malzeme<\/strong><strong>:<\/strong> Paslanmaz \u00e7elik<\/li>\n<li><strong>Kilit G\u00f6vdesi:<\/strong> g\u00fcvenlik<\/li>\n<li><strong>Marka:<\/strong> ODM Mevcut<\/li>\n<li><strong>Uygulama:<\/strong> Ah\u015fap\/UPVC\/G\u00fcvenlik Kap\u0131lar\u0131<\/li>\n<li><strong>pil<\/strong>: 4*1.5v<\/li>\n<li><strong>Kap\u0131 Kal\u0131nl\u0131\u011f\u0131:<\/strong>30-65mm<\/li>\n<li><b>Kilidi A\u00e7ma Modu:<\/b>\u015eifre\/Kimlik Kart\u0131\/Mekanik Anahtar\/Bluetooth\/Wifi<\/li>\n<\/ul>","protected":false},"featured_media":2138,"template":"","meta":{"nf_dc_page":""},"product_brand":[],"product_cat":[55],"product_tag":[],"class_list":{"0":"post-2137","1":"product","2":"type-product","3":"status-publish","4":"has-post-thumbnail","6":"product_cat-smart-lock","8":"first","9":"instock","10":"shipping-taxable","11":"product-type-simple"},"_links":{"self":[{"href":"https:\/\/amthy.com\/tr\/wp-json\/wp\/v2\/product\/2137","targetHints":{"allow":["GET"]}}],"collection":[{"href":"https:\/\/amthy.com\/tr\/wp-json\/wp\/v2\/product"}],"about":[{"href":"https:\/\/amthy.com\/tr\/wp-json\/wp\/v2\/types\/product"}],"wp:featuredmedia":[{"embeddable":true,"href":"https:\/\/amthy.com\/tr\/wp-json\/wp\/v2\/media\/2138"}],"wp:attachment":[{"href":"https:\/\/amthy.com\/tr\/wp-json\/wp\/v2\/media?parent=2137"}],"wp:term":[{"taxonomy":"product_brand","embeddable":true,"href":"https:\/\/amthy.com\/tr\/wp-json\/wp\/v2\/product_brand?post=2137"},{"taxonomy":"product_cat","embeddable":true,"href":"https:\/\/amthy.com\/tr\/wp-json\/wp\/v2\/product_cat?post=2137"},{"taxonomy":"product_tag","embeddable":true,"href":"https:\/\/amthy.com\/tr\/wp-json\/wp\/v2\/product_tag?post=2137"}],"curies":[{"name":"wp","href":"https:\/\/api.w.org\/{rel}","templated":true}]}}