{"id":1341,"date":"2021-05-12T19:50:51","date_gmt":"2021-05-12T11:50:51","guid":{"rendered":"https:\/\/amthy.com\/?post_type=product&#038;p=1341"},"modified":"2021-10-19T16:51:47","modified_gmt":"2021-10-19T08:51:47","slug":"brass-door-handle-supplier","status":"publish","type":"product","link":"https:\/\/amthy.com\/vi\/product\/brass-door-handle-supplier\/","title":{"rendered":"Tay n\u1eafm c\u1eeda AM-816"},"content":{"rendered":"<h2>Ch\u00fang ta l\u00e0 ai? (<a href=\"https:\/\/amthy.com\/wp-content\/uploads\/2021\/10\/AMTHY-Brass-Handle.pdf\">Tay n\u1eafm c\u1eeda b\u1eb1ng \u0111\u1ed3ng<\/a> nh\u00e0 cung c\u1ea5p)<\/h2>\n<p style=\"text-align: left;\">Amthy l\u00e0 m\u1ed9t <a href=\"https:\/\/en.wikipedia.org\/wiki\/Door_handle\" target=\"_blank\" rel=\"noopener\">tay n\u1eafm c\u1eeda<\/a> Amthy l\u00e0 m\u1ed9t c\u00f4ng ty v\u00e0 nh\u00e0 s\u1ea3n xu\u1ea5t tay n\u1eafm c\u1eeda \u0111\u1ebfn t\u1eeb Trung Qu\u1ed1c. Ph\u1ea1m vi s\u1ea3n ph\u1ea9m c\u1ee7a ch\u00fang t\u00f4i bao g\u1ed3m c\u00e1c v\u1eadt li\u1ec7u h\u1ee3p kim k\u1ebdm, \u0111\u1ed3ng thau, th\u00e9p kh\u00f4ng g\u1ec9 v\u00e0 nh\u00f4m. C\u00e1c b\u1ed9 tay n\u1eafm c\u1eeda m\u00e0u \u0111en v\u00e0 chrome r\u1ea5t ph\u1ed5 bi\u1ebfn cho c\u00e1c c\u1eeda ph\u00f2ng n\u1ed9i th\u1ea5t, trong khi \u0111\u00f3, tay n\u1eafm c\u1eeda b\u1eb1ng th\u00e9p kh\u00f4ng g\u1ec9 c\u0169ng \u0111\u01b0\u1ee3c hoan ngh\u00eanh cho \u1ee9ng d\u1ee5ng th\u01b0\u01a1ng m\u1ea1i. Trong qu\u00e1 tr\u00ecnh s\u1ea3n xu\u1ea5t, vi\u1ec7c \u0111\u00e1nh b\u00f3ng v\u00e0 m\u1ea1 \u0111i\u1ec7n \u1ea3nh h\u01b0\u1edfng ch\u1ee7 y\u1ebfu \u0111\u1ebfn CH\u1ea4T L\u01af\u1ee2NG. L\u00e0 nh\u00e0 s\u1ea3n xu\u1ea5t v\u00e0 cung c\u1ea5p kh\u00f3a c\u1eeda chuy\u00ean nghi\u1ec7p, ch\u00fang t\u00f4i th\u1ef1c hi\u1ec7n \u0111\u00e1nh b\u00f3ng th\u1ee7 c\u00f4ng v\u00e0 t\u1ef1 \u0111\u1ed9ng nghi\u00eam ng\u1eb7t. \u0110\u1ed1i v\u1edbi l\u1edbp m\u1ea1 \u0111i\u1ec7n b\u1ec1 m\u1eb7t, c\u00e1c h\u1ea1ng m\u1ee5c c\u1ee7a ch\u00fang t\u00f4i duy tr\u00ec h\u01a1n 72 gi\u1edd trong qu\u00e1 tr\u00ecnh th\u1eed nghi\u1ec7m phun mu\u1ed1i. Do \u0111\u00f3, thi\u1ebft k\u1ebf ngh\u1ec7 thu\u1eadt v\u00e0 d\u1ecbch v\u1ee5 chu \u0111\u00e1o c\u1ee7a ch\u00fang t\u00f4i \u0111\u01b0a ch\u00fang t\u00f4i tr\u1edf th\u00e0nh m\u1ed9t trong nh\u1eefng c\u00f4ng ty x\u1eed l\u00fd c\u1eeda t\u1ed1t nh\u1ea5t \u1edf Trung Qu\u1ed1c.<\/p>\n<h2 style=\"text-align: left;\">Tay n\u1eafm c\u1eeda l\u00e0 g\u00ec?<\/h2>\n<p>Tay n\u1eafm c\u1eeda hay tay n\u1eafm c\u1eeda l\u00e0 m\u1ed9t c\u00f4ng c\u1ee5 d\u00f9ng \u0111\u1ec3 m\u1edf ho\u1eb7c \u0111\u00f3ng c\u1eeda. N\u00f3 c\u00f3 th\u1ec3 \u0111\u01b0\u1ee3c t\u00ecm th\u1ea5y tr\u00ean t\u1ea5t c\u1ea3 c\u00e1c lo\u1ea1i c\u1eeda bao g\u1ed3m c\u1ea3 c\u1eeda b\u00ean ngo\u00e0i v\u00e0 b\u00ean trong cho c\u00e1c t\u00f2a nh\u00e0 d\u00e2n c\u01b0 v\u00e0 th\u01b0\u01a1ng m\u1ea1i, B\u00ean c\u1ea1nh \u0111\u00f3 n\u00f3 ph\u1ea3i k\u1ebft h\u1ee3p c\u00e1c c\u01a1 ch\u1ebf ch\u1ed1t ho\u1eb7c kh\u00f3a. Ch\u1eb3ng h\u1ea1n nh\u01b0 th\u00e2n kh\u00f3a l\u1ed7 m\u1ed9ng v\u00e0 tr\u1ee5 kh\u00f3a c\u1eeda.<\/p>\n<p>&nbsp;<\/p>\n<p><img fetchpriority=\"high\" decoding=\"async\" class=\"wp-image-938 aligncenter\" src=\"https:\/\/amthy.com\/wp-content\/uploads\/2021\/05\/Design_PC-300x187.jpg\" alt=\"Nh\u00e0 cung c\u1ea5p tay n\u1eafm c\u1eeda b\u1eb1ng \u0111\u1ed3ng thau\" width=\"419\" height=\"261\" title=\"\" srcset=\"https:\/\/amthy.com\/wp-content\/uploads\/2021\/05\/Design_PC-300x187.jpg 300w, https:\/\/amthy.com\/wp-content\/uploads\/2021\/05\/Design_PC-600x374.jpg 600w, https:\/\/amthy.com\/wp-content\/uploads\/2021\/05\/Design_PC-768x478.jpg 768w, https:\/\/amthy.com\/wp-content\/uploads\/2021\/05\/Design_PC.jpg 928w\" sizes=\"(max-width: 419px) 100vw, 419px\" \/><\/p>\n<h2>T\u1ea1i sao l\u00e0 ch\u00fang t\u00f4i? (Nh\u00e0 cung c\u1ea5p tay n\u1eafm c\u1eeda b\u1eb1ng \u0111\u1ed3ng thau)<\/h2>\n<h3><strong>\u221a Ch\u1ea5t l\u01b0\u1ee3ng \u0111\u00e1ng tin c\u1eady<\/strong><\/h3>\n<ul>\n<li>\u0110\u1ed9i ng\u0169 QC chuy\u00ean nghi\u1ec7p gi\u00e1m s\u00e1t t\u1ea5t c\u1ea3 c\u00e1c v\u00f2ng s\u1ea3n xu\u1ea5t<\/li>\n<li>L\u1ef1a ch\u1ecdn nghi\u00eam ng\u1eb7t c\u00e1c \u0111\u1ed1i t\u00e1c h\u1ee3p t\u00e1c<\/li>\n<\/ul>\n<h3><strong>\u221a Gi\u00e1 c\u1ea3 c\u1ea1nh tranh<\/strong><\/h3>\n<ul>\n<li>Nguy\u00ean li\u1ec7u t\u1ed3n kho trong 3 th\u00e1ng \u0111\u1ec3 gi\u1ea3m r\u1ee7i ro bi\u1ebfn \u0111\u1ed9ng gi\u00e1<\/li>\n<li>Thi\u1ebft b\u1ecb t\u1ef1 \u0111\u1ed9ng v\u00e0 ti\u00ean ti\u1ebfn \u0111\u1ec3 gi\u1ea3m chi ph\u00ed lao \u0111\u1ed9ng cao<\/li>\n<\/ul>\n<h3><strong>\u221a D\u1ecbch v\u1ee5 \u0111\u00e1ng tin c\u1eady cho h\u01a1n 20 qu\u1ed1c gia.<\/strong><\/h3>\n<ul>\n<li>D\u1ecbch v\u1ee5 ODM \/ OEM<\/li>\n<li>D\u1ecbch v\u1ee5 sau b\u00e1n h\u00e0ng c\u00f3 tr\u00e1ch nhi\u1ec7m<\/li>\n<\/ul>\n<p>&nbsp;<\/p>","protected":false},"excerpt":{"rendered":"<p>Tay n\u1eafm c\u1eeda c\u00f3 th\u1ec3 \u0111\u01b0\u1ee3c t\u00f9y ch\u1ec9nh v\u1edbi c\u00e1c b\u1ec1 m\u1eb7t ho\u00e0n thi\u1ec7n kh\u00e1c nhau v\u00e0 c\u00e1c tr\u1ee5c xoay kh\u00e1c nhau cho c\u00e1c c\u1eeda kh\u00e1c nhau.<\/p>\n<ul>\n<li><strong>M\u00e3 h\u00e0ng:<\/strong> AM-816<\/li>\n<li><strong>V\u1eadt ch\u1ea5t:<\/strong> \u0110\u1ed3ng thau \/ h\u1ee3p kim k\u1ebdm<\/li>\n<li><strong>Th\u01b0\u01a1ng hi\u1ec7u:<\/strong> ODM c\u00f3 s\u1eb5n<\/li>\n<li><strong>B\u1ec1 m\u1eb7t:<\/strong> Chrome CP, Satin Chrome SC, \u0110\u1ed3ng thau ph\u1ee7 b\u00f3ng PB, \u0110\u1ed3ng thau nhu\u1ed9m m\u00e0u SB, \u0110\u1ed3ng thau \u0111\u00e1nh b\u00f3ng PN, Niken Satin SN, \u0110\u1ed3ng thau c\u1ed5 AB, \u0110\u1ed3ng m\u1ea1 d\u1ea7u ORB, BL \u0111en<\/li>\n<li><strong>Ph\u1ee5 ki\u1ec7n:<\/strong>Tr\u1ee5c ch\u00ednh 7,6mmx7,6mm x100mm x 1 chi\u1ebfc + V\u00edt M3,8x30mm x 4 chi\u1ebfc + Ph\u00edm Allen 2,5mm x 1 chi\u1ebfc<\/li>\n<li><strong>\u0110\u01a1n xin:<\/strong> G\u1ed7 \/ Kim lo\u1ea1i, N\u1ed9i th\u1ea5t \/ C\u1eeda ra v\u00e0o, (35-50mm)<\/li>\n<\/ul>\n<p>&nbsp;<\/p>","protected":false},"featured_media":796,"template":"","meta":{"nf_dc_page":""},"product_brand":[],"product_cat":[26,33],"product_tag":[28,29],"class_list":{"0":"post-1341","1":"product","2":"type-product","3":"status-publish","4":"has-post-thumbnail","6":"product_cat-door-handle-manufacturer","7":"product_cat-brass-door-handle","8":"product_tag-door-handle","9":"product_tag-door-knob","11":"first","12":"instock","13":"shipping-taxable","14":"product-type-simple"},"_links":{"self":[{"href":"https:\/\/amthy.com\/vi\/wp-json\/wp\/v2\/product\/1341","targetHints":{"allow":["GET"]}}],"collection":[{"href":"https:\/\/amthy.com\/vi\/wp-json\/wp\/v2\/product"}],"about":[{"href":"https:\/\/amthy.com\/vi\/wp-json\/wp\/v2\/types\/product"}],"wp:featuredmedia":[{"embeddable":true,"href":"https:\/\/amthy.com\/vi\/wp-json\/wp\/v2\/media\/796"}],"wp:attachment":[{"href":"https:\/\/amthy.com\/vi\/wp-json\/wp\/v2\/media?parent=1341"}],"wp:term":[{"taxonomy":"product_brand","embeddable":true,"href":"https:\/\/amthy.com\/vi\/wp-json\/wp\/v2\/product_brand?post=1341"},{"taxonomy":"product_cat","embeddable":true,"href":"https:\/\/amthy.com\/vi\/wp-json\/wp\/v2\/product_cat?post=1341"},{"taxonomy":"product_tag","embeddable":true,"href":"https:\/\/amthy.com\/vi\/wp-json\/wp\/v2\/product_tag?post=1341"}],"curies":[{"name":"wp","href":"https:\/\/api.w.org\/{rel}","templated":true}]}}