{"id":1535,"date":"2021-05-15T21:43:09","date_gmt":"2021-05-15T13:43:09","guid":{"rendered":"https:\/\/amthy.com\/?post_type=product&#038;p=1535"},"modified":"2021-10-18T15:38:11","modified_gmt":"2021-10-18T07:38:11","slug":"europrofile-security-cylinder-supplier-h3000","status":"publish","type":"product","link":"https:\/\/amthy.com\/vi\/product\/europrofile-security-cylinder-supplier-h3000\/","title":{"rendered":"Nh\u00e0 cung c\u1ea5p xi lanh b\u1ea3o m\u1eadt Europrofile H3000"},"content":{"rendered":"<p>&nbsp;<\/p>\n<h2>Ch\u00fang ta l\u00e0 ai?<\/h2>\n<p style=\"text-align: left;\">Amthy l\u00e0 m\u1ed9t xi lanh b\u1ea3o m\u1eadt Europrofile <a href=\"https:\/\/amthy.com\/vi\/product-category\/lock-cylinder\/\">nh\u00e0 cung c\u1ea5p <\/a>t\u1eeb Trung Qu\u1ed1c. ch\u00fang t\u00f4i cung c\u1ea5p b\u00ecnh th\u01b0\u1eddng <a href=\"https:\/\/en.wikipedia.org\/wiki\/Pin_tumbler_lock\" target=\"_blank\" rel=\"noopener\">xi lanh<\/a> cho c\u1eeda b\u00ean trong v\u00e0 xi lanh b\u1ea3o m\u1eadt cao cho c\u1eeda b\u00ean ngo\u00e0i. L\u00e0 nh\u00e0 s\u1ea3n xu\u1ea5t 3 xi lanh h\u00e0ng \u0111\u1ea7u, c\u01a1 s\u1edf t\u1ef1 \u0111\u1ed9ng ho\u1eb7c b\u00e1n t\u1ef1 \u0111\u1ed9ng 95.9% \u0111\u01b0\u1ee3c \u00e1p d\u1ee5ng \u0111\u1ec3 thay th\u1ebf lao \u0111\u1ed9ng th\u1ee7 c\u00f4ng, gi\u1ea3m chi ph\u00ed v\u00e0 t\u0103ng hi\u1ec7u qu\u1ea3. <span style=\"color: #ff0000;\"><span style=\"color: #000000;\">H\u1eadu qu\u1ea3 l\u00e0, <\/span><\/span>Chi ph\u00ed lao \u0111\u1ed9ng \u00edt h\u01a1n lu\u00f4n mang l\u1ea1i gi\u00e1 c\u1ea3 c\u1ea1nh tranh v\u00e0 h\u1ea5p d\u1eabn h\u01a1n. Nh\u1edd nh\u1eefng l\u1ee3i \u00edch tr\u00ean, <em>B\u00e2y gi\u1edd ch\u00fang t\u00f4i s\u1eb5n s\u00e0ng <a href=\"https:\/\/www.youtube.com\/watch?v=9Lw0FD68w1c\" target=\"_blank\" rel=\"noopener\">ti\u1ebft l\u1ed9 v\u00e0 chia s\u1ebb chi ph\u00ed<\/a> c\u1ee7a b\u00ecnh th\u01b0\u1eddng v\u1edbi ng\u01b0\u1eddi mua<\/em>,<span style=\"color: #ff0000;\"> <span style=\"color: #000000;\">c\u00f3 ngh\u0129a l\u00e0, b\u1ea1n s\u1ebd nh\u1eadn \u0111\u01b0\u1ee3c c\u01a1 c\u1ea5u \u0111\u01a1n gi\u00e1 r\u00f5 r\u00e0ng, bao g\u1ed3m l\u1ee3i nhu\u1eadn thu\u1ea7n t\u00fay 10% c\u1ee7a ch\u00fang t\u00f4i<\/span><\/span><span style=\"color: #ff0000;\"><span style=\"color: #000000;\">. <\/span><\/span>Trong khi \u0111\u00f3, nh\u00f3m R &amp; D c\u1ee7a ch\u00fang t\u00f4i ph\u00e1t tri\u1ec3n<em> S\u00ea-ri S1000, S2000 v\u00e0 S3000<\/em> c\u1ee7a xi lanh kh\u00f3a c\u1eeda c\u1ea5u h\u00ecnh euro B\u1ea2O M\u1eacT CAO cho nhu c\u1ea7u th\u1ecb tr\u01b0\u1eddng cao h\u01a1n. C\u00f4ng ngh\u1ec7 \u0111\u1ed9c quy\u1ec1n c\u1ee7a c\u1ea5u tr\u00fac k\u1ebft h\u1ee3p Wafer v\u00e0 Pins l\u00e0m t\u0103ng \u0111\u00e1ng k\u1ec3 m\u1ee9c \u0111\u1ed9 b\u1ea3o m\u1eadt. Ngo\u00e0i ra, Nh\u00e0 cung c\u1ea5p xi lanh b\u1ea3o m\u1eadt h\u1ed3 s\u01a1 Euro ph\u1ea3i lu\u00f4n th\u1ef1c hi\u1ec7n c\u00f4ng vi\u1ec7c v\u00ec m\u1ed1i quan t\u00e2m ch\u00ednh c\u1ee7a ng\u01b0\u1eddi mua. Nh\u00e0 cung c\u1ea5p xi lanh b\u1ea3o m\u1eadt Europrofile<\/p>\n<p>&nbsp;<\/p>\n<h2 style=\"text-align: left;\">Xi lanh b\u1ea3o m\u1eadt h\u1ed3 s\u01a1 Euro l\u00e0 g\u00ec?<\/h2>\n<p><em><i>Lock Cylinder l\u00e0 m\u1ed9t th\u00e0nh ph\u1ea7n kh\u00f3a gi\u1eef ph\u00edch c\u1eafm, b\u1ed9 truy\u1ec1n \u0111\u1ed9ng v\u00e0 c\u00e1c th\u00e0nh ph\u1ea7n kh\u00f3a, n\u00f3 c\u00f3 th\u1ec3 \u0111\u01b0\u1ee3c l\u00e0m b\u1eb1ng \u0111\u1ed3ng thau, h\u1ee3p kim k\u1ebdm, nh\u00f4m v\u00e0 th\u00e9p kh\u00f4ng g\u1ec9. M\u1eb7c d\u00f9 \u0111\u01b0\u1ee3c k\u1ebft h\u1ee3p ph\u1ed5 bi\u1ebfn nh\u1ea5t v\u1edbi c\u00e1c thi\u1ebft k\u1ebf pin-tumbler, xi lanh \u0111\u01b0\u1ee3c s\u1eed d\u1ee5ng trong nhi\u1ec1u lo\u1ea1i kh\u00e1c, ch\u1eb3ng h\u1ea1n nh\u01b0 wafer v\u00e0 \u0111\u0129a \u0111\u1ef1ng \u0111\u0129a. N\u00f3 xoay \u0111\u1ec3 truy\u1ec1n \u0111\u1ed9ng ch\u1ed1t kh\u00f3a l\u1ed7 m\u1ed9ng v\u00e0 ch\u1ed1t kh\u00f3a b\u1eb1ng ch\u00eca kh\u00f3a ph\u00f9 h\u1ee3p. <\/i><\/em>Xi lanh kh\u00f3a Europrofile l\u00e0 tr\u00e1i tim c\u1ee7a c\u00e1nh c\u1eeda. Xi lanh b\u1ea3o m\u1eadt Europrofile \u0111\u01b0\u1ee3c s\u1eed d\u1ee5ng cho c\u1eeda an ninh l\u1ed1i v\u00e0o.<\/p>\n<p>&nbsp;<\/p>\n<p><img fetchpriority=\"high\" decoding=\"async\" class=\"wp-image-2116 alignleft\" src=\"https:\/\/amthy.com\/wp-content\/uploads\/2021\/05\/16019587121-300x235.png\" alt=\"Nh\u00e0 cung c\u1ea5p xi lanh b\u1ea3o m\u1eadt Europrofile\" width=\"409\" height=\"320\" title=\"\" srcset=\"https:\/\/amthy.com\/wp-content\/uploads\/2021\/05\/16019587121-300x235.png 300w, https:\/\/amthy.com\/wp-content\/uploads\/2021\/05\/16019587121-600x471.png 600w, https:\/\/amthy.com\/wp-content\/uploads\/2021\/05\/16019587121-15x12.png 15w, https:\/\/amthy.com\/wp-content\/uploads\/2021\/05\/16019587121.png 701w\" sizes=\"(max-width: 409px) 100vw, 409px\" \/>\u00a0 \u00a0 \u00a0 <img decoding=\"async\" class=\"wp-image-2117 alignleft\" src=\"https:\/\/amthy.com\/wp-content\/uploads\/2021\/05\/16019587611-300x259.png\" alt=\"Nh\u00e0 cung c\u1ea5p xi lanh b\u1ea3o m\u1eadt Europrofile\" width=\"368\" height=\"317\" title=\"\" srcset=\"https:\/\/amthy.com\/wp-content\/uploads\/2021\/05\/16019587611-300x259.png 300w, https:\/\/amthy.com\/wp-content\/uploads\/2021\/05\/16019587611-14x12.png 14w, https:\/\/amthy.com\/wp-content\/uploads\/2021\/05\/16019587611.png 600w\" sizes=\"(max-width: 368px) 100vw, 368px\" \/><\/p>\n<p>&nbsp;<\/p>\n<h2><\/h2>\n<h2><\/h2>\n<h2><\/h2>\n<h2><\/h2>\n<h2><\/h2>\n<h2><\/h2>\n<h2>T\u1ea1i sao l\u00e0 ch\u00fang t\u00f4i? (Nh\u00e0 cung c\u1ea5p xi lanh b\u1ea3o m\u1eadt Europrofile)<\/h2>\n<h3><strong>\u221a Ch\u1ea5t l\u01b0\u1ee3ng \u0111\u00e1ng tin c\u1eady<\/strong><\/h3>\n<ul>\n<li>\u0110\u1ed9i ng\u0169 QC chuy\u00ean nghi\u1ec7p gi\u00e1m s\u00e1t t\u1ea5t c\u1ea3 c\u00e1c v\u00f2ng s\u1ea3n xu\u1ea5t<\/li>\n<li>L\u1ef1a ch\u1ecdn nghi\u00eam ng\u1eb7t c\u00e1c \u0111\u1ed1i t\u00e1c h\u1ee3p t\u00e1c<\/li>\n<\/ul>\n<h3><strong>\u221a Gi\u00e1 c\u1ea3 c\u1ea1nh tranh<\/strong><\/h3>\n<ul>\n<li>Nguy\u00ean li\u1ec7u t\u1ed3n kho trong 3 th\u00e1ng \u0111\u1ec3 gi\u1ea3m r\u1ee7i ro bi\u1ebfn \u0111\u1ed9ng gi\u00e1<\/li>\n<li>Thi\u1ebft b\u1ecb t\u1ef1 \u0111\u1ed9ng v\u00e0 ti\u00ean ti\u1ebfn \u0111\u1ec3 gi\u1ea3m chi ph\u00ed lao \u0111\u1ed9ng cao<\/li>\n<\/ul>\n<h3><strong>\u221a D\u1ecbch v\u1ee5 \u0111\u00e1ng tin c\u1eady cho h\u01a1n 20 qu\u1ed1c gia.<\/strong><\/h3>\n<ul>\n<li>D\u1ecbch v\u1ee5 ODM \/ OEM<\/li>\n<li>D\u1ecbch v\u1ee5 sau b\u00e1n h\u00e0ng c\u00f3 tr\u00e1ch nhi\u1ec7m<\/li>\n<\/ul>\n<p>&nbsp;<\/p>\n<p>&nbsp;<\/p>","protected":false},"excerpt":{"rendered":"<p>&nbsp;<\/p>\n<ul>\n<li><strong>M\u00e3 h\u00e0ng:<\/strong> H3000<\/li>\n<li><strong>C\u01a1 ch\u1ebf kh\u00f3a:<\/strong> Pin Tumbler Lock<\/li>\n<li><strong>Ch\u1ea5t li\u1ec7u c\u1ee7a c\u01a1 th\u1ec3<\/strong><strong>:<\/strong> Thau<\/li>\n<li><strong>Ch\u1ea5t li\u1ec7u c\u1ee7a ph\u00edch c\u1eafm<\/strong><strong>:<\/strong> Thau<\/li>\n<li><strong>Th\u01b0\u01a1ng hi\u1ec7u:<\/strong> ODM c\u00f3 s\u1eb5n<\/li>\n<li><b>Lo\u1ea1i h\u1ed3 s\u01a1: <\/b>Euro<\/li>\n<li><strong>K\u00edch th\u01b0\u1edbc h\u1ed3 s\u01a1:<\/strong>17 * 33 * 10mm<\/li>\n<li><strong>Ch\u00eca kh\u00f3a:<\/strong> R\u00e3nh then &quot;C&quot; b\u1eb1ng \u0111\u1ed3ng thau<\/li>\n<li><strong>Ph\u1ee5 ki\u1ec7n:<\/strong>55mm \ub098\uc0ac<\/li>\n<li><strong>\u0110\u01a1n xin:<\/strong> C\u1eeda g\u1ed7 \/ UPVC \/ C\u1eeda an ninh<\/li>\n<li><strong>H\u1ec7 th\u1ed1ng kh\u00f3a ch\u00ednh:<\/strong> C\u00f3 s\u1eb5n<\/li>\n<li><strong>H\u1ec7 th\u1ed1ng Alike ch\u00ednh:<\/strong> C\u00f3 s\u1eb5n<\/li>\n<li><strong>Ch\u1ee9c n\u0103ng ch\u1ed1ng khoan<\/strong>C\u00f3 s\u1eb5n<\/li>\n<li><strong>Ch\u1ee9c n\u0103ng ch\u1ed1ng Snap: <\/strong>C\u00f3 s\u1eb5n<\/li>\n<li><strong><strong>Ph\u00e2n lo\u1ea1i EN1303 2005:<\/strong><\/strong><br \/>\n<table>\n<tbody>\n<tr>\n<td>1<\/td>\n<td>6<\/td>\n<td>0<\/td>\n<td>1<\/td>\n<td>0<\/td>\n<td>C<\/td>\n<td>5<\/td>\n<td>2<\/td>\n<\/tr>\n<\/tbody>\n<\/table>\n<\/li>\n<li><strong>M\u00e0u s\u1eafc <\/strong>\u0110\u1ed3ng thau \u0111\u00e1nh b\u00f3ng (BP) \/ M\u1ea1 niken (NP) \/ Satin niken (SN) \/ M\u1ea1 Chrome (CP) \/ \u0110\u1ed3ng thau c\u1ed5 (AB)<\/li>\n<\/ul>\n<p>&nbsp;<\/p>","protected":false},"featured_media":1854,"template":"","meta":{"nf_dc_page":""},"product_brand":[],"product_cat":[25],"product_tag":[34,35],"class_list":{"0":"post-1535","1":"product","2":"type-product","3":"status-publish","4":"has-post-thumbnail","6":"product_cat-euro-profile-cylinder-manufacturer","7":"product_tag-door-cylinder","8":"product_tag-europrofile","10":"first","11":"instock","12":"shipping-taxable","13":"product-type-simple"},"_links":{"self":[{"href":"https:\/\/amthy.com\/vi\/wp-json\/wp\/v2\/product\/1535","targetHints":{"allow":["GET"]}}],"collection":[{"href":"https:\/\/amthy.com\/vi\/wp-json\/wp\/v2\/product"}],"about":[{"href":"https:\/\/amthy.com\/vi\/wp-json\/wp\/v2\/types\/product"}],"wp:featuredmedia":[{"embeddable":true,"href":"https:\/\/amthy.com\/vi\/wp-json\/wp\/v2\/media\/1854"}],"wp:attachment":[{"href":"https:\/\/amthy.com\/vi\/wp-json\/wp\/v2\/media?parent=1535"}],"wp:term":[{"taxonomy":"product_brand","embeddable":true,"href":"https:\/\/amthy.com\/vi\/wp-json\/wp\/v2\/product_brand?post=1535"},{"taxonomy":"product_cat","embeddable":true,"href":"https:\/\/amthy.com\/vi\/wp-json\/wp\/v2\/product_cat?post=1535"},{"taxonomy":"product_tag","embeddable":true,"href":"https:\/\/amthy.com\/vi\/wp-json\/wp\/v2\/product_tag?post=1535"}],"curies":[{"name":"wp","href":"https:\/\/api.w.org\/{rel}","templated":true}]}}