{"id":1871,"date":"2021-08-29T18:54:16","date_gmt":"2021-08-29T10:54:16","guid":{"rendered":"https:\/\/amthy.com\/?post_type=product&#038;p=1871"},"modified":"2023-05-26T19:51:58","modified_gmt":"2023-05-26T11:51:58","slug":"smart-lock-manufacturer-am-600","status":"publish","type":"product","link":"https:\/\/amthy.com\/vi\/product\/smart-lock-manufacturer-am-600\/","title":{"rendered":"Kh\u00f3a th\u00f4ng minh AM-600"},"content":{"rendered":"<p><img fetchpriority=\"high\" decoding=\"async\" class=\"wp-image-2034 aligncenter\" src=\"https:\/\/amthy.com\/wp-content\/uploads\/2021\/08\/AM400-300x35.jpg\" alt=\"Nh\u00e0 cung c\u1ea5p kh\u00f3a th\u00f4ng minh\" width=\"1003\" height=\"117\" title=\"\" srcset=\"https:\/\/amthy.com\/wp-content\/uploads\/2021\/08\/AM400-300x35.jpg 300w, https:\/\/amthy.com\/wp-content\/uploads\/2021\/08\/AM400-600x71.jpg 600w, https:\/\/amthy.com\/wp-content\/uploads\/2021\/08\/AM400-1024x120.jpg 1024w, https:\/\/amthy.com\/wp-content\/uploads\/2021\/08\/AM400-768x90.jpg 768w, https:\/\/amthy.com\/wp-content\/uploads\/2021\/08\/AM400-1536x181.jpg 1536w, https:\/\/amthy.com\/wp-content\/uploads\/2021\/08\/AM400-2048x241.jpg 2048w, https:\/\/amthy.com\/wp-content\/uploads\/2021\/08\/AM400-18x2.jpg 18w\" sizes=\"(max-width: 1003px) 100vw, 1003px\" \/><\/p>\n<p>&nbsp;<\/p>\n<p><iframe title=\"Kh\u00f3a ch\u1ed1t c\u1eeda th\u00f4ng minh AM-600 | Kh\u00f3a ch\u1ed1t th\u00f4ng minh gi\u00e1 t\u1ed1t v\u00e0 t\u1ed1t nh\u1ea5t n\u0103m 2022 l\u00e0 g\u00ec\" width=\"1435\" height=\"807\" src=\"https:\/\/www.youtube.com\/embed\/YckZv9yzx7k?feature=oembed\" frameborder=\"0\" allow=\"accelerometer; autoplay; clipboard-write; encrypted-media; gyroscope; picture-in-picture\" allowfullscreen><\/iframe><\/p>\n<p>&nbsp;<\/p>\n<p>AMTHY 600 l\u00e0 kh\u00f3a c\u1eeda th\u00f4ng minh cho ph\u00e9p b\u1ea1n ki\u1ec3m so\u00e1t to\u00e0n b\u1ed9 an ninh ng\u00f4i nh\u00e0 c\u1ee7a m\u00ecnh \u0111\u1ed3ng th\u1eddi mang \u0111\u1ebfn cho b\u1ea1n s\u1ef1 an t\u00e2m ho\u00e0n to\u00e0n. S\u1eed d\u1ee5ng nhi\u1ec1u c\u00e1ch kh\u00e1c nhau \u0111\u1ec3 truy c\u1eadp v\u00e0o nh\u00e0 c\u1ee7a b\u1ea1n cho d\u00f9 \u0111\u00f3 l\u00e0 qua V\u00e2n tay, Bluetooth c\u1ee7a \u0111i\u1ec7n tho\u1ea1i hay qua m\u00f4-\u0111un wifi \u0111\u1ec3 \u0111i\u1ec1u khi\u1ec3n t\u1eeb xa. V\u1edbi kh\u00f3a c\u1eeda k\u1ef9 thu\u1eadt s\u1ed1 AMTHY, b\u1ea1n c\u00f3 th\u1ec3 g\u1eedi cho ng\u01b0\u1eddi d\u00f9ng kh\u00f3a \u1ea3o \u0111\u1ec3 b\u1ea1n b\u00e8 v\u00e0 gia \u0111\u00ecnh c\u00f3 th\u1ec3 truy c\u1eadp v\u00e0o ng\u00f4i nh\u00e0 c\u1ee7a b\u1ea1n n\u1ebfu b\u1ea1n kh\u00f4ng \u1edf \u0111\u00f3. Sau khi h\u1ecd c\u00f3 quy\u1ec1n truy c\u1eadp, b\u1ea1n c\u00f3 th\u1ec3 qu\u1ea3n l\u00fd nh\u1eefng ng\u01b0\u1eddi c\u00f3 th\u1ec3 v\u00e0o thu\u1ed9c t\u00ednh c\u1ee7a b\u1ea1n b\u1eb1ng c\u00e1ch t\u1eaft ho\u1eb7c x\u00f3a ng\u01b0\u1eddi d\u00f9ng th\u00f4ng qua \u1ee9ng d\u1ee5ng \u0111i\u1ec7n tho\u1ea1i. Kh\u00f3a \u1ea3o c\u00f3 th\u1ec3 \u0111\u01b0\u1ee3c l\u00ean l\u1ecbch ho\u1eb7c th\u1ef1c hi\u1ec7n v\u0129nh vi\u1ec5n \u0111\u1ec3 ki\u1ec3m so\u00e1t cu\u1ed1i c\u00f9ng ng\u00f4i nh\u00e0 ho\u1eb7c t\u00e0i s\u1ea3n c\u1ee7a b\u1ea1n. B\u1ea1n c\u0169ng c\u00f3 th\u1ec3 theo d\u00f5i ai \u0111\u1ebfn v\u00e0 ai \u0111i \u0111\u1ec3 b\u1ea1n bi\u1ebft khi n\u00e0o nh\u1eefng ng\u01b0\u1eddi th\u00e2n y\u00eau c\u1ee7a m\u00ecnh v\u1ec1 nh\u00e0 an to\u00e0n. B\u1ea1n th\u1eadm ch\u00ed c\u00f3 th\u1ec3 nh\u1eadn \u0111\u01b0\u1ee3c th\u00f4ng b\u00e1o khi c\u00f3 ng\u01b0\u1eddi \u0111\u1ebfn nh\u00e0. Kh\u00f4ng c\u1ea7n ph\u1ea3i lo l\u1eafng v\u1ec1 vi\u1ec7c mang theo ch\u00eca kh\u00f3a b\u00ean m\u00ecnh. T\u1ea5t c\u1ea3 nh\u1eefng g\u00ec b\u1ea1n c\u1ea7n l\u00e0 \u0111i\u1ec7n tho\u1ea1i th\u00f4ng minh v\u00e0 ch\u1ec9 v\u1edbi m\u1ed9t l\u1ea7n ch\u1ea1m, b\u1ea1n c\u00f3 th\u1ec3 m\u1edf kh\u00f3a c\u1eeda d\u1ec5 d\u00e0ng. Thi\u1ebft b\u1ecb s\u1eed d\u1ee5ng c\u00f4ng ngh\u1ec7 th\u00f4ng minh Bluetooth \u0111\u01b0\u1ee3c m\u00e3 h\u00f3a n\u00ean kh\u00f3a th\u00f4ng minh kh\u00f4ng b\u1ecb ph\u1ee5 thu\u1ed9c v\u00e0o vi\u1ec7c thu s\u00f3ng m\u1ea1ng. L\u00e0m cho kh\u00f3a th\u00f4ng minh c\u1ee7a b\u1ea1n th\u00f4ng minh h\u01a1n n\u1eefa b\u1eb1ng c\u00e1ch k\u1ebft n\u1ed1i m\u1ed9t trong c\u00e1c m\u00f4-\u0111un kh\u00f3a c\u1ee7a ch\u00fang t\u00f4i. Kinh doanh Tr\u1ef1c ti\u1ebfp t\u1eeb Nh\u00e0 s\u1ea3n xu\u1ea5t Xi lanh C\u1eeda Th\u00f4ng minh. <a href=\"https:\/\/en.wikipedia.org\/wiki\/Lock\" target=\"_blank\" rel=\"noopener\">Khoa<\/a> v\u00e0 <a href=\"https:\/\/amthy.com\/vi\/product-category\/smart-lock\/\">Nh\u00e0 s\u1ea3n xu\u1ea5t kh\u00f3a th\u00f4ng minh AM-600<\/a><\/p>\n<p>&nbsp;<\/p>\n<p><img decoding=\"async\" class=\"wp-image-2045 aligncenter\" src=\"https:\/\/amthy.com\/wp-content\/uploads\/2021\/08\/O1CN01SiefB51qLt71ZUJPA_3014925480-0-cib-300x157.jpg\" alt=\"Nh\u00e0 cung c\u1ea5p kh\u00f3a th\u00f4ng minh\" width=\"1095\" height=\"573\" title=\"\" srcset=\"https:\/\/amthy.com\/wp-content\/uploads\/2021\/08\/O1CN01SiefB51qLt71ZUJPA_3014925480-0-cib-300x157.jpg 300w, https:\/\/amthy.com\/wp-content\/uploads\/2021\/08\/O1CN01SiefB51qLt71ZUJPA_3014925480-0-cib-600x314.jpg 600w, https:\/\/amthy.com\/wp-content\/uploads\/2021\/08\/O1CN01SiefB51qLt71ZUJPA_3014925480-0-cib-18x9.jpg 18w, https:\/\/amthy.com\/wp-content\/uploads\/2021\/08\/O1CN01SiefB51qLt71ZUJPA_3014925480-0-cib.jpg 746w\" sizes=\"(max-width: 1095px) 100vw, 1095px\" \/><\/p>\n<h2><\/h2>\n<h2>T\u1ea1i sao l\u00e0 ch\u00fang t\u00f4i? (H\u1ed3 s\u01a1 Euro Nh\u00e0 cung c\u1ea5p xi lanh c\u1eeda an ninh <em>c\u1ee7a AMTHY AN TO\u00c0N<\/em>)<\/h2>\n<h3><strong>\u221a Ch\u1ea5t l\u01b0\u1ee3ng \u0111\u00e1ng tin c\u1eady (Nh\u00e0 s\u1ea3n xu\u1ea5t kh\u00f3a th\u00f4ng minh AM-600)<\/strong><\/h3>\n<ul>\n<li>\u0110\u1ed9i ng\u0169 QC chuy\u00ean nghi\u1ec7p gi\u00e1m s\u00e1t t\u1ea5t c\u1ea3 c\u00e1c v\u00f2ng s\u1ea3n xu\u1ea5t<\/li>\n<li>L\u1ef1a ch\u1ecdn nghi\u00eam ng\u1eb7t c\u00e1c \u0111\u1ed1i t\u00e1c h\u1ee3p t\u00e1c<\/li>\n<\/ul>\n<h3><strong>\u221a Gi\u00e1 c\u1ea3 c\u1ea1nh tranh<\/strong><\/h3>\n<ul>\n<li>Nguy\u00ean li\u1ec7u t\u1ed3n kho trong 3 th\u00e1ng \u0111\u1ec3 gi\u1ea3m r\u1ee7i ro bi\u1ebfn \u0111\u1ed9ng gi\u00e1<\/li>\n<li>Thi\u1ebft b\u1ecb t\u1ef1 \u0111\u1ed9ng v\u00e0 ti\u00ean ti\u1ebfn \u0111\u1ec3 gi\u1ea3m chi ph\u00ed lao \u0111\u1ed9ng cao<\/li>\n<\/ul>\n<h3><strong>\u221a D\u1ecbch v\u1ee5 \u0111\u00e1ng tin c\u1eady cho h\u01a1n 20 qu\u1ed1c gia.<\/strong><\/h3>\n<ul>\n<li>D\u1ecbch v\u1ee5 ODM \/ OEM<\/li>\n<li>D\u1ecbch v\u1ee5 sau b\u00e1n h\u00e0ng c\u00f3 tr\u00e1ch nhi\u1ec7m<\/li>\n<\/ul>","protected":false},"excerpt":{"rendered":"<ul>\n<li><strong>M\u00e3 h\u00e0ng:<\/strong> AM-600<\/li>\n<li><strong>V\u1eadt li\u1ec7u<\/strong><strong>:<\/strong> H\u1ee3p kim k\u1ebdm<\/li>\n<li><strong>Kh\u00f3a c\u01a1 th\u1ec3:<\/strong> Ch\u1ed1t \u0111\u01a1n<\/li>\n<li><strong>Backset<\/strong>: 60-70mm c\u00f3 th\u1ec3 \u0111i\u1ec1u ch\u1ec9nh<\/li>\n<li><strong>Th\u01b0\u01a1ng hi\u1ec7u:<\/strong> ODM c\u00f3 s\u1eb5n<\/li>\n<li><strong>\u0110\u01a1n xin:<\/strong> C\u1eeda g\u1ed7 \/ UPVC \/ C\u1eeda an ninh<\/li>\n<li><strong>\u1eaec quy<\/strong>: 4 * AA<\/li>\n<li><strong>\u0110\u1ed9 d\u00e0y c\u1eeda:<\/strong>40-70mm<\/li>\n<li><b>Ch\u1ebf \u0111\u1ed9 m\u1edf kh\u00f3a: <\/b>V\u00e2n tay \/ M\u1eadt m\u00e3 \/ Th\u1ebb IC \/ Ch\u00eca kh\u00f3a c\u01a1 \/ Bluetooth<\/li>\n<\/ul>","protected":false},"featured_media":1872,"template":"","meta":{"nf_dc_page":""},"product_brand":[],"product_cat":[55],"product_tag":[],"class_list":{"0":"post-1871","1":"product","2":"type-product","3":"status-publish","4":"has-post-thumbnail","6":"product_cat-smart-lock","8":"first","9":"instock","10":"shipping-taxable","11":"product-type-simple"},"_links":{"self":[{"href":"https:\/\/amthy.com\/vi\/wp-json\/wp\/v2\/product\/1871","targetHints":{"allow":["GET"]}}],"collection":[{"href":"https:\/\/amthy.com\/vi\/wp-json\/wp\/v2\/product"}],"about":[{"href":"https:\/\/amthy.com\/vi\/wp-json\/wp\/v2\/types\/product"}],"wp:featuredmedia":[{"embeddable":true,"href":"https:\/\/amthy.com\/vi\/wp-json\/wp\/v2\/media\/1872"}],"wp:attachment":[{"href":"https:\/\/amthy.com\/vi\/wp-json\/wp\/v2\/media?parent=1871"}],"wp:term":[{"taxonomy":"product_brand","embeddable":true,"href":"https:\/\/amthy.com\/vi\/wp-json\/wp\/v2\/product_brand?post=1871"},{"taxonomy":"product_cat","embeddable":true,"href":"https:\/\/amthy.com\/vi\/wp-json\/wp\/v2\/product_cat?post=1871"},{"taxonomy":"product_tag","embeddable":true,"href":"https:\/\/amthy.com\/vi\/wp-json\/wp\/v2\/product_tag?post=1871"}],"curies":[{"name":"wp","href":"https:\/\/api.w.org\/{rel}","templated":true}]}}