{"id":1895,"date":"2021-08-29T20:15:13","date_gmt":"2021-08-29T12:15:13","guid":{"rendered":"https:\/\/amthy.com\/?post_type=product&#038;p=1895"},"modified":"2023-05-26T19:51:25","modified_gmt":"2023-05-26T11:51:25","slug":"smart-lock-manufacturer-am-900","status":"publish","type":"product","link":"https:\/\/amthy.com\/vi\/product\/smart-lock-manufacturer-am-900\/","title":{"rendered":"Kh\u00f3a th\u00f4ng minh AM-900"},"content":{"rendered":"<p>AMTHY 900 l\u00e0 kh\u00f3a c\u1eeda th\u00f4ng minh cung c\u1ea5p cho b\u1ea1n to\u00e0n quy\u1ec1n ki\u1ec3m so\u00e1t an ninh ng\u00f4i nh\u00e0 c\u1ee7a b\u1ea1n \u0111\u1ed3ng th\u1eddi mang \u0111\u1ebfn cho b\u1ea1n s\u1ef1 an t\u00e2m ho\u00e0n to\u00e0n. S\u1eed d\u1ee5ng nhi\u1ec1u c\u00e1ch kh\u00e1c nhau \u0111\u1ec3 truy c\u1eadp v\u00e0o nh\u00e0 c\u1ee7a b\u1ea1n cho d\u00f9 \u0111\u00f3 l\u00e0 th\u00f4ng qua M\u00e3 Pin v\u00e0 Kh\u00f3a c\u01a1. Kh\u00f4ng c\u1ea7n ph\u1ea3i lo l\u1eafng v\u1ec1 vi\u1ec7c mang theo ch\u00eca kh\u00f3a b\u00ean m\u00ecnh. T\u1ea5t c\u1ea3 nh\u1eefng g\u00ec b\u1ea1n c\u1ea7n l\u00e0 m\u00e3 pin, b\u1ea1n c\u00f3 th\u1ec3 m\u1edf kh\u00f3a c\u1eeda m\u1ed9t c\u00e1ch d\u1ec5 d\u00e0ng. Kinh doanh tr\u1ef1c ti\u1ebfp t\u1eeb Nh\u00e0 s\u1ea3n xu\u1ea5t xi lanh c\u1eeda th\u00f4ng minh. smart-lock-h\u00e3ng-am-900.<a href=\"https:\/\/en.wikipedia.org\/wiki\/Lock\" target=\"_blank\" rel=\"noopener\">Khoa<\/a> v\u00e0 <a href=\"https:\/\/amthy.com\/vi\/product-category\/smart-lock\/\">Xi lanh c\u1eeda th\u00f4ng minh<\/a><\/p>\n<h3>D\u1ec5 d\u00e0ng n\u00e2ng c\u1ea5p kh\u00f3a hi\u1ec7n t\u1ea1i c\u1ee7a b\u1ea1n:<\/h3>\n<p>Th\u00e2n thi\u1ec7n v\u1edbi \u0111\u1ed3 t\u1ef1 l\u00e0m v\u00e0 d\u1ec5 d\u00e0ng l\u1eafp \u0111\u1eb7t thay cho xi lanh v\u00e0 tay n\u1eafm c\u1eeda hi\u1ec7n t\u1ea1i c\u1ee7a b\u1ea1n. T\u1ea5t c\u1ea3 nh\u1eefng g\u00ec b\u1ea1n c\u1ea7n l\u00e0 m\u1ed9t tu\u1ed1c n\u01a1 v\u00edt \u0111\u1ea7u ch\u1eef th\u1eadp v\u00e0 th\u01b0\u1edbc d\u00e2y.<\/p>\n<h3><strong>C\u00e1c t\u00ednh n\u0103ng v\u00e0 l\u1ee3i \u00edch:<\/strong><\/h3>\n<ul>\n<li>Keyless - Mang \u0111\u1ebfn cho b\u1ea1n s\u1ef1 t\u1ef1 do \u0111\u1ec3 b\u1ea3o v\u1ec7 ng\u00f4i nh\u00e0 c\u1ee7a m\u00ecnh m\u00e0 kh\u00f4ng c\u1ea7n ch\u00eca kh\u00f3a<\/li>\n<li>\u0110\u01a1n gi\u1ea3n \u0111\u1ec3 l\u1eafp - Th\u00edch h\u1ee3p cho h\u1ea7u h\u1ebft c\u00e1c c\u1eeda nh\u1ef1a PVC v\u00e0 composite, y\u00eau c\u1ea7u tu\u1ed1c n\u01a1 v\u00edt<\/li>\n<li>D\u1ec5 d\u00e0ng truy c\u1eadp- C\u00f3 s\u1eb5n 50 b\u1ed9 m\u00e3 pin g\u1ed3m 4-8 ch\u1eef s\u1ed1.<\/li>\n<li>Ch\u1ea1y b\u1eb1ng pin \u2013 4 x pin AA<\/li>\n<li>Th\u00edch h\u1ee3p cho c\u1eeda c\u00f3 \u0111\u1ed9 d\u00e0y t\u1eeb 35-55mm<\/li>\n<li>C\u00f3 s\u1eb5n trong m\u1ed9t lo\u1ea1t c\u00e1c l\u1edbp ho\u00e0n thi\u1ec7n - bao g\u1ed3m c\u1ea3 \u0110en v\u00e0 B\u1ea1c<\/li>\n<\/ul>\n<h2>T\u1ea1i sao l\u00e0 ch\u00fang t\u00f4i? (H\u1ed3 s\u01a1 Euro Nh\u00e0 cung c\u1ea5p xi lanh c\u1eeda an ninh <em>c\u1ee7a AMTHY AN TO\u00c0N<\/em>)<\/h2>\n<h3><strong>\u221aCh\u1ea5t l\u01b0\u1ee3ng \u0111\u00e1ng tin c\u1eady (Nh\u00e0 s\u1ea3n xu\u1ea5t kh\u00f3a th\u00f4ng minh AM-900)<\/strong><\/h3>\n<ul>\n<li>\u0110\u1ed9i ng\u0169 QC chuy\u00ean nghi\u1ec7p gi\u00e1m s\u00e1t t\u1ea5t c\u1ea3 c\u00e1c v\u00f2ng s\u1ea3n xu\u1ea5t<\/li>\n<li>L\u1ef1a ch\u1ecdn nghi\u00eam ng\u1eb7t c\u00e1c \u0111\u1ed1i t\u00e1c h\u1ee3p t\u00e1c<\/li>\n<\/ul>\n<h3><strong>\u221a Gi\u00e1 c\u1ea3 c\u1ea1nh tranh<\/strong><\/h3>\n<ul>\n<li>Nguy\u00ean li\u1ec7u t\u1ed3n kho trong 3 th\u00e1ng \u0111\u1ec3 gi\u1ea3m r\u1ee7i ro bi\u1ebfn \u0111\u1ed9ng gi\u00e1<\/li>\n<li>Thi\u1ebft b\u1ecb t\u1ef1 \u0111\u1ed9ng v\u00e0 ti\u00ean ti\u1ebfn \u0111\u1ec3 gi\u1ea3m chi ph\u00ed lao \u0111\u1ed9ng cao<\/li>\n<\/ul>\n<h3><strong>\u221a D\u1ecbch v\u1ee5 \u0111\u00e1ng tin c\u1eady cho h\u01a1n 20 qu\u1ed1c gia.<\/strong><\/h3>\n<ul>\n<li>D\u1ecbch v\u1ee5 ODM \/ OEM<\/li>\n<li>D\u1ecbch v\u1ee5 sau b\u00e1n h\u00e0ng c\u00f3 tr\u00e1ch nhi\u1ec7m<\/li>\n<\/ul>","protected":false},"excerpt":{"rendered":"<ul>\n<li><strong>M\u00e3 h\u00e0ng:<\/strong> AM-900<\/li>\n<li><strong>V\u1eadt li\u1ec7u<\/strong><strong>:<\/strong> H\u1ee3p kim k\u1ebdm<\/li>\n<li><strong>Kh\u00f3a c\u01a1 th\u1ec3:<\/strong> ch\u1ed1t c\u1eeda<\/li>\n<li><strong>Backset<\/strong>: 60mm<\/li>\n<li><strong>Th\u01b0\u01a1ng hi\u1ec7u:<\/strong> ODM c\u00f3 s\u1eb5n<\/li>\n<li><strong>\u0110\u01a1n xin:<\/strong> C\u1eeda g\u1ed7 \/ UPVC \/ C\u1eeda an ninh<\/li>\n<li><strong>\u1eaec quy<\/strong>: 4*AA 6V(Kh\u00f4ng bao g\u1ed3m)<\/li>\n<li><strong>\u0110\u1ed9 d\u00e0y c\u1eeda: <\/strong>35-55mm<\/li>\n<li><strong>Nhi\u1ec7t \u0111\u1ed9 ho\u1ea1t \u0111\u1ed9ng:<\/strong>-20\u00baC \u0111\u1ebfn +55\u00baC<\/li>\n<li><strong>Kh\u00f4ng th\u1ea5m n\u01b0\u1edbc: <\/strong>IP54<\/li>\n<li><b>Ch\u1ebf \u0111\u1ed9 m\u1edf kh\u00f3a: <\/b>Ch\u1ebf \u0111\u1ed9 m\u1edf kh\u00f3a:<\/li>\n<\/ul>","protected":false},"featured_media":1908,"template":"","meta":{"nf_dc_page":""},"product_brand":[],"product_cat":[55],"product_tag":[],"class_list":{"0":"post-1895","1":"product","2":"type-product","3":"status-publish","4":"has-post-thumbnail","6":"product_cat-smart-lock","8":"first","9":"instock","10":"shipping-taxable","11":"product-type-simple"},"_links":{"self":[{"href":"https:\/\/amthy.com\/vi\/wp-json\/wp\/v2\/product\/1895","targetHints":{"allow":["GET"]}}],"collection":[{"href":"https:\/\/amthy.com\/vi\/wp-json\/wp\/v2\/product"}],"about":[{"href":"https:\/\/amthy.com\/vi\/wp-json\/wp\/v2\/types\/product"}],"wp:featuredmedia":[{"embeddable":true,"href":"https:\/\/amthy.com\/vi\/wp-json\/wp\/v2\/media\/1908"}],"wp:attachment":[{"href":"https:\/\/amthy.com\/vi\/wp-json\/wp\/v2\/media?parent=1895"}],"wp:term":[{"taxonomy":"product_brand","embeddable":true,"href":"https:\/\/amthy.com\/vi\/wp-json\/wp\/v2\/product_brand?post=1895"},{"taxonomy":"product_cat","embeddable":true,"href":"https:\/\/amthy.com\/vi\/wp-json\/wp\/v2\/product_cat?post=1895"},{"taxonomy":"product_tag","embeddable":true,"href":"https:\/\/amthy.com\/vi\/wp-json\/wp\/v2\/product_tag?post=1895"}],"curies":[{"name":"wp","href":"https:\/\/api.w.org\/{rel}","templated":true}]}}