{"id":1937,"date":"2021-08-31T16:46:30","date_gmt":"2021-08-31T08:46:30","guid":{"rendered":"https:\/\/amthy.com\/?post_type=product&#038;p=1937"},"modified":"2023-05-26T19:50:36","modified_gmt":"2023-05-26T11:50:36","slug":"smart-door-cylinder-manufacturer-am-200","status":"publish","type":"product","link":"https:\/\/amthy.com\/vi\/product\/smart-door-cylinder-manufacturer-am-200\/","title":{"rendered":"Xi lanh c\u1eeda th\u00f4ng minh AM-200"},"content":{"rendered":"<p><img fetchpriority=\"high\" decoding=\"async\" class=\"alignnone wp-image-2019 aligncenter\" src=\"https:\/\/amthy.com\/wp-content\/uploads\/2021\/08\/AM20-300x41.jpg\" alt=\"amthy\" width=\"857\" height=\"117\" title=\"\" srcset=\"https:\/\/amthy.com\/wp-content\/uploads\/2021\/08\/AM20-300x41.jpg 300w, https:\/\/amthy.com\/wp-content\/uploads\/2021\/08\/AM20-600x81.jpg 600w, https:\/\/amthy.com\/wp-content\/uploads\/2021\/08\/AM20-1024x139.jpg 1024w, https:\/\/amthy.com\/wp-content\/uploads\/2021\/08\/AM20-768x104.jpg 768w, https:\/\/amthy.com\/wp-content\/uploads\/2021\/08\/AM20-1536x208.jpg 1536w, https:\/\/amthy.com\/wp-content\/uploads\/2021\/08\/AM20-2048x278.jpg 2048w, https:\/\/amthy.com\/wp-content\/uploads\/2021\/08\/AM20-18x2.jpg 18w\" sizes=\"(max-width: 857px) 100vw, 857px\" \/><\/p>\n<p><iframe title=\"Xi lanh kh\u00f3a th\u00f4ng minh| AM-200 l\u00e0 kh\u00f3a th\u00f4ng minh c\u00f3 ch\u1ee9c n\u0103ng m\u1edf kh\u00f3a b\u1eb1ng v\u00e2n tay v\u00e0 \u1ee9ng d\u1ee5ng \u0111i\u1ec7n tho\u1ea1i.\" width=\"1435\" height=\"807\" src=\"https:\/\/www.youtube.com\/embed\/yRCbSkD6CE8?feature=oembed\" frameborder=\"0\" allow=\"accelerometer; autoplay; clipboard-write; encrypted-media; gyroscope; picture-in-picture\" allowfullscreen><\/iframe><\/p>\n<p>AMTHY 200 l\u00e0 kh\u00f3a c\u1eeda th\u00f4ng minh cho ph\u00e9p b\u1ea1n to\u00e0n quy\u1ec1n ki\u1ec3m so\u00e1t an ninh ng\u00f4i nh\u00e0 c\u1ee7a m\u00ecnh \u0111\u1ed3ng th\u1eddi mang \u0111\u1ebfn cho b\u1ea1n s\u1ef1 an t\u00e2m ho\u00e0n to\u00e0n. S\u1eed d\u1ee5ng nhi\u1ec1u c\u00e1ch kh\u00e1c nhau \u0111\u1ec3 truy c\u1eadp v\u00e0o ng\u00f4i nh\u00e0 c\u1ee7a b\u1ea1n d\u00f9 l\u00e0 qua V\u00e2n tay, Bluetooth c\u1ee7a \u0111i\u1ec7n tho\u1ea1i hay qua m\u00f4-\u0111un wifi \u0111\u1ec3 \u0111i\u1ec1u khi\u1ec3n t\u1eeb xa. V\u1edbi kh\u00f3a c\u1eeda k\u1ef9 thu\u1eadt s\u1ed1 AMTHY, b\u1ea1n c\u00f3 th\u1ec3 g\u1eedi cho ng\u01b0\u1eddi d\u00f9ng ch\u00eca kh\u00f3a \u1ea3o \u0111\u1ec3 b\u1ea1n b\u00e8 v\u00e0 gia \u0111\u00ecnh c\u00f3 th\u1ec3 truy c\u1eadp v\u00e0o ng\u00f4i nh\u00e0 c\u1ee7a b\u1ea1n n\u1ebfu b\u1ea1n kh\u00f4ng \u1edf \u0111\u00f3. Sau khi h\u1ecd c\u00f3 quy\u1ec1n truy c\u1eadp, b\u1ea1n c\u00f3 th\u1ec3 qu\u1ea3n l\u00fd nh\u1eefng ai c\u00f3 th\u1ec3 v\u00e0o thu\u1ed9c t\u00ednh c\u1ee7a b\u1ea1n b\u1eb1ng c\u00e1ch t\u1eaft ho\u1eb7c x\u00f3a ng\u01b0\u1eddi d\u00f9ng th\u00f4ng qua \u1ee9ng d\u1ee5ng \u0111i\u1ec7n tho\u1ea1i. Kh\u00f3a \u1ea3o c\u00f3 th\u1ec3 \u0111\u01b0\u1ee3c l\u00ean l\u1ecbch ho\u1eb7c th\u1ef1c hi\u1ec7n v\u0129nh vi\u1ec5n \u0111\u1ec3 ki\u1ec3m so\u00e1t cu\u1ed1i c\u00f9ng ng\u00f4i nh\u00e0 ho\u1eb7c t\u00e0i s\u1ea3n c\u1ee7a b\u1ea1n. B\u1ea1n c\u0169ng c\u00f3 th\u1ec3 theo d\u00f5i ai \u0111\u1ebfn v\u00e0 ai \u0111i \u0111\u1ec3 b\u1ea1n bi\u1ebft khi n\u00e0o nh\u1eefng ng\u01b0\u1eddi th\u00e2n y\u00eau c\u1ee7a m\u00ecnh v\u1ec1 nh\u00e0 an to\u00e0n. B\u1ea1n th\u1eadm ch\u00ed c\u00f3 th\u1ec3 nh\u1eadn \u0111\u01b0\u1ee3c th\u00f4ng b\u00e1o khi c\u00f3 ng\u01b0\u1eddi \u0111\u1ebfn nh\u00e0. Kh\u00f4ng c\u1ea7n ph\u1ea3i lo l\u1eafng v\u1ec1 vi\u1ec7c mang theo ch\u00eca kh\u00f3a b\u00ean m\u00ecnh. T\u1ea5t c\u1ea3 nh\u1eefng g\u00ec b\u1ea1n c\u1ea7n l\u00e0 \u0111i\u1ec7n tho\u1ea1i th\u00f4ng minh v\u00e0 ch\u1ec9 v\u1edbi m\u1ed9t l\u1ea7n ch\u1ea1m, b\u1ea1n c\u00f3 th\u1ec3 m\u1edf kh\u00f3a c\u1eeda d\u1ec5 d\u00e0ng. Thi\u1ebft b\u1ecb s\u1eed d\u1ee5ng c\u00f4ng ngh\u1ec7 th\u00f4ng minh Bluetooth \u0111\u01b0\u1ee3c m\u00e3 h\u00f3a n\u00ean kh\u00f3a th\u00f4ng minh kh\u00f4ng b\u1ecb ph\u1ee5 thu\u1ed9c v\u00e0o vi\u1ec7c thu s\u00f3ng m\u1ea1ng. L\u00e0m cho kh\u00f3a th\u00f4ng minh c\u1ee7a b\u1ea1n th\u00f4ng minh h\u01a1n n\u1eefa b\u1eb1ng c\u00e1ch k\u1ebft n\u1ed1i m\u1ed9t trong c\u00e1c m\u00f4-\u0111un kh\u00f3a c\u1ee7a ch\u00fang t\u00f4i. Kinh doanh Tr\u1ef1c ti\u1ebfp t\u1eeb Nh\u00e0 s\u1ea3n xu\u1ea5t Xi lanh C\u1eeda Th\u00f4ng minh. <a href=\"https:\/\/en.wikipedia.org\/wiki\/Lock\" target=\"_blank\" rel=\"noopener\">Khoa<\/a> v\u00e0 <a href=\"https:\/\/amthy.com\/vi\/product-category\/smart-lock\/\">Xi lanh c\u1eeda th\u00f4ng minh<\/a><\/p>\n<p><strong>C\u00e1c t\u00ednh n\u0103ng v\u00e0 l\u1ee3i \u00edch (Nh\u00e0 s\u1ea3n xu\u1ea5t xi lanh c\u1eeda th\u00f4ng minh):<\/strong><\/p>\n<ul>\n<li>Keyless - Mang \u0111\u1ebfn cho b\u1ea1n s\u1ef1 t\u1ef1 do \u0111\u1ec3 b\u1ea3o v\u1ec7 ng\u00f4i nh\u00e0 c\u1ee7a m\u00ecnh m\u00e0 kh\u00f4ng c\u1ea7n ch\u00eca kh\u00f3a<\/li>\n<li>\u0110\u01a1n gi\u1ea3n \u0111\u1ec3 l\u1eafp - Th\u00edch h\u1ee3p cho h\u1ea7u h\u1ebft c\u00e1c c\u1eeda nh\u1ef1a PVC v\u00e0 composite, y\u00eau c\u1ea7u tu\u1ed1c n\u01a1 v\u00edt<\/li>\n<li>\u0110\u01a1n gi\u1ea3n \u0111\u1ec3 ph\u00f9 h\u1ee3p - <strong>Kh\u00f4ng c\u1ea7n thay kh\u00f3a to\u00e0n b\u1ed9<\/strong> nh\u01b0ng ch\u1ec9 thay xilanh m\u00e0 kh\u00f4ng h\u1ecfng c\u1eeda. D\u1ec5 d\u00e0ng c\u00e0i \u0111\u1eb7t.<\/li>\n<li>Ch\u1ea1y b\u1eb1ng pin - 3 x pin AAA, c\u1ea3nh b\u00e1o khi pin s\u1eafp h\u1ebft<\/li>\n<li>Th\u00edch h\u1ee3p cho c\u1eeda c\u00f3 \u0111\u1ed9 d\u00e0y t\u1eeb 60-100mm<\/li>\n<li>C\u00f3 s\u1eb5n trong m\u1ed9t lo\u1ea1t c\u00e1c l\u1edbp ho\u00e0n thi\u1ec7n - bao g\u1ed3m c\u1ea3 \u0110en v\u00e0 B\u1ea1c<\/li>\n<\/ul>\n<p>&nbsp;<\/p>\n<hr \/>\n<p>&nbsp;<\/p>","protected":false},"excerpt":{"rendered":"<ul>\n<li><strong>M\u00e3 h\u00e0ng:<\/strong> AM-200<\/li>\n<li><strong>V\u1eadt li\u1ec7u<\/strong><strong>:<\/strong> Thau<\/li>\n<li><strong>H\u1ed3 s\u01a1 <\/strong>K\u00edch th\u01b0\u1edbc:17*33*10mm<\/li>\n<li><strong>Th\u01b0\u01a1ng hi\u1ec7u:<\/strong> ODM c\u00f3 s\u1eb5n<\/li>\n<li><strong>\u0110\u01a1n xin:<\/strong> C\u1eeda g\u1ed7 \/ UPVC \/ C\u1eeda an ninh<\/li>\n<li><strong>\u1eaec quy<\/strong>: T\u00edch h\u1ee3p lithium<\/li>\n<li><strong>\u0110\u1ed9 d\u00e0y c\u1eeda:<\/strong>60-100mm<\/li>\n<li><strong>Nhi\u1ec7t \u0111\u1ed9 ho\u1ea1t \u0111\u1ed9ng:<\/strong>-20\u00baC \u0111\u1ebfn +55\u00baC<\/li>\n<li><strong>Kh\u00f4ng th\u1ea5m n\u01b0\u1edbc:<\/strong>IP54<\/li>\n<li><b>Ch\u1ebf \u0111\u1ed9 m\u1edf kh\u00f3a: <\/b><em>V\u00e2n tay \/ Bluetooth \/ \u0110i\u1ec1u khi\u1ec3n t\u1eeb xa qua m\u00f4-\u0111un Wifi<\/em><\/li>\n<\/ul>","protected":false},"featured_media":1938,"template":"","meta":{"nf_dc_page":""},"product_brand":[],"product_cat":[55,25],"product_tag":[],"class_list":{"0":"post-1937","1":"product","2":"type-product","3":"status-publish","4":"has-post-thumbnail","6":"product_cat-smart-lock","7":"product_cat-euro-profile-cylinder-manufacturer","9":"first","10":"instock","11":"shipping-taxable","12":"product-type-simple"},"_links":{"self":[{"href":"https:\/\/amthy.com\/vi\/wp-json\/wp\/v2\/product\/1937","targetHints":{"allow":["GET"]}}],"collection":[{"href":"https:\/\/amthy.com\/vi\/wp-json\/wp\/v2\/product"}],"about":[{"href":"https:\/\/amthy.com\/vi\/wp-json\/wp\/v2\/types\/product"}],"wp:featuredmedia":[{"embeddable":true,"href":"https:\/\/amthy.com\/vi\/wp-json\/wp\/v2\/media\/1938"}],"wp:attachment":[{"href":"https:\/\/amthy.com\/vi\/wp-json\/wp\/v2\/media?parent=1937"}],"wp:term":[{"taxonomy":"product_brand","embeddable":true,"href":"https:\/\/amthy.com\/vi\/wp-json\/wp\/v2\/product_brand?post=1937"},{"taxonomy":"product_cat","embeddable":true,"href":"https:\/\/amthy.com\/vi\/wp-json\/wp\/v2\/product_cat?post=1937"},{"taxonomy":"product_tag","embeddable":true,"href":"https:\/\/amthy.com\/vi\/wp-json\/wp\/v2\/product_tag?post=1937"}],"curies":[{"name":"wp","href":"https:\/\/api.w.org\/{rel}","templated":true}]}}